{"id":147,"date":"2014-01-15T12:52:00","date_gmt":"2014-01-15T10:52:00","guid":{"rendered":"https:\/\/blog.edu.turku.fi\/luolavuori\/?page_id=147"},"modified":"2025-12-09T08:50:44","modified_gmt":"2025-12-09T06:50:44","slug":"vuokko","status":"publish","type":"page","link":"https:\/\/blog.edu.turku.fi\/luolavuori\/koti-ja-koulu\/vuokko\/","title":{"rendered":"Vanhempainyhdistys Vuokko"},"content":{"rendered":"<p><a href=\"https:\/\/blog.edu.turku.fi\/luolavuori\/files\/2024\/01\/Vuokko-ry.png\"><img loading=\"lazy\" decoding=\"async\" class=\"wp-image-2517 size-medium alignright\" src=\"https:\/\/blog.edu.turku.fi\/luolavuori\/files\/2024\/01\/Vuokko-ry-300x300.png\" alt=\"\" width=\"300\" height=\"300\" srcset=\"https:\/\/blog.edu.turku.fi\/luolavuori\/files\/2024\/01\/Vuokko-ry-300x300.png 300w, https:\/\/blog.edu.turku.fi\/luolavuori\/files\/2024\/01\/Vuokko-ry-150x150.png 150w, https:\/\/blog.edu.turku.fi\/luolavuori\/files\/2024\/01\/Vuokko-ry.png 394w\" sizes=\"auto, (max-width: 300px) 85vw, 300px\" \/><\/a><br \/>\nHuoltajina meill\u00e4 kaikilla on t\u00e4rke\u00e4 rooli lapsemme koulunk\u00e4ynniss\u00e4. Yksi osa t\u00e4t\u00e4 roolia voi olla osallistuminen vanhempainyhdistyksen toimintaan. Toimintaan osallistuminen on erinomainen tapa tutustua toisiin vanhempiin, kuulla heid\u00e4n kokemuksiaan niin koulusta kuin lasten el\u00e4m\u00e4\u00e4n vaikuttavista asioista ja ilmi\u00f6ist\u00e4; t\u00e4rke\u00e4t tiedot v\u00e4littyv\u00e4t tehokkaimmin vanhempien verkoston kautta. Olet syd\u00e4mellisesti tervetullut ideoimaan ja j\u00e4rjest\u00e4m\u00e4\u00e4n tapahtumia, keskustelutilaisuuksia ja puffetteja.Talkoot ovat yhteiset ja pienikin apu on arvokasta.<\/p>\n<p>&nbsp;<\/p>\n<p>Vuokon toiminta rahoitetaan suurelta osin kannatusmaksuilla. L\u00e4mmin kiitos tuesta kaikille maksaneille!<\/p>\n<p><strong>Ohjeet kannatusmaksun maksamiseen:<br \/>\n<\/strong>Luolavuoren koulun vanhempainyhdistys Vuokko RY<br \/>\nFI34 5710 0421 0138 89<br \/>\nViesti: kannatusmaksu<br \/>\nKannatusmaksu 10\u20ac tai vapaavalintainen summa<\/p>\n<p>Yhdistyksen toiminnasta tiedotetaan Wilman tiedotteissa. Vuokolle voi l\u00e4hett\u00e4\u00e4 s\u00e4hk\u00f6postia osoitteeseen <a href=\"mailto:luolavuorenvanhempainyhdistys@gmail.com\">luolavuorenvanhempainyhdistys@gmail.com<\/a><\/p>\n<p>Vuokko on my\u00f6s Facebookissa:\u00a0<a href=\"https:\/\/www.facebook.com\/vuokkory\">https:\/\/www.facebook.com\/vuokkory<\/a>. Sivu on luettavissa, vaikkei olisikaan liittynyt Facebookiin.<\/p>\n<p>&nbsp;<\/p>\n<p><a href=\"https:\/\/blog.edu.turku.fi\/luolavuori\/files\/2024\/01\/pihatapahtuma.jpg\"><img loading=\"lazy\" decoding=\"async\" class=\"aligncenter size-large wp-image-2519\" src=\"https:\/\/blog.edu.turku.fi\/luolavuori\/files\/2024\/01\/pihatapahtuma-1024x768.jpg\" alt=\"\" width=\"1024\" height=\"768\" srcset=\"https:\/\/blog.edu.turku.fi\/luolavuori\/files\/2024\/01\/pihatapahtuma.jpg 1024w, https:\/\/blog.edu.turku.fi\/luolavuori\/files\/2024\/01\/pihatapahtuma-300x225.jpg 300w\" sizes=\"auto, (max-width: 709px) 85vw, (max-width: 909px) 67vw, (max-width: 1362px) 62vw, 840px\" \/><\/a><\/p>\n<p>&nbsp;<\/p>\n","protected":false},"excerpt":{"rendered":"<p>Huoltajina meill\u00e4 kaikilla on t\u00e4rke\u00e4 rooli lapsemme koulunk\u00e4ynniss\u00e4. Yksi osa t\u00e4t\u00e4 roolia voi olla osallistuminen vanhempainyhdistyksen toimintaan. Toimintaan osallistuminen on erinomainen tapa tutustua toisiin vanhempiin, kuulla heid\u00e4n kokemuksiaan niin koulusta kuin lasten el\u00e4m\u00e4\u00e4n vaikuttavista asioista ja ilmi\u00f6ist\u00e4; t\u00e4rke\u00e4t tiedot v\u00e4littyv\u00e4t tehokkaimmin vanhempien verkoston kautta. Olet syd\u00e4mellisesti tervetullut ideoimaan ja j\u00e4rjest\u00e4m\u00e4\u00e4n tapahtumia, keskustelutilaisuuksia ja puffetteja.Talkoot ovat &hellip; <a href=\"https:\/\/blog.edu.turku.fi\/luolavuori\/koti-ja-koulu\/vuokko\/\" class=\"more-link\">Jatka lukemista<span class=\"screen-reader-text\"> &#8221;Vanhempainyhdistys Vuokko&#8221;<\/span><\/a><\/p>\n","protected":false},"author":3228,"featured_media":0,"parent":70,"menu_order":3,"comment_status":"closed","ping_status":"closed","template":"","meta":{"footnotes":""},"class_list":["post-147","page","type-page","status-publish","hentry"],"_links":{"self":[{"href":"https:\/\/blog.edu.turku.fi\/luolavuori\/wp-json\/wp\/v2\/pages\/147","targetHints":{"allow":["GET"]}}],"collection":[{"href":"https:\/\/blog.edu.turku.fi\/luolavuori\/wp-json\/wp\/v2\/pages"}],"about":[{"href":"https:\/\/blog.edu.turku.fi\/luolavuori\/wp-json\/wp\/v2\/types\/page"}],"author":[{"embeddable":true,"href":"https:\/\/blog.edu.turku.fi\/luolavuori\/wp-json\/wp\/v2\/users\/3228"}],"replies":[{"embeddable":true,"href":"https:\/\/blog.edu.turku.fi\/luolavuori\/wp-json\/wp\/v2\/comments?post=147"}],"version-history":[{"count":20,"href":"https:\/\/blog.edu.turku.fi\/luolavuori\/wp-json\/wp\/v2\/pages\/147\/revisions"}],"predecessor-version":[{"id":2796,"href":"https:\/\/blog.edu.turku.fi\/luolavuori\/wp-json\/wp\/v2\/pages\/147\/revisions\/2796"}],"up":[{"embeddable":true,"href":"https:\/\/blog.edu.turku.fi\/luolavuori\/wp-json\/wp\/v2\/pages\/70"}],"wp:attachment":[{"href":"https:\/\/blog.edu.turku.fi\/luolavuori\/wp-json\/wp\/v2\/media?parent=147"}],"curies":[{"name":"wp","href":"https:\/\/api.w.org\/{rel}","templated":true}]}}