{"id":144,"date":"2014-01-15T12:51:30","date_gmt":"2014-01-15T10:51:30","guid":{"rendered":"https:\/\/blog.edu.turku.fi\/luolavuori\/?page_id=144"},"modified":"2025-04-23T12:02:05","modified_gmt":"2025-04-23T09:02:05","slug":"wilma","status":"publish","type":"page","link":"https:\/\/blog.edu.turku.fi\/luolavuori\/koti-ja-koulu\/wilma\/","title":{"rendered":"Wilma"},"content":{"rendered":"<p>&nbsp;<\/p>\n<p>Koulullamme on k\u00e4yt\u00f6ss\u00e4 Wilma-j\u00e4rjestelm\u00e4. Wilmalla huoltajat voivat esim. seurata lapsensa koulusuorituksia sek\u00e4 poissaoloja, viesti\u00e4 opettajien ja muun henkil\u00f6kunnan kanssa sek\u00e4 lukea koulun yleisi\u00e4 tiedotteita. Jos huoltajalla ei ole Wilma-tunnuksia tai ne ovat unohtuneet, kannattaa ottaa yhteytt\u00e4 koulun kansliaan.<\/p>\n<p>Wilma-j\u00e4rjestelm\u00e4\u00e4n p\u00e4\u00e4see kirjautumaan osoitteesta: <a href=\"https:\/\/turku.inschool.fi\/\">turku.inschool.fi<\/a><\/p>\n<p>Wilmaa voi k\u00e4ytt\u00e4\u00e4 my\u00f6s puhelimeen ladattavalla sovelluksella. Huomaathan kuitenkin, ett\u00e4 kaikki Wilman toiminnot, esimerkiksi hakemukset, eiv\u00e4t ole k\u00e4yt\u00f6ss\u00e4 puhelinsovelluksella.<\/p>\n","protected":false},"excerpt":{"rendered":"<p>&nbsp; Koulullamme on k\u00e4yt\u00f6ss\u00e4 Wilma-j\u00e4rjestelm\u00e4. Wilmalla huoltajat voivat esim. seurata lapsensa koulusuorituksia sek\u00e4 poissaoloja, viesti\u00e4 opettajien ja muun henkil\u00f6kunnan kanssa sek\u00e4 lukea koulun yleisi\u00e4 tiedotteita. Jos huoltajalla ei ole Wilma-tunnuksia tai ne ovat unohtuneet, kannattaa ottaa yhteytt\u00e4 koulun kansliaan. Wilma-j\u00e4rjestelm\u00e4\u00e4n p\u00e4\u00e4see kirjautumaan osoitteesta: turku.inschool.fi Wilmaa voi k\u00e4ytt\u00e4\u00e4 my\u00f6s puhelimeen ladattavalla sovelluksella. Huomaathan kuitenkin, ett\u00e4 kaikki &hellip; <a href=\"https:\/\/blog.edu.turku.fi\/luolavuori\/koti-ja-koulu\/wilma\/\" class=\"more-link\">Jatka lukemista<span class=\"screen-reader-text\"> &#8221;Wilma&#8221;<\/span><\/a><\/p>\n","protected":false},"author":3228,"featured_media":0,"parent":70,"menu_order":2,"comment_status":"closed","ping_status":"closed","template":"","meta":{"footnotes":""},"class_list":["post-144","page","type-page","status-publish","hentry"],"_links":{"self":[{"href":"https:\/\/blog.edu.turku.fi\/luolavuori\/wp-json\/wp\/v2\/pages\/144","targetHints":{"allow":["GET"]}}],"collection":[{"href":"https:\/\/blog.edu.turku.fi\/luolavuori\/wp-json\/wp\/v2\/pages"}],"about":[{"href":"https:\/\/blog.edu.turku.fi\/luolavuori\/wp-json\/wp\/v2\/types\/page"}],"author":[{"embeddable":true,"href":"https:\/\/blog.edu.turku.fi\/luolavuori\/wp-json\/wp\/v2\/users\/3228"}],"replies":[{"embeddable":true,"href":"https:\/\/blog.edu.turku.fi\/luolavuori\/wp-json\/wp\/v2\/comments?post=144"}],"version-history":[{"count":9,"href":"https:\/\/blog.edu.turku.fi\/luolavuori\/wp-json\/wp\/v2\/pages\/144\/revisions"}],"predecessor-version":[{"id":2708,"href":"https:\/\/blog.edu.turku.fi\/luolavuori\/wp-json\/wp\/v2\/pages\/144\/revisions\/2708"}],"up":[{"embeddable":true,"href":"https:\/\/blog.edu.turku.fi\/luolavuori\/wp-json\/wp\/v2\/pages\/70"}],"wp:attachment":[{"href":"https:\/\/blog.edu.turku.fi\/luolavuori\/wp-json\/wp\/v2\/media?parent=144"}],"curies":[{"name":"wp","href":"https:\/\/api.w.org\/{rel}","templated":true}]}}