{"id":135,"date":"2014-01-15T12:46:34","date_gmt":"2014-01-15T10:46:34","guid":{"rendered":"https:\/\/blog.edu.turku.fi\/luolavuori\/?page_id=135"},"modified":"2025-04-23T11:46:18","modified_gmt":"2025-04-23T08:46:18","slug":"kerhot","status":"publish","type":"page","link":"https:\/\/blog.edu.turku.fi\/luolavuori\/muu_toiminta\/kerhot\/","title":{"rendered":"Kerhot"},"content":{"rendered":"<p>Koulussa toimii koulun omia kerhoja sek\u00e4 Liikkuva koulu\u00a0 -hankkeen rahoittamia kerhoja. Kerhoja voidaan j\u00e4rjest\u00e4\u00e4 koko lukuvuoden mittaisina tai pienemmiss\u00e4 osissa, jotta mahdollisimman monelle mahdollistuisi mieluinen kerho, joka innostaa my\u00f6s vapaa-ajan harrastuksen syntymiseen. Koulun kerhotarjotin muodostuu tarjonnan ja kysynn\u00e4n perusteella. Tarjonta vaihtelee siis vuosittain!<\/p>\n<p>Kerhoista on l\u00e4hetet\u00e4\u00e4n koteihin oma tiedotteensa, kun niihin ilmoittautuminen tulee ajankohtaiseksi.<\/p>\n<p>&nbsp;<\/p>\n","protected":false},"excerpt":{"rendered":"<p>Koulussa toimii koulun omia kerhoja sek\u00e4 Liikkuva koulu\u00a0 -hankkeen rahoittamia kerhoja. Kerhoja voidaan j\u00e4rjest\u00e4\u00e4 koko lukuvuoden mittaisina tai pienemmiss\u00e4 osissa, jotta mahdollisimman monelle mahdollistuisi mieluinen kerho, joka innostaa my\u00f6s vapaa-ajan harrastuksen syntymiseen. Koulun kerhotarjotin muodostuu tarjonnan ja kysynn\u00e4n perusteella. Tarjonta vaihtelee siis vuosittain! Kerhoista on l\u00e4hetet\u00e4\u00e4n koteihin oma tiedotteensa, kun niihin ilmoittautuminen tulee ajankohtaiseksi. &nbsp;<\/p>\n","protected":false},"author":3228,"featured_media":0,"parent":74,"menu_order":5,"comment_status":"closed","ping_status":"closed","template":"","meta":{"footnotes":""},"class_list":["post-135","page","type-page","status-publish","hentry"],"_links":{"self":[{"href":"https:\/\/blog.edu.turku.fi\/luolavuori\/wp-json\/wp\/v2\/pages\/135","targetHints":{"allow":["GET"]}}],"collection":[{"href":"https:\/\/blog.edu.turku.fi\/luolavuori\/wp-json\/wp\/v2\/pages"}],"about":[{"href":"https:\/\/blog.edu.turku.fi\/luolavuori\/wp-json\/wp\/v2\/types\/page"}],"author":[{"embeddable":true,"href":"https:\/\/blog.edu.turku.fi\/luolavuori\/wp-json\/wp\/v2\/users\/3228"}],"replies":[{"embeddable":true,"href":"https:\/\/blog.edu.turku.fi\/luolavuori\/wp-json\/wp\/v2\/comments?post=135"}],"version-history":[{"count":14,"href":"https:\/\/blog.edu.turku.fi\/luolavuori\/wp-json\/wp\/v2\/pages\/135\/revisions"}],"predecessor-version":[{"id":2698,"href":"https:\/\/blog.edu.turku.fi\/luolavuori\/wp-json\/wp\/v2\/pages\/135\/revisions\/2698"}],"up":[{"embeddable":true,"href":"https:\/\/blog.edu.turku.fi\/luolavuori\/wp-json\/wp\/v2\/pages\/74"}],"wp:attachment":[{"href":"https:\/\/blog.edu.turku.fi\/luolavuori\/wp-json\/wp\/v2\/media?parent=135"}],"curies":[{"name":"wp","href":"https:\/\/api.w.org\/{rel}","templated":true}]}}