{"id":111,"date":"2014-01-15T12:12:10","date_gmt":"2014-01-15T10:12:10","guid":{"rendered":"https:\/\/blog.edu.turku.fi\/luolavuori\/?page_id=111"},"modified":"2025-04-23T12:33:23","modified_gmt":"2025-04-23T09:33:23","slug":"oppilaantuki","status":"publish","type":"page","link":"https:\/\/blog.edu.turku.fi\/luolavuori\/opetus\/oppilaantuki\/","title":{"rendered":"Oppilaan tuki"},"content":{"rendered":"<div>\n<div class=\"alert-page__title\">Oppimisen tuki uudistuu perusopetuksessa<\/div>\n<\/div>\n<div>\n<div class=\"alert-page__expand\"><\/div>\n<\/div>\n<div class=\"alert-page__content\">\n<div class=\"alert-page__text wysiwyg\">\n<p><a href=\"https:\/\/www.turku.fi\/uutiset\/oppimisen-tuki-uudistuu-perusopetuksessa\">Oppimisen tuen lakiuudistus astuu voimaan 1.8.2025.<\/a><\/p>\n<\/div>\n<\/div>\n<p>&nbsp;<\/p>\n<p>Lukuvuoden 2024\u20142025 loppuun<\/p>\n<p>Koulumme vahvuutena on moniammatillisuus. Luokanopettajat ja erityisluokanopettajat sek\u00e4 avustava ja ohjaava henkil\u00f6kunta ty\u00f6skentelev\u00e4t jokaisen oppilaan parhaaksi. Koulu tukee monin keinoin oppilasta h\u00e4nen kasvussaan ja oppimisessaan.<\/p>\n<p>Luolavuoren koulussa noudatetaan oppilaan tuen portaita. Oppilas voi saada tukea yleisen, tehostetun tai erityisen tuen piiriss\u00e4. Tukea annetaan niin kauan ja sen tasoisena kuin se on tarpeellista. Tukimuotoina voivat olla esim. opetuksen eriytt\u00e4minen, tukiopetus, osa-aikainen erityisopetus, pienluokka, maahanmuuttajan tukij\u00e4rjestelyt ja oppilashuollon palvelut. Tukimuodoista neuvotellaan ja sovitaan aina huoltajan kanssa.<\/p>\n<p><a href=\"https:\/\/www.turku.fi\/perusopetus\/tukea-oppimiseen\" target=\"_blank\" rel=\"noopener noreferrer\">Oppilaan tuki -sivusto<\/a><a href=\"http:\/\/www.turku.fi\/Public\/default.aspx?nodeid=18254&amp;culture=fi-FI&amp;contentlan=1\" target=\"_blank\" rel=\"noopener noreferrer\"><img loading=\"lazy\" decoding=\"async\" class=\"alignright wp-image-805 size-full\" src=\"https:\/\/blog.edu.turku.fi\/luolavuori\/files\/2014\/01\/yte_juna_400.jpg\" alt=\"yte_juna_400\" width=\"400\" height=\"123\" srcset=\"https:\/\/blog.edu.turku.fi\/luolavuori\/files\/2014\/01\/yte_juna_400.jpg 400w, https:\/\/blog.edu.turku.fi\/luolavuori\/files\/2014\/01\/yte_juna_400-300x92.jpg 300w\" sizes=\"auto, (max-width: 400px) 85vw, 400px\" \/><\/a><\/p>\n<h3><\/h3>\n<h3><\/h3>\n<h3><strong>Oppilaan tukeen liittyv\u00e4t suunnitelmat<\/strong><\/h3>\n<p>Tehostetun tuen oppilaalle laaditaan aina henkil\u00f6kohtainen <em>oppimissuunnitelma<\/em>, jossa kuvataan oppilaan oppimisen ja koulunk\u00e4ynnin etenemist\u00e4, tarvittavat opetusj\u00e4rjestelyt sek\u00e4 oppilaan tarvitsema tuki. Oppimissuunnitelma tehd\u00e4\u00e4n aina yhteisty\u00f6ss\u00e4 huoltajien kanssa. Oppimissuunnitelma voidaan tehd\u00e4 my\u00f6s yleisen tuen oppilaalle.<\/p>\n<p><em>HOJKS eli\u00a0henkil\u00f6kohtainen opetuksen j\u00e4rjest\u00e4mist\u00e4 koskeva suunnitelma <\/em>tehd\u00e4\u00e4n\u00a0jokaiselle Luolavuoren koulun\u00a0pienluokan oppilaalle. HOJKS:ssa m\u00e4\u00e4ritell\u00e4\u00e4n oppilaan opetuksen yksil\u00f6lliset pedagogiset periaatteet ja tavoitteet sek\u00e4 oppiaineitten oppim\u00e4\u00e4rien yksil\u00f6llist\u00e4miset ja muu tarvittava tuki.\u00a0Oppiaineet yksil\u00f6llistet\u00e4\u00e4n Turun kaupungin perusopetuksen\u00a0opetussuunnitelman kuntakohtaisista tavoitteista. Mik\u00e4li yksil\u00f6llist\u00e4mist\u00e4 ei tarvita, k\u00e4ytet\u00e4\u00e4n yleisi\u00e4 oppim\u00e4\u00e4ri\u00e4.<\/p>\n<p>Erityisen tuen oppilaan arviointi perustuu HOJKS:ssa asetettuihin tavoitteisiin. Luolavuoren koulussa yksil\u00f6llistettyjen oppim\u00e4\u00e4rien mukaan opiskelevien oppilaiden\u00a0arviointi on sanallista. Kev\u00e4\u00e4ll\u00e4 annettavan lukuvuositodistuksen lis\u00e4ksi oppimista arvioidaan vuoden aikana\u00a0HOJKS-keskusteluissa.<\/p>\n<p>&nbsp;<\/p>\n","protected":false},"excerpt":{"rendered":"<p>Oppimisen tuki uudistuu perusopetuksessa Oppimisen tuen lakiuudistus astuu voimaan 1.8.2025. &nbsp; Lukuvuoden 2024\u20142025 loppuun Koulumme vahvuutena on moniammatillisuus. Luokanopettajat ja erityisluokanopettajat sek\u00e4 avustava ja ohjaava henkil\u00f6kunta ty\u00f6skentelev\u00e4t jokaisen oppilaan parhaaksi. Koulu tukee monin keinoin oppilasta h\u00e4nen kasvussaan ja oppimisessaan. Luolavuoren koulussa noudatetaan oppilaan tuen portaita. Oppilas voi saada tukea yleisen, tehostetun tai erityisen tuen piiriss\u00e4. &hellip; <a href=\"https:\/\/blog.edu.turku.fi\/luolavuori\/opetus\/oppilaantuki\/\" class=\"more-link\">Jatka lukemista<span class=\"screen-reader-text\"> &#8221;Oppilaan tuki&#8221;<\/span><\/a><\/p>\n","protected":false},"author":3228,"featured_media":0,"parent":2,"menu_order":2,"comment_status":"closed","ping_status":"closed","template":"","meta":{"footnotes":""},"class_list":["post-111","page","type-page","status-publish","hentry"],"_links":{"self":[{"href":"https:\/\/blog.edu.turku.fi\/luolavuori\/wp-json\/wp\/v2\/pages\/111","targetHints":{"allow":["GET"]}}],"collection":[{"href":"https:\/\/blog.edu.turku.fi\/luolavuori\/wp-json\/wp\/v2\/pages"}],"about":[{"href":"https:\/\/blog.edu.turku.fi\/luolavuori\/wp-json\/wp\/v2\/types\/page"}],"author":[{"embeddable":true,"href":"https:\/\/blog.edu.turku.fi\/luolavuori\/wp-json\/wp\/v2\/users\/3228"}],"replies":[{"embeddable":true,"href":"https:\/\/blog.edu.turku.fi\/luolavuori\/wp-json\/wp\/v2\/comments?post=111"}],"version-history":[{"count":19,"href":"https:\/\/blog.edu.turku.fi\/luolavuori\/wp-json\/wp\/v2\/pages\/111\/revisions"}],"predecessor-version":[{"id":2719,"href":"https:\/\/blog.edu.turku.fi\/luolavuori\/wp-json\/wp\/v2\/pages\/111\/revisions\/2719"}],"up":[{"embeddable":true,"href":"https:\/\/blog.edu.turku.fi\/luolavuori\/wp-json\/wp\/v2\/pages\/2"}],"wp:attachment":[{"href":"https:\/\/blog.edu.turku.fi\/luolavuori\/wp-json\/wp\/v2\/media?parent=111"}],"curies":[{"name":"wp","href":"https:\/\/api.w.org\/{rel}","templated":true}]}}