{"id":923,"date":"2020-12-29T16:13:57","date_gmt":"2020-12-29T14:13:57","guid":{"rendered":"https:\/\/blog.edu.turku.fi\/lukutaito\/?page_id=923"},"modified":"2022-06-06T10:18:10","modified_gmt":"2022-06-06T07:18:10","slug":"astrid-lindgrenin-muistopalkinnon-ehdokkaat-2021","status":"publish","type":"page","link":"https:\/\/blog.edu.turku.fi\/lukutaito\/materiaalia\/lapsille-ja-lapsiperheille\/kirjavinkit-kirjallisuuspalkintojen-mukaan\/astrid-lindgrenin-muistopalkinnon-ehdokkaat-2021\/","title":{"rendered":"Astrid Lindgrenin muistopalkinnon ehdokkaat 2021"},"content":{"rendered":"<h1>Maailman suurin lasten- ja nuortenkirjallisuuden palkinto on Astrid Lindgrenin muistopalkinto<\/h1>\n<p>Ehdokkaat maailman suurimman lasten- ja nuortenkirjallisuuden palkinnon saajaksi on julkistettu. Kielest\u00e4 ja kansalaisuudesta riippumaton palkinto jaetaan vuosittain yhdelle tai useammalle henkil\u00f6lle. Palkintosumma on euroissa noin 570 000 euroa (5 miljoonaa Ruotsin kruunua).<\/p>\n<p>Vuoden 2021 ehdokaslista sis\u00e4lt\u00e4\u00e4 kaiken kaikkiaan 262 ehdokasta 68 eri maasta. Ehdokkaiden joukossa on niin kirjailijoita, kuvittajia, kertojia ja lukemisen\/lukutaidon edist\u00e4ji\u00e4.<\/p>\n<p>Suomesta ehdolla Astrid Lindgrenin muistopalkinnon saajaksi on viisi ehdokasta: kuvittaja Linda Bondestam, kirjailija ja kuvittaja Marika Maijala, kirjailija Timo Parvela, kirjailija Salla Simukka sek\u00e4 kirjailija Maria Turtschaninoff.<\/p>\n<h2>Suomen ehdokkaat Vaski-tietokannassa ja esimerkkiteoksia<\/h2>\n<p><a href=\"https:\/\/vaski.finna.fi\/Search\/Results?limit=0&amp;filter%5B%5D=%7Elanguage%3A%22fin%22&amp;filter%5B%5D=%7Ebuilding_sub_str_mv%3A%222%22&amp;dfApplied=1&amp;lookfor=Linda+Bondestam&amp;type=AllFields\" target=\"_blank\" rel=\"noopener noreferrer\">Linda Bondestam Vaski-tietokannassa<\/a><\/p>\n<p>Esimerkkiteoksia: El\u00e4m\u00e4ni pohjalla: yksin\u00e4isen aksolotlin tarina (2020), Hyv\u00e4\u00e4 y\u00f6t\u00e4 maa (2018) &amp; Silkkiapinan nauru (2019)<\/p>\n<p><a href=\"https:\/\/vaski.finna.fi\/Search\/Results?limit=0&amp;filter%5B%5D=%7Elanguage%3A%22fin%22&amp;filter%5B%5D=%7Ebuilding_sub_str_mv%3A%222%22&amp;dfApplied=1&amp;lookfor=Marika+Maijala&amp;type=AllFields\" target=\"_blank\" rel=\"noopener noreferrer\">Marika Maijala Vaski-tietokannassa<\/a><\/p>\n<p>Esimerkkiteoksia: Kahden is\u00e4n Ebba (2020), Suden hetki (2020) &amp; Ruusun matka (2018)<\/p>\n<p><a href=\"https:\/\/vaski.finna.fi\/Search\/Results?limit=0&amp;filter%5B%5D=%7Elanguage%3A%22fin%22&amp;filter%5B%5D=%7Ebuilding_sub_str_mv%3A%222%22&amp;dfApplied=1&amp;lookfor=Timo+parvela&amp;type=AllFields\" target=\"_blank\" rel=\"noopener noreferrer\">Timo Parvela Vaski-tietokannassa<\/a><\/p>\n<p>Esimerkkiteoksia: Ella ja kaverit-kirjasarja, Maukka ja V\u00e4ykk\u00e4-kirjasarja &amp; Keinulauta (2006)<\/p>\n<p><a href=\"https:\/\/vaski.finna.fi\/Search\/Results?limit=0&amp;filter%5B%5D=%7Elanguage%3A%22fin%22&amp;filter%5B%5D=%7Ebuilding_sub_str_mv%3A%222%22&amp;dfApplied=1&amp;lookfor=salla+simukka&amp;type=AllFields\" target=\"_blank\" rel=\"noopener noreferrer\">Salla Simukka Vaski-tietokannassa<\/a><\/p>\n<p>Esimerkkiteoksia: Tihe\u00e4 pulssi: novelleja (2020), Lukitut (2020) &amp; Sytyt\u00e4 valot!: pieni\u00e4 kauniita tarinoita; Sammuta valot!: pieni\u00e4 kauheita tarinoita (2018)<\/p>\n<p><a href=\"https:\/\/vaski.finna.fi\/Search\/Results?lookfor=Maria+Turtschaninoff&amp;type=AllFields&amp;filter%5B%5D=%7Elanguage%3A%22fin%22&amp;filter%5B%5D=%7Ebuilding_sub_str_mv%3A%222%22&amp;dfApplied=1&amp;limit=20\" target=\"_blank\" rel=\"noopener noreferrer\">Maria Turtschaninoff Vaski-tietokannassa<\/a><\/p>\n<p>Esimerkkiteoksia: Maresi (2014), Anach\u00e9 (2013) &amp; Arra (2010)<\/p>\n<hr \/>\n<p>Lis\u00e4tietoa Astrid Lindgrenin muistopalkinnosta sek\u00e4 ehdokkaista <a href=\"https:\/\/alma.se\/\" target=\"_blank\" rel=\"noopener noreferrer\">palkinnon verkkosivuilla (Astrid Lindgren Memorial Award)<\/a>. Ehdokaslista l\u00f6ytyy <a href=\"https:\/\/alma.se\/nominering\/kandidater\/\" target=\"_blank\" rel=\"noopener noreferrer\">t\u00e4\u00e4lt\u00e4<\/a>.<\/p>\n","protected":false},"excerpt":{"rendered":"<p>Maailman suurin lasten- ja nuortenkirjallisuuden palkinto on Astrid Lindgrenin muistopalkinto Ehdokkaat maailman suurimman lasten- ja nuortenkirjallisuuden palkinnon saajaksi on julkistettu. Kielest\u00e4 ja kansalaisuudesta riippumaton palkinto jaetaan vuosittain yhdelle tai useammalle henkil\u00f6lle. Palkintosumma on euroissa noin 570 000 euroa (5 miljoonaa Ruotsin kruunua). Vuoden 2021 ehdokaslista sis\u00e4lt\u00e4\u00e4 kaiken kaikkiaan 262 ehdokasta 68 eri maasta. Ehdokkaiden joukossa &hellip; <a href=\"https:\/\/blog.edu.turku.fi\/lukutaito\/materiaalia\/lapsille-ja-lapsiperheille\/kirjavinkit-kirjallisuuspalkintojen-mukaan\/astrid-lindgrenin-muistopalkinnon-ehdokkaat-2021\/\" class=\"more-link\">Jatka lukemista<span class=\"screen-reader-text\"> &#8221;Astrid Lindgrenin muistopalkinnon ehdokkaat 2021&#8221;<\/span><\/a><\/p>\n","protected":false},"author":2465,"featured_media":0,"parent":2430,"menu_order":0,"comment_status":"closed","ping_status":"closed","template":"","meta":{"footnotes":""},"class_list":["post-923","page","type-page","status-publish","hentry"],"_links":{"self":[{"href":"https:\/\/blog.edu.turku.fi\/lukutaito\/wp-json\/wp\/v2\/pages\/923","targetHints":{"allow":["GET"]}}],"collection":[{"href":"https:\/\/blog.edu.turku.fi\/lukutaito\/wp-json\/wp\/v2\/pages"}],"about":[{"href":"https:\/\/blog.edu.turku.fi\/lukutaito\/wp-json\/wp\/v2\/types\/page"}],"author":[{"embeddable":true,"href":"https:\/\/blog.edu.turku.fi\/lukutaito\/wp-json\/wp\/v2\/users\/2465"}],"replies":[{"embeddable":true,"href":"https:\/\/blog.edu.turku.fi\/lukutaito\/wp-json\/wp\/v2\/comments?post=923"}],"version-history":[{"count":5,"href":"https:\/\/blog.edu.turku.fi\/lukutaito\/wp-json\/wp\/v2\/pages\/923\/revisions"}],"predecessor-version":[{"id":928,"href":"https:\/\/blog.edu.turku.fi\/lukutaito\/wp-json\/wp\/v2\/pages\/923\/revisions\/928"}],"up":[{"embeddable":true,"href":"https:\/\/blog.edu.turku.fi\/lukutaito\/wp-json\/wp\/v2\/pages\/2430"}],"wp:attachment":[{"href":"https:\/\/blog.edu.turku.fi\/lukutaito\/wp-json\/wp\/v2\/media?parent=923"}],"curies":[{"name":"wp","href":"https:\/\/api.w.org\/{rel}","templated":true}]}}