{"id":910,"date":"2020-12-29T13:34:25","date_gmt":"2020-12-29T11:34:25","guid":{"rendered":"https:\/\/blog.edu.turku.fi\/lukutaito\/?page_id=910"},"modified":"2022-06-06T10:18:29","modified_gmt":"2022-06-06T07:18:29","slug":"kirjasuosituksia-ruotsiksi-ehdokkaat-vuoden-2020-august-palkinnon-saajaksi","status":"publish","type":"page","link":"https:\/\/blog.edu.turku.fi\/lukutaito\/materiaalia\/lapsille-ja-lapsiperheille\/kirjavinkit-kirjallisuuspalkintojen-mukaan\/kirjasuosituksia-ruotsiksi-ehdokkaat-vuoden-2020-august-palkinnon-saajaksi\/","title":{"rendered":"Kirjasuosituksia ruotsiksi \u2013 ehdokkaat vuoden 2020 August-palkinnon saajaksi"},"content":{"rendered":"<h1>Kuusi huippukirjaa Ruotsista<\/h1>\n<p>Alla olevat kirjat kilpailivat vuoden 2020 Lasten- ja nuortenkirjallisuuden August-palkinnosta.<\/p>\n<p>Lis\u00e4tietoa palkinnosta <a href=\"https:\/\/www.augustpriset.se\/\" target=\"_blank\" rel=\"noopener noreferrer\">Augustpalkinnon verkkosivuilta<\/a> (www.augustpriset.se).<\/p>\n<p>Vuoden 2020 Lasten- ja nuortenkirjallisuuden August-palkinnon voittaja on Kristina Sigunsdotter &amp; Ester Eriksson: Humlan Hanssons hemligheter (Natur &amp; Kultur)!<\/p>\n<p>Asiasta toiseen, palkintolautakunnan puheenjohtaja Mia \u00d6sterlund on kirjallisuustieteen dosentti ja toimii yliopisto-opettajana \u00c5bo Akademissa, Turussa.<\/p>\n<hr \/>\n<h2>Linda Bondestam: Mitt bottenliv. Av en ensam axolotl (Berghs F\u00f6rlag)<\/h2>\n<p>Teos on lainattavissa Vaski-kirjastoista, <a href=\"https:\/\/vaski.finna.fi\/Record\/vaski.4059303?lng=fi\" target=\"_blank\" rel=\"noopener noreferrer\">tarkista saatavuus kirjan sivuilla Vaski-tietokannassa<\/a>.<\/p>\n<h2>Anders Fager &amp; Peter Bergting: Kr\u00e5korna (Natur &amp; Kultur)<\/h2>\n<p>My\u00f6s t\u00e4m\u00e4 kirja on osa Vaski-kirjastojen valikoimaa, <a href=\"https:\/\/vaski.finna.fi\/Record\/vaski.4082033\" target=\"_blank\" rel=\"noopener noreferrer\">tarkista kirjan saatavuus Vaski-tietokannasta<\/a>.<\/p>\n<h2>Julia Hansson: Billie, Korven och havet (Natur &amp; Kultur)<\/h2>\n<h2>\u00c5sa Lind &amp; Emma Virke: Kom dagen, kom natten (Lilla Piratf\u00f6rlaget)<\/h2>\n<p>T\u00e4m\u00e4 teos l\u00f6ytyy Vaski-kirjastoita, <a href=\"https:\/\/vaski.finna.fi\/Record\/vaski.4082080\" target=\"_blank\" rel=\"noopener noreferrer\">tarkista kirjan saatavuus Vaski-tietokannasta<\/a>.<\/p>\n<h2>Kristina Sigunsdotter &amp; Ester Eriksson: Humlan Hanssons hemligheter (Natur &amp; Kultur)<\/h2>\n<p>Vuoden voittajateos on lainattavissa Vaski-kirjastoista, <a href=\"https:\/\/vaski.finna.fi\/Record\/vaski.4050438\" target=\"_blank\" rel=\"noopener noreferrer\">katso linkki kirjan sivulle Vaski-tietokannassa<\/a>.<\/p>\n<h2>Alma Th\u00f6rn: Alltid hejd\u00e5 (Galago)<\/h2>\n<p>Teos on lainattavissa Vaski-kirjastoista, <a href=\"https:\/\/vaski.finna.fi\/Record\/vaski.4027335\" target=\"_blank\" rel=\"noopener noreferrer\">tarkista kirjan saatavuus Vaski-tietokannasta<\/a>.<\/p>\n","protected":false},"excerpt":{"rendered":"<p>Kuusi huippukirjaa Ruotsista Alla olevat kirjat kilpailivat vuoden 2020 Lasten- ja nuortenkirjallisuuden August-palkinnosta. Lis\u00e4tietoa palkinnosta Augustpalkinnon verkkosivuilta (www.augustpriset.se). Vuoden 2020 Lasten- ja nuortenkirjallisuuden August-palkinnon voittaja on Kristina Sigunsdotter &amp; Ester Eriksson: Humlan Hanssons hemligheter (Natur &amp; Kultur)! Asiasta toiseen, palkintolautakunnan puheenjohtaja Mia \u00d6sterlund on kirjallisuustieteen dosentti ja toimii yliopisto-opettajana \u00c5bo Akademissa, Turussa. Linda Bondestam: Mitt &hellip; <a href=\"https:\/\/blog.edu.turku.fi\/lukutaito\/materiaalia\/lapsille-ja-lapsiperheille\/kirjavinkit-kirjallisuuspalkintojen-mukaan\/kirjasuosituksia-ruotsiksi-ehdokkaat-vuoden-2020-august-palkinnon-saajaksi\/\" class=\"more-link\">Jatka lukemista<span class=\"screen-reader-text\"> &#8221;Kirjasuosituksia ruotsiksi \u2013 ehdokkaat vuoden 2020 August-palkinnon saajaksi&#8221;<\/span><\/a><\/p>\n","protected":false},"author":2465,"featured_media":0,"parent":2430,"menu_order":0,"comment_status":"closed","ping_status":"closed","template":"","meta":{"footnotes":""},"class_list":["post-910","page","type-page","status-publish","hentry"],"_links":{"self":[{"href":"https:\/\/blog.edu.turku.fi\/lukutaito\/wp-json\/wp\/v2\/pages\/910","targetHints":{"allow":["GET"]}}],"collection":[{"href":"https:\/\/blog.edu.turku.fi\/lukutaito\/wp-json\/wp\/v2\/pages"}],"about":[{"href":"https:\/\/blog.edu.turku.fi\/lukutaito\/wp-json\/wp\/v2\/types\/page"}],"author":[{"embeddable":true,"href":"https:\/\/blog.edu.turku.fi\/lukutaito\/wp-json\/wp\/v2\/users\/2465"}],"replies":[{"embeddable":true,"href":"https:\/\/blog.edu.turku.fi\/lukutaito\/wp-json\/wp\/v2\/comments?post=910"}],"version-history":[{"count":2,"href":"https:\/\/blog.edu.turku.fi\/lukutaito\/wp-json\/wp\/v2\/pages\/910\/revisions"}],"predecessor-version":[{"id":912,"href":"https:\/\/blog.edu.turku.fi\/lukutaito\/wp-json\/wp\/v2\/pages\/910\/revisions\/912"}],"up":[{"embeddable":true,"href":"https:\/\/blog.edu.turku.fi\/lukutaito\/wp-json\/wp\/v2\/pages\/2430"}],"wp:attachment":[{"href":"https:\/\/blog.edu.turku.fi\/lukutaito\/wp-json\/wp\/v2\/media?parent=910"}],"curies":[{"name":"wp","href":"https:\/\/api.w.org\/{rel}","templated":true}]}}