{"id":905,"date":"2020-12-29T12:52:25","date_gmt":"2020-12-29T10:52:25","guid":{"rendered":"https:\/\/blog.edu.turku.fi\/lukutaito\/?page_id=905"},"modified":"2022-06-06T10:19:34","modified_gmt":"2022-06-06T07:19:34","slug":"lukemisen-arvoisia-kirjoja-suomesta-lasten-ja-nuortenkirjallisuuden-finlandia-ehdokkaat-2020","status":"publish","type":"page","link":"https:\/\/blog.edu.turku.fi\/lukutaito\/materiaalia\/lapsille-ja-lapsiperheille\/kirjavinkit-kirjallisuuspalkintojen-mukaan\/lukemisen-arvoisia-kirjoja-suomesta-lasten-ja-nuortenkirjallisuuden-finlandia-ehdokkaat-2020\/","title":{"rendered":"Lukemisen arvoisia kirjoja Suomesta &#8211; Lasten- ja nuortenkirjallisuuden Finlandia-ehdokkaat 2020"},"content":{"rendered":"<h1>Kirjavinkkej\u00e4 Suomesta<\/h1>\n<p>Alta l\u00f6ytyv\u00e4t kirjat olivat ehdolla vuoden 2020 Lasten- ja nuortenkirjallisuuden Finlandia palkinnon saajaksi.<\/p>\n<p>Lis\u00e4tietoa ehdokkaista sek\u00e4 valintaperusteet ovat luettavissa <a href=\"https:\/\/kirjasaatio.fi\/lastenjanuortenkirjallisuudenfinlandia\" target=\"_blank\" rel=\"noopener noreferrer\">Suomen Kirjas\u00e4\u00e4ti\u00f6n verkkosivuilta<\/a>.<\/p>\n<hr \/>\n<p>Siiri Enonranta: Kes\u00e4myrsky (WSOY)<\/p>\n<p><a href=\"https:\/\/vaski.finna.fi\/Record\/vaski.3996221\" target=\"_blank\" rel=\"noopener noreferrer\">Linkki kirjan sivulle Vaski-tietokannassa<\/a><\/p>\n<hr \/>\n<p>Aino Havukainen &amp; Sami Toivonen: Tatu ja Patu \u2013 kovaa menoa kiskoilla (Otava)<\/p>\n<p><a href=\"https:\/\/vaski.finna.fi\/Record\/vaski.4046160\" target=\"_blank\" rel=\"noopener noreferrer\">Linkki kirjan sivulle Vaski-tietokannassa<\/a><\/p>\n<hr \/>\n<p>Katri Kirkkopelto: Molli ja maan \u00e4\u00e4ri (Lasten Keskus)<\/p>\n<p><a href=\"https:\/\/vaski.finna.fi\/Record\/vaski.3906367\" target=\"_blank\" rel=\"noopener noreferrer\">Linkki kirjan sivulle Vaski-tietokannassa<\/a><\/p>\n<hr \/>\n<p>Meri Luttinen: Myrskynsilm\u00e4 (WSOY)<\/p>\n<p><a href=\"https:\/\/vaski.finna.fi\/Record\/vaski.4051709\" target=\"_blank\" rel=\"noopener noreferrer\">Linkki kirjan sivulle Vaski-tietokannassa<\/a><\/p>\n<hr \/>\n<p>Anja Portin: Radio Popov (S&amp;S)<\/p>\n<p><a href=\"https:\/\/vaski.finna.fi\/Record\/vaski.4059158\" target=\"_blank\" rel=\"noopener noreferrer\">Linkki kirjan sivulle Vaski-tietokannassa<\/a><\/p>\n<hr \/>\n<p>Laura Ruohonen, Erika Kallasmaa (kuv.), Petri Kumela (mus.), Annika Sandelin (k\u00e4\u00e4nt.): Outo opus. Runoja ja totta pienist\u00e4 el\u00e4imist\u00e4 \/ Zoologipoesi. Sm\u00e5djur i toner (Otava \/ F\u00f6rlaget)<\/p>\n<p><a href=\"https:\/\/vaski.finna.fi\/Record\/vaski.3997291\" target=\"_blank\" rel=\"noopener noreferrer\">Linkki kirjan sivulle Vaski-tietokannassa (suomeksi: Outo opus)<\/a><\/p>\n<p><a href=\"https:\/\/vaski.finna.fi\/Record\/vaski.4009613\" target=\"_blank\" rel=\"noopener noreferrer\">Linkki kirjan sivulle Vaski-tietokannassa (ruotsiksi: Zoologipoesi)<\/a><\/p>\n<hr \/>\n<p>Lis\u00e4tietoa Lasten- ja nuortenkirjallisuuden Finlandia-palkinnosta voi lukea <a href=\"https:\/\/blog.edu.turku.fi\/lukutaito\/2020\/11\/09\/lasten-ja-nuortenkirjallisuuden-finlandia-palkinto\/\" target=\"_blank\" rel=\"noopener noreferrer\">Lukuiloa-blogin artikkelista (09.11.2020)<\/a>.<\/p>\n<hr \/>\n<p>Vuoden 2020 Lasten- ja nuortenkirjallisuuden Finlandia-palkinnon voittaja on Anja Portin lastenromaanillaan Radio Popop (S&amp;S). Voittaja julkaistaan 25.11.2020.<\/p>\n","protected":false},"excerpt":{"rendered":"<p>Kirjavinkkej\u00e4 Suomesta Alta l\u00f6ytyv\u00e4t kirjat olivat ehdolla vuoden 2020 Lasten- ja nuortenkirjallisuuden Finlandia palkinnon saajaksi. Lis\u00e4tietoa ehdokkaista sek\u00e4 valintaperusteet ovat luettavissa Suomen Kirjas\u00e4\u00e4ti\u00f6n verkkosivuilta. Siiri Enonranta: Kes\u00e4myrsky (WSOY) Linkki kirjan sivulle Vaski-tietokannassa Aino Havukainen &amp; Sami Toivonen: Tatu ja Patu \u2013 kovaa menoa kiskoilla (Otava) Linkki kirjan sivulle Vaski-tietokannassa Katri Kirkkopelto: Molli ja maan \u00e4\u00e4ri &hellip; <a href=\"https:\/\/blog.edu.turku.fi\/lukutaito\/materiaalia\/lapsille-ja-lapsiperheille\/kirjavinkit-kirjallisuuspalkintojen-mukaan\/lukemisen-arvoisia-kirjoja-suomesta-lasten-ja-nuortenkirjallisuuden-finlandia-ehdokkaat-2020\/\" class=\"more-link\">Jatka lukemista<span class=\"screen-reader-text\"> &#8221;Lukemisen arvoisia kirjoja Suomesta &#8211; Lasten- ja nuortenkirjallisuuden Finlandia-ehdokkaat 2020&#8221;<\/span><\/a><\/p>\n","protected":false},"author":2465,"featured_media":0,"parent":2430,"menu_order":0,"comment_status":"closed","ping_status":"closed","template":"","meta":{"footnotes":""},"class_list":["post-905","page","type-page","status-publish","hentry"],"_links":{"self":[{"href":"https:\/\/blog.edu.turku.fi\/lukutaito\/wp-json\/wp\/v2\/pages\/905","targetHints":{"allow":["GET"]}}],"collection":[{"href":"https:\/\/blog.edu.turku.fi\/lukutaito\/wp-json\/wp\/v2\/pages"}],"about":[{"href":"https:\/\/blog.edu.turku.fi\/lukutaito\/wp-json\/wp\/v2\/types\/page"}],"author":[{"embeddable":true,"href":"https:\/\/blog.edu.turku.fi\/lukutaito\/wp-json\/wp\/v2\/users\/2465"}],"replies":[{"embeddable":true,"href":"https:\/\/blog.edu.turku.fi\/lukutaito\/wp-json\/wp\/v2\/comments?post=905"}],"version-history":[{"count":3,"href":"https:\/\/blog.edu.turku.fi\/lukutaito\/wp-json\/wp\/v2\/pages\/905\/revisions"}],"predecessor-version":[{"id":909,"href":"https:\/\/blog.edu.turku.fi\/lukutaito\/wp-json\/wp\/v2\/pages\/905\/revisions\/909"}],"up":[{"embeddable":true,"href":"https:\/\/blog.edu.turku.fi\/lukutaito\/wp-json\/wp\/v2\/pages\/2430"}],"wp:attachment":[{"href":"https:\/\/blog.edu.turku.fi\/lukutaito\/wp-json\/wp\/v2\/media?parent=905"}],"curies":[{"name":"wp","href":"https:\/\/api.w.org\/{rel}","templated":true}]}}