{"id":785,"date":"2020-12-07T08:37:26","date_gmt":"2020-12-07T06:37:26","guid":{"rendered":"https:\/\/blog.edu.turku.fi\/lukutaito\/?page_id=785"},"modified":"2022-05-23T13:07:58","modified_gmt":"2022-05-23T10:07:58","slug":"toimintamalli-lastenkirjasuunnistus","status":"publish","type":"page","link":"https:\/\/blog.edu.turku.fi\/lukutaito\/materiaalia\/kasvatus-ja-opetushenkilokunnalle\/toimintamalli-lastenkirjasuunnistus\/","title":{"rendered":"Toimintamalli: lastenkirjasuunnistus"},"content":{"rendered":"<h1>Toimintamalli: Suuntaa lukemiseen! -lastenkirjasuunnistus<\/h1>\n<p>Suunnistusreitit ovat ladattavissa pdf-tiedostoina otsikoiden alla. Tiedostot aukeavat erillisille v\u00e4lilehdille.<\/p>\n<ul>\n<li><a href=\"https:\/\/blog.edu.turku.fi\/lukutaito\/files\/2021\/02\/Suunnistus-paivakotiin.pdf\" target=\"_blank\" rel=\"noopener noreferrer\">Suunnistus p\u00e4iv\u00e4kotiin<\/a> (sis. ensimm\u00e4isen ja viimeisen rastin)<\/li>\n<li><a href=\"https:\/\/blog.edu.turku.fi\/lukutaito\/files\/2021\/02\/Suunnistus-kouluun.pdf\" target=\"_blank\" rel=\"noopener noreferrer\">Suunnistus kouluun<\/a> (sis. ensimm\u00e4isen ja viimeisen rastin)<\/li>\n<li><a href=\"https:\/\/blog.edu.turku.fi\/lukutaito\/files\/2021\/05\/Meriaiheinen-lastenkirjasuunnistus.pdf\" target=\"_blank\" rel=\"noopener noreferrer\">Meriaiheinen lastenkirjasuunnistus<\/a> (sis. ensimm\u00e4isen ja viimeisen rastin)<\/li>\n<li><a href=\"https:\/\/blog.edu.turku.fi\/lukutaito\/files\/2021\/05\/Lastenkirjasuunnistus-ystavyydesta.pdf\" target=\"_blank\" rel=\"noopener noreferrer\">Lastenkirjasuunnistus yst\u00e4vyydest\u00e4<\/a> (sis. ensimm\u00e4isen ja viimeisen rastin)<\/li>\n<li><a href=\"https:\/\/blog.edu.turku.fi\/lukutaito\/files\/2021\/05\/Toiminta-aiheinen-lastenkirjasuunnistus.pdf\" target=\"_blank\" rel=\"noopener noreferrer\">Toiminta-aiheinen lastenkirjasuunnistus<\/a> (sis. ensimm\u00e4isen ja viimeisen rastin)<\/li>\n<li><a href=\"https:\/\/blog.edu.turku.fi\/lukutaito\/files\/2021\/05\/Lastenkirjasuunnistus-perheesta.pdf\">Lastenkirjasuunnistus perheest\u00e4<\/a> (sis. ensimm\u00e4isen ja viimeisen rastin)<\/li>\n<li><a href=\"https:\/\/blog.edu.turku.fi\/lukutaito\/files\/2021\/05\/Lastenkirjasuunnistus-avaruudesta.pdf\" target=\"_blank\" rel=\"noopener noreferrer\">Lastenkirjasuunnistus avaruudesta<\/a> (sis. ensimm\u00e4isen ja viimeisen rastin)<\/li>\n<li><a href=\"https:\/\/blog.edu.turku.fi\/lukutaito\/files\/2021\/06\/Tulostettava-lastenkirjasuunnistus_kesa2021.pdf\" target=\"_blank\" rel=\"noopener\">Lastenkirjasuunnistus kes\u00e4ll\u00e4 2021<\/a> (sis. ensimm\u00e4isen ja viimeisen rastin)<\/li>\n<li><a href=\"https:\/\/blog.edu.turku.fi\/lukutaito\/files\/2022\/05\/Bokorientering.pdf\" target=\"_blank\" rel=\"noopener\">Kompisdeckarna\u00a0-kirjasuunnistus kev\u00e4\u00e4ll\u00e4 2022<\/a><\/li>\n<\/ul>\n<p><a href=\"https:\/\/blog.edu.turku.fi\/laskunnighet\/for-personal\/verksamhetsmodell\/\">Ruotsinkieliset rastit l\u00f6ytyv\u00e4t Rikta dig till l\u00e4sning! -verkkosivulta.<\/a><\/p>\n","protected":false},"excerpt":{"rendered":"<p>Toimintamalli: Suuntaa lukemiseen! -lastenkirjasuunnistus Suunnistusreitit ovat ladattavissa pdf-tiedostoina otsikoiden alla. Tiedostot aukeavat erillisille v\u00e4lilehdille. Suunnistus p\u00e4iv\u00e4kotiin (sis. ensimm\u00e4isen ja viimeisen rastin) Suunnistus kouluun (sis. ensimm\u00e4isen ja viimeisen rastin) Meriaiheinen lastenkirjasuunnistus (sis. ensimm\u00e4isen ja viimeisen rastin) Lastenkirjasuunnistus yst\u00e4vyydest\u00e4 (sis. ensimm\u00e4isen ja viimeisen rastin) Toiminta-aiheinen lastenkirjasuunnistus (sis. ensimm\u00e4isen ja viimeisen rastin) Lastenkirjasuunnistus perheest\u00e4 (sis. ensimm\u00e4isen ja viimeisen &hellip; <a href=\"https:\/\/blog.edu.turku.fi\/lukutaito\/materiaalia\/kasvatus-ja-opetushenkilokunnalle\/toimintamalli-lastenkirjasuunnistus\/\" class=\"more-link\">Jatka lukemista<span class=\"screen-reader-text\"> &#8221;Toimintamalli: lastenkirjasuunnistus&#8221;<\/span><\/a><\/p>\n","protected":false},"author":2465,"featured_media":0,"parent":23,"menu_order":0,"comment_status":"closed","ping_status":"closed","template":"","meta":{"footnotes":""},"class_list":["post-785","page","type-page","status-publish","hentry"],"_links":{"self":[{"href":"https:\/\/blog.edu.turku.fi\/lukutaito\/wp-json\/wp\/v2\/pages\/785","targetHints":{"allow":["GET"]}}],"collection":[{"href":"https:\/\/blog.edu.turku.fi\/lukutaito\/wp-json\/wp\/v2\/pages"}],"about":[{"href":"https:\/\/blog.edu.turku.fi\/lukutaito\/wp-json\/wp\/v2\/types\/page"}],"author":[{"embeddable":true,"href":"https:\/\/blog.edu.turku.fi\/lukutaito\/wp-json\/wp\/v2\/users\/2465"}],"replies":[{"embeddable":true,"href":"https:\/\/blog.edu.turku.fi\/lukutaito\/wp-json\/wp\/v2\/comments?post=785"}],"version-history":[{"count":34,"href":"https:\/\/blog.edu.turku.fi\/lukutaito\/wp-json\/wp\/v2\/pages\/785\/revisions"}],"predecessor-version":[{"id":2409,"href":"https:\/\/blog.edu.turku.fi\/lukutaito\/wp-json\/wp\/v2\/pages\/785\/revisions\/2409"}],"up":[{"embeddable":true,"href":"https:\/\/blog.edu.turku.fi\/lukutaito\/wp-json\/wp\/v2\/pages\/23"}],"wp:attachment":[{"href":"https:\/\/blog.edu.turku.fi\/lukutaito\/wp-json\/wp\/v2\/media?parent=785"}],"curies":[{"name":"wp","href":"https:\/\/api.w.org\/{rel}","templated":true}]}}