{"id":660,"date":"2020-11-23T11:40:23","date_gmt":"2020-11-23T09:40:23","guid":{"rendered":"https:\/\/blog.edu.turku.fi\/lukutaito\/?page_id=660"},"modified":"2022-06-06T10:18:20","modified_gmt":"2022-06-06T07:18:20","slug":"jouluisia-kirjavinkkeja","status":"publish","type":"page","link":"https:\/\/blog.edu.turku.fi\/lukutaito\/materiaalia\/lapsille-ja-lapsiperheille\/kirjavinkkeja\/jouluisia-kirjavinkkeja\/","title":{"rendered":"Jouluisia kirjavinkkej\u00e4"},"content":{"rendered":"<h1>Saagan kirjavinkit joulun odotukseen<\/h1>\n<p>Turun p\u00e4\u00e4kirjaston lastenosasto <strong>Saagan kirjavinkkarit Miitu Makkonen ja Marianne Saarenp\u00e4\u00e4 <\/strong>antoivat marraskuun 2020 kuukausikoosteeseen ihania jouluisia kirjasuosituksia. Jouluiset kuvat kirjoista ovat ottaneet Anna Savolainen ja Marianne Saarenp\u00e4\u00e4.<\/p>\n<hr \/>\n<h2><strong>Joulukalenterikirjoja joulun odotukseen<\/strong><\/h2>\n<p>Molemmissa kirjoissa on juuri sopivasti kappaleita, joissa riitt\u00e4\u00e4 luettavaa joulukuun alusta jouluaattoon saakka!<\/p>\n<h3>Ulf Stark, Eva Eriksson (kuv.): Suuren mets\u00e4n joulu<\/h3>\n<p>Er\u00e4\u00e4n\u00e4 tuulisena p\u00e4iv\u00e4n\u00e4 pienet kaniinilapset Niki ja Iina l\u00f6yt\u00e4v\u00e4t mets\u00e4st\u00e4 punaisen lakin, lapaset ja kummallisen, rikkin\u00e4isen kyltin. Kyltiss\u00e4 olevasta tekstist\u00e4 ei aluksi ota oikein tolkkua, mutta pian el\u00e4imille selvi\u00e4\u00e4, ett\u00e4 on tulossa joulu ja kyl\u00e4\u00e4n on tulossa tonttu! Mets\u00e4n el\u00e4imet aloittavat kiireiset jouluvalmistelut. Kun kaikki on jo valmista, ei tonttua kuulukaan. Ent\u00e4 jos tonttu ei tulekaan? Satumainen ja vauhdikas, taidokkaasti kuvitettu tarina koko perheelle!<\/p>\n<p>Katso kirjan saatavuus <a href=\"https:\/\/vaski.finna.fi\/Record\/vaski.2985358\">Vaski- kirjastojen tietokannasta<\/a>.<\/p>\n<h3>Brigitte Weninger, Eve Tharlet (kuv.): T\u00e4htipuu ja muita joulutarinoita<\/h3>\n<p>T\u00e4ss\u00e4 kirjassa tonttulapset Visa ja Virpi saavat kuulla ukkinsa Juurakon kertomia jouluisia tarinoita! Kirjassa on 24 kertomusta, joissa seikkaillaan sikin sokin sadun ja toden maailmoissa. Kirja on omiaan nostalgian n\u00e4lk\u00e4\u00e4n ja joulun odotuksen tunnelmointiin. Uusia ja perinteisi\u00e4 tarinoita yhdistelev\u00e4ss\u00e4 kirjassa on kaunis ja herkk\u00e4 Eve Tharletin kuvitus.<\/p>\n<p>Katso kirjan saatavuus <a href=\"https:\/\/vaski.finna.fi\/Record\/vaski.3594760\">Vaski-kirjastojen tietokannasta<\/a>.<\/p>\n<figure id=\"attachment_663\" aria-describedby=\"caption-attachment-663\" style=\"width: 2048px\" class=\"wp-caption alignnone\"><img loading=\"lazy\" decoding=\"async\" class=\"size-full wp-image-663\" src=\"https:\/\/blog.edu.turku.fi\/lukutaito\/files\/2020\/11\/IMG_0010.jpg\" alt=\"Jouluinen sommitelma, jossa kaksi lasten joulukirjaa nojaa sein\u00e4\u00e4n valkoisen, lunta muistuttavan harsokankaan p\u00e4\u00e4ll\u00e4. Toisen takaa kurkkaa nalle. Kirjojen edess\u00e4 on joulupalloja ja jouluvalosarja.\" width=\"2048\" height=\"1530\" srcset=\"https:\/\/blog.edu.turku.fi\/lukutaito\/files\/2020\/11\/IMG_0010.jpg 2048w, https:\/\/blog.edu.turku.fi\/lukutaito\/files\/2020\/11\/IMG_0010-300x224.jpg 300w, https:\/\/blog.edu.turku.fi\/lukutaito\/files\/2020\/11\/IMG_0010-1024x765.jpg 1024w\" sizes=\"auto, (max-width: 709px) 85vw, (max-width: 909px) 67vw, (max-width: 1362px) 62vw, 840px\" \/><figcaption id=\"caption-attachment-663\" class=\"wp-caption-text\">Suuren mets\u00e4n joulu ja T\u00e4htipuu ja muita joulutarinoita ovat joulukalenterikirjoja, joissa riitt\u00e4\u00e4 p\u00e4ivitt\u00e4ist\u00e4 lukemista jouluaattoon asti! (Kuva: Anna Savolainen ja Marianne Saarenp\u00e4\u00e4)<\/figcaption><\/figure>\n<hr \/>\n<h2><strong>Runoja joulun tunnelmaan<\/strong><\/h2>\n<h3>Tuula Korolainen (toim.), Virpi Penna (kuv.): Ihan t\u00e4ysi tonttu! \u2013 Runollinen joulukalenteri<\/h3>\n<p>Mit\u00e4 jos lukisitte joulukuussa runon joka p\u00e4iv\u00e4? Tunnettujen kotimaisten runoilijoiden joulurunojen kokoelmasta l\u00f6ytyy varmasti kaikille loppuvuoden lempiruno! El\u00e4v\u00e4sti kuvitetussa teoksessa runosuoni pulppuilee ja joulumieli on taattu!<\/p>\n<p>Katso kirjan saatavuus <a href=\"https:\/\/vaski.finna.fi\/Record\/vaski.3116681\">Vaski-kirjastojen tietokannasta<\/a>.<\/p>\n<figure id=\"attachment_664\" aria-describedby=\"caption-attachment-664\" style=\"width: 1530px\" class=\"wp-caption alignnone\"><img loading=\"lazy\" decoding=\"async\" class=\"wp-image-664 size-full\" src=\"https:\/\/blog.edu.turku.fi\/lukutaito\/files\/2020\/11\/IMG_0018.jpg\" alt=\"Jouluinen asetelma, jossa lasten joulukirja nojaa sein\u00e4\u00e4n punaisen kankaan p\u00e4\u00e4ll\u00e4. Kirjan kannessa on iloisen n\u00e4k\u00f6inen tonttu. Kirjan edess\u00e4 on joulupalloja ja jouluvalosarja.\" width=\"1530\" height=\"2048\" srcset=\"https:\/\/blog.edu.turku.fi\/lukutaito\/files\/2020\/11\/IMG_0018.jpg 1530w, https:\/\/blog.edu.turku.fi\/lukutaito\/files\/2020\/11\/IMG_0018-224x300.jpg 224w, https:\/\/blog.edu.turku.fi\/lukutaito\/files\/2020\/11\/IMG_0018-765x1024.jpg 765w\" sizes=\"auto, (max-width: 709px) 85vw, (max-width: 909px) 67vw, (max-width: 1362px) 62vw, 840px\" \/><figcaption id=\"caption-attachment-664\" class=\"wp-caption-text\">Jouluisia runoja jokaiselle joulukuun p\u00e4iv\u00e4lle l\u00f6ytyy Ihan t\u00e4ysi tonttu! -runokokoelmasta. (Kuva: Anna Savolainen ja Marianne Saarenp\u00e4\u00e4)<\/figcaption><\/figure>\n<hr \/>\n<h2><strong>Miljoonan pukin salaisuus<\/strong><\/h2>\n<h3>Hiroko Motai, Marika Maijala (kuv.) \u2013 Miljoona biljoona joulupukkia<\/h3>\n<p>Kauan sitten maailmassa oli vain v\u00e4h\u00e4n ihmisi\u00e4 ja vain v\u00e4h\u00e4n lapsia joille jakaa lahjoja. Silloin joulupukkejakin oli vain yksi. Kun ihmisi\u00e4 tuli aina vaan lis\u00e4\u00e4, ei joulupukki mill\u00e4\u00e4n en\u00e4\u00e4 ehtinyt kaikkiin koteihin. Silloin pukki rukoili muuttuvansa kahdeksi. Ennen pitk\u00e4\u00e4 ihmisi\u00e4 oli kuitenkin niin paljon, ett\u00e4 pukkeja tarvittiin enemm\u00e4n ja enemm\u00e4n \u2013 mutta samalla pukit kutistuivat aina vaan pienemmiksi. Mit\u00e4 tapahtuu kun pukkeja on miljoona biljoonaa?<\/p>\n<p>Oivaltava ja persoonallisesti kuvitettu kertomus raottaa joulupukin suurta salaisuutta\u2026<\/p>\n<p>Katson kirjan saatavuus <a href=\"https:\/\/vaski.finna.fi\/Record\/vaski.2987947\">Vaski-kirjastojen tietokannasta<\/a>.<\/p>\n<figure id=\"attachment_666\" aria-describedby=\"caption-attachment-666\" style=\"width: 1845px\" class=\"wp-caption alignnone\"><img loading=\"lazy\" decoding=\"async\" class=\"wp-image-666 size-full\" src=\"https:\/\/blog.edu.turku.fi\/lukutaito\/files\/2020\/11\/20201120_140637-01.jpeg\" alt=\"Jouluinen asetelma, jossa kaksi lastenkirjaa, &quot;Miljoona biljoona joulupukkia&quot; sek\u00e4 &quot;Miljoner biljoner julgubbar&quot;, makaavat punaisella kankaalla. Kirjojen ymp\u00e4rill\u00e4 kiemurtelee jouluvalosarja.\" width=\"1845\" height=\"2048\" srcset=\"https:\/\/blog.edu.turku.fi\/lukutaito\/files\/2020\/11\/20201120_140637-01.jpeg 1845w, https:\/\/blog.edu.turku.fi\/lukutaito\/files\/2020\/11\/20201120_140637-01-270x300.jpeg 270w, https:\/\/blog.edu.turku.fi\/lukutaito\/files\/2020\/11\/20201120_140637-01-923x1024.jpeg 923w\" sizes=\"auto, (max-width: 709px) 85vw, (max-width: 909px) 67vw, (max-width: 1362px) 62vw, 840px\" \/><figcaption id=\"caption-attachment-666\" class=\"wp-caption-text\">Miljoona biljoona joulupukkia l\u00f6ytyy kirjastosta my\u00f6s ruotsinkielisen\u00e4. (Kuva: Anna Savolainen ja Marianne Saarenp\u00e4\u00e4.)<\/figcaption><\/figure>\n<hr \/>\n<h2><strong>Postia pienelle pesukarhulle<\/strong><\/h2>\n<h3>Anette Amrhein, Sabine Straub (kuv.) \u2013 Pikku pesukarhun joulukirje<\/h3>\n<p>Pienen pesukarhun suurin haave on saada aivan ikiomaa joulupostia. Onneksi toive kuullaan, ja yst\u00e4v\u00e4llinen Kontiolan pappa tarttuu kyn\u00e4\u00e4n. Mets\u00e4n el\u00e4inten postitoimiston kuljetukset eiv\u00e4t kuitenkaan suju t\u00e4ysin kommelluksitta. Ehtiik\u00f6 joulutervehdys ajoissa perille? \u00a0Kauniisti kuvitettu tarina yst\u00e4vyydest\u00e4, toisten huomioon ottamisesta ja siit\u00e4, kuinka pienest\u00e4kin asiasta joku voi tulla aivan mahdottoman iloiseksi.<\/p>\n<p>Katson kirjan saatavuus <a href=\"https:\/\/vaski.finna.fi\/Record\/vaski.3913671\">Vaski-kirjastojen tietokannasta<\/a>.<\/p>\n<figure id=\"attachment_665\" aria-describedby=\"caption-attachment-665\" style=\"width: 1530px\" class=\"wp-caption alignnone\"><img loading=\"lazy\" decoding=\"async\" class=\"size-full wp-image-665\" src=\"https:\/\/blog.edu.turku.fi\/lukutaito\/files\/2020\/11\/IMG_0019.jpg\" alt=\"Jouluinen asetelma, jossa lastenkirja &quot;Pikku Pesukarhun joulukirje&quot; nojaa sein\u00e4\u00e4n punaisen kankaan p\u00e4\u00e4ll\u00e4. Kirjan edess\u00e4 on joulupalloja ja jouluvalosarja.\" width=\"1530\" height=\"2048\" srcset=\"https:\/\/blog.edu.turku.fi\/lukutaito\/files\/2020\/11\/IMG_0019.jpg 1530w, https:\/\/blog.edu.turku.fi\/lukutaito\/files\/2020\/11\/IMG_0019-224x300.jpg 224w, https:\/\/blog.edu.turku.fi\/lukutaito\/files\/2020\/11\/IMG_0019-765x1024.jpg 765w\" sizes=\"auto, (max-width: 709px) 85vw, (max-width: 909px) 67vw, (max-width: 1362px) 62vw, 840px\" \/><figcaption id=\"caption-attachment-665\" class=\"wp-caption-text\">Saako Pikku Pesukarhu joulutervehdyksens\u00e4 ajoissa? (Kuva: Anna Savolainen ja Marianne Saarenp\u00e4\u00e4.)<\/figcaption><\/figure>\n<hr \/>\n<p>&nbsp;<\/p>\n","protected":false},"excerpt":{"rendered":"<p>Saagan kirjavinkit joulun odotukseen Turun p\u00e4\u00e4kirjaston lastenosasto Saagan kirjavinkkarit Miitu Makkonen ja Marianne Saarenp\u00e4\u00e4 antoivat marraskuun 2020 kuukausikoosteeseen ihania jouluisia kirjasuosituksia. Jouluiset kuvat kirjoista ovat ottaneet Anna Savolainen ja Marianne Saarenp\u00e4\u00e4. Joulukalenterikirjoja joulun odotukseen Molemmissa kirjoissa on juuri sopivasti kappaleita, joissa riitt\u00e4\u00e4 luettavaa joulukuun alusta jouluaattoon saakka! Ulf Stark, Eva Eriksson (kuv.): Suuren mets\u00e4n joulu &hellip; <a href=\"https:\/\/blog.edu.turku.fi\/lukutaito\/materiaalia\/lapsille-ja-lapsiperheille\/kirjavinkkeja\/jouluisia-kirjavinkkeja\/\" class=\"more-link\">Jatka lukemista<span class=\"screen-reader-text\"> &#8221;Jouluisia kirjavinkkej\u00e4&#8221;<\/span><\/a><\/p>\n","protected":false},"author":2465,"featured_media":0,"parent":681,"menu_order":0,"comment_status":"closed","ping_status":"closed","template":"","meta":{"footnotes":""},"class_list":["post-660","page","type-page","status-publish","hentry"],"_links":{"self":[{"href":"https:\/\/blog.edu.turku.fi\/lukutaito\/wp-json\/wp\/v2\/pages\/660","targetHints":{"allow":["GET"]}}],"collection":[{"href":"https:\/\/blog.edu.turku.fi\/lukutaito\/wp-json\/wp\/v2\/pages"}],"about":[{"href":"https:\/\/blog.edu.turku.fi\/lukutaito\/wp-json\/wp\/v2\/types\/page"}],"author":[{"embeddable":true,"href":"https:\/\/blog.edu.turku.fi\/lukutaito\/wp-json\/wp\/v2\/users\/2465"}],"replies":[{"embeddable":true,"href":"https:\/\/blog.edu.turku.fi\/lukutaito\/wp-json\/wp\/v2\/comments?post=660"}],"version-history":[{"count":13,"href":"https:\/\/blog.edu.turku.fi\/lukutaito\/wp-json\/wp\/v2\/pages\/660\/revisions"}],"predecessor-version":[{"id":776,"href":"https:\/\/blog.edu.turku.fi\/lukutaito\/wp-json\/wp\/v2\/pages\/660\/revisions\/776"}],"up":[{"embeddable":true,"href":"https:\/\/blog.edu.turku.fi\/lukutaito\/wp-json\/wp\/v2\/pages\/681"}],"wp:attachment":[{"href":"https:\/\/blog.edu.turku.fi\/lukutaito\/wp-json\/wp\/v2\/media?parent=660"}],"curies":[{"name":"wp","href":"https:\/\/api.w.org\/{rel}","templated":true}]}}