{"id":457,"date":"2020-11-10T12:15:58","date_gmt":"2020-11-10T10:15:58","guid":{"rendered":"https:\/\/blog.edu.turku.fi\/lukutaito\/?page_id=457"},"modified":"2020-11-12T12:07:47","modified_gmt":"2020-11-12T10:07:47","slug":"vartiovuori","status":"publish","type":"page","link":"https:\/\/blog.edu.turku.fi\/lukutaito\/materiaalia\/lapsille-ja-lapsiperheille\/lastenkirjasuunnistus\/vartiovuori\/","title":{"rendered":"Vartiovuori"},"content":{"rendered":"<h1>Vartiovuorella teemana: YST\u00c4VYYS<\/h1>\n<p>Kirjat on lueteltu satunnaisessa j\u00e4rjestyksess\u00e4 lajityypeitt\u00e4in.<\/p>\n<h2>Kuvakirja<\/h2>\n<ul>\n<li>Tove Appelgren, Salla Savolainen (kuv.), Tittamari Marttinen (k\u00e4\u00e4nt.): Vesta-Linnea ja kaverit (2019)\n<ul>\n<li><a href=\"https:\/\/vaski.finna.fi\/Record\/vaski.3821966\">Linkki kirjan sivulle Vaski-tietokannassa<\/a><\/li>\n<\/ul>\n<\/li>\n<li>Tove Appelgren, Salla Savolainen (kuv.): Vesta-Linnea och v\u00e4nnerna (2019)\n<ul>\n<li><a href=\"https:\/\/vaski.finna.fi\/Record\/vaski.3840329\">Linkki kirjan sivulle Vaski-tietokannassa<\/a><\/li>\n<\/ul>\n<\/li>\n<\/ul>\n<h2>Dekkari<\/h2>\n<ul>\n<li>Lars M\u00e6hle, Odd Henning Skyllingstad (kuv.), Eeva-Liisa Nyqvist (k\u00e4\u00e4nt.): Kadonneiden sukkien arvoitus (2018)\n<ul>\n<li><a href=\"https:\/\/vaski.finna.fi\/Record\/vaski.3742608\">Linkki kirjan sivulle Vaski-tietokannassa<\/a><\/li>\n<\/ul>\n<\/li>\n<li>Lars M\u00e6hle, Odd Henning Skyllingstad (kuv.), Karin Johansson (k\u00e4\u00e4nt.): Vart tog alla strumpor v\u00e4gen?\n<ul>\n<li><a href=\"https:\/\/vaski.finna.fi\/Record\/vaski.3902448\">Linkki kirjan sivulle Vaski-tietokannassa<\/a><\/li>\n<\/ul>\n<\/li>\n<\/ul>\n<h2>Tunnekirja<\/h2>\n<ul>\n<li>Paula Noronen, Terese Bast (kuv.): Supermarsun kirja tunteista (2020)\n<ul>\n<li><a href=\"https:\/\/vaski.finna.fi\/Record\/vaski.4052397\">Linkki kirjan sivulle Vaski-tietokannassa<\/a><\/li>\n<\/ul>\n<\/li>\n<li>Felicity Brooks, Frankie Allen, Mar Ferrero (kuv.), Sara Jonasson (k\u00e4\u00e4nt.): Allt om k\u00e4nslor (2019)\n<ul>\n<li><a href=\"https:\/\/vaski.finna.fi\/Record\/vaski.4019501\">Linkki kirjan sivulle Vaski-tietokannassa<\/a><\/li>\n<\/ul>\n<\/li>\n<\/ul>\n<h2>Klassikko<\/h2>\n<ul>\n<li>Janosch, Riitta M\u00e4yr\u00e4l\u00e4 (k\u00e4\u00e4nt.): Suuri Panamakirja (2004)\n<ul>\n<li><a href=\"https:\/\/vaski.finna.fi\/Record\/vaski.430459\">Linkki kirjan sivulle Vaski-tietokannassa<\/a><\/li>\n<\/ul>\n<\/li>\n<li>Janosch, Gun-Britt Sundstr\u00f6m (k\u00e4\u00e4nt.): Lilla Tiger p\u00e5 villov\u00e4gar \u2013 Ber\u00e4ttelsen om n\u00e4r lill Tiger en vacker dag inte kom hem (1988)\n<ul>\n<li><a href=\"https:\/\/vaski.finna.fi\/Record\/vaski.91980\">Linkki kirjan sivulle Vaski-tietokannassa<\/a><\/li>\n<\/ul>\n<\/li>\n<\/ul>\n<h2>Tietokirja<\/h2>\n<ul>\n<li>Jennifer Holland, Terhi Vartia (k\u00e4\u00e4nt.): Yll\u00e4tt\u00e4v\u00e4t yst\u00e4vykset: 47 kiehtovaa tarinaa el\u00e4inmaailmasta (2014)\n<ul>\n<li><a href=\"https:\/\/vaski.finna.fi\/Search\/Results?lookfor=yll%C3%A4tt%C3%A4v%C3%A4t+yst%C3%A4vykset&amp;type=AllFields&amp;limit=20\">Linkki kirjan sivulle Vaski-tietokannassa<\/a><\/li>\n<\/ul>\n<\/li>\n<li>Christine A. Adams, R.W. Alley (kuv.), Sara Borneling (k\u00e4\u00e4nt.): Bli en bra kompis: en bok f\u00f6r barn om v\u00e4nskap (2006)\n<ul>\n<li><a href=\"https:\/\/vaski.finna.fi\/Record\/vaski.490934\">Linkki kirjan sivulle Vaski-tietokannassa<\/a><\/li>\n<\/ul>\n<\/li>\n<\/ul>\n<h2>Sarjakuva<\/h2>\n<ul>\n<li>Jujja Wieslander, Sven Nordqvist, Micaela Favilla (kuv.), Terhi Leskinen (k\u00e4\u00e4nt.): Mimmi Lehm\u00e4 ja Varis juhlivat (2016)\n<ul>\n<li><a href=\"https:\/\/vaski.finna.fi\/Record\/vaski.3437861\">Linkki kirjan sivulle Vaski-tietokannassa<\/a><\/li>\n<\/ul>\n<\/li>\n<li>Jujja Wieslander, Sven Nordqvist, Micaela Favilla (kuv.): Mamma Mu firar Kr\u00e5kan (2015)\n<ul>\n<li><a href=\"https:\/\/vaski.finna.fi\/Record\/vaski.3087542\">Linkki kirjan sivulle Vaski-tietokannassa<\/a><\/li>\n<\/ul>\n<\/li>\n<\/ul>\n<h2>Runot ja lorut<\/h2>\n<ul>\n<li>Piia Perki\u00f6, Sanna Pelliccioni (kuv.): Kiitos! sanoi Leijona \u2013 loruja lasten arjesta (2014)\n<ul>\n<li><a href=\"https:\/\/vaski.finna.fi\/Record\/vaski.2990284\">Linkki kirjan sivulle Vaski-tietokannassa<\/a><\/li>\n<\/ul>\n<\/li>\n<li>Emma Adb\u00e5ge, Lisen Adb\u00e5ge: Folk: fr\u00e4mlingar och v\u00e4nner \u2013 n\u00e5n du kanske k\u00e4nner! (2019)\n<ul>\n<li><a href=\"https:\/\/vaski.finna.fi\/Record\/vaski.3943556\">Linkki kirjan sivulle Vaski-tietokannassa<\/a><\/li>\n<\/ul>\n<\/li>\n<\/ul>\n<h2>Iltasatukirja<\/h2>\n<ul>\n<li>Timo Parvela, Virpi Talvitie (kuv.): Keinulauta (2006)\n<ul>\n<li><a href=\"https:\/\/vaski.finna.fi\/Record\/vaski.470141\">Linkki kirjan sivulle Vaski-tietokannassa<\/a><\/li>\n<\/ul>\n<\/li>\n<li>Timo Parvela, Virpi Talvitie (kuv.), Marjut Markkanen (k\u00e4\u00e4nt.): Gungbr\u00e4dan (2010)\n<ul>\n<li><a href=\"https:\/\/vaski.finna.fi\/Record\/vaski.687312\">Linkki kirjan sivulle Vaski-tietokannassa<\/a><\/li>\n<\/ul>\n<\/li>\n<\/ul>\n<h2>Helmikirja<\/h2>\n<ul>\n<li>Timo Parvela, Virpi Talvitie (kuv.): Keinulauta (2006)\n<ul>\n<li><a href=\"https:\/\/vaski.finna.fi\/Record\/vaski.470141\">Linkki kirjan sivulle Vaski-tietokannassa<\/a><\/li>\n<\/ul>\n<\/li>\n<li>Timo Parvela, Virpi Talvitie (kuv.), Marjut Markkanen (k\u00e4\u00e4nt.): Gungbr\u00e4dan (2010)\n<ul>\n<li><a href=\"https:\/\/vaski.finna.fi\/Record\/vaski.687312\">Linkki kirjan sivulle Vaski-tietokannassa<\/a><\/li>\n<\/ul>\n<\/li>\n<\/ul>\n<h2>Etsi ja l\u00f6yd\u00e4<\/h2>\n<ul>\n<li>Mauri Kunnas (kuv.), Katriina Kauppila (kirj.): Herra Hakkarainen kyl\u00e4ilee (2018)\n<ul>\n<li><a href=\"https:\/\/vaski.finna.fi\/Record\/vaski.3733036\">Linkki kirjan sivulle Vaski-tietokannassa<\/a><\/li>\n<\/ul>\n<\/li>\n<li>Lars Klinting: Castor \u2013 titta och hitta! (2015)\n<ul>\n<li><a href=\"https:\/\/vaski.finna.fi\/Record\/vaski.3114372\">Linkki kirjan sivulle Vaski-tietokannassa<\/a><\/li>\n<\/ul>\n<\/li>\n<\/ul>\n","protected":false},"excerpt":{"rendered":"<p>Vartiovuorella teemana: YST\u00c4VYYS Kirjat on lueteltu satunnaisessa j\u00e4rjestyksess\u00e4 lajityypeitt\u00e4in. Kuvakirja Tove Appelgren, Salla Savolainen (kuv.), Tittamari Marttinen (k\u00e4\u00e4nt.): Vesta-Linnea ja kaverit (2019) Linkki kirjan sivulle Vaski-tietokannassa Tove Appelgren, Salla Savolainen (kuv.): Vesta-Linnea och v\u00e4nnerna (2019) Linkki kirjan sivulle Vaski-tietokannassa Dekkari Lars M\u00e6hle, Odd Henning Skyllingstad (kuv.), Eeva-Liisa Nyqvist (k\u00e4\u00e4nt.): Kadonneiden sukkien arvoitus (2018) Linkki kirjan &hellip; <a href=\"https:\/\/blog.edu.turku.fi\/lukutaito\/materiaalia\/lapsille-ja-lapsiperheille\/lastenkirjasuunnistus\/vartiovuori\/\" class=\"more-link\">Jatka lukemista<span class=\"screen-reader-text\"> &#8221;Vartiovuori&#8221;<\/span><\/a><\/p>\n","protected":false},"author":2465,"featured_media":0,"parent":390,"menu_order":0,"comment_status":"closed","ping_status":"closed","template":"","meta":{"footnotes":""},"class_list":["post-457","page","type-page","status-publish","hentry"],"_links":{"self":[{"href":"https:\/\/blog.edu.turku.fi\/lukutaito\/wp-json\/wp\/v2\/pages\/457","targetHints":{"allow":["GET"]}}],"collection":[{"href":"https:\/\/blog.edu.turku.fi\/lukutaito\/wp-json\/wp\/v2\/pages"}],"about":[{"href":"https:\/\/blog.edu.turku.fi\/lukutaito\/wp-json\/wp\/v2\/types\/page"}],"author":[{"embeddable":true,"href":"https:\/\/blog.edu.turku.fi\/lukutaito\/wp-json\/wp\/v2\/users\/2465"}],"replies":[{"embeddable":true,"href":"https:\/\/blog.edu.turku.fi\/lukutaito\/wp-json\/wp\/v2\/comments?post=457"}],"version-history":[{"count":12,"href":"https:\/\/blog.edu.turku.fi\/lukutaito\/wp-json\/wp\/v2\/pages\/457\/revisions"}],"predecessor-version":[{"id":528,"href":"https:\/\/blog.edu.turku.fi\/lukutaito\/wp-json\/wp\/v2\/pages\/457\/revisions\/528"}],"up":[{"embeddable":true,"href":"https:\/\/blog.edu.turku.fi\/lukutaito\/wp-json\/wp\/v2\/pages\/390"}],"wp:attachment":[{"href":"https:\/\/blog.edu.turku.fi\/lukutaito\/wp-json\/wp\/v2\/media?parent=457"}],"curies":[{"name":"wp","href":"https:\/\/api.w.org\/{rel}","templated":true}]}}