{"id":455,"date":"2020-11-10T12:15:46","date_gmt":"2020-11-10T10:15:46","guid":{"rendered":"https:\/\/blog.edu.turku.fi\/lukutaito\/?page_id=455"},"modified":"2020-11-12T10:48:54","modified_gmt":"2020-11-12T08:48:54","slug":"runosmaki","status":"publish","type":"page","link":"https:\/\/blog.edu.turku.fi\/lukutaito\/materiaalia\/lapsille-ja-lapsiperheille\/lastenkirjasuunnistus\/runosmaki\/","title":{"rendered":"Runosm\u00e4ki"},"content":{"rendered":"<h1>Runosm\u00e4ess\u00e4 teemana: ACTION<\/h1>\n<p>Kirjat on lueteltu satunnaisessa j\u00e4rjestyksess\u00e4 lajityypeitt\u00e4in.<\/p>\n<h2>Kuvakirja<\/h2>\n<ul>\n<li>Daniel Napp, Mirka Lahti (k\u00e4\u00e4nt.): Mikko Murina, kenttien kuningas (2020)\n<ul>\n<li><a href=\"https:\/\/vaski.finna.fi\/Record\/vaski.4064641\">Linkki kirjan sivulle Vaski-tietokannassa<\/a><\/li>\n<\/ul>\n<\/li>\n<li>Daniel Napp, Ylva Kempe (k\u00e4\u00e4nt.): Herr Brum \u00e4r klar f\u00f6r match (2020)\n<ul>\n<li><a href=\"https:\/\/vaski.finna.fi\/Record\/vaski.4095005\">Linkki kirjan sivulle Vaski-tietokannassa<\/a><\/li>\n<\/ul>\n<\/li>\n<\/ul>\n<h2>Dekkari<\/h2>\n<ul>\n<li>Claire Freedman, Mike Byrne (kuv.), Sinikka Sajama (k\u00e4\u00e4nt.): Komisario Ankka ja kauhea kakkuvarkaus (2020)\n<ul>\n<li><a href=\"https:\/\/vaski.finna.fi\/Record\/vaski.4006945\">Linkki kirjan sivulle Vaski-tietokannassa<\/a><\/li>\n<\/ul>\n<\/li>\n<li>Claire Freedman, Kate Hindley (kuv.), Malte Persson (k\u00e4\u00e4nt.): Den stora sn\u00f6rveljakten (2013)\n<ul>\n<li><a href=\"https:\/\/vaski.finna.fi\/Record\/vaski.2887455\">Linkki kirjan sivulle Vaski-tietokannassa<\/a><\/li>\n<\/ul>\n<\/li>\n<\/ul>\n<h2>Tunnekirja<\/h2>\n<ul>\n<li>Sanna Pelliccioni: Onni-poika tykk\u00e4\u00e4 pelata (2015)\n<ul>\n<li><a href=\"https:\/\/vaski.finna.fi\/Record\/vaski.3115066?lng=fi\">Linkki kirjan sivulle Vaski-tietokannassa<\/a><\/li>\n<\/ul>\n<\/li>\n<li>Christina Lindstr\u00f6m, Kajsa Lind (kuv.): Leo och datorspel (2016)\n<ul>\n<li><a href=\"https:\/\/vaski.finna.fi\/Record\/vaski.3506616\">Linkki kirjan sivulle Vaski-tietokannassa<\/a><\/li>\n<\/ul>\n<\/li>\n<\/ul>\n<h2>Klassikko<\/h2>\n<ul>\n<li>\u00c5sa R\u00f6nn, Michael R\u00f6nn, Ingrid Flygare (kuv.), Sirkka-Liisa Sj\u00f6blom (k\u00e4\u00e4nt.): Hurraa Pekka T\u00f6p\u00f6h\u00e4nt\u00e4 (2017)\n<ul>\n<li><a href=\"https:\/\/vaski.finna.fi\/Record\/vaski.3583672\">Linkki kirjan sivulle Vaski-tietokannassa<\/a><\/li>\n<\/ul>\n<\/li>\n<li>\u00c5sa R\u00f6nn, Michael R\u00f6nn, Ingrid Flygare (kuv.): Heja Pelle Svansl\u00f6s (2016)\n<ul>\n<li><a href=\"https:\/\/vaski.finna.fi\/Record\/vaski.3448081\">Linkki kirjan sivulle Vaski-tietokannassa<\/a><\/li>\n<\/ul>\n<\/li>\n<\/ul>\n<h2>Tietokirja<\/h2>\n<ul>\n<li>J\u00f8rn Lier Horst, Hans J\u00f8rgen Sandnes (kuv.), Sanna Manninen (k\u00e4\u00e4nt.): Etsiv\u00e4n k\u00e4sikirja (2020)\n<ul>\n<li><a href=\"https:\/\/vaski.finna.fi\/Record\/vaski.4054894\">Linkki kirjan sivulle Vaski-tietokannassa<\/a><\/li>\n<\/ul>\n<\/li>\n<li>Martin Widmark, Helena Willis (kuv.): LasseMajas deckarhandbok (2018)\n<ul>\n<li><a href=\"https:\/\/vaski.finna.fi\/Record\/vaski.3796013\">Linkki kirjan sivulle Vaski-tietokannassa<\/a><\/li>\n<\/ul>\n<\/li>\n<\/ul>\n<h2>Sarjakuva<\/h2>\n<ul>\n<li>Pauli Kallio, Juliana Hyrri: Kalle, pallo ja sello (2019)\n<ul>\n<li><a href=\"https:\/\/vaski.finna.fi\/Record\/vaski.3958803\">Linkki kirjan sivulle Vaski-tietokannassa<\/a><\/li>\n<\/ul>\n<\/li>\n<li>Joe Todd-Stanton, Gustaf Gustafsson (k\u00e4\u00e4nt.): Arthur och det gyllene repet (2020)\n<ul>\n<li><a href=\"https:\/\/vaski.finna.fi\/Record\/vaski.4038588\">Linkki kirjan sivulle Vaski-tietokannassa<\/a><\/li>\n<\/ul>\n<\/li>\n<\/ul>\n<h2>Runot ja lorut<\/h2>\n<ul>\n<li>Jukka Itkonen, Matti Pikkuj\u00e4msa (kuv.): Laulavat lenkkitossut: urheilullisia liikuntarunoja (2015)\n<ul>\n<li><a href=\"https:\/\/vaski.finna.fi\/Record\/vaski.3116678\">Linkki kirjan sivulle Vaski-tietokannassa<\/a><\/li>\n<\/ul>\n<\/li>\n<li>\u00c5sa Sandell, Malin Norlander (kuv.): Sportig ABC-bok (2020)\n<ul>\n<li><a href=\"https:\/\/vaski.finna.fi\/Record\/vaski.4101637\">Linkki kirjan sivulle Vaski-tietokannassa<\/a><\/li>\n<\/ul>\n<\/li>\n<\/ul>\n<h2>Iltasatukirja<\/h2>\n<ul>\n<li>Martin Widmark, Helena Willis (kuv.), Outi Menna (k\u00e4\u00e4nt.): Jalkapallon arvoitus (2018)\n<ul>\n<li><a href=\"https:\/\/vaski.finna.fi\/Record\/vaski.3655086\">Linkki kirjan sivulle Vaski-tietokannassa<\/a><\/li>\n<\/ul>\n<\/li>\n<li>Martin Widmark, Helena Willis (kuv.): Fotbollsmysteriet (2018)\n<ul>\n<li><a href=\"https:\/\/vaski.finna.fi\/Record\/vaski.3708498\">Linkki kirjan sivulle Vaski-tietokannassa<\/a><\/li>\n<\/ul>\n<\/li>\n<\/ul>\n<h2>Helmikirja<\/h2>\n<ul>\n<li>Maria Kangaskorte, Tiia Javanainen (kuv.): Ruutuvapaata koululaisille (2020)\n<ul>\n<li><a href=\"https:\/\/vaski.finna.fi\/Record\/vaski.3997306\">Linkki kirjan sivulle Vaski-tietokannassa<\/a><\/li>\n<\/ul>\n<\/li>\n<li>James Maclaine, Sarah Hull, Lara Bryan, Jacob Souva (kuv.), Ellia O\u2019Shea (kuv.), Kyle Reed (kuv.), Briony Mary Smith (kuv.), Carola R\u00e4\u00e4f (k\u00e4\u00e4nt.): Aldrig mer tr\u00e5kigt-boken (2018)\n<ul>\n<li><a href=\"https:\/\/vaski.finna.fi\/Record\/vaski.3812689\">Linkki kirjan sivulle Vaski-tietokannassa<\/a><\/li>\n<\/ul>\n<\/li>\n<\/ul>\n<h2>Etsi ja l\u00f6yd\u00e4<\/h2>\n<ul>\n<li>Joseph Stewart, Tapani Lahtinen (k\u00e4\u00e4nt.): Lasten ideakirja (2020)\n<ul>\n<li><a href=\"https:\/\/vaski.finna.fi\/Record\/vaski.3993461\">Linkki kirjan sivulle Vaski-tietokannassa<\/a><\/li>\n<\/ul>\n<\/li>\n<li>Grethe Rottb\u00f6ll, Anna-Karin Garhamn (kuv.): Kryp som \u00e4r sm\u00e5: var d\u00e5? (2013)\n<ul>\n<li><a href=\"https:\/\/vaski.finna.fi\/Record\/vaski.2838402\">Linkki kirjan sivulle Vaski-tietokannassa<\/a><\/li>\n<\/ul>\n<\/li>\n<\/ul>\n","protected":false},"excerpt":{"rendered":"<p>Runosm\u00e4ess\u00e4 teemana: ACTION Kirjat on lueteltu satunnaisessa j\u00e4rjestyksess\u00e4 lajityypeitt\u00e4in. Kuvakirja Daniel Napp, Mirka Lahti (k\u00e4\u00e4nt.): Mikko Murina, kenttien kuningas (2020) Linkki kirjan sivulle Vaski-tietokannassa Daniel Napp, Ylva Kempe (k\u00e4\u00e4nt.): Herr Brum \u00e4r klar f\u00f6r match (2020) Linkki kirjan sivulle Vaski-tietokannassa Dekkari Claire Freedman, Mike Byrne (kuv.), Sinikka Sajama (k\u00e4\u00e4nt.): Komisario Ankka ja kauhea kakkuvarkaus (2020) &hellip; <a href=\"https:\/\/blog.edu.turku.fi\/lukutaito\/materiaalia\/lapsille-ja-lapsiperheille\/lastenkirjasuunnistus\/runosmaki\/\" class=\"more-link\">Jatka lukemista<span class=\"screen-reader-text\"> &#8221;Runosm\u00e4ki&#8221;<\/span><\/a><\/p>\n","protected":false},"author":2465,"featured_media":0,"parent":390,"menu_order":0,"comment_status":"closed","ping_status":"closed","template":"","meta":{"footnotes":""},"class_list":["post-455","page","type-page","status-publish","hentry"],"_links":{"self":[{"href":"https:\/\/blog.edu.turku.fi\/lukutaito\/wp-json\/wp\/v2\/pages\/455","targetHints":{"allow":["GET"]}}],"collection":[{"href":"https:\/\/blog.edu.turku.fi\/lukutaito\/wp-json\/wp\/v2\/pages"}],"about":[{"href":"https:\/\/blog.edu.turku.fi\/lukutaito\/wp-json\/wp\/v2\/types\/page"}],"author":[{"embeddable":true,"href":"https:\/\/blog.edu.turku.fi\/lukutaito\/wp-json\/wp\/v2\/users\/2465"}],"replies":[{"embeddable":true,"href":"https:\/\/blog.edu.turku.fi\/lukutaito\/wp-json\/wp\/v2\/comments?post=455"}],"version-history":[{"count":11,"href":"https:\/\/blog.edu.turku.fi\/lukutaito\/wp-json\/wp\/v2\/pages\/455\/revisions"}],"predecessor-version":[{"id":526,"href":"https:\/\/blog.edu.turku.fi\/lukutaito\/wp-json\/wp\/v2\/pages\/455\/revisions\/526"}],"up":[{"embeddable":true,"href":"https:\/\/blog.edu.turku.fi\/lukutaito\/wp-json\/wp\/v2\/pages\/390"}],"wp:attachment":[{"href":"https:\/\/blog.edu.turku.fi\/lukutaito\/wp-json\/wp\/v2\/media?parent=455"}],"curies":[{"name":"wp","href":"https:\/\/api.w.org\/{rel}","templated":true}]}}