{"id":453,"date":"2020-11-10T12:15:34","date_gmt":"2020-11-10T10:15:34","guid":{"rendered":"https:\/\/blog.edu.turku.fi\/lukutaito\/?page_id=453"},"modified":"2020-11-12T10:39:00","modified_gmt":"2020-11-12T08:39:00","slug":"pansio","status":"publish","type":"page","link":"https:\/\/blog.edu.turku.fi\/lukutaito\/materiaalia\/lapsille-ja-lapsiperheille\/lastenkirjasuunnistus\/pansio\/","title":{"rendered":"Pansio"},"content":{"rendered":"<h1>Pansiossa teemana: MAAILMA<\/h1>\n<p>Kirjat on lueteltu satunnaisessa j\u00e4rjestyksess\u00e4 lajityypeitt\u00e4in.<\/p>\n<h2>Kuvakirja<\/h2>\n<ul>\n<li>Zo\u00eb Tucker, Zoe Persico (kuv.), Tuuli-Maaria Rauta (k\u00e4\u00e4nt.): Rohkea tytt\u00f6 ja j\u00e4ttil\u00e4iset: Greta Thunbergin innoittama satu maapallon pelastamisesta (2020)\n<ul>\n<li><a href=\"https:\/\/vaski.finna.fi\/Record\/vaski.4008507\">Linkki kirjan sivulle Vaski-tietokannassa<\/a><\/li>\n<\/ul>\n<\/li>\n<li>Zo\u00eb Tucker, Zoe Persico (kuv.), Marie Helleday Ekwurtzel (k\u00e4\u00e4nt.): Greta och j\u00e4ttarna (2020)\n<ul>\n<li><a href=\"https:\/\/vaski.finna.fi\/Record\/vaski.4019491\">Linkki kirjan sivulle Vaski-tietokannassa<\/a><\/li>\n<\/ul>\n<\/li>\n<\/ul>\n<h2>Dekkari<\/h2>\n<ul>\n<li>Timo Parvela, Pasi Pitk\u00e4nen (kuv.): Pate ja Blacknessin hirvi\u00f6 (2019)\n<ul>\n<li><a href=\"https:\/\/vaski.finna.fi\/Record\/vaski.3822458\">Linkki kirjan sivulle Vaski-tietokannassa<\/a><\/li>\n<\/ul>\n<\/li>\n<li>M\u00e5rten Melin, Jimmy Wallin (kuv.): Attack fr\u00e5n yttre rymden (2020)\n<ul>\n<li><a href=\"https:\/\/vaski.finna.fi\/Record\/vaski.4058677\">Linkki kirjan sivulle Vaski-tietokannassa<\/a><\/li>\n<\/ul>\n<\/li>\n<\/ul>\n<h2>Tunnekirja<\/h2>\n<ul>\n<li>Petri Tamminen, Valpuri Kerttula (kuv.): Kun kohtaat avaruusolennon: viisi t\u00e4rke\u00e4\u00e4 ohjetta (2019)\n<ul>\n<li><a href=\"https:\/\/vaski.finna.fi\/Record\/vaski.3830182\">Linkki kirjan sivulle Vaski-tietokannassa<\/a><\/li>\n<\/ul>\n<\/li>\n<li>Marie-Louise Gay, Horst Schr\u00f6der (k\u00e4\u00e4nt.): Caramba (2017)\n<ul>\n<li><a href=\"https:\/\/vaski.finna.fi\/Record\/vaski.3613878\">Linkki kirjan sivulle Vaski-tietokannassa<\/a><\/li>\n<\/ul>\n<\/li>\n<\/ul>\n<h2>Klassikko<\/h2>\n<ul>\n<li>Antoine de Saint-Exup\u00e9ry, Irma Packal\u00e9n (k\u00e4\u00e4nt.): Pikku prinssi (2013)\n<ul>\n<li><a href=\"https:\/\/vaski.finna.fi\/Record\/vaski.2870695\">Linkki kirjan sivulle Vaski-tietokannassa<\/a><\/li>\n<\/ul>\n<\/li>\n<li>Antoine de Saint-Exup\u00e9ry, Gunvor Bang (k\u00e4\u00e4nt.): Lille prinsen (1993)\n<ul>\n<li><a href=\"https:\/\/vaski.finna.fi\/Record\/vaski.82267\">Linkki kirjan sivulle Vaski-tietokannassa<\/a><\/li>\n<\/ul>\n<\/li>\n<\/ul>\n<h2>Tietokirja<\/h2>\n<ul>\n<li>Tim Marshall, Grace Easton (kuv.), Jessica Smith (kuv.), Emily Hawkins (toim.), Pippa Crane (toim.), Jaana Iso-Markku (k\u00e4\u00e4nt.): Maapallo hallussa: karttoja, jotka kertovat kaiken meist\u00e4 ja maailmasta (2020)\n<ul>\n<li><a href=\"https:\/\/vaski.finna.fi\/Record\/vaski.4000380\">Linkki kirjan sivulle Vaski-tietokannassa<\/a><\/li>\n<\/ul>\n<\/li>\n<li>Tim Marshall, Grace Easton (kuv.), Jessica Smith (kuv.), Emily Hawkins (toim.), Pippa Crane (toim.), Niklas Darke (k\u00e4\u00e4nt.): Geografins makt: 12 enkla kartor som f\u00f6rklarar v\u00e4rlden (2020)\n<ul>\n<li><a href=\"https:\/\/vaski.finna.fi\/Record\/vaski.4003784\">Linkki kirjan sivulle Vaski-tietokannassa<\/a><\/li>\n<\/ul>\n<\/li>\n<\/ul>\n<h2>Sarjakuva<\/h2>\n<ul>\n<li>Aino Havukainen, Sami Toivonen: Tatun ja Patun p\u00e4ivitetty Suomi (2017)\n<ul>\n<li><a href=\"https:\/\/vaski.finna.fi\/Record\/vaski.3533412\">Linkki kirjan sivulle Vaski-tietokannassa<\/a><\/li>\n<\/ul>\n<\/li>\n<li>Aino Havukainen, Sami Toivonen, Janina Orlov (k\u00e4\u00e4nt.): Det h\u00e4r \u00e4r Finland (2017)\n<ul>\n<li><a href=\"https:\/\/vaski.finna.fi\/Record\/vaski.3592842\">Linkki kirjan sivulle Vaski-tietokannassa<\/a><\/li>\n<\/ul>\n<\/li>\n<\/ul>\n<h2>Runot ja lorut<\/h2>\n<ul>\n<li>Tuulia Aho, Aino-Maija Metsola (kuv.): T\u00e4htienlaskijan runoja (2014)\n<ul>\n<li><a href=\"https:\/\/vaski.finna.fi\/Record\/vaski.2985331\">Linkki kirjan sivulle Vaski-tietokannassa<\/a><\/li>\n<\/ul>\n<\/li>\n<li>Anders Holmer: Allting h\u00e4nder! (2017)\n<ul>\n<li><a href=\"https:\/\/vaski.finna.fi\/Record\/vaski.3573364\">Linkki kirjan sivulle Vaski-tietokannassa<\/a><\/li>\n<\/ul>\n<\/li>\n<\/ul>\n<h2>Iltasatukirja<\/h2>\n<ul>\n<li>Hannele Huovi, Jukka Lemmetty (kuv.): Urpo ja Turpo avaruudessa (2011)\n<ul>\n<li><a href=\"https:\/\/vaski.finna.fi\/Record\/vaski.699982\">Linkki kirjan sivulle Vaski-tietokannassa<\/a><\/li>\n<\/ul>\n<\/li>\n<li>Jimmy Liao, Anna Gustafsson Chen (k\u00e4\u00e4nt.): N\u00e4r m\u00e5nen gl\u00f6mde (2019)\n<ul>\n<li><a href=\"https:\/\/vaski.finna.fi\/Record\/vaski.3886726\">Linkki kirjan sivulle Vaski-tietokannassa<\/a><\/li>\n<\/ul>\n<\/li>\n<\/ul>\n<h2>Helmikirja<\/h2>\n<ul>\n<li>Laura Ertimo, Satu Kontinen (kuv.): Vesi: kirja maailman t\u00e4rkeimm\u00e4st\u00e4 aineesta (2017)\n<ul>\n<li><a href=\"https:\/\/vaski.finna.fi\/Record\/vaski.3534558\">Linkki kirjan sivulle Vaski-tietokannassa<\/a><\/li>\n<\/ul>\n<\/li>\n<li>Jenny Vargensten (k\u00e4\u00e4nt.), Ronan Badel (kuv.), Lars-\u00c5ke Janzon (sis\u00e4ll\u00f6ntarkastaja), Hanna-Stina Martisson-Ahlz\u00e9n (sis\u00e4ll\u00f6ntarkastaja): F\u00f6rsta forskarboken: fakta om livet p\u00e5 jorden (2012)\n<ul>\n<li><a href=\"https:\/\/vaski.finna.fi\/Record\/vaski.2738769\">Linkki kirjan sivulle Vaski-tietokannassa<\/a><\/li>\n<\/ul>\n<\/li>\n<\/ul>\n<h2>Etsi ja l\u00f6yd\u00e4<\/h2>\n<ul>\n<li>Tom Schamp, Oona Juutinen (k\u00e4\u00e4nt.): Suurin ja kivoin kuvasanakirja (2019)\n<ul>\n<li><a href=\"https:\/\/vaski.finna.fi\/Record\/vaski.3882903\">Linkki kirjan sivulle Vaski-tietokannassa<\/a><\/li>\n<\/ul>\n<\/li>\n<li>Anna Ribbing, Mia Nilsson (kuv.): Stora bildordboken (2013)\n<ul>\n<li><a href=\"https:\/\/vaski.finna.fi\/Record\/vaski.2887501\">Linkki kirjan sivulle Vaski-tietokannassa<\/a><\/li>\n<\/ul>\n<\/li>\n<\/ul>\n","protected":false},"excerpt":{"rendered":"<p>Pansiossa teemana: MAAILMA Kirjat on lueteltu satunnaisessa j\u00e4rjestyksess\u00e4 lajityypeitt\u00e4in. Kuvakirja Zo\u00eb Tucker, Zoe Persico (kuv.), Tuuli-Maaria Rauta (k\u00e4\u00e4nt.): Rohkea tytt\u00f6 ja j\u00e4ttil\u00e4iset: Greta Thunbergin innoittama satu maapallon pelastamisesta (2020) Linkki kirjan sivulle Vaski-tietokannassa Zo\u00eb Tucker, Zoe Persico (kuv.), Marie Helleday Ekwurtzel (k\u00e4\u00e4nt.): Greta och j\u00e4ttarna (2020) Linkki kirjan sivulle Vaski-tietokannassa Dekkari Timo Parvela, Pasi Pitk\u00e4nen &hellip; <a href=\"https:\/\/blog.edu.turku.fi\/lukutaito\/materiaalia\/lapsille-ja-lapsiperheille\/lastenkirjasuunnistus\/pansio\/\" class=\"more-link\">Jatka lukemista<span class=\"screen-reader-text\"> &#8221;Pansio&#8221;<\/span><\/a><\/p>\n","protected":false},"author":2465,"featured_media":0,"parent":390,"menu_order":0,"comment_status":"closed","ping_status":"closed","template":"","meta":{"footnotes":""},"class_list":["post-453","page","type-page","status-publish","hentry"],"_links":{"self":[{"href":"https:\/\/blog.edu.turku.fi\/lukutaito\/wp-json\/wp\/v2\/pages\/453","targetHints":{"allow":["GET"]}}],"collection":[{"href":"https:\/\/blog.edu.turku.fi\/lukutaito\/wp-json\/wp\/v2\/pages"}],"about":[{"href":"https:\/\/blog.edu.turku.fi\/lukutaito\/wp-json\/wp\/v2\/types\/page"}],"author":[{"embeddable":true,"href":"https:\/\/blog.edu.turku.fi\/lukutaito\/wp-json\/wp\/v2\/users\/2465"}],"replies":[{"embeddable":true,"href":"https:\/\/blog.edu.turku.fi\/lukutaito\/wp-json\/wp\/v2\/comments?post=453"}],"version-history":[{"count":13,"href":"https:\/\/blog.edu.turku.fi\/lukutaito\/wp-json\/wp\/v2\/pages\/453\/revisions"}],"predecessor-version":[{"id":525,"href":"https:\/\/blog.edu.turku.fi\/lukutaito\/wp-json\/wp\/v2\/pages\/453\/revisions\/525"}],"up":[{"embeddable":true,"href":"https:\/\/blog.edu.turku.fi\/lukutaito\/wp-json\/wp\/v2\/pages\/390"}],"wp:attachment":[{"href":"https:\/\/blog.edu.turku.fi\/lukutaito\/wp-json\/wp\/v2\/media?parent=453"}],"curies":[{"name":"wp","href":"https:\/\/api.w.org\/{rel}","templated":true}]}}