{"id":451,"date":"2020-11-10T12:15:25","date_gmt":"2020-11-10T10:15:25","guid":{"rendered":"https:\/\/blog.edu.turku.fi\/lukutaito\/?page_id=451"},"modified":"2020-11-12T10:18:35","modified_gmt":"2020-11-12T08:18:35","slug":"lauste","status":"publish","type":"page","link":"https:\/\/blog.edu.turku.fi\/lukutaito\/materiaalia\/lapsille-ja-lapsiperheille\/lastenkirjasuunnistus\/lauste\/","title":{"rendered":"Lauste"},"content":{"rendered":"<h1>Lausteella teemana: PERHE<\/h1>\n<p>Kirjat on lueteltu satunnaisessa j\u00e4rjestyksess\u00e4 lajityypeitt\u00e4in.<\/p>\n<h2>Kuvakirja<\/h2>\n<ul>\n<li>Riina Katajavuori, Riikka Toivanen, Maiju Tokola, Christel R\u00f6nns (kuv.): Meid\u00e4n pihan perhesoppa (2015\n<ul>\n<li><a href=\"https:\/\/vaski.finna.fi\/Record\/vaski.3105828\">Linkki kirjan sivulle Vaski-tietokannassa<\/a><\/li>\n<\/ul>\n<\/li>\n<li>S\u00f6ren Olsson, Anders Jacobsson, Eva Lind\u00e9n (kuv.): H\u00e5kan Br\u00e5kan och bebismysteriet (2004)\n<ul>\n<li><a href=\"https:\/\/vaski.finna.fi\/Record\/vaski.434106\">Linkki kirjan sivulle Vaski-tietokannassa<\/a><\/li>\n<\/ul>\n<\/li>\n<\/ul>\n<h2>Dekkari<\/h2>\n<ul>\n<li>Siri Kolu: Me Rosvolat (2010)\n<ul>\n<li><a href=\"https:\/\/vaski.finna.fi\/Record\/vaski.660621\">Linkki kirjan sivulle Vaski-tietokannassa<\/a><\/li>\n<\/ul>\n<\/li>\n<li>Siri Kolu, Camilla Frostell (k\u00e4\u00e4nt.): N\u00e4r jag blev stulen andra veckan i juni (2013)\n<ul>\n<li><a href=\"https:\/\/vaski.finna.fi\/Record\/vaski.2838401\">Linkki kirjan sivulle Vaski-tietokannassa<\/a><\/li>\n<\/ul>\n<\/li>\n<\/ul>\n<h2>Tunnekirja<\/h2>\n<ul>\n<li>Eppu Nuotio, Liisa Kallio (kuv.), Anna Anttonen, Kati Inkala: Min\u00e4 tykk\u00e4\u00e4n nyt &#8211; ilosta, ujostelusta ja muista tunteista (2019)\n<ul>\n<li><a href=\"https:\/\/vaski.finna.fi\/Record\/vaski.3822473\">Linkki kirjan sivulle Vaski-tietokannassa<\/a><\/li>\n<\/ul>\n<\/li>\n<li>Jens Mattson, Jenny Lucander (kuv.): Vi \u00e4r lajon! (2019)\n<ul>\n<li><a href=\"https:\/\/vaski.finna.fi\/Record\/vaski.3910166?lng=sv\">Linkki kirjan sivulle Vaski-tietokannassa<\/a><\/li>\n<\/ul>\n<\/li>\n<\/ul>\n<h2>Klassikko<\/h2>\n<ul>\n<li>Tove Jansson, Laila J\u00e4rvinen (k\u00e4\u00e4nt.): N\u00e4kym\u00e4t\u00f6n lapsi ja muita kertomuksia (alk. 1962)\n<ul>\n<li><a href=\"https:\/\/vaski.finna.fi\/Record\/vaski.3723697\">Linkki kirjan sivulle Vaski-tietokannassa<\/a><\/li>\n<\/ul>\n<\/li>\n<li>Tove Jansson: Det osynliga barnet och andra ber\u00e4ttelser (alk. 1962)\n<ul>\n<li><a href=\"https:\/\/vaski.finna.fi\/Record\/vaski.2939157\">Linkki kirjan sivulle Vaski-tietokannassa<\/a><\/li>\n<\/ul>\n<\/li>\n<\/ul>\n<h2>Tietokirja<\/h2>\n<ul>\n<li>Felicity Brooks, Mar Ferrero (kuv.), Tuuli-Maaria Rauta (k\u00e4\u00e4nt.): Monen sortin perheet (2020)\n<ul>\n<li><a href=\"https:\/\/vaski.finna.fi\/Record\/vaski.4008498\">Linkki kirjan sivulle Vaski-tietokannassa<\/a><\/li>\n<\/ul>\n<\/li>\n<li>Felicity Brooks, Mar Ferrero (kuv.), Sara Jonasson (k\u00e4\u00e4nt.): Allt om familjer (2018)\n<ul>\n<li><a href=\"https:\/\/vaski.finna.fi\/Record\/vaski.3852879\">Linkki kirjan sivulle Vaski-tietokannassa<\/a><\/li>\n<\/ul>\n<\/li>\n<\/ul>\n<h2>Sarjakuva<\/h2>\n<ul>\n<li>Kalle Hakkola, Mari Ahokoivu (kuv.): Sanni &amp; Joonas: talviy\u00f6 (2014)\n<ul>\n<li><a href=\"https:\/\/vaski.finna.fi\/Record\/vaski.2975221\">Linkki kirjan sivulle Vaski-tietokannassa<\/a><\/li>\n<\/ul>\n<\/li>\n<li>Kalle Hakkola, Mari Ahokoivu (kuv.), Emil Johansson (k\u00e4\u00e4nt.): Sanni &amp; Joonas: vinternatt (2015)\n<ul>\n<li><a href=\"https:\/\/vaski.finna.fi\/Record\/vaski.3150993\">Linkki kirjan sivulle Vaski-tietokannassa<\/a><\/li>\n<\/ul>\n<\/li>\n<\/ul>\n<h2>Runot ja lorut<\/h2>\n<ul>\n<li>Kirsi Kunnas, Maija Karma (kuv.): Tiiti\u00e4isen satupuu (1988)\n<ul>\n<li><a href=\"https:\/\/vaski.finna.fi\/Record\/vaski.110464\">Linkki kirjan sivulle Vaski-tietokannassa<\/a><\/li>\n<\/ul>\n<\/li>\n<li>Sandelin Annika, Karoliina Pertamo (kuv.): R\u00e5ttan Bettan och masken Baudelaire \u2013 babypoesi och vilda ramsor (2013)\n<ul>\n<li><a href=\"https:\/\/vaski.finna.fi\/Record\/vaski.2872863\">Linkki kirjan sivulle Vaski-tietokannassa<\/a><\/li>\n<\/ul>\n<\/li>\n<\/ul>\n<h2>Iltasatukirja<\/h2>\n<ul>\n<li>Sinikka Nopola, Tiina Nopola, Markus Majaluoma (kuv.): Hein\u00e4hattu, Vilttitossu ja vauva (1990)\n<ul>\n<li><a href=\"https:\/\/vaski.finna.fi\/Record\/vaski.137211\">Linkki kirjan sivulle Vaski-tietokannassa<\/a><\/li>\n<\/ul>\n<\/li>\n<li>Sinikka Nopola, Tiina Nopola, Markus Majaluoma (kuv.), Camilla Frostell (k\u00e4\u00e4nt.): Halmhatten och Filttofflan f\u00e5r en bebi (1995)\n<ul>\n<li><a href=\"https:\/\/vaski.finna.fi\/Record\/vaski.573203\">Linkki kirjan sivulle Vaski-tietokannassa<\/a><\/li>\n<\/ul>\n<\/li>\n<\/ul>\n<h2>Helmikirja<\/h2>\n<ul>\n<li>Teija Rekola, Mervi Lindman (kuv.): Eetu ja ruma Rusina (2013)\n<ul>\n<li><a href=\"https:\/\/vaski.finna.fi\/Record\/vaski.2806530\">Linkki kirjan sivulle Vaski-tietokannassa<\/a><\/li>\n<\/ul>\n<\/li>\n<li>Gunilla Wolde: Emma och lillebror (2009)\n<ul>\n<li><a href=\"https:\/\/vaski.finna.fi\/Record\/vaski.2722715\">Linkki kirjan sivulle Vaski-tietokannassa<\/a><\/li>\n<\/ul>\n<\/li>\n<\/ul>\n<h2>Etsi ja l\u00f6yd\u00e4<\/h2>\n<ul>\n<li>Kristin Roskifte, Arja Kantele (k\u00e4\u00e4nt.): Kaikki lasketaan (2020)\n<ul>\n<li><a href=\"https:\/\/vaski.finna.fi\/Record\/vaski.4007085\">Linkki kirjan sivulle Vaski-tietokannassa<\/a><\/li>\n<\/ul>\n<\/li>\n<li>Sanna Mander: Nyckelknipan (2017)\n<ul>\n<li><a href=\"https:\/\/vaski.finna.fi\/Record\/vaski.3539928\">Linkki kirjan sivulle Vaski-tietokannassa<\/a><\/li>\n<\/ul>\n<\/li>\n<\/ul>\n","protected":false},"excerpt":{"rendered":"<p>Lausteella teemana: PERHE Kirjat on lueteltu satunnaisessa j\u00e4rjestyksess\u00e4 lajityypeitt\u00e4in. Kuvakirja Riina Katajavuori, Riikka Toivanen, Maiju Tokola, Christel R\u00f6nns (kuv.): Meid\u00e4n pihan perhesoppa (2015 Linkki kirjan sivulle Vaski-tietokannassa S\u00f6ren Olsson, Anders Jacobsson, Eva Lind\u00e9n (kuv.): H\u00e5kan Br\u00e5kan och bebismysteriet (2004) Linkki kirjan sivulle Vaski-tietokannassa Dekkari Siri Kolu: Me Rosvolat (2010) Linkki kirjan sivulle Vaski-tietokannassa Siri Kolu, &hellip; <a href=\"https:\/\/blog.edu.turku.fi\/lukutaito\/materiaalia\/lapsille-ja-lapsiperheille\/lastenkirjasuunnistus\/lauste\/\" class=\"more-link\">Jatka lukemista<span class=\"screen-reader-text\"> &#8221;Lauste&#8221;<\/span><\/a><\/p>\n","protected":false},"author":2465,"featured_media":0,"parent":390,"menu_order":0,"comment_status":"closed","ping_status":"closed","template":"","meta":{"footnotes":""},"class_list":["post-451","page","type-page","status-publish","hentry"],"_links":{"self":[{"href":"https:\/\/blog.edu.turku.fi\/lukutaito\/wp-json\/wp\/v2\/pages\/451","targetHints":{"allow":["GET"]}}],"collection":[{"href":"https:\/\/blog.edu.turku.fi\/lukutaito\/wp-json\/wp\/v2\/pages"}],"about":[{"href":"https:\/\/blog.edu.turku.fi\/lukutaito\/wp-json\/wp\/v2\/types\/page"}],"author":[{"embeddable":true,"href":"https:\/\/blog.edu.turku.fi\/lukutaito\/wp-json\/wp\/v2\/users\/2465"}],"replies":[{"embeddable":true,"href":"https:\/\/blog.edu.turku.fi\/lukutaito\/wp-json\/wp\/v2\/comments?post=451"}],"version-history":[{"count":15,"href":"https:\/\/blog.edu.turku.fi\/lukutaito\/wp-json\/wp\/v2\/pages\/451\/revisions"}],"predecessor-version":[{"id":523,"href":"https:\/\/blog.edu.turku.fi\/lukutaito\/wp-json\/wp\/v2\/pages\/451\/revisions\/523"}],"up":[{"embeddable":true,"href":"https:\/\/blog.edu.turku.fi\/lukutaito\/wp-json\/wp\/v2\/pages\/390"}],"wp:attachment":[{"href":"https:\/\/blog.edu.turku.fi\/lukutaito\/wp-json\/wp\/v2\/media?parent=451"}],"curies":[{"name":"wp","href":"https:\/\/api.w.org\/{rel}","templated":true}]}}