{"id":449,"date":"2020-11-10T12:14:59","date_gmt":"2020-11-10T10:14:59","guid":{"rendered":"https:\/\/blog.edu.turku.fi\/lukutaito\/?page_id=449"},"modified":"2020-11-12T09:32:12","modified_gmt":"2020-11-12T07:32:12","slug":"katariinanlaakso","status":"publish","type":"page","link":"https:\/\/blog.edu.turku.fi\/lukutaito\/materiaalia\/lapsille-ja-lapsiperheille\/lastenkirjasuunnistus\/katariinanlaakso\/","title":{"rendered":"Katariinanlaakso"},"content":{"rendered":"<h1>Katariinanlaaksossa teemana: MERI<\/h1>\n<p>Kirjat on lueteltu satunnaisessa j\u00e4rjestyksess\u00e4 lajityypeitt\u00e4in.<\/p>\n<h2>Kuvakirja<\/h2>\n<ul>\n<li style=\"list-style-type: none\">\n<ul>\n<li>Mauri Kunnas (kuv.), Tarja Kunnas: Apua, merirosvoja (1994)\n<ul>\n<li><a href=\"https:\/\/vaski.finna.fi\/Record\/vaski.253422\">Linkki kirjan sivulle Vaski-tietokannassa<\/a><\/li>\n<\/ul>\n<\/li>\n<li>Kjell Thorsson: Djungelpiraterna (2017)\n<ul>\n<li><a href=\"https:\/\/vaski.finna.fi\/Record\/vaski.3585020\">Linkki kirjan sivulle Vaski-tietokannassa<\/a><\/li>\n<\/ul>\n<\/li>\n<\/ul>\n<\/li>\n<\/ul>\n<h2>Dekkari<\/h2>\n<ul>\n<li style=\"list-style-type: none\">\n<ul>\n<li>Stefan Casta, Mimmi Tollerup-Grkovic (kuv.), Terhi Leskinen (k\u00e4\u00e4nt.): Mustikkajengi ja merirosvot (2010)\n<ul>\n<li><a href=\"https:\/\/vaski.finna.fi\/Record\/vaski.662050?lng=fi\">Linkki kirjan sivulle Vaski-tietokannassa<\/a><\/li>\n<\/ul>\n<\/li>\n<li>Stefan Casta, Mimmi Tollerupp-Grkovic (kuv.): Bl\u00e5b\u00e4rspatrullen och sj\u00f6r\u00f6varna (2009)\n<ul>\n<li><a href=\"https:\/\/vaski.finna.fi\/Record\/vaski.655258\">Linkki kirjan sivulle Vaski-tietokannassa<\/a><\/li>\n<\/ul>\n<\/li>\n<\/ul>\n<\/li>\n<\/ul>\n<h2>Tunnekirja<\/h2>\n<ul>\n<li style=\"list-style-type: none\">\n<ul>\n<li>Jane Chapman, Raija Rintam\u00e4ki (k\u00e4\u00e4nt.): Tartu tassuuni (2018)\n<ul>\n<li><a href=\"https:\/\/vaski.finna.fi\/Record\/vaski.3667259\">Linkki kirjan sivulle Vaski-tietokannassa<\/a><\/li>\n<\/ul>\n<\/li>\n<li>Lena Fr\u00f6lander-Ulf: Pappa, jag och havet (2018)\n<ul>\n<li><a href=\"https:\/\/vaski.finna.fi\/Record\/vaski.3659269\">Linkki kirjan sivulle Vaski-tietokannassa<\/a><\/li>\n<\/ul>\n<\/li>\n<\/ul>\n<\/li>\n<\/ul>\n<h2>Klassikko<\/h2>\n<ul>\n<li style=\"list-style-type: none\">\n<ul>\n<li>Marjatta Kurenniemi: Oli ennen Onnimanni&#8230; (1963)\n<ul>\n<li><a href=\"https:\/\/vaski.finna.fi\/Record\/vaski.2566575\">Linkki kirjan sivulle Vaski-tietokannassa<\/a><\/li>\n<\/ul>\n<\/li>\n<li>Tove Jansson: Pappan och havet (1965)\n<ul>\n<li><a href=\"https:\/\/vaski.finna.fi\/Record\/vaski.2939153\">Linkki kirjan sivulle Vaski-tietokannassa<\/a><\/li>\n<\/ul>\n<\/li>\n<\/ul>\n<\/li>\n<\/ul>\n<h2>Tietokirja<\/h2>\n<ul>\n<li style=\"list-style-type: none\">\n<ul>\n<li>Camilla De la B\u00e9doy\u00e8re, Richar Watson (kuv.), Vesa Korpela (k\u00e4\u00e4nt.): Valaan j\u00e4ljill\u00e4 (2019)\n<ul>\n<li><a href=\"https:\/\/vaski.finna.fi\/Record\/vaski.3925805\">Linkki kirjan sivulle Vaski-tietokannassa<\/a><\/li>\n<\/ul>\n<\/li>\n<li>Camilla De la B\u00e9doy\u00e8re, Bodil Svensson (k\u00e4\u00e4nt.): Min bok om hajar (2017)\n<ul>\n<li><a href=\"https:\/\/vaski.finna.fi\/Record\/vaski.3556816\">Linkki kirjan sivulle Vaski-tietokannassa<\/a><\/li>\n<\/ul>\n<\/li>\n<\/ul>\n<\/li>\n<\/ul>\n<h2>Sarjakuva<\/h2>\n<ul>\n<li style=\"list-style-type: none\">\n<ul>\n<li>Herg\u00e9, Jukka Kemppainen (k\u00e4\u00e4nt.): Tintin seikkailut \u2013 Seikkailu punaisella merell\u00e4 (2008)\n<ul>\n<li><a href=\"https:\/\/vaski.finna.fi\/Record\/vaski.506184\">Linkki kirjan sivulle Vaski-tietokannassa<\/a><\/li>\n<\/ul>\n<\/li>\n<li>Herg\u00e9, Brj\u00f6rn Wahlberg (k\u00e4\u00e4nt.): Tintis \u00e4ventyr \u2013 Koks i lasten (2019)\n<ul>\n<li><a href=\"https:\/\/vaski.finna.fi\/Record\/vaski.3909855\">Linkki kirjan sivulle Vaski-tietokannassa<\/a><\/li>\n<\/ul>\n<\/li>\n<\/ul>\n<\/li>\n<\/ul>\n<h2>Runot ja lorut<\/h2>\n<ul>\n<li style=\"list-style-type: none\">\n<ul>\n<li>Jukka Itkonen: Tiira tiiraa tiiraa (2016)\n<ul>\n<li><a href=\"https:\/\/vaski.finna.fi\/Record\/vaski.3439829?lng=fi\">Linkki kirjan sivulle Vaski-tietokannassa<\/a><\/li>\n<\/ul>\n<\/li>\n<li>Laura Ruohonen, Erika Kallasmaa (kuv.), Annika Sandelin (k\u00e4\u00e4nt.): Havs-o-djur (2019)\n<ul>\n<li><a href=\"https:\/\/vaski.finna.fi\/Record\/vaski.4009612\">Linkki kirjan sivulle Vaski-tietokannassa<\/a><\/li>\n<\/ul>\n<\/li>\n<\/ul>\n<\/li>\n<\/ul>\n<h2>Iltasatukirja<\/h2>\n<ul>\n<li style=\"list-style-type: none\">\n<ul>\n<li>Aili Somersalo: Mestaritontun seikkailut (alk. 1919)\n<ul>\n<li><a href=\"https:\/\/vaski.finna.fi\/Record\/vaski.2673791\">Linkki kirjan sivulle Vaski-tietokannassa<\/a><\/li>\n<\/ul>\n<\/li>\n<li>Astrid Lindgren: Vi p\u00e5 Saltkr\u00e5kan (1964)\n<ul>\n<li><a href=\"https:\/\/vaski.finna.fi\/Record\/vaski.2584443\">Linkki kirjan sivulle Vaski-tietokannassa<\/a><\/li>\n<\/ul>\n<\/li>\n<\/ul>\n<\/li>\n<\/ul>\n<h2>Helmikirja<\/h2>\n<ul>\n<li style=\"list-style-type: none\">\n<ul>\n<li>Jakob Wegelius, Kati Valli (k\u00e4\u00e4nt.): Merten gorilla (2017)\n<ul>\n<li><a href=\"https:\/\/vaski.finna.fi\/Record\/vaski.3543836\">Linkki kirjan sivulle Vaski-tietokannassa<\/a><\/li>\n<\/ul>\n<\/li>\n<li>Jakob Wegelius: M\u00f6rdarens apa (2014)\n<ul>\n<li><a href=\"https:\/\/vaski.finna.fi\/Record\/vaski.2958461\">Linkki kirjan sivulle Vaski-tietokannassa<\/a><\/li>\n<\/ul>\n<\/li>\n<\/ul>\n<\/li>\n<\/ul>\n<h2>Etsi ja l\u00f6yd\u00e4<\/h2>\n<ul>\n<li style=\"list-style-type: none\">\n<ul>\n<li>Timothy Knapman, Wesley Robins (kuv.), Mika Siimes (k\u00e4\u00e4nt.): Sukella mereen: ui syv\u00e4lle pinnan alle! (2019)\n<ul>\n<li><a href=\"https:\/\/vaski.finna.fi\/Record\/vaski.3905065\">Linkki kirjan sivulle Vaski-tietokannassa<\/a><\/li>\n<\/ul>\n<\/li>\n<li>Chihiro Maruyama, Hiro Kamigaki (kuv.), Bj\u00f6rn Mattsson (k\u00e4\u00e4nt.): Pusseldeckaren Pierre: jakten p\u00e5 de bortr\u00f6vade labyrintstenarna (2015)\n<ul>\n<li><a href=\"https:\/\/vaski.finna.fi\/Record\/vaski.3114350\">Linkki kirjan sivulle Vaski-tietokannassa<\/a><\/li>\n<\/ul>\n<\/li>\n<\/ul>\n<\/li>\n<\/ul>\n","protected":false},"excerpt":{"rendered":"<p>Katariinanlaaksossa teemana: MERI Kirjat on lueteltu satunnaisessa j\u00e4rjestyksess\u00e4 lajityypeitt\u00e4in. Kuvakirja Mauri Kunnas (kuv.), Tarja Kunnas: Apua, merirosvoja (1994) Linkki kirjan sivulle Vaski-tietokannassa Kjell Thorsson: Djungelpiraterna (2017) Linkki kirjan sivulle Vaski-tietokannassa Dekkari Stefan Casta, Mimmi Tollerup-Grkovic (kuv.), Terhi Leskinen (k\u00e4\u00e4nt.): Mustikkajengi ja merirosvot (2010) Linkki kirjan sivulle Vaski-tietokannassa Stefan Casta, Mimmi Tollerupp-Grkovic (kuv.): Bl\u00e5b\u00e4rspatrullen och sj\u00f6r\u00f6varna &hellip; <a href=\"https:\/\/blog.edu.turku.fi\/lukutaito\/materiaalia\/lapsille-ja-lapsiperheille\/lastenkirjasuunnistus\/katariinanlaakso\/\" class=\"more-link\">Jatka lukemista<span class=\"screen-reader-text\"> &#8221;Katariinanlaakso&#8221;<\/span><\/a><\/p>\n","protected":false},"author":2465,"featured_media":0,"parent":390,"menu_order":0,"comment_status":"closed","ping_status":"closed","template":"","meta":{"footnotes":""},"class_list":["post-449","page","type-page","status-publish","hentry"],"_links":{"self":[{"href":"https:\/\/blog.edu.turku.fi\/lukutaito\/wp-json\/wp\/v2\/pages\/449","targetHints":{"allow":["GET"]}}],"collection":[{"href":"https:\/\/blog.edu.turku.fi\/lukutaito\/wp-json\/wp\/v2\/pages"}],"about":[{"href":"https:\/\/blog.edu.turku.fi\/lukutaito\/wp-json\/wp\/v2\/types\/page"}],"author":[{"embeddable":true,"href":"https:\/\/blog.edu.turku.fi\/lukutaito\/wp-json\/wp\/v2\/users\/2465"}],"replies":[{"embeddable":true,"href":"https:\/\/blog.edu.turku.fi\/lukutaito\/wp-json\/wp\/v2\/comments?post=449"}],"version-history":[{"count":8,"href":"https:\/\/blog.edu.turku.fi\/lukutaito\/wp-json\/wp\/v2\/pages\/449\/revisions"}],"predecessor-version":[{"id":511,"href":"https:\/\/blog.edu.turku.fi\/lukutaito\/wp-json\/wp\/v2\/pages\/449\/revisions\/511"}],"up":[{"embeddable":true,"href":"https:\/\/blog.edu.turku.fi\/lukutaito\/wp-json\/wp\/v2\/pages\/390"}],"wp:attachment":[{"href":"https:\/\/blog.edu.turku.fi\/lukutaito\/wp-json\/wp\/v2\/media?parent=449"}],"curies":[{"name":"wp","href":"https:\/\/api.w.org\/{rel}","templated":true}]}}