{"id":390,"date":"2020-11-02T15:44:34","date_gmt":"2020-11-02T13:44:34","guid":{"rendered":"https:\/\/blog.edu.turku.fi\/lukutaito\/?page_id=390"},"modified":"2022-05-23T12:22:23","modified_gmt":"2022-05-23T09:22:23","slug":"lastenkirjasuunnistus","status":"publish","type":"page","link":"https:\/\/blog.edu.turku.fi\/lukutaito\/materiaalia\/lapsille-ja-lapsiperheille\/lastenkirjasuunnistus\/","title":{"rendered":"Lastenkirjasuunnistus 11\/2020"},"content":{"rendered":"<h1 style=\"text-align: left\">Suuntaa lukemiseen! -lastenkirjasuunnistus 6.\u201330.11.<\/h1>\n<h2>Ohjeita suunnistukseen:<\/h2>\n<p>Suunnistusreittej\u00e4 on viisi erilaista, ja jokaisella niist\u00e4 on oma teemansa.<\/p>\n<ul>\n<li>Katariinanlaakso: meri<\/li>\n<li>Lauste: perhe<\/li>\n<li>Pansio: maailma<\/li>\n<li>Runosm\u00e4ki: action<\/li>\n<li>Vartiovuori: yst\u00e4vyys<\/li>\n<\/ul>\n<p>Kaikilla reiteill\u00e4 on l\u00e4ht\u00f6pisteens\u00e4, mutta rasteja ei tarvitse kiert\u00e4\u00e4 tietyss\u00e4 j\u00e4rjestyksess\u00e4 tai k\u00e4yd\u00e4 l\u00e4pi kokonaisuudessaan.<\/p>\n<p>Ulkoreitit ovat reilun kilometrin pituisia, ja ne on mahdollista kulkea my\u00f6s rattaiden kanssa. Osoitteet l\u00e4ht\u00f6pisteille l\u00f6yd\u00e4t sivun alareunasta. Reiteill\u00e4 on opasteita, ja ne seuraavat kevyen liikenteen v\u00e4yli\u00e4 ja kuntopolkuja, eli et tarvitse karttaa.<\/p>\n<p>Rastit on toteutettu sek\u00e4 suomeksi ett\u00e4 ruotsiksi. Kirjat ja teht\u00e4v\u00e4t saattavat vaihdella kielikohtaisesti. Teht\u00e4v\u00e4t l\u00f6ytyv\u00e4t lyhyemm\u00e4ss\u00e4 muodossa my\u00f6s englanniksi, joten reitit sopivat my\u00f6s kielen opiskelun tueksi.<\/p>\n<p>Teemaan liittyv\u00e4n teht\u00e4v\u00e4n lis\u00e4ksi jokaisella rastilla on kuva Turun kaupunginkirjaston henkil\u00f6kunnan vinkkaamasta lastenkirjasta ja QR-koodi, joka vie kirjan tietoihin Vaski-kirjastojen tietokantaan.<\/p>\n<p>Viimeiselt\u00e4 rastilta l\u00f6yd\u00e4t kaikki reitill\u00e4 seikkailleet lukulinnut sek\u00e4 esitellyt kirjat.<\/p>\n<p><em>Suuntaa lukemiseen! -lastenkirjasuunnistus tapahtuu kokonaan ulkotiloissa. Koronatilanteen takia k\u00e4vij\u00f6it\u00e4 pyydet\u00e4\u00e4n noudattamaan hygienia- ja yskimiss\u00e4\u00e4nt\u00f6j\u00e4, riitt\u00e4vi\u00e4 turvav\u00e4lej\u00e4 ja THL:n maskisuosituksia. Syksyll\u00e4 iltojen pimetess\u00e4 on my\u00f6s hyv\u00e4 muistaa heijastimet.<\/em><\/p>\n<p>Lennokkaita retki\u00e4 tarinoiden poluilla! Lukulinnuille terveisi\u00e4!<\/p>\n<div class=\"sticky-footer\">\n<div class=\"container py-3 py-md-5 js-news-wrapper\">\n<div class=\"row\">\n<div class=\"col-12 col-lg-9\">\n<div class=\"pr-lg-4\">\n<div class=\"clearfix news-body\">\n<h2>Suuntaa lukemiseen! -lastenkirjasuunnistuksen l\u00e4ht\u00f6pisteet:<\/h2>\n<ul>\n<li>Katariina: Katariinanlaakson luonnonsuojelualueen P-paikka, Sigridinpolku 5<\/li>\n<li>Lauste: Lausteenpolku, P-paikkoja Lausteen kirjaston edess\u00e4, Raadinkatu 7<\/li>\n<li>Pansio: Pansion kirjaston edusta, Pansion kirjaston P-paikat, Pernontie 29<\/li>\n<li>Runosm\u00e4ki: Nostov\u00e4enkadun ja Tapperinpolun kulma, kadunvarsipys\u00e4k\u00f6inti Nostov\u00e4enkadulla<\/li>\n<li>Vartiovuorenpuisto: Vartiovuoren leikkipaikka, Vartiovuorenkatu 2<\/li>\n<\/ul>\n<h2>Reittien kirjalistat<\/h2>\n<p>Reiteill\u00e4 esitellyt kirjat l\u00f6yd\u00e4t listattuna kunkin reitin omalta sivulta: <a href=\"https:\/\/blog.edu.turku.fi\/lukutaito\/vanhemmille\/lastenkirjasuunnistus\/katariinanlaakso\/\">Katariinanlaakso<\/a>, <a href=\"https:\/\/blog.edu.turku.fi\/lukutaito\/vanhemmille\/lastenkirjasuunnistus\/lauste\/\">Lauste<\/a>, <a href=\"https:\/\/blog.edu.turku.fi\/lukutaito\/vanhemmille\/lastenkirjasuunnistus\/pansio\/\">Pansio<\/a>, <a href=\"https:\/\/blog.edu.turku.fi\/lukutaito\/vanhemmille\/lastenkirjasuunnistus\/runosmaki\/\">Runosm\u00e4ki<\/a> ja <a href=\"https:\/\/blog.edu.turku.fi\/lukutaito\/vanhemmille\/lastenkirjasuunnistus\/vartiovuori\/\">Vartiovuori<\/a>. Linkit l\u00f6ytyv\u00e4t my\u00f6s yl\u00e4valikosta (Materiaalia lukemisen tueksi \u2013 Perheille \u2013 Lastenkirjasuunnistus).<\/p>\n<h2>Suuntaa lukemiseen!<\/h2>\n<p>Lastenkirjasuunnistus on Turun kaupungin Suuntaa lukemiseen! -projektin aloitustempaus. Projekti on kaksivuotinen lasten lukutaidon ja -innon kehitt\u00e4mishanke, jota rahoittaa opetus- ja kulttuuriministeri\u00f6.<\/p>\n<p>Suunnistus toteutetaan yhteisty\u00f6ss\u00e4 Turun kirjastopalveluiden ja Katariinan Vilske Oy:n kanssa.<\/p>\n<h3><span style=\"font-size: 23px;font-weight: 900\">Lis\u00e4tietoa:<\/span><\/h3>\n<\/div>\n<\/div>\n<\/div>\n<\/div>\n<\/div>\n<\/div>\n<p>Henrik Hurme, henrik.hurme(at)turku.fi, 040 5411706<\/p>\n<p>&nbsp;<\/p>\n<p><img loading=\"lazy\" decoding=\"async\" class=\"aligncenter wp-image-729 \" src=\"https:\/\/blog.edu.turku.fi\/lukutaito\/files\/2020\/11\/Lokki-tiukasti-rajattu.png\" alt=\"\" width=\"491\" height=\"418\" srcset=\"https:\/\/blog.edu.turku.fi\/lukutaito\/files\/2020\/11\/Lokki-tiukasti-rajattu.png 379w, https:\/\/blog.edu.turku.fi\/lukutaito\/files\/2020\/11\/Lokki-tiukasti-rajattu-300x256.png 300w\" sizes=\"auto, (max-width: 491px) 85vw, 491px\" \/><\/p>\n","protected":false},"excerpt":{"rendered":"<p>Suuntaa lukemiseen! -lastenkirjasuunnistus 6.\u201330.11. Ohjeita suunnistukseen: Suunnistusreittej\u00e4 on viisi erilaista, ja jokaisella niist\u00e4 on oma teemansa. Katariinanlaakso: meri Lauste: perhe Pansio: maailma Runosm\u00e4ki: action Vartiovuori: yst\u00e4vyys Kaikilla reiteill\u00e4 on l\u00e4ht\u00f6pisteens\u00e4, mutta rasteja ei tarvitse kiert\u00e4\u00e4 tietyss\u00e4 j\u00e4rjestyksess\u00e4 tai k\u00e4yd\u00e4 l\u00e4pi kokonaisuudessaan. Ulkoreitit ovat reilun kilometrin pituisia, ja ne on mahdollista kulkea my\u00f6s rattaiden kanssa. Osoitteet &hellip; <a href=\"https:\/\/blog.edu.turku.fi\/lukutaito\/materiaalia\/lapsille-ja-lapsiperheille\/lastenkirjasuunnistus\/\" class=\"more-link\">Jatka lukemista<span class=\"screen-reader-text\"> &#8221;Lastenkirjasuunnistus 11\/2020&#8221;<\/span><\/a><\/p>\n","protected":false},"author":2465,"featured_media":0,"parent":2172,"menu_order":0,"comment_status":"closed","ping_status":"closed","template":"","meta":{"footnotes":""},"class_list":["post-390","page","type-page","status-publish","hentry"],"_links":{"self":[{"href":"https:\/\/blog.edu.turku.fi\/lukutaito\/wp-json\/wp\/v2\/pages\/390","targetHints":{"allow":["GET"]}}],"collection":[{"href":"https:\/\/blog.edu.turku.fi\/lukutaito\/wp-json\/wp\/v2\/pages"}],"about":[{"href":"https:\/\/blog.edu.turku.fi\/lukutaito\/wp-json\/wp\/v2\/types\/page"}],"author":[{"embeddable":true,"href":"https:\/\/blog.edu.turku.fi\/lukutaito\/wp-json\/wp\/v2\/users\/2465"}],"replies":[{"embeddable":true,"href":"https:\/\/blog.edu.turku.fi\/lukutaito\/wp-json\/wp\/v2\/comments?post=390"}],"version-history":[{"count":36,"href":"https:\/\/blog.edu.turku.fi\/lukutaito\/wp-json\/wp\/v2\/pages\/390\/revisions"}],"predecessor-version":[{"id":2407,"href":"https:\/\/blog.edu.turku.fi\/lukutaito\/wp-json\/wp\/v2\/pages\/390\/revisions\/2407"}],"up":[{"embeddable":true,"href":"https:\/\/blog.edu.turku.fi\/lukutaito\/wp-json\/wp\/v2\/pages\/2172"}],"wp:attachment":[{"href":"https:\/\/blog.edu.turku.fi\/lukutaito\/wp-json\/wp\/v2\/media?parent=390"}],"curies":[{"name":"wp","href":"https:\/\/api.w.org\/{rel}","templated":true}]}}