{"id":2456,"date":"2022-06-10T12:53:36","date_gmt":"2022-06-10T09:53:36","guid":{"rendered":"https:\/\/blog.edu.turku.fi\/lukutaito\/?page_id=2456"},"modified":"2022-06-10T13:30:32","modified_gmt":"2022-06-10T10:30:32","slug":"go-sanataide-go-6-7-2022","status":"publish","type":"page","link":"https:\/\/blog.edu.turku.fi\/lukutaito\/materiaalia\/lapsille-ja-lapsiperheille\/go-sanataide-go-6-7-2022\/","title":{"rendered":"Go Sanataide Go! 6.7.2022"},"content":{"rendered":"<h1>Tervetuloa sanataidep\u00e4iv\u00e4\u00e4n!<\/h1>\n<p><em>L\u00e4mpim\u00e4sti tervetuloa GO SANATAIDE GO! -sanataidep\u00e4iv\u00e4\u00e4n 6.7.2022! Vietet\u00e4\u00e4n yhdess\u00e4 mukava runon ja suven p\u00e4iv\u00e4 lukemisen ja sanataiteen parissa!<\/em><\/p>\n<p><em>Toivottavat,<\/em><\/p>\n<p><em>Henrik ja Sara, tapahtumat tuottajat<\/em><\/p>\n<hr \/>\n<h2>MIT\u00c4?<\/h2>\n<p><strong>Sanataiteen, lukemisen ja kirjallisuuden teemap\u00e4iv\u00e4.<\/strong><\/p>\n<p>Sanataidep\u00e4iv\u00e4 on kaikille avoin ja maksuton ulkotapahtuma. Toimintaan ei tarvitse ilmoittautua, riitt\u00e4\u00e4 ett\u00e4 tulee paikalle!<\/p>\n<h2>MISS\u00c4?<\/h2>\n<p><strong>Kupittaanpuistossa, Turussa.<\/strong><\/p>\n<p><a href=\"https:\/\/opaskartta.turku.fi\/IMS\/?layers=Opaskartta&amp;cp=6703952,23460827&amp;z=2&amp;title=Kupittaanpuisto\" target=\"_blank\" rel=\"noopener\">Sijainti kartalla (Turun karttapalvelu)<\/a><\/p>\n<h2>MILLOIN?<\/h2>\n<p><strong>Keskiviikkona runon ja suven p\u00e4iv\u00e4n\u00e4 6.7.2022 klo 11\u201315 v\u00e4lisen\u00e4 aikana.<\/strong><\/p>\n<p>HUOM! Tapahtumalla s\u00e4\u00e4varaus.<\/p>\n<hr \/>\n<h2>Tuottajat:<\/h2>\n<p><strong>Henrik Hurme<\/strong> (Turun kaupunki)<br \/>\nhenrik.hurme@turku.fi<br \/>\n040 5411706<\/p>\n<p><strong>Sara Koiranen<\/strong> (Kirjan talo &#8211; Bokens hus ry)<br \/>\ntuottaja.kirjantalo@gmail.com<br \/>\n040 5093363<\/p>\n<hr \/>\n<h2>Tuottaja- ja j\u00e4rjest\u00e4j\u00e4tahot:<\/h2>\n<ul>\n<li>Turun kaupungin lukutaitoprojekti<\/li>\n<li>Kirjan talo \u2013 Bokens hus ry<\/li>\n<li>Turun kaupunginkirjasto<\/li>\n<li>Aura of Puppets<\/li>\n<li>Kommenttiraita<\/li>\n<li>Turun Kes\u00e4teatteri<\/li>\n<li>Turun Sarjakuvakerho ry<\/li>\n<\/ul>\n<hr \/>\n<div class=\"entry-content\">\n<p>Pid\u00e4t\u00e4mme oikeudet muutoksiin.<\/p>\n<\/div>\n","protected":false},"excerpt":{"rendered":"<p>Tervetuloa sanataidep\u00e4iv\u00e4\u00e4n! L\u00e4mpim\u00e4sti tervetuloa GO SANATAIDE GO! -sanataidep\u00e4iv\u00e4\u00e4n 6.7.2022! Vietet\u00e4\u00e4n yhdess\u00e4 mukava runon ja suven p\u00e4iv\u00e4 lukemisen ja sanataiteen parissa! Toivottavat, Henrik ja Sara, tapahtumat tuottajat MIT\u00c4? Sanataiteen, lukemisen ja kirjallisuuden teemap\u00e4iv\u00e4. Sanataidep\u00e4iv\u00e4 on kaikille avoin ja maksuton ulkotapahtuma. Toimintaan ei tarvitse ilmoittautua, riitt\u00e4\u00e4 ett\u00e4 tulee paikalle! MISS\u00c4? Kupittaanpuistossa, Turussa. Sijainti kartalla (Turun karttapalvelu) MILLOIN? &hellip; <a href=\"https:\/\/blog.edu.turku.fi\/lukutaito\/materiaalia\/lapsille-ja-lapsiperheille\/go-sanataide-go-6-7-2022\/\" class=\"more-link\">Jatka lukemista<span class=\"screen-reader-text\"> &#8221;Go Sanataide Go! 6.7.2022&#8221;<\/span><\/a><\/p>\n","protected":false},"author":2465,"featured_media":2458,"parent":2172,"menu_order":0,"comment_status":"closed","ping_status":"closed","template":"","meta":{"footnotes":""},"class_list":["post-2456","page","type-page","status-publish","has-post-thumbnail","hentry"],"_links":{"self":[{"href":"https:\/\/blog.edu.turku.fi\/lukutaito\/wp-json\/wp\/v2\/pages\/2456","targetHints":{"allow":["GET"]}}],"collection":[{"href":"https:\/\/blog.edu.turku.fi\/lukutaito\/wp-json\/wp\/v2\/pages"}],"about":[{"href":"https:\/\/blog.edu.turku.fi\/lukutaito\/wp-json\/wp\/v2\/types\/page"}],"author":[{"embeddable":true,"href":"https:\/\/blog.edu.turku.fi\/lukutaito\/wp-json\/wp\/v2\/users\/2465"}],"replies":[{"embeddable":true,"href":"https:\/\/blog.edu.turku.fi\/lukutaito\/wp-json\/wp\/v2\/comments?post=2456"}],"version-history":[{"count":12,"href":"https:\/\/blog.edu.turku.fi\/lukutaito\/wp-json\/wp\/v2\/pages\/2456\/revisions"}],"predecessor-version":[{"id":2469,"href":"https:\/\/blog.edu.turku.fi\/lukutaito\/wp-json\/wp\/v2\/pages\/2456\/revisions\/2469"}],"up":[{"embeddable":true,"href":"https:\/\/blog.edu.turku.fi\/lukutaito\/wp-json\/wp\/v2\/pages\/2172"}],"wp:featuredmedia":[{"embeddable":true,"href":"https:\/\/blog.edu.turku.fi\/lukutaito\/wp-json\/wp\/v2\/media\/2458"}],"wp:attachment":[{"href":"https:\/\/blog.edu.turku.fi\/lukutaito\/wp-json\/wp\/v2\/media?parent=2456"}],"curies":[{"name":"wp","href":"https:\/\/api.w.org\/{rel}","templated":true}]}}