{"id":2435,"date":"2022-06-06T10:10:20","date_gmt":"2022-06-06T07:10:20","guid":{"rendered":"https:\/\/blog.edu.turku.fi\/lukutaito\/?page_id=2435"},"modified":"2022-06-06T10:20:09","modified_gmt":"2022-06-06T07:20:09","slug":"turun-kaupunginkirjaston-monikieliset-kirjalistat","status":"publish","type":"page","link":"https:\/\/blog.edu.turku.fi\/lukutaito\/materiaalia\/lapsille-ja-lapsiperheille\/kirjavinkkeja\/turun-kaupunginkirjaston-monikieliset-kirjalistat\/","title":{"rendered":"Turun kaupunginkirjaston monikieliset kirjalistat"},"content":{"rendered":"<p><a href=\"https:\/\/vaski.finna.fi\/List\/998353\" target=\"_blank\" rel=\"noopener\">Suomenkielisi\u00e4 lastenkirjoja<\/a><\/p>\n<p><a href=\"https:\/\/vaski.finna.fi\/List\/998542\" target=\"_blank\" rel=\"noopener\">Ruotsinkielisi\u00e4 lastenkirjoja<\/a><\/p>\n<p><a href=\"https:\/\/vaski.finna.fi\/List\/991804\" target=\"_blank\" rel=\"noopener\">Arabiankielisi\u00e4 lastenkirjoja<\/a><\/p>\n<p><a href=\"https:\/\/vaski.finna.fi\/List\/998029\" target=\"_blank\" rel=\"noopener\">Englanninkielisi\u00e4 lastenkirjoja<\/a><\/p>\n<p><a href=\"https:\/\/vaski.finna.fi\/List\/995524\" target=\"_blank\" rel=\"noopener\">Kurdinkielisi\u00e4 lastenkirjoja<\/a><\/p>\n<p><a href=\"https:\/\/vaski.finna.fi\/List\/991198\" target=\"_blank\" rel=\"noopener\">Somaliankielisi\u00e4 lastenkirjoja<\/a><\/p>\n<p><a href=\"https:\/\/vaski.finna.fi\/List\/991075\" target=\"_blank\" rel=\"noopener\">Ven\u00e4j\u00e4nkielisi\u00e4 lastenkirjoja<\/a><\/p>\n<p><a href=\"https:\/\/vaski.finna.fi\/List\/991219\" target=\"_blank\" rel=\"noopener\">Vironkielisi\u00e4 lastenkirjoja<\/a><\/p>\n","protected":false},"excerpt":{"rendered":"<p>Suomenkielisi\u00e4 lastenkirjoja Ruotsinkielisi\u00e4 lastenkirjoja Arabiankielisi\u00e4 lastenkirjoja Englanninkielisi\u00e4 lastenkirjoja Kurdinkielisi\u00e4 lastenkirjoja Somaliankielisi\u00e4 lastenkirjoja Ven\u00e4j\u00e4nkielisi\u00e4 lastenkirjoja Vironkielisi\u00e4 lastenkirjoja<\/p>\n","protected":false},"author":2465,"featured_media":0,"parent":681,"menu_order":0,"comment_status":"closed","ping_status":"closed","template":"","meta":{"footnotes":""},"class_list":["post-2435","page","type-page","status-publish","hentry"],"_links":{"self":[{"href":"https:\/\/blog.edu.turku.fi\/lukutaito\/wp-json\/wp\/v2\/pages\/2435","targetHints":{"allow":["GET"]}}],"collection":[{"href":"https:\/\/blog.edu.turku.fi\/lukutaito\/wp-json\/wp\/v2\/pages"}],"about":[{"href":"https:\/\/blog.edu.turku.fi\/lukutaito\/wp-json\/wp\/v2\/types\/page"}],"author":[{"embeddable":true,"href":"https:\/\/blog.edu.turku.fi\/lukutaito\/wp-json\/wp\/v2\/users\/2465"}],"replies":[{"embeddable":true,"href":"https:\/\/blog.edu.turku.fi\/lukutaito\/wp-json\/wp\/v2\/comments?post=2435"}],"version-history":[{"count":1,"href":"https:\/\/blog.edu.turku.fi\/lukutaito\/wp-json\/wp\/v2\/pages\/2435\/revisions"}],"predecessor-version":[{"id":2436,"href":"https:\/\/blog.edu.turku.fi\/lukutaito\/wp-json\/wp\/v2\/pages\/2435\/revisions\/2436"}],"up":[{"embeddable":true,"href":"https:\/\/blog.edu.turku.fi\/lukutaito\/wp-json\/wp\/v2\/pages\/681"}],"wp:attachment":[{"href":"https:\/\/blog.edu.turku.fi\/lukutaito\/wp-json\/wp\/v2\/media?parent=2435"}],"curies":[{"name":"wp","href":"https:\/\/api.w.org\/{rel}","templated":true}]}}