{"id":2314,"date":"2022-03-21T13:04:38","date_gmt":"2022-03-21T11:04:38","guid":{"rendered":"https:\/\/blog.edu.turku.fi\/lukutaito\/?page_id=2314"},"modified":"2022-06-06T10:39:22","modified_gmt":"2022-06-06T07:39:22","slug":"kirjaseikkailu-turussa","status":"publish","type":"page","link":"https:\/\/blog.edu.turku.fi\/lukutaito\/materiaalia\/lapsille-ja-lapsiperheille\/kirjaseikkailu-turussa\/","title":{"rendered":"Kirjaseikkailu Turussa 2022"},"content":{"rendered":"<h1>J\u00e4nnitt\u00e4v\u00e4 kirjaseikkailu ymp\u00e4ri Turkua<\/h1>\n<p>Suuntaa lukemiseen! -lukutaitoprojekti, Turun kaupunginkirjaston lastenosasto Saaga ja turkulaiskirjailija Eva H\u00f6glund j\u00e4rjest\u00e4v\u00e4t j\u00e4nnitt\u00e4v\u00e4n kirjaseikkailun, <em>Kompisdeckarna<\/em>-kirjasuunnistuksen, 4.\u201330.4.2022 eri puolilla Turkua ja verkossa.<\/p>\n<figure id=\"attachment_2315\" aria-describedby=\"caption-attachment-2315\" style=\"width: 1024px\" class=\"wp-caption aligncenter\"><a href=\"https:\/\/blog.edu.turku.fi\/lukutaito\/files\/2022\/03\/Kompisdeckarna.jpg\"><img loading=\"lazy\" decoding=\"async\" class=\"wp-image-2315 size-large\" src=\"https:\/\/blog.edu.turku.fi\/lukutaito\/files\/2022\/03\/Kompisdeckarna-1024x768.jpg\" alt=\"\" width=\"1024\" height=\"768\" srcset=\"https:\/\/blog.edu.turku.fi\/lukutaito\/files\/2022\/03\/Kompisdeckarna.jpg 1024w, https:\/\/blog.edu.turku.fi\/lukutaito\/files\/2022\/03\/Kompisdeckarna-300x225.jpg 300w\" sizes=\"auto, (max-width: 709px) 85vw, (max-width: 909px) 67vw, (max-width: 1362px) 62vw, 840px\" \/><\/a><figcaption id=\"caption-attachment-2315\" class=\"wp-caption-text\">Kirjasuunnistus sijoittuu Kompisdeckarna l\u00f6ser paketmysteriet -kirjan tavoin Turkuun.<\/figcaption><\/figure>\n<h2>MIT\u00c4?<\/h2>\n<p><em>Kompisdeckarna<\/em>-kirjasuunnistus on j\u00e4nnitt\u00e4v\u00e4 kirjaseikkailu, joka\u00a0perustuu kirjailija Eva H\u00f6glundin seikkailuromaaniin <em>Kompisdeckarna l\u00f6ser paketmysteriet<\/em> (2020). Kirjasuunnistus sijoittuu kirjan tavoin Turkuun.<\/p>\n<p>Kirjasuunnistus koostuu kahdeksasta rastista, jotka vuorostaan sis\u00e4lt\u00e4v\u00e4t kirjan lainauksien lis\u00e4ksi erilaisia toiminnallisia teht\u00e4vi\u00e4, jotka her\u00e4tt\u00e4v\u00e4t jokaisen seikkailunhaluisen salapoliisin kiinnostuksen! Rasteilla luettavissa olevat kirjan lainaukset tapahtumineen sijoittuvat aina kyseess\u00e4 olevan rastin l\u00e4heisyyteen, n\u00e4in ollen suunnistus antaa selke\u00e4n kuvan kirjan tapahtumista ja tapahtumapaikoista. Toiminnallisten teht\u00e4vien tekeminen ei edellyt\u00e4 kirjan lukemista ennakkoon.<\/p>\n<p>Suunnistus on avoinna kaikille, mutta se on suunnattu erityisesti kirjan kohdeyleis\u00f6lle, 9\u201312 vuotiaille lapsille ja nuorille.<\/p>\n<p><a href=\"https:\/\/vaski.finna.fi\/Record\/vaski.4132064?lng=fi\" target=\"_blank\" rel=\"noopener\"><em>Kompisdeckarna l\u00f6ser paketmysteriet<\/em> (2020) Vaski-verkkokirjastossa.<\/a><\/p>\n<h2>MISS\u00c4?<\/h2>\n<p>Kompisdeckarna-kirjasuunnistuksen rastit:<\/p>\n<ul>\n<li>Turun linna\/linnan portilla<\/li>\n<li>Barkerinpuiston leikkipaikka<\/li>\n<li>Urheilupuisto\/Paavo Nurmen puistotie<\/li>\n<li>Biologinen museo<\/li>\n<li>Samppalinnanpuiston leikkipaikka<\/li>\n<li>Vartiovuorenm\u00e4ki\/Turun Kes\u00e4teatteri<\/li>\n<li>Turun kaupunginkirjasto\/lastenosasto Saaga<\/li>\n<li>Kupittaanpuisto\/Seikkailupuisto<\/li>\n<\/ul>\n<p>Kirjasuunnistus l\u00f6ytyy kokonaisuudessaan my\u00f6s verkosta, joten kuka tahansa voi ajasta ja paikasta riippumatta ryhty\u00e4 etsiv\u00e4ksi ja seikkailla eri puolilla Turkua! Teht\u00e4v\u00e4t on k\u00e4\u00e4nnetty my\u00f6s suomeksi.<\/p>\n<p><a href=\"https:\/\/www.thinglink.com\/card\/1561362323384303619\" target=\"_blank\" rel=\"noopener\">Kirjasuunnistus verkossa (Thinglink)<\/a><\/p>\n<h2>MILLOIN?<\/h2>\n<p>Kirjasuunnistus starttaa maanantaina 4.4. ja on vapaasti kierrett\u00e4viss\u00e4 lauantaihin 30.4. asti.<\/p>\n<p>Suunnistus k\u00e4ynnistyy Lukuviikolla 2022 (4.4.\u201330.4.). Lukuviikko 2022 nostaa esiin lukutaidon yhteiskunnallisen merkityksen globaalista n\u00e4k\u00f6kulmasta. Maailmanlaajuisesti tarkasteltuna lukutaito on monelle selviytymistaito: <a href=\"https:\/\/lukuviikko.fi\/\" target=\"_blank\" rel=\"noopener\">Lukuviikko 2022\/Lukukeskus<\/a>.<\/p>\n<hr \/>\n<h3>Yhteystiedot:<\/h3>\n<p>Henrik Hurme, lukukoordinaattori (henrik.hurme@turku.fi, 040 5411706)<\/p>\n<p>(Oikeudet muutoksiin pid\u00e4tet\u00e4\u00e4n.)<\/p>\n","protected":false},"excerpt":{"rendered":"<p>J\u00e4nnitt\u00e4v\u00e4 kirjaseikkailu ymp\u00e4ri Turkua Suuntaa lukemiseen! -lukutaitoprojekti, Turun kaupunginkirjaston lastenosasto Saaga ja turkulaiskirjailija Eva H\u00f6glund j\u00e4rjest\u00e4v\u00e4t j\u00e4nnitt\u00e4v\u00e4n kirjaseikkailun, Kompisdeckarna-kirjasuunnistuksen, 4.\u201330.4.2022 eri puolilla Turkua ja verkossa. MIT\u00c4? Kompisdeckarna-kirjasuunnistus on j\u00e4nnitt\u00e4v\u00e4 kirjaseikkailu, joka\u00a0perustuu kirjailija Eva H\u00f6glundin seikkailuromaaniin Kompisdeckarna l\u00f6ser paketmysteriet (2020). Kirjasuunnistus sijoittuu kirjan tavoin Turkuun. Kirjasuunnistus koostuu kahdeksasta rastista, jotka vuorostaan sis\u00e4lt\u00e4v\u00e4t kirjan lainauksien lis\u00e4ksi erilaisia &hellip; <a href=\"https:\/\/blog.edu.turku.fi\/lukutaito\/materiaalia\/lapsille-ja-lapsiperheille\/kirjaseikkailu-turussa\/\" class=\"more-link\">Jatka lukemista<span class=\"screen-reader-text\"> &#8221;Kirjaseikkailu Turussa 2022&#8221;<\/span><\/a><\/p>\n","protected":false},"author":2465,"featured_media":0,"parent":2172,"menu_order":0,"comment_status":"closed","ping_status":"closed","template":"","meta":{"footnotes":""},"class_list":["post-2314","page","type-page","status-publish","hentry"],"_links":{"self":[{"href":"https:\/\/blog.edu.turku.fi\/lukutaito\/wp-json\/wp\/v2\/pages\/2314","targetHints":{"allow":["GET"]}}],"collection":[{"href":"https:\/\/blog.edu.turku.fi\/lukutaito\/wp-json\/wp\/v2\/pages"}],"about":[{"href":"https:\/\/blog.edu.turku.fi\/lukutaito\/wp-json\/wp\/v2\/types\/page"}],"author":[{"embeddable":true,"href":"https:\/\/blog.edu.turku.fi\/lukutaito\/wp-json\/wp\/v2\/users\/2465"}],"replies":[{"embeddable":true,"href":"https:\/\/blog.edu.turku.fi\/lukutaito\/wp-json\/wp\/v2\/comments?post=2314"}],"version-history":[{"count":8,"href":"https:\/\/blog.edu.turku.fi\/lukutaito\/wp-json\/wp\/v2\/pages\/2314\/revisions"}],"predecessor-version":[{"id":2448,"href":"https:\/\/blog.edu.turku.fi\/lukutaito\/wp-json\/wp\/v2\/pages\/2314\/revisions\/2448"}],"up":[{"embeddable":true,"href":"https:\/\/blog.edu.turku.fi\/lukutaito\/wp-json\/wp\/v2\/pages\/2172"}],"wp:attachment":[{"href":"https:\/\/blog.edu.turku.fi\/lukutaito\/wp-json\/wp\/v2\/media?parent=2314"}],"curies":[{"name":"wp","href":"https:\/\/api.w.org\/{rel}","templated":true}]}}