{"id":23,"date":"2020-09-07T10:30:03","date_gmt":"2020-09-07T07:30:03","guid":{"rendered":"https:\/\/blog.edu.turku.fi\/lukutaito\/?page_id=23"},"modified":"2022-06-06T09:43:38","modified_gmt":"2022-06-06T06:43:38","slug":"kasvatus-ja-opetushenkilokunnalle","status":"publish","type":"page","link":"https:\/\/blog.edu.turku.fi\/lukutaito\/materiaalia\/kasvatus-ja-opetushenkilokunnalle\/","title":{"rendered":"Kasvatus- ja opetushenkil\u00f6kunnalle"},"content":{"rendered":"<blockquote class=\"wp-embedded-content\" data-secret=\"62IODPZpA4\"><p><a href=\"https:\/\/blog.edu.turku.fi\/lukutaito\/materiaalia\/kasvatus-ja-opetushenkilokunnalle\/pedagogiset-iltapaivat\/\">Pedagogiset iltap\u00e4iv\u00e4t<\/a><\/p><\/blockquote>\n<p><iframe loading=\"lazy\" class=\"wp-embedded-content\" sandbox=\"allow-scripts\" security=\"restricted\" style=\"position: absolute; clip: rect(1px, 1px, 1px, 1px);\" title=\"&#8221;Pedagogiset iltap\u00e4iv\u00e4t&#8221; &#8212; Suuntaa lukemiseen!\" src=\"https:\/\/blog.edu.turku.fi\/lukutaito\/materiaalia\/kasvatus-ja-opetushenkilokunnalle\/pedagogiset-iltapaivat\/embed\/#?secret=62IODPZpA4\" data-secret=\"62IODPZpA4\" width=\"600\" height=\"338\" frameborder=\"0\" marginwidth=\"0\" marginheight=\"0\" scrolling=\"no\"><\/iframe><\/p>\n<blockquote class=\"wp-embedded-content\" data-secret=\"kW4VAv52fR\"><p><a href=\"https:\/\/blog.edu.turku.fi\/lukutaito\/materiaalia\/kasvatus-ja-opetushenkilokunnalle\/kaksikieliset-webinaaripaivat\/\">Kaksikieliset webinaarip\u00e4iv\u00e4t<\/a><\/p><\/blockquote>\n<p><iframe loading=\"lazy\" class=\"wp-embedded-content\" sandbox=\"allow-scripts\" security=\"restricted\" style=\"position: absolute; clip: rect(1px, 1px, 1px, 1px);\" title=\"&#8221;Kaksikieliset webinaarip\u00e4iv\u00e4t&#8221; &#8212; Suuntaa lukemiseen!\" src=\"https:\/\/blog.edu.turku.fi\/lukutaito\/materiaalia\/kasvatus-ja-opetushenkilokunnalle\/kaksikieliset-webinaaripaivat\/embed\/#?secret=kW4VAv52fR\" data-secret=\"kW4VAv52fR\" width=\"600\" height=\"338\" frameborder=\"0\" marginwidth=\"0\" marginheight=\"0\" scrolling=\"no\"><\/iframe><\/p>\n<blockquote class=\"wp-embedded-content\" data-secret=\"pc9Fj6X1GI\"><p><a href=\"https:\/\/blog.edu.turku.fi\/lukutaito\/materiaalia\/kasvatus-ja-opetushenkilokunnalle\/sanataidetyopajat\/\">Sanataidety\u00f6pajat<\/a><\/p><\/blockquote>\n<p><iframe loading=\"lazy\" class=\"wp-embedded-content\" sandbox=\"allow-scripts\" security=\"restricted\" style=\"position: absolute; clip: rect(1px, 1px, 1px, 1px);\" title=\"&#8221;Sanataidety\u00f6pajat&#8221; &#8212; Suuntaa lukemiseen!\" src=\"https:\/\/blog.edu.turku.fi\/lukutaito\/materiaalia\/kasvatus-ja-opetushenkilokunnalle\/sanataidetyopajat\/embed\/#?secret=pc9Fj6X1GI\" data-secret=\"pc9Fj6X1GI\" width=\"600\" height=\"338\" frameborder=\"0\" marginwidth=\"0\" marginheight=\"0\" scrolling=\"no\"><\/iframe><\/p>\n<blockquote class=\"wp-embedded-content\" data-secret=\"xTj1eDqdaA\"><p><a href=\"https:\/\/blog.edu.turku.fi\/lukutaito\/materiaalia\/kasvatus-ja-opetushenkilokunnalle\/toimintamalli-lastenkirjasuunnistus\/\">Toimintamalli: lastenkirjasuunnistus<\/a><\/p><\/blockquote>\n<p><iframe loading=\"lazy\" class=\"wp-embedded-content\" sandbox=\"allow-scripts\" security=\"restricted\" style=\"position: absolute; clip: rect(1px, 1px, 1px, 1px);\" title=\"&#8221;Toimintamalli: lastenkirjasuunnistus&#8221; &#8212; Suuntaa lukemiseen!\" src=\"https:\/\/blog.edu.turku.fi\/lukutaito\/materiaalia\/kasvatus-ja-opetushenkilokunnalle\/toimintamalli-lastenkirjasuunnistus\/embed\/#?secret=xTj1eDqdaA\" data-secret=\"xTj1eDqdaA\" width=\"600\" height=\"338\" frameborder=\"0\" marginwidth=\"0\" marginheight=\"0\" scrolling=\"no\"><\/iframe><\/p>\n<blockquote class=\"wp-embedded-content\" data-secret=\"O2lPPJJ4u6\"><p><a href=\"https:\/\/blog.edu.turku.fi\/lukutaito\/materiaalia\/kasvatus-ja-opetushenkilokunnalle\/tarkeita-tarinoita-esite\/\">T\u00e4rkeit\u00e4 tarinoita -esite<\/a><\/p><\/blockquote>\n<p><iframe loading=\"lazy\" class=\"wp-embedded-content\" sandbox=\"allow-scripts\" security=\"restricted\" style=\"position: absolute; clip: rect(1px, 1px, 1px, 1px);\" title=\"&#8221;T\u00e4rkeit\u00e4 tarinoita -esite&#8221; &#8212; Suuntaa lukemiseen!\" src=\"https:\/\/blog.edu.turku.fi\/lukutaito\/materiaalia\/kasvatus-ja-opetushenkilokunnalle\/tarkeita-tarinoita-esite\/embed\/#?secret=O2lPPJJ4u6\" data-secret=\"O2lPPJJ4u6\" width=\"600\" height=\"338\" frameborder=\"0\" marginwidth=\"0\" marginheight=\"0\" scrolling=\"no\"><\/iframe><\/p>\n","protected":false},"excerpt":{"rendered":"<p>Pedagogiset iltap\u00e4iv\u00e4t Kaksikieliset webinaarip\u00e4iv\u00e4t Sanataidety\u00f6pajat Toimintamalli: lastenkirjasuunnistus T\u00e4rkeit\u00e4 tarinoita -esite<\/p>\n","protected":false},"author":2465,"featured_media":0,"parent":20,"menu_order":0,"comment_status":"closed","ping_status":"closed","template":"","meta":{"footnotes":""},"class_list":["post-23","page","type-page","status-publish","hentry"],"_links":{"self":[{"href":"https:\/\/blog.edu.turku.fi\/lukutaito\/wp-json\/wp\/v2\/pages\/23","targetHints":{"allow":["GET"]}}],"collection":[{"href":"https:\/\/blog.edu.turku.fi\/lukutaito\/wp-json\/wp\/v2\/pages"}],"about":[{"href":"https:\/\/blog.edu.turku.fi\/lukutaito\/wp-json\/wp\/v2\/types\/page"}],"author":[{"embeddable":true,"href":"https:\/\/blog.edu.turku.fi\/lukutaito\/wp-json\/wp\/v2\/users\/2465"}],"replies":[{"embeddable":true,"href":"https:\/\/blog.edu.turku.fi\/lukutaito\/wp-json\/wp\/v2\/comments?post=23"}],"version-history":[{"count":14,"href":"https:\/\/blog.edu.turku.fi\/lukutaito\/wp-json\/wp\/v2\/pages\/23\/revisions"}],"predecessor-version":[{"id":2426,"href":"https:\/\/blog.edu.turku.fi\/lukutaito\/wp-json\/wp\/v2\/pages\/23\/revisions\/2426"}],"up":[{"embeddable":true,"href":"https:\/\/blog.edu.turku.fi\/lukutaito\/wp-json\/wp\/v2\/pages\/20"}],"wp:attachment":[{"href":"https:\/\/blog.edu.turku.fi\/lukutaito\/wp-json\/wp\/v2\/media?parent=23"}],"curies":[{"name":"wp","href":"https:\/\/api.w.org\/{rel}","templated":true}]}}