{"id":2218,"date":"2021-12-09T15:00:48","date_gmt":"2021-12-09T13:00:48","guid":{"rendered":"https:\/\/blog.edu.turku.fi\/lukutaito\/?page_id=2218"},"modified":"2022-06-06T10:19:07","modified_gmt":"2022-06-06T07:19:07","slug":"lasten-ja-nuortenkirjallisuuden-august-palkinnon-2021-ehdokkaat","status":"publish","type":"page","link":"https:\/\/blog.edu.turku.fi\/lukutaito\/materiaalia\/lapsille-ja-lapsiperheille\/kirjavinkit-kirjallisuuspalkintojen-mukaan\/lasten-ja-nuortenkirjallisuuden-august-palkinnon-2021-ehdokkaat\/","title":{"rendered":"Lasten- ja nuortenkirjallisuuden August-palkinnon 2021 ehdokkaat"},"content":{"rendered":"<h1>Lasten- ja nuortenkirjallisuuden August-palkintoehdokkaat 2021<\/h1>\n<p>Ohessa olevat teokset kirjailijoineen ja kuvittajineen ovat ehdolla vuoden 2021 Lasten- ja nuortenkirjallisuuden August-palkinnon saajiksi.<\/p>\n<p>Lis\u00e4tietoa ehdokkaista ja palkinnoista <a href=\"https:\/\/www.augustpriset.se\/\" target=\"_blank\" rel=\"noopener\">Augustpalkinnon verkkosivuilla<\/a> (www.augustpriset.se).<\/p>\n<hr \/>\n<p><em>Furan<\/em>, Lisen Adb\u00e5ge (Rab\u00e9n &amp; Sj\u00f6gren)<\/p>\n<p>Teos on lainattavissa Vaski-kirjastoista, <a href=\"https:\/\/vaski.finna.fi\/Record\/vaski.4194613\" target=\"_blank\" rel=\"noopener\">tarkista saatavuus kirjan sivuilla Vaski-verkkokirjastossa<\/a>.<\/p>\n<p><em>Himlabrand<\/em>, Moa Backe \u00c5stot (Rab\u00e9n &amp; Sj\u00f6gren)<\/p>\n<p>Teos on lainattavissa Vaski-kirjastoista, <a href=\"https:\/\/vaski.finna.fi\/Record\/vaski.4145341\" target=\"_blank\" rel=\"noopener\">tarkista saatavuus kirjan sivuilla Vaski-verkkokirjastossa<\/a>.<\/p>\n<p><em>Ett rum till Lisen<\/em>, Elin Johansson, Ellen Svedjeland &amp; Emma Adb\u00e5ge (Rab\u00e9n &amp; Sj\u00f6gren)<\/p>\n<p>Teos on lainattavissa Vaski-kirjastoista, <a href=\"https:\/\/vaski.finna.fi\/Record\/vaski.4182911\" target=\"_blank\" rel=\"noopener\">tarkista saatavuus kirjan sivuilla Vaski-verkkokirjastossa<\/a>.<\/p>\n<p><em>Om du m\u00f6ter en bj\u00f6rn<\/em>, Malin Kivel\u00e4, Martin Glaz Serup &amp; Linda Bondestam (F\u00f6rlaget)<\/p>\n<p>Teos on lainattavissa Vaski-kirjastoista, <a href=\"https:\/\/vaski.finna.fi\/Record\/vaski.4145958\" target=\"_blank\" rel=\"noopener\">tarkista saatavuus kirjan sivuilla Vaski-verkkokirjastossa<\/a>.<\/p>\n<p><em>Nattkorpen<\/em>, Johan Rundberg (Natur &amp; Kultur)<\/p>\n<p>Teos on lainattavissa Vaski-kirjastoista, <a href=\"https:\/\/vaski.finna.fi\/Record\/vaski.4145362\" target=\"_blank\" rel=\"noopener\">tarkista saatavuus kirjan sivuilla Vaski-verkkokirjastossa<\/a>.<\/p>\n<p><em>Min mamma \u00e4r snabbare \u00e4n din!<\/em>, Emma Virke &amp; Joanna Hellgren (Lilla Piratf\u00f6rlaget)<\/p>\n<p>Teos on lainattavissa Vaski-kirjastoista, <a href=\"https:\/\/vaski.finna.fi\/Record\/vaski.4217307\" target=\"_blank\" rel=\"noopener\">tarkista saatavuus kirjan sivuilla Vaski-verkkokirjastossa<\/a>.<\/p>\n<hr \/>\n<p>Vuoden 2021 Lasten- ja nuortenkirjallisuuden August-palkinnon on voittanut Johan Rundberg teoksellaan\u00a0<em>Nattkorpen<\/em>.<\/p>\n","protected":false},"excerpt":{"rendered":"<p>Lasten- ja nuortenkirjallisuuden August-palkintoehdokkaat 2021 Ohessa olevat teokset kirjailijoineen ja kuvittajineen ovat ehdolla vuoden 2021 Lasten- ja nuortenkirjallisuuden August-palkinnon saajiksi. Lis\u00e4tietoa ehdokkaista ja palkinnoista Augustpalkinnon verkkosivuilla (www.augustpriset.se). Furan, Lisen Adb\u00e5ge (Rab\u00e9n &amp; Sj\u00f6gren) Teos on lainattavissa Vaski-kirjastoista, tarkista saatavuus kirjan sivuilla Vaski-verkkokirjastossa. Himlabrand, Moa Backe \u00c5stot (Rab\u00e9n &amp; Sj\u00f6gren) Teos on lainattavissa Vaski-kirjastoista, tarkista saatavuus &hellip; <a href=\"https:\/\/blog.edu.turku.fi\/lukutaito\/materiaalia\/lapsille-ja-lapsiperheille\/kirjavinkit-kirjallisuuspalkintojen-mukaan\/lasten-ja-nuortenkirjallisuuden-august-palkinnon-2021-ehdokkaat\/\" class=\"more-link\">Jatka lukemista<span class=\"screen-reader-text\"> &#8221;Lasten- ja nuortenkirjallisuuden August-palkinnon 2021 ehdokkaat&#8221;<\/span><\/a><\/p>\n","protected":false},"author":2465,"featured_media":0,"parent":2430,"menu_order":0,"comment_status":"closed","ping_status":"closed","template":"","meta":{"footnotes":""},"class_list":["post-2218","page","type-page","status-publish","hentry"],"_links":{"self":[{"href":"https:\/\/blog.edu.turku.fi\/lukutaito\/wp-json\/wp\/v2\/pages\/2218","targetHints":{"allow":["GET"]}}],"collection":[{"href":"https:\/\/blog.edu.turku.fi\/lukutaito\/wp-json\/wp\/v2\/pages"}],"about":[{"href":"https:\/\/blog.edu.turku.fi\/lukutaito\/wp-json\/wp\/v2\/types\/page"}],"author":[{"embeddable":true,"href":"https:\/\/blog.edu.turku.fi\/lukutaito\/wp-json\/wp\/v2\/users\/2465"}],"replies":[{"embeddable":true,"href":"https:\/\/blog.edu.turku.fi\/lukutaito\/wp-json\/wp\/v2\/comments?post=2218"}],"version-history":[{"count":1,"href":"https:\/\/blog.edu.turku.fi\/lukutaito\/wp-json\/wp\/v2\/pages\/2218\/revisions"}],"predecessor-version":[{"id":2219,"href":"https:\/\/blog.edu.turku.fi\/lukutaito\/wp-json\/wp\/v2\/pages\/2218\/revisions\/2219"}],"up":[{"embeddable":true,"href":"https:\/\/blog.edu.turku.fi\/lukutaito\/wp-json\/wp\/v2\/pages\/2430"}],"wp:attachment":[{"href":"https:\/\/blog.edu.turku.fi\/lukutaito\/wp-json\/wp\/v2\/media?parent=2218"}],"curies":[{"name":"wp","href":"https:\/\/api.w.org\/{rel}","templated":true}]}}