{"id":2191,"date":"2021-11-12T12:07:09","date_gmt":"2021-11-12T10:07:09","guid":{"rendered":"https:\/\/blog.edu.turku.fi\/lukutaito\/?page_id=2191"},"modified":"2022-06-06T10:19:53","modified_gmt":"2022-06-06T07:19:53","slug":"runeberg-junior-lasten-lukuintoa-edistavat-kirjaehdokkaat-vuonna-2022-on-julkistettu","status":"publish","type":"page","link":"https:\/\/blog.edu.turku.fi\/lukutaito\/materiaalia\/lapsille-ja-lapsiperheille\/kirjavinkit-kirjallisuuspalkintojen-mukaan\/runeberg-junior-lasten-lukuintoa-edistavat-kirjaehdokkaat-vuonna-2022-on-julkistettu\/","title":{"rendered":"Runeberg Junior \u2013 Lasten lukuintoa edist\u00e4v\u00e4t kirjaehdokkaat vuonna 2022 on julkistettu"},"content":{"rendered":"<h1>Runeberg Junior 2022 ehdokkaat<\/h1>\n<p>Runeberg Junior -kirjallisuuspalkinnon vuoden 2022 ehdokkaat julkaistiin keskiviikkona 11.11.2021. Ehdolla palkinnonsaajaksi on kymmenen kirjaa, joista viisi on suomenkielist\u00e4 ja viisi ruotsinkielist\u00e4. Palkintosaajaehdokkaat ovat valineet esivaaliraati, johon kuuluivat kuvittaja ja sarjakuvapiirt\u00e4j\u00e4 Filippa Hella, erikoiskirjastonhoitaja Mikaela Wickstr\u00f6m ja luokanopettaja Christa Viitanen.<\/p>\n<p>Runeberg Junior -kirjallisuuspalkinnon voittajan valitsevat porvoolaiset esikoululaiset ja ensimm\u00e4isen ja toisen luokan oppilaat.<\/p>\n<h2>Vuoden 2022 Runeberg Junior -ehdokkaat ovat:<\/h2>\n<p>Frank Furu &amp; Linda Bondestam (kuv.). (2021). <em>Ni \u00e4r inte min mamma<\/em>. (F\u00f6rlaget &amp; Berghs).<\/p>\n<p><a href=\"https:\/\/vaski.finna.fi\/Record\/vaski.4179877\" target=\"_blank\" rel=\"noopener\"><em>Ni \u00e4r inte min mamma<\/em> Vaski-verkkokirjastossa.<\/a><\/p>\n<p>Lena Fr\u00f6lander-Ulf. (2021). <em>Fidel och jag i storstan<\/em>. (F\u00f6rlaget).<\/p>\n<p><a href=\"https:\/\/vaski.finna.fi\/Record\/vaski.4145957\" target=\"_blank\" rel=\"noopener\"><em>Fidel och jag i<\/em> storstan Vaski-verkkokirjastossa.<\/a><\/p>\n<p>Kaisa Happonen &amp; Anne Vasko (kuv.). (2021). <em>Mur ja mets\u00e4n ilta : Iltasatuja isoille ja pienille<\/em>. (Tammi).<\/p>\n<p><a href=\"https:\/\/vaski.finna.fi\/Record\/vaski.4175937\" target=\"_blank\" rel=\"noopener\"><em>Mur ja mets\u00e4n ilta : Iltasatuja isoille ja pienille<\/em> Vaski-verkkokirjastossa.<\/a><\/p>\n<p>Malin Kivel\u00e4, Martin Glaz Serup &amp; Linda Bondestam (kuv.). (2021). <em>Om du m\u00f6ter en bj\u00f6rn<\/em>. (F\u00f6rlaget).<\/p>\n<p><a href=\"https:\/\/vaski.finna.fi\/Record\/vaski.4145958\" target=\"_blank\" rel=\"noopener\"><em>Om du m\u00f6ter en<\/em> bj\u00f6rn Vaski-verkkokirjastossa.<\/a><\/p>\n<p>Hanna Lundstr\u00f6m &amp; Frank A. Unger (kuv.). (2021). <em>Bilskelettet : Sju ber\u00e4ttelser<\/em>. (Schildts &amp; S\u00f6derstr\u00f6ms).<\/p>\n<p><a href=\"https:\/\/vaski.finna.fi\/Record\/vaski.4180678\" target=\"_blank\" rel=\"noopener\"><em>Bilskelettet : Sju ber\u00e4ttelser<\/em>\u00a0Vaski-verkkokirjastossa.<\/a><\/p>\n<p>Edu Kettunen. <em>Elppu matkalla kotiin<\/em>. (2021). (Minerva Kustannus).<\/p>\n<p><a href=\"https:\/\/vaski.finna.fi\/Record\/vaski.4180632\" target=\"_blank\" rel=\"noopener\"><em>Elppu matkalla kotiin<\/em> Vaski-verkkokirjastossa.<\/a><\/p>\n<p>Anja Portin, Sanna Pelliccioni (kuv.) &amp; Matias Alfred Stark (val.). <em>Matias ja kaikki se mik\u00e4 oli jossain kaukana<\/em>. (S&amp;S).<\/p>\n<p><a href=\"https:\/\/vaski.finna.fi\/Record\/vaski.4180248\" target=\"_blank\" rel=\"noopener\"><em>Matias ja kaikki se mik\u00e4 oli jossain kaukana<\/em> Vaski-verkkokirjastossa.<\/a><\/p>\n<p>Heli Rantala &amp; Netta Lehtola (kuv.). (2021). <em>Murtautuja Mauri<\/em>. (WSOY).<\/p>\n<p><a href=\"https:\/\/vaski.finna.fi\/Record\/vaski.4137523\" target=\"_blank\" rel=\"noopener\"><em>Murtautuja Mauri<\/em> Vaski-verkkokirjastossa.<\/a><\/p>\n<p>Annika Sandelin &amp; Tove Jansson (kuv.). (2021). <em>Mumindalens alfabet<\/em>. (F\u00f6rlaget).<\/p>\n<p><a href=\"https:\/\/vaski.finna.fi\/Record\/vaski.4145952\" target=\"_blank\" rel=\"noopener\"><em>Mumindalens alfabet<\/em> Vaski-verkkokirjastossa.<\/a><\/p>\n<p>Mimmu Tihinen &amp; Meeri Hentil\u00e4 (kuv.). (2021). <em>Kalevin kes\u00e4tarina<\/em>. (Otava).<\/p>\n<p><a href=\"https:\/\/vaski.finna.fi\/Record\/vaski.4167310\" target=\"_blank\" rel=\"noopener\"><em>Kalevin kes\u00e4tarina<\/em> Vaski-verkkokirjastossa.<\/a><\/p>\n<hr \/>\n<p>Runeberg Junior -palkinto on Porvoon kaupungin ja KSF Media \/ Sanomalehti \u00d6stnylandin yhteinen 10 000 euron suuruinen lastenkirjallisuuspalkinto ja se jaettiin ensimm\u00e4ist\u00e4 kertaa J. L. Runebergin p\u00e4iv\u00e4n yhteydess\u00e4 helmikuussa 2017 Porvoossa.<\/p>\n<p><a href=\"https:\/\/www.porvoo.fi\/lastenkirjallisuuspalkinto-runeberg-junior-ehdokkaat-julki2\" target=\"_blank\" rel=\"noopener\">Lis\u00e4tietoa lastenkirjallisuuspalkinto Runeberg Juniorista Porvoon kaupungin verkkosivuilla.<\/a><\/p>\n","protected":false},"excerpt":{"rendered":"<p>Runeberg Junior 2022 ehdokkaat Runeberg Junior -kirjallisuuspalkinnon vuoden 2022 ehdokkaat julkaistiin keskiviikkona 11.11.2021. Ehdolla palkinnonsaajaksi on kymmenen kirjaa, joista viisi on suomenkielist\u00e4 ja viisi ruotsinkielist\u00e4. Palkintosaajaehdokkaat ovat valineet esivaaliraati, johon kuuluivat kuvittaja ja sarjakuvapiirt\u00e4j\u00e4 Filippa Hella, erikoiskirjastonhoitaja Mikaela Wickstr\u00f6m ja luokanopettaja Christa Viitanen. Runeberg Junior -kirjallisuuspalkinnon voittajan valitsevat porvoolaiset esikoululaiset ja ensimm\u00e4isen ja toisen luokan &hellip; <a href=\"https:\/\/blog.edu.turku.fi\/lukutaito\/materiaalia\/lapsille-ja-lapsiperheille\/kirjavinkit-kirjallisuuspalkintojen-mukaan\/runeberg-junior-lasten-lukuintoa-edistavat-kirjaehdokkaat-vuonna-2022-on-julkistettu\/\" class=\"more-link\">Jatka lukemista<span class=\"screen-reader-text\"> &#8221;Runeberg Junior \u2013 Lasten lukuintoa edist\u00e4v\u00e4t kirjaehdokkaat vuonna 2022 on julkistettu&#8221;<\/span><\/a><\/p>\n","protected":false},"author":2465,"featured_media":0,"parent":2430,"menu_order":0,"comment_status":"closed","ping_status":"closed","template":"","meta":{"footnotes":""},"class_list":["post-2191","page","type-page","status-publish","hentry"],"_links":{"self":[{"href":"https:\/\/blog.edu.turku.fi\/lukutaito\/wp-json\/wp\/v2\/pages\/2191","targetHints":{"allow":["GET"]}}],"collection":[{"href":"https:\/\/blog.edu.turku.fi\/lukutaito\/wp-json\/wp\/v2\/pages"}],"about":[{"href":"https:\/\/blog.edu.turku.fi\/lukutaito\/wp-json\/wp\/v2\/types\/page"}],"author":[{"embeddable":true,"href":"https:\/\/blog.edu.turku.fi\/lukutaito\/wp-json\/wp\/v2\/users\/2465"}],"replies":[{"embeddable":true,"href":"https:\/\/blog.edu.turku.fi\/lukutaito\/wp-json\/wp\/v2\/comments?post=2191"}],"version-history":[{"count":3,"href":"https:\/\/blog.edu.turku.fi\/lukutaito\/wp-json\/wp\/v2\/pages\/2191\/revisions"}],"predecessor-version":[{"id":2195,"href":"https:\/\/blog.edu.turku.fi\/lukutaito\/wp-json\/wp\/v2\/pages\/2191\/revisions\/2195"}],"up":[{"embeddable":true,"href":"https:\/\/blog.edu.turku.fi\/lukutaito\/wp-json\/wp\/v2\/pages\/2430"}],"wp:attachment":[{"href":"https:\/\/blog.edu.turku.fi\/lukutaito\/wp-json\/wp\/v2\/media?parent=2191"}],"curies":[{"name":"wp","href":"https:\/\/api.w.org\/{rel}","templated":true}]}}