{"id":2188,"date":"2021-11-10T14:06:55","date_gmt":"2021-11-10T12:06:55","guid":{"rendered":"https:\/\/blog.edu.turku.fi\/lukutaito\/?page_id=2188"},"modified":"2022-06-06T10:19:17","modified_gmt":"2022-06-06T07:19:17","slug":"lasten-ja-nuortenkirjallisuuden-finlandiaehdokkaat-2021","status":"publish","type":"page","link":"https:\/\/blog.edu.turku.fi\/lukutaito\/materiaalia\/lapsille-ja-lapsiperheille\/kirjavinkit-kirjallisuuspalkintojen-mukaan\/lasten-ja-nuortenkirjallisuuden-finlandiaehdokkaat-2021\/","title":{"rendered":"Lasten- ja nuortenkirjallisuuden Finlandiaehdokkaat 2021"},"content":{"rendered":"<h1>Lasten- ja nuortenkirjallisuuden Finlandia<\/h1>\n<p>Vuoden 2021 lasten- ja nuortenkirjallisuuden Finlandia-palkinnon ehdokkaat on nyt julkaistu!<\/p>\n<h2>Ehdokkaat:<\/h2>\n<p>Anne-Maija Aalto (2021). <em>Mist\u00e4 valo p\u00e4\u00e4see sis\u00e4\u00e4n<\/em>. (Otava).<\/p>\n<p><a href=\"https:\/\/vaski.finna.fi\/Record\/vaski.4177558\" target=\"_blank\" rel=\"noopener\"><em>Mist\u00e4 valo p\u00e4\u00e4see sis\u00e4\u00e4n<\/em> Vaski-verkkokirjastossa.<\/a><\/p>\n<p>Laura Ertimo &amp; Mari Ahokoivu (kuv.). (2021). <em>Aika matka! Lotta, Kasper ja luontokadon arvoitus<\/em>. (Into Kustannus).<\/p>\n<p><a href=\"https:\/\/vaski.finna.fi\/Record\/vaski.4184756\" target=\"_blank\" rel=\"noopener\"><em>Aika matka! Lotta, Kasper ja luontokadon arvoitus<\/em> Vaski-verkkokirjastossa.<\/a><\/p>\n<p>Malin Kivel\u00e4, Martin Glaz Serup, Linda Bondestam (kuv.) &amp; Malin Kivel\u00e4 (k\u00e4\u00e4nt.). (2021). <em>Om du m\u00f6ter en bj\u00f6rn<\/em> \/ <em>Jos kohtaat karhun<\/em>. (F\u00f6rlaget \/ Teos).<\/p>\n<p><a href=\"https:\/\/vaski.finna.fi\/Record\/vaski.4145958\" target=\"_blank\" rel=\"noopener\"><em>Om du m\u00f6ter en bj\u00f6rn<\/em> Vaski-verkkokirjastossa.<\/a><\/p>\n<p><a href=\"https:\/\/vaski.finna.fi\/Record\/vaski.4179862\" target=\"_blank\" rel=\"noopener\"><em>Jos kohtaat karhun<\/em> Vaski-verkkokirjastossa.<\/a><\/p>\n<p>Pia Krutsin, Jani Ikonen (kuv.). (2021). <em>Kaupunki Kukaties<\/em>. (WSOY).<\/p>\n<p><a href=\"https:\/\/vaski.finna.fi\/Record\/vaski.4137541\" target=\"_blank\" rel=\"noopener\"><em>Kaupunki Kukaties<\/em> Vaski-verkkokirjastossa.<\/a><\/p>\n<p>Timo Parvela, Pasi Pitk\u00e4nen (kuv.). (2021).<em>\u00a0Kepler62 Terra: Kloonit<\/em>. (WSOY).<\/p>\n<p><a href=\"https:\/\/vaski.finna.fi\/Record\/vaski.4145565\" target=\"_blank\" rel=\"noopener\"><em>Kepler62 Terra: Kloonit<\/em> Vaski-verkkokirjastossa.<\/a><\/p>\n<p>Dess Terentjeva. (2021). <em>Ihana<\/em>. (WSOY).<\/p>\n<p><a href=\"https:\/\/vaski.finna.fi\/Record\/vaski.4180216\" target=\"_blank\" rel=\"noopener\"><em>Ihana<\/em> Vaski-verkkokirjastossa.<\/a><\/p>\n<h2>Ehdokastilaisuus 10.11.2021<\/h2>\n<p>Lasten- ja nuortenkirjallisuuden Finlandia-palkinnon valintalautakunta julkisti ehdokasteokset keskiviikkona 10.11.2021. Lautakunnan j\u00e4senin\u00e4 t\u00e4n\u00e4 vuonna toimivat elokuva- ja tv-alan asiantuntija Petri Kemppinen (puheenjohtaja), kirjastoalan asiantuntija P\u00e4ivi Jokitalo ja Lukukeskuksen kehitt\u00e4misp\u00e4\u00e4llikk\u00f6 Emmi J\u00e4kk\u00f6. T\u00e4m\u00e4n vuoden palkinnonsaajan ehdokkaiden joukosta valitsee futuristi ja tietokirjailija Perttu P\u00f6l\u00f6nen.<\/p>\n<p><a href=\"https:\/\/kirjasaatio.fi\/finlandia\/lasten-ja-nuortenkirjallisuuden-finlandia\/lasten-ja-nuortenkirjallisuuden-finlandia-ehdokkaat\" target=\"_blank\" rel=\"noopener\">Katso ehdokastilaisuuden tallenne Suomen Kirjas\u00e4\u00e4ti\u00f6n verkkosivuilta (www.kirjasaatio.fi).<\/a><\/p>\n<hr \/>\n<p>Lasten- ja nuortenkirjallisuuden Finlandia-voittaja 2021 on Anne-Maija Aalto teoksellaan <em>Mist\u00e4 valo p\u00e4\u00e4see sis\u00e4\u00e4n<\/em> (Otava).<\/p>\n<hr \/>\n<p>Lasten- ja nuortenkirjallisuuden Finlandia-palkinto on Suomen Kirjas\u00e4\u00e4ti\u00f6n jakama tunnustus ansiokkaalle suomalaiselle lasten- tai nuortenkirjalle. Palkinto on suuruudeltaan 30 000 euroa. Lasten- ja nuortenkirjallisuudelle Finlandia-palkintoa on jaettu vuodesta 1997.<\/p>\n","protected":false},"excerpt":{"rendered":"<p>Lasten- ja nuortenkirjallisuuden Finlandia Vuoden 2021 lasten- ja nuortenkirjallisuuden Finlandia-palkinnon ehdokkaat on nyt julkaistu! Ehdokkaat: Anne-Maija Aalto (2021). Mist\u00e4 valo p\u00e4\u00e4see sis\u00e4\u00e4n. (Otava). Mist\u00e4 valo p\u00e4\u00e4see sis\u00e4\u00e4n Vaski-verkkokirjastossa. Laura Ertimo &amp; Mari Ahokoivu (kuv.). (2021). Aika matka! Lotta, Kasper ja luontokadon arvoitus. (Into Kustannus). Aika matka! Lotta, Kasper ja luontokadon arvoitus Vaski-verkkokirjastossa. Malin Kivel\u00e4, Martin &hellip; <a href=\"https:\/\/blog.edu.turku.fi\/lukutaito\/materiaalia\/lapsille-ja-lapsiperheille\/kirjavinkit-kirjallisuuspalkintojen-mukaan\/lasten-ja-nuortenkirjallisuuden-finlandiaehdokkaat-2021\/\" class=\"more-link\">Jatka lukemista<span class=\"screen-reader-text\"> &#8221;Lasten- ja nuortenkirjallisuuden Finlandiaehdokkaat 2021&#8221;<\/span><\/a><\/p>\n","protected":false},"author":2465,"featured_media":0,"parent":2430,"menu_order":0,"comment_status":"closed","ping_status":"closed","template":"","meta":{"footnotes":""},"class_list":["post-2188","page","type-page","status-publish","hentry"],"_links":{"self":[{"href":"https:\/\/blog.edu.turku.fi\/lukutaito\/wp-json\/wp\/v2\/pages\/2188","targetHints":{"allow":["GET"]}}],"collection":[{"href":"https:\/\/blog.edu.turku.fi\/lukutaito\/wp-json\/wp\/v2\/pages"}],"about":[{"href":"https:\/\/blog.edu.turku.fi\/lukutaito\/wp-json\/wp\/v2\/types\/page"}],"author":[{"embeddable":true,"href":"https:\/\/blog.edu.turku.fi\/lukutaito\/wp-json\/wp\/v2\/users\/2465"}],"replies":[{"embeddable":true,"href":"https:\/\/blog.edu.turku.fi\/lukutaito\/wp-json\/wp\/v2\/comments?post=2188"}],"version-history":[{"count":3,"href":"https:\/\/blog.edu.turku.fi\/lukutaito\/wp-json\/wp\/v2\/pages\/2188\/revisions"}],"predecessor-version":[{"id":2217,"href":"https:\/\/blog.edu.turku.fi\/lukutaito\/wp-json\/wp\/v2\/pages\/2188\/revisions\/2217"}],"up":[{"embeddable":true,"href":"https:\/\/blog.edu.turku.fi\/lukutaito\/wp-json\/wp\/v2\/pages\/2430"}],"wp:attachment":[{"href":"https:\/\/blog.edu.turku.fi\/lukutaito\/wp-json\/wp\/v2\/media?parent=2188"}],"curies":[{"name":"wp","href":"https:\/\/api.w.org\/{rel}","templated":true}]}}