{"id":2113,"date":"2021-09-24T14:32:49","date_gmt":"2021-09-24T11:32:49","guid":{"rendered":"https:\/\/blog.edu.turku.fi\/lukutaito\/?page_id=2113"},"modified":"2021-09-27T07:51:12","modified_gmt":"2021-09-27T04:51:12","slug":"tarkeita-tarinoita-esite","status":"publish","type":"page","link":"https:\/\/blog.edu.turku.fi\/lukutaito\/materiaalia\/kasvatus-ja-opetushenkilokunnalle\/tarkeita-tarinoita-esite\/","title":{"rendered":"T\u00e4rkeit\u00e4 tarinoita -esite"},"content":{"rendered":"<h1>Lukeminen on koko perheen yhteinen harrastus!<\/h1>\n<p>T\u00e4rkeit\u00e4 tarinoita -esite on kaikkien turkulaisten lasten ja lapsiperheiden lukuinnon edist\u00e4miseksi luotu tukimateriaali. Esite sis\u00e4lt\u00e4\u00e4 lukuintoa ja lukuharrastuneisuutta kehitt\u00e4v\u00e4n yhteis\u00f6llisen piirustus- ja kirjoitusteht\u00e4v\u00e4n, sek\u00e4 monikielisyytt\u00e4 ja monikulttuurisuutta tukevaa materiaalia.<\/p>\n<p><a href=\"https:\/\/blog.edu.turku.fi\/lukutaito\/files\/2021\/09\/Tarkeita-tarinoita-esite-Suuntaa-lukemiseen.pdf\" target=\"_blank\" rel=\"noopener\">T\u00e4rkeit\u00e4 tarinoita -esite<\/a><\/p>\n<p><a href=\"https:\/\/blog.edu.turku.fi\/lukutaito\/files\/2021\/09\/Tarkeita-tarinoita_ohjeistus-suomeksi-Suuntaa-lukemiseen.pdf\" target=\"_blank\" rel=\"noopener\">T\u00e4rkeit\u00e4 tarinoita &#8211; ohjeistus suomeksi<\/a><\/p>\n<p><a href=\"https:\/\/blog.edu.turku.fi\/lukutaito\/files\/2021\/09\/Betydelsefulla-berattelser-broschyren-Rikta-dig-till-lasning.pdf\" target=\"_blank\" rel=\"noopener\">Betydelsefulla ber\u00e4ttelser -broschyren<\/a><\/p>\n<p><a href=\"https:\/\/blog.edu.turku.fi\/lukutaito\/files\/2021\/09\/Betydelsefulla-berattelser_anvisningar-pa-svenska_Rikta-dig-till-lasning.pdf\" target=\"_blank\" rel=\"noopener\">Betydelsefulla ber\u00e4ttelser anvisningar p\u00e5 svenska<\/a><\/p>\n<p>Lis\u00e4\u00e4 esitteest\u00e4 sek\u00e4 lukuvinkkej\u00e4 koko perheelle <a href=\"https:\/\/blog.edu.turku.fi\/lukutaito\/2021\/09\/13\/uusi-tarkeita-tarinoita-esite-lukuinnon-edistamiseksi-julkaistu\/\" target=\"_blank\" rel=\"noopener\">Lukuiloa-blogissa (13.9.2021)<\/a>.<\/p>\n<p><a href=\"https:\/\/blog.edu.turku.fi\/lukutaito\/files\/2021\/09\/IMG20210926154605__01.jpg\"><img loading=\"lazy\" decoding=\"async\" class=\"aligncenter wp-image-2140 size-large\" src=\"https:\/\/blog.edu.turku.fi\/lukutaito\/files\/2021\/09\/IMG20210926154605__01-1024x698.jpg\" alt=\"\" width=\"1024\" height=\"698\" srcset=\"https:\/\/blog.edu.turku.fi\/lukutaito\/files\/2021\/09\/IMG20210926154605__01.jpg 1024w, https:\/\/blog.edu.turku.fi\/lukutaito\/files\/2021\/09\/IMG20210926154605__01-300x204.jpg 300w\" sizes=\"auto, (max-width: 709px) 85vw, (max-width: 909px) 67vw, (max-width: 1362px) 62vw, 840px\" \/><\/a><\/p>\n<hr \/>\n<p>T\u00e4rkeit\u00e4 tarinoita -esitteen on tuottanut Turun kaupungin lukutaitoprojekti Suuntaa lukemiseen! (2020\u20132022) yhteisty\u00f6ss\u00e4 Turun kaupunginkirjaston lastenosasto Saagan kanssa.<\/p>\n","protected":false},"excerpt":{"rendered":"<p>Lukeminen on koko perheen yhteinen harrastus! T\u00e4rkeit\u00e4 tarinoita -esite on kaikkien turkulaisten lasten ja lapsiperheiden lukuinnon edist\u00e4miseksi luotu tukimateriaali. Esite sis\u00e4lt\u00e4\u00e4 lukuintoa ja lukuharrastuneisuutta kehitt\u00e4v\u00e4n yhteis\u00f6llisen piirustus- ja kirjoitusteht\u00e4v\u00e4n, sek\u00e4 monikielisyytt\u00e4 ja monikulttuurisuutta tukevaa materiaalia. T\u00e4rkeit\u00e4 tarinoita -esite T\u00e4rkeit\u00e4 tarinoita &#8211; ohjeistus suomeksi Betydelsefulla ber\u00e4ttelser -broschyren Betydelsefulla ber\u00e4ttelser anvisningar p\u00e5 svenska Lis\u00e4\u00e4 esitteest\u00e4 sek\u00e4 lukuvinkkej\u00e4 &hellip; <a href=\"https:\/\/blog.edu.turku.fi\/lukutaito\/materiaalia\/kasvatus-ja-opetushenkilokunnalle\/tarkeita-tarinoita-esite\/\" class=\"more-link\">Jatka lukemista<span class=\"screen-reader-text\"> &#8221;T\u00e4rkeit\u00e4 tarinoita -esite&#8221;<\/span><\/a><\/p>\n","protected":false},"author":2465,"featured_media":0,"parent":23,"menu_order":0,"comment_status":"closed","ping_status":"closed","template":"","meta":{"footnotes":""},"class_list":["post-2113","page","type-page","status-publish","hentry"],"_links":{"self":[{"href":"https:\/\/blog.edu.turku.fi\/lukutaito\/wp-json\/wp\/v2\/pages\/2113","targetHints":{"allow":["GET"]}}],"collection":[{"href":"https:\/\/blog.edu.turku.fi\/lukutaito\/wp-json\/wp\/v2\/pages"}],"about":[{"href":"https:\/\/blog.edu.turku.fi\/lukutaito\/wp-json\/wp\/v2\/types\/page"}],"author":[{"embeddable":true,"href":"https:\/\/blog.edu.turku.fi\/lukutaito\/wp-json\/wp\/v2\/users\/2465"}],"replies":[{"embeddable":true,"href":"https:\/\/blog.edu.turku.fi\/lukutaito\/wp-json\/wp\/v2\/comments?post=2113"}],"version-history":[{"count":12,"href":"https:\/\/blog.edu.turku.fi\/lukutaito\/wp-json\/wp\/v2\/pages\/2113\/revisions"}],"predecessor-version":[{"id":2142,"href":"https:\/\/blog.edu.turku.fi\/lukutaito\/wp-json\/wp\/v2\/pages\/2113\/revisions\/2142"}],"up":[{"embeddable":true,"href":"https:\/\/blog.edu.turku.fi\/lukutaito\/wp-json\/wp\/v2\/pages\/23"}],"wp:attachment":[{"href":"https:\/\/blog.edu.turku.fi\/lukutaito\/wp-json\/wp\/v2\/media?parent=2113"}],"curies":[{"name":"wp","href":"https:\/\/api.w.org\/{rel}","templated":true}]}}