{"id":1821,"date":"2021-06-08T14:47:39","date_gmt":"2021-06-08T11:47:39","guid":{"rendered":"https:\/\/blog.edu.turku.fi\/lukutaito\/?page_id=1821"},"modified":"2022-06-06T10:39:13","modified_gmt":"2022-06-06T07:39:13","slug":"sanataidepaiva-go-sanataide-go","status":"publish","type":"page","link":"https:\/\/blog.edu.turku.fi\/lukutaito\/materiaalia\/lapsille-ja-lapsiperheille\/sanataidepaiva-go-sanataide-go\/","title":{"rendered":"GO SANATAIDE GO! 2021"},"content":{"rendered":"<h1>Tervetuloa sanataiteilemaan!<\/h1>\n<p>Lis\u00e4\u00e4 ensimm\u00e4isest\u00e4 sanataidep\u00e4iv\u00e4st\u00e4 Lukuiloa-blogissa: <a href=\"https:\/\/blog.edu.turku.fi\/lukutaito\/2021\/07\/08\/go-sanataide-go\/\" target=\"_blank\" rel=\"noopener\">GO SANATAIDE GO! (8.7.2021)<\/a>.<\/p>\n<hr \/>\n<p>Tule mukaan <em>GO SANATAIDE GO!<\/em> -sanataidep\u00e4iv\u00e4\u00e4n ja viet\u00e4 kes\u00e4loman luovin p\u00e4iv\u00e4!<\/p>\n<p>Suuntaa lukemiseen! -projekti j\u00e4rjest\u00e4\u00e4 <strong>runon ja suven p\u00e4iv\u00e4n\u00e4 tiistaina 6.7.2021 klo 12\u201318 Kupittaanpuistossa<\/strong> kaikille avoimen, maksuttoman ja koronaturvallisen sanataiteen teemap\u00e4iv\u00e4n <em>GO SANATAIDE GO!<\/em> Sanataidep\u00e4iv\u00e4 j\u00e4rjestet\u00e4\u00e4n yhdess\u00e4 paikallisten toimijoiden kanssa. P\u00e4iv\u00e4n aikana puistossa on tarjolla monenlaista mielikuvituksellista, satumaista ja osallistavaa toimintaa lapsille ja lapsiperheille \u2013 tervetuloa mukaan!<\/p>\n<p>P\u00e4iv\u00e4n aikana tiedossa on mm. Kirjan talon sanataiteilijoiden ohjaamia pop-up-sanataidety\u00f6pajoja, A:sta \u00f6:hon Muumien matkassa: #MoominABC-n\u00e4yttely sek\u00e4 yhteis\u00f6sanataideteos. Lis\u00e4ksi puistoon py\u00f6r\u00e4ilee pop-up-fillarilla Turun kaupunginkirjaston lastenosasto Saaga, ja p\u00e4iv\u00e4n aikana voi t\u00f6rm\u00e4t\u00e4 my\u00f6s TEHDAS Teatterin Hattujahti -esityksest\u00e4 tuttuun Kanaan. Opetusministeri Li Andersson toimii tapahtuman suojelijana.<\/p>\n<p><em>GO SANATAIDE GO!<\/em> -sanataidep\u00e4iv\u00e4 on kaikille avoin ja maksuton ulkotapahtuma. Toimintaan ei tarvitse ilmoittautua, riitt\u00e4\u00e4 ett\u00e4 tulee paikalle. Osallistujia pyydet\u00e4\u00e4n noudattamaan voimassa olevia hygienia- ja yskimiss\u00e4\u00e4nt\u00f6j\u00e4 sek\u00e4 riitt\u00e4vi\u00e4 turvav\u00e4lej\u00e4. S\u00e4\u00e4varaus.<\/p>\n<h2>Yhteisty\u00f6kumppanit:<\/h2>\n<p>Aura of Puppets<br \/>\nInformationscentret Luckan i \u00c5bo<br \/>\nKirjan talo &#8211; Bokens hus ry<br \/>\nLastenosasto Saaga \/ Turun kaupunginkirjasto<br \/>\nMLL Varsinais-Suomen piiri \/ Perhekeskus Marakatti<br \/>\nOrdkonst hela v\u00e4gen -projekti<br \/>\nSanojen sinfonia Lounais-Suomessa -hanke<br \/>\nSeikkailupuisto<br \/>\nSydkustens ordkonstskola<br \/>\nTurun Sarjakuvakerho ry<\/p>\n<hr \/>\n<p>Pid\u00e4t\u00e4mme oikeudet muutoksiin.<\/p>\n","protected":false},"excerpt":{"rendered":"<p>Tervetuloa sanataiteilemaan! Lis\u00e4\u00e4 ensimm\u00e4isest\u00e4 sanataidep\u00e4iv\u00e4st\u00e4 Lukuiloa-blogissa: GO SANATAIDE GO! (8.7.2021). Tule mukaan GO SANATAIDE GO! -sanataidep\u00e4iv\u00e4\u00e4n ja viet\u00e4 kes\u00e4loman luovin p\u00e4iv\u00e4! Suuntaa lukemiseen! -projekti j\u00e4rjest\u00e4\u00e4 runon ja suven p\u00e4iv\u00e4n\u00e4 tiistaina 6.7.2021 klo 12\u201318 Kupittaanpuistossa kaikille avoimen, maksuttoman ja koronaturvallisen sanataiteen teemap\u00e4iv\u00e4n GO SANATAIDE GO! Sanataidep\u00e4iv\u00e4 j\u00e4rjestet\u00e4\u00e4n yhdess\u00e4 paikallisten toimijoiden kanssa. P\u00e4iv\u00e4n aikana puistossa on tarjolla &hellip; <a href=\"https:\/\/blog.edu.turku.fi\/lukutaito\/materiaalia\/lapsille-ja-lapsiperheille\/sanataidepaiva-go-sanataide-go\/\" class=\"more-link\">Jatka lukemista<span class=\"screen-reader-text\"> &#8221;GO SANATAIDE GO! 2021&#8221;<\/span><\/a><\/p>\n","protected":false},"author":2465,"featured_media":1911,"parent":2172,"menu_order":0,"comment_status":"closed","ping_status":"closed","template":"","meta":{"footnotes":""},"class_list":["post-1821","page","type-page","status-publish","has-post-thumbnail","hentry"],"_links":{"self":[{"href":"https:\/\/blog.edu.turku.fi\/lukutaito\/wp-json\/wp\/v2\/pages\/1821","targetHints":{"allow":["GET"]}}],"collection":[{"href":"https:\/\/blog.edu.turku.fi\/lukutaito\/wp-json\/wp\/v2\/pages"}],"about":[{"href":"https:\/\/blog.edu.turku.fi\/lukutaito\/wp-json\/wp\/v2\/types\/page"}],"author":[{"embeddable":true,"href":"https:\/\/blog.edu.turku.fi\/lukutaito\/wp-json\/wp\/v2\/users\/2465"}],"replies":[{"embeddable":true,"href":"https:\/\/blog.edu.turku.fi\/lukutaito\/wp-json\/wp\/v2\/comments?post=1821"}],"version-history":[{"count":24,"href":"https:\/\/blog.edu.turku.fi\/lukutaito\/wp-json\/wp\/v2\/pages\/1821\/revisions"}],"predecessor-version":[{"id":2446,"href":"https:\/\/blog.edu.turku.fi\/lukutaito\/wp-json\/wp\/v2\/pages\/1821\/revisions\/2446"}],"up":[{"embeddable":true,"href":"https:\/\/blog.edu.turku.fi\/lukutaito\/wp-json\/wp\/v2\/pages\/2172"}],"wp:featuredmedia":[{"embeddable":true,"href":"https:\/\/blog.edu.turku.fi\/lukutaito\/wp-json\/wp\/v2\/media\/1911"}],"wp:attachment":[{"href":"https:\/\/blog.edu.turku.fi\/lukutaito\/wp-json\/wp\/v2\/media?parent=1821"}],"curies":[{"name":"wp","href":"https:\/\/api.w.org\/{rel}","templated":true}]}}