{"id":1809,"date":"2021-06-05T16:00:42","date_gmt":"2021-06-05T13:00:42","guid":{"rendered":"https:\/\/blog.edu.turku.fi\/lukutaito\/?page_id=1809"},"modified":"2022-06-06T10:39:32","modified_gmt":"2022-06-06T07:39:32","slug":"suuntaa-lukemiseen-lastenkirjasuunnistus-kesalla-2021","status":"publish","type":"page","link":"https:\/\/blog.edu.turku.fi\/lukutaito\/materiaalia\/lapsille-ja-lapsiperheille\/suuntaa-lukemiseen-lastenkirjasuunnistus-kesalla-2021\/","title":{"rendered":"Lastenkirjasuunnistus 2021"},"content":{"rendered":"<h1>Kes\u00e4inen lastenkirjasuunnistus lapsille ja lapsiperheille<\/h1>\n<p>Tervetuloa lastenkirjasuunnistamaan! Eri puolilla Turkua sijaitsevat lastenkirjasuunnistusreitit ovat vapaasti kierrett\u00e4viss\u00e4 16.6.\u201313.7.2021 v\u00e4lisen\u00e4 aikana. Ei ennakkoilmoittautumista. Osallistuminen on maksutonta.<\/p>\n<p>Kes\u00e4n lastenkirjasuunnistus perustuu Turun kaupunginkirjaston iltasatupassin kirjalistoihin. Suunnistuksen j\u00e4rjest\u00e4\u00e4 <em>Suuntaa lukemiseen!<\/em> -projekti yhdess\u00e4 <em>Ordkonst hela v\u00e4gen<\/em> -projektin, <em>Sanojen sinfonia Lounais-Suomessa<\/em> -hankkeen ja Turun kaupunginkirjaston kanssa.<\/p>\n<p>Suunnistus sis\u00e4lt\u00e4\u00e4 lapsille ja lapsiperheille suunnattuja toiminnallisia teht\u00e4vi\u00e4 ja kirjavinkkej\u00e4. Jokaisessa teht\u00e4v\u00e4rastissa on my\u00f6s mobiililaitteella luettava QR-koodi, joka johdattaa kirjavinkin sivulle Vaski-verkkokirjastossa.<\/p>\n<p>Kes\u00e4n lastenkirjasuunnistus on ensisijaisesti suunnattu lapsille ja lapsiperheille, mutta kuka tahansa voi osallistua suunnistukseen, i\u00e4st\u00e4 huolimatta! Suunnistaa voi haluamallaan tavalla, reitti\u00e4 ei siis ole pakko kiert\u00e4\u00e4 kokonaan tai yhdell\u00e4 kertaa.<\/p>\n<h2>Lastenkirjasuunnistusta ymp\u00e4ri Turkua<\/h2>\n<p>Kes\u00e4n lastenkirjasuunnistuksen reitit sijaitsevat Katariinanlaaksossa, Kupittaalla, Runosm\u00e4ess\u00e4 ja Varissuolla.<\/p>\n<p>Reittien l\u00e4ht\u00f6pisteet:<\/p>\n<ul>\n<li>Katariinanlaakso: Katariinanlaakson luonnonsuojelualueen P-paikka, Sigridinpolku 5<\/li>\n<li>Kupittaa: Kupittaanl\u00e4hteen leikkipaikka, Kupittaankadun alusta l\u00e4htev\u00e4n k\u00e4velytien varrella<\/li>\n<li>Runosm\u00e4ki: Runosm\u00e4en kirjasto, Piiparinpolku 13<\/li>\n<li>Varissuo: Varissuon kirjasto, Nisse Kavon katu 3<\/li>\n<\/ul>\n<p>Kaikki suunnistusreitit ovat sis\u00e4ll\u00f6lt\u00e4\u00e4n samanlaisia, mutta rastien j\u00e4rjestys saattaa vaihdella.<\/p>\n<h2>Lastenkirjasuunnistus verkossa<\/h2>\n<p>Kes\u00e4n lastenkirjasuunnistus l\u00f6ytyy my\u00f6s verkosta \u2013 suunnistaa voi siis miss\u00e4 ja milloin vain! Verkkoversiossa on samat teht\u00e4v\u00e4t ja kirjavinkit kuin fyysisess\u00e4kin suunnistuksessa.<\/p>\n<p>Suunnistuksen aloittava rasti aukeaa klikkaamalla p\u00e4\u00e4kuvasta l\u00f6ytyv\u00e4\u00e4 t\u00e4htikuviota. Suunnistusreitin teht\u00e4v\u00e4rastit saa auki klikkaamalla p\u00e4\u00e4kuvassa olevia eriv\u00e4risi\u00e4 numeroita 1\u20138. Jokaisella rastilla on hauskoja teht\u00e4vi\u00e4, kirjavinkki sek\u00e4 linkki, joka johdattaa kullakin rastilla vinkatun kirjan sivulle Vaski-verkkokirjastossa.<\/p>\n<p><a href=\"https:\/\/www.thinglink.com\/scene\/1459098157341212673\" target=\"_blank\" rel=\"noopener\">Suuntaa lukemiseen! -lastenkirjasuunnistus kes\u00e4ll\u00e4 2021 verkossa<\/a><\/p>\n<p>My\u00f6s fyysisen suunnistuksen rastit ovat vapaasti saatavilla verkkosivuilta &#8211; n\u00e4in ollen kaikki halukkaat p\u00e4\u00e4sev\u00e4t nauttimaan projektin kes\u00e4isest\u00e4 lastenkirjasuunnistuksesta!<\/p>\n<p><a href=\"https:\/\/blog.edu.turku.fi\/lukutaito\/files\/2021\/06\/Tulostettava-lastenkirjasuunnistus_kesa2021.pdf\" target=\"_blank\" rel=\"noopener\">Tulosta rastit ja j\u00e4rjest\u00e4 oma lastenkirjasuunnistus! (pdf-tiedosto aukeaa erilliselle v\u00e4lilehdelle)<\/a><\/p>\n<h2>Kirjalista<\/h2>\n<p>Ohessa on lista kaikista kes\u00e4n suomenkielisess\u00e4 lastenkirjasuunnistuksessa mukana olevista kirjoista. Jokaisen kirjan yhtedess\u00e4 on my\u00f6s linkki kirjan sivuille Vaski-verkkokirjastossa.<\/p>\n<p><strong>Pinnalla pinnan alla<\/strong>\u00a0(2019) &#8211; Eveliina Netti<\/p>\n<ul>\n<li><a href=\"https:\/\/vaski.finna.fi\/Record\/vaski.3960175\" target=\"_blank\" rel=\"noopener\">Linkki kirjan sivulle Vaski-tietokannassa<\/a><\/li>\n<\/ul>\n<p><strong>Kun kohtaat avaruusolennon : viisi t\u00e4rke\u00e4 ohjetta<\/strong> (2019) &#8211; Petri Tamminen, Valpuri Kerttula (kuv.)<\/p>\n<ul>\n<li><a href=\"https:\/\/vaski.finna.fi\/Record\/vaski.3830182\" target=\"_blank\" rel=\"noopener\">Linkki kirjan sivulle Vaski-tietokannassa<\/a><\/li>\n<\/ul>\n<p><strong>Hattaratuuli : piirret\u00e4\u00e4n satuja iholle<\/strong> (2021) &#8211; Nora Lehtinen, Jenni Skytt\u00e4-Forssell, Reetta Niemensivu (kuv.)<\/p>\n<ul>\n<li><a href=\"https:\/\/vaski.finna.fi\/Record\/vaski.4138509\" target=\"_blank\" rel=\"noopener\">Linkki kirjan sivulle Vaski-tietokannassa<\/a><\/li>\n<\/ul>\n<p><strong>Onnelliset aakkoset<\/strong> (2021) &#8211; Paula Nivukoski, Tove Jansson (kuv.)<\/p>\n<ul>\n<li><a href=\"https:\/\/vaski.finna.fi\/Record\/vaski.4138487\" target=\"_blank\" rel=\"noopener\">Linkki kirjan sivulle Vaski-tietokannassa<\/a><\/li>\n<\/ul>\n<p><strong>Pikku Prinssi<\/strong> (alk. 1943) &#8211; Antoine de Saint-Exup\u00e9ry, Irma Packal\u00e9n (k\u00e4\u00e4nt.)<\/p>\n<ul>\n<li><a href=\"https:\/\/vaski.finna.fi\/Record\/vaski.111641\" target=\"_blank\" rel=\"noopener\">Linkki kirjan sivulle Vaski-tietokannassa<\/a><\/li>\n<\/ul>\n<p><strong>Merimonsterit : kun maailma oli litte\u00e4 ja meri kuhisi hirvi\u00f6it\u00e4..<\/strong> (2019) &#8211; Laura Ruohonen, Erika Kallasmaa (kuv.)<\/p>\n<ul>\n<li><a href=\"https:\/\/vaski.finna.fi\/Record\/vaski.4002427\" target=\"_blank\" rel=\"noopener\">Linkki kirja sivulle Vaski-tietokannassa<\/a><\/li>\n<\/ul>\n<p><strong>N\u00e4hd\u00e4\u00e4n majalla, lintuagentit!<\/strong>\u00a0(2017) &#8211; Reetta Niemel\u00e4 (kirj.), Sanna Pelliccioni (kirj., kuv., val.), Mia R\u00f6nka (kirj.), Anneli Nurmi-Lukkarinen (val.), Ari Rosenberg (val.<\/p>\n<ul>\n<li><a href=\"https:\/\/vaski.finna.fi\/Record\/vaski.3544133\" target=\"_blank\" rel=\"noopener\">Linkki kirjan sivulle Vaski-tietokannassa<\/a><\/li>\n<\/ul>\n<p><strong>Hulluja satuja<\/strong>\u00a0(2021) &#8211; Paula Noronen, Minna Kivel\u00e4, Aiju\u00a0 Salminen (kuv.)<\/p>\n<ul>\n<li><a href=\"https:\/\/vaski.finna.fi\/Record\/vaski.4136221\" target=\"_blank\" rel=\"noopener\">Linkki kirjan sivulle Vaski-tietokannassa<\/a><\/li>\n<\/ul>\n<hr \/>\n<p>Pid\u00e4t\u00e4mme oikeudet muutoksiin.<\/p>\n","protected":false},"excerpt":{"rendered":"<p>Kes\u00e4inen lastenkirjasuunnistus lapsille ja lapsiperheille Tervetuloa lastenkirjasuunnistamaan! Eri puolilla Turkua sijaitsevat lastenkirjasuunnistusreitit ovat vapaasti kierrett\u00e4viss\u00e4 16.6.\u201313.7.2021 v\u00e4lisen\u00e4 aikana. Ei ennakkoilmoittautumista. Osallistuminen on maksutonta. Kes\u00e4n lastenkirjasuunnistus perustuu Turun kaupunginkirjaston iltasatupassin kirjalistoihin. Suunnistuksen j\u00e4rjest\u00e4\u00e4 Suuntaa lukemiseen! -projekti yhdess\u00e4 Ordkonst hela v\u00e4gen -projektin, Sanojen sinfonia Lounais-Suomessa -hankkeen ja Turun kaupunginkirjaston kanssa. Suunnistus sis\u00e4lt\u00e4\u00e4 lapsille ja lapsiperheille suunnattuja toiminnallisia &hellip; <a href=\"https:\/\/blog.edu.turku.fi\/lukutaito\/materiaalia\/lapsille-ja-lapsiperheille\/suuntaa-lukemiseen-lastenkirjasuunnistus-kesalla-2021\/\" class=\"more-link\">Jatka lukemista<span class=\"screen-reader-text\"> &#8221;Lastenkirjasuunnistus 2021&#8221;<\/span><\/a><\/p>\n","protected":false},"author":2465,"featured_media":1861,"parent":2172,"menu_order":0,"comment_status":"closed","ping_status":"closed","template":"","meta":{"footnotes":""},"class_list":["post-1809","page","type-page","status-publish","has-post-thumbnail","hentry"],"_links":{"self":[{"href":"https:\/\/blog.edu.turku.fi\/lukutaito\/wp-json\/wp\/v2\/pages\/1809","targetHints":{"allow":["GET"]}}],"collection":[{"href":"https:\/\/blog.edu.turku.fi\/lukutaito\/wp-json\/wp\/v2\/pages"}],"about":[{"href":"https:\/\/blog.edu.turku.fi\/lukutaito\/wp-json\/wp\/v2\/types\/page"}],"author":[{"embeddable":true,"href":"https:\/\/blog.edu.turku.fi\/lukutaito\/wp-json\/wp\/v2\/users\/2465"}],"replies":[{"embeddable":true,"href":"https:\/\/blog.edu.turku.fi\/lukutaito\/wp-json\/wp\/v2\/comments?post=1809"}],"version-history":[{"count":29,"href":"https:\/\/blog.edu.turku.fi\/lukutaito\/wp-json\/wp\/v2\/pages\/1809\/revisions"}],"predecessor-version":[{"id":2449,"href":"https:\/\/blog.edu.turku.fi\/lukutaito\/wp-json\/wp\/v2\/pages\/1809\/revisions\/2449"}],"up":[{"embeddable":true,"href":"https:\/\/blog.edu.turku.fi\/lukutaito\/wp-json\/wp\/v2\/pages\/2172"}],"wp:featuredmedia":[{"embeddable":true,"href":"https:\/\/blog.edu.turku.fi\/lukutaito\/wp-json\/wp\/v2\/media\/1861"}],"wp:attachment":[{"href":"https:\/\/blog.edu.turku.fi\/lukutaito\/wp-json\/wp\/v2\/media?parent=1809"}],"curies":[{"name":"wp","href":"https:\/\/api.w.org\/{rel}","templated":true}]}}