{"id":1294,"date":"2021-03-03T14:28:42","date_gmt":"2021-03-03T12:28:42","guid":{"rendered":"https:\/\/blog.edu.turku.fi\/lukutaito\/?page_id=1294"},"modified":"2022-06-06T10:39:06","modified_gmt":"2022-06-06T07:39:06","slug":"sanataidetyopajat","status":"publish","type":"page","link":"https:\/\/blog.edu.turku.fi\/lukutaito\/materiaalia\/kasvatus-ja-opetushenkilokunnalle\/sanataidetyopajat\/","title":{"rendered":"Sanataidety\u00f6pajat 2021"},"content":{"rendered":"<h1>Luovaa lukemista ja yhteist\u00e4 kielt\u00e4 sanataiteella<\/h1>\n<p>Joko tunnet sanataiteen aakkoset tai tied\u00e4t kuinka luetaan luovasti?<\/p>\n<p>Suuntaa lukemiseen! -projekti j\u00e4rjesti yhteisty\u00f6ss\u00e4 Kirjan talo \u2013 Bokens hus ry:n kanssa sarjan sanataidety\u00f6pajoja huhtikuussa 2021. Ty\u00f6pajat oli suunnattu ensisijaisesti varhaiskasvatuksen sek\u00e4 esi- ja alkuopetuksen henkil\u00f6st\u00f6lle, mutta my\u00f6s muut pienten lasten kanssa ty\u00f6skentelev\u00e4t olivat tervetulleita. Ty\u00f6pajojen tavoitteena oli antaa ty\u00f6kaluja kirjallisuuden ja luovan yhdess\u00e4olon lis\u00e4\u00e4miseen. Kouluttajina toimivat pitk\u00e4n linjan sanataiteen ammattilaiset Hanna Dufva, Jasmine Westerlund, Paola Fraboni ja Katja von Wendt.<\/p>\n<p>Sanataidety\u00f6pajat toteutettiin Teamsin v\u00e4lityksell\u00e4, ja ne olivat maksuttomia. Koulutuksia j\u00e4rjestettiin sek\u00e4 suomeksi ett\u00e4 ruotsiksi. Ty\u00f6pajoja j\u00e4rjestettiin kahdella eri sis\u00e4ll\u00f6ll\u00e4.<\/p>\n<h2><b><span data-contrast=\"auto\">Luova lukeminen, 45 min<\/span><\/b><span data-ccp-props=\"{&quot;201341983&quot;:0,&quot;335559739&quot;:160,&quot;335559740&quot;:259}\">\u00a0<\/span><\/h2>\n<p><span data-contrast=\"none\">Maailmassa, joka on t\u00e4ynn\u00e4 virikkeit\u00e4, \u00e4rsykkeit\u00e4 ja jatkuvaa muutosta, lukeminen nousee arvoon arvaamattomaan. Mutta miten hidas lukeminen p\u00e4rj\u00e4\u00e4 nopeassa maailmassa? Miten kirjat ja lukeminen voivat tulla l\u00e4helle lasta h\u00e4nen omista mielenkiinnon kohteistaan kumpuavien mediatekstien kautta?<\/span><span data-ccp-props=\"{&quot;201341983&quot;:0,&quot;335559739&quot;:160,&quot;335559740&quot;:259}\">\u00a0<\/span><\/p>\n<h2><b><span data-contrast=\"auto\">Sanataiteen ABC, 45 min<\/span><\/b><span data-ccp-props=\"{&quot;201341983&quot;:0,&quot;335559739&quot;:160,&quot;335559740&quot;:259}\">\u00a0<\/span><\/h2>\n<p><span data-contrast=\"auto\">Sanataide voi olla ryhm\u00e4ss\u00e4 kieli, jolla luodaan yst\u00e4v\u00e4llist\u00e4 ja rakentavaa ilmapiiri\u00e4. Sanataide voi olla uusia alkuja ja hyvi\u00e4 juonenk\u00e4\u00e4nteit\u00e4 yksil\u00f6lliseen oppimiseen ja yhdess\u00e4 olemiseen. Ty\u00f6pajassa m\u00e4\u00e4ritell\u00e4\u00e4n, mik\u00e4 ja mit\u00e4 on sanataide, ja kuinka sit\u00e4 voisi hy\u00f6dynt\u00e4\u00e4 esimerkiksi opetuksessa.<\/span><span data-ccp-props=\"{&quot;201341983&quot;:0,&quot;335559739&quot;:160,&quot;335559740&quot;:259}\">\u00a0<\/span><\/p>\n<hr \/>\n<h2>Kirjan talo \u2013 Bokens hus ry<\/h2>\n<p><span class=\"TextRun BCX9 SCXW140001853\" lang=\"FI-FI\" xml:lang=\"FI-FI\" data-contrast=\"none\"><span class=\"NormalTextRun BCX9 SCXW140001853\">Kirjan talo on sanataiteen ja kirjallisuuden aluekeskus sek\u00e4 taiteen autonominen tila. Aluekeskuksena Kirjan talo ty\u00f6llist\u00e4\u00e4 sanataiteilijoita kirjallisuuden yleis\u00f6ty\u00f6h\u00f6n. Kirjallisuuden yleis\u00f6ty\u00f6ksi lasketaan mm. kirjallisuustapahtumat, lukupiirit, kirjoittajakurssit, sanataidekerhot, sanataiteen perusopetus, lukemisen edist\u00e4misty\u00f6 ja sanataidel\u00e4ht\u00f6inen palvelutuotanto. Kirjallisuuden yleis\u00f6ty\u00f6t\u00e4 teht\u00e4ess\u00e4 voidaan kirja j\u00e4tt\u00e4\u00e4 sivuun, jotta tekstiin tutustumisen j\u00e4\u00e4 aikaa.<\/span><\/span><\/p>\n<p><span class=\"EOP BCX9 SCXW140001853\" data-ccp-props=\"{&quot;201341983&quot;:0,&quot;335559739&quot;:160,&quot;335559740&quot;:259}\"> <a href=\"https:\/\/blog.edu.turku.fi\/lukutaito\/files\/2021\/09\/Kirjan-talo-black.png\"><img loading=\"lazy\" decoding=\"async\" class=\"aligncenter size-medium wp-image-2121\" src=\"https:\/\/blog.edu.turku.fi\/lukutaito\/files\/2021\/09\/Kirjan-talo-black-300x203.png\" alt=\"\" width=\"300\" height=\"203\" srcset=\"https:\/\/blog.edu.turku.fi\/lukutaito\/files\/2021\/09\/Kirjan-talo-black-300x203.png 300w, https:\/\/blog.edu.turku.fi\/lukutaito\/files\/2021\/09\/Kirjan-talo-black.png 730w\" sizes=\"auto, (max-width: 300px) 85vw, 300px\" \/><\/a><\/span><\/p>\n<hr \/>\n<p>Pid\u00e4t\u00e4mme oikeudet aikataulullisiin ja sis\u00e4ll\u00f6llisiin muutoksiin.<\/p>\n","protected":false},"excerpt":{"rendered":"<p>Luovaa lukemista ja yhteist\u00e4 kielt\u00e4 sanataiteella Joko tunnet sanataiteen aakkoset tai tied\u00e4t kuinka luetaan luovasti? Suuntaa lukemiseen! -projekti j\u00e4rjesti yhteisty\u00f6ss\u00e4 Kirjan talo \u2013 Bokens hus ry:n kanssa sarjan sanataidety\u00f6pajoja huhtikuussa 2021. Ty\u00f6pajat oli suunnattu ensisijaisesti varhaiskasvatuksen sek\u00e4 esi- ja alkuopetuksen henkil\u00f6st\u00f6lle, mutta my\u00f6s muut pienten lasten kanssa ty\u00f6skentelev\u00e4t olivat tervetulleita. Ty\u00f6pajojen tavoitteena oli antaa ty\u00f6kaluja &hellip; <a href=\"https:\/\/blog.edu.turku.fi\/lukutaito\/materiaalia\/kasvatus-ja-opetushenkilokunnalle\/sanataidetyopajat\/\" class=\"more-link\">Jatka lukemista<span class=\"screen-reader-text\"> &#8221;Sanataidety\u00f6pajat 2021&#8221;<\/span><\/a><\/p>\n","protected":false},"author":2465,"featured_media":1361,"parent":23,"menu_order":0,"comment_status":"closed","ping_status":"closed","template":"","meta":{"footnotes":""},"class_list":["post-1294","page","type-page","status-publish","has-post-thumbnail","hentry"],"_links":{"self":[{"href":"https:\/\/blog.edu.turku.fi\/lukutaito\/wp-json\/wp\/v2\/pages\/1294","targetHints":{"allow":["GET"]}}],"collection":[{"href":"https:\/\/blog.edu.turku.fi\/lukutaito\/wp-json\/wp\/v2\/pages"}],"about":[{"href":"https:\/\/blog.edu.turku.fi\/lukutaito\/wp-json\/wp\/v2\/types\/page"}],"author":[{"embeddable":true,"href":"https:\/\/blog.edu.turku.fi\/lukutaito\/wp-json\/wp\/v2\/users\/2465"}],"replies":[{"embeddable":true,"href":"https:\/\/blog.edu.turku.fi\/lukutaito\/wp-json\/wp\/v2\/comments?post=1294"}],"version-history":[{"count":42,"href":"https:\/\/blog.edu.turku.fi\/lukutaito\/wp-json\/wp\/v2\/pages\/1294\/revisions"}],"predecessor-version":[{"id":2445,"href":"https:\/\/blog.edu.turku.fi\/lukutaito\/wp-json\/wp\/v2\/pages\/1294\/revisions\/2445"}],"up":[{"embeddable":true,"href":"https:\/\/blog.edu.turku.fi\/lukutaito\/wp-json\/wp\/v2\/pages\/23"}],"wp:featuredmedia":[{"embeddable":true,"href":"https:\/\/blog.edu.turku.fi\/lukutaito\/wp-json\/wp\/v2\/media\/1361"}],"wp:attachment":[{"href":"https:\/\/blog.edu.turku.fi\/lukutaito\/wp-json\/wp\/v2\/media?parent=1294"}],"curies":[{"name":"wp","href":"https:\/\/api.w.org\/{rel}","templated":true}]}}