{"id":1282,"date":"2021-03-03T14:28:02","date_gmt":"2021-03-03T12:28:02","guid":{"rendered":"https:\/\/blog.edu.turku.fi\/lukutaito\/?page_id=1282"},"modified":"2022-10-21T08:40:53","modified_gmt":"2022-10-21T05:40:53","slug":"kaksikieliset-webinaaripaivat","status":"publish","type":"page","link":"https:\/\/blog.edu.turku.fi\/lukutaito\/materiaalia\/kasvatus-ja-opetushenkilokunnalle\/kaksikieliset-webinaaripaivat\/","title":{"rendered":"Kaksikieliset webinaarip\u00e4iv\u00e4t 2021"},"content":{"rendered":"<h1>Lukemisen edist\u00e4misen koulutusp\u00e4iv\u00e4t kev\u00e4\u00e4ll\u00e4 2021<\/h1>\n<p>Yksi Suuntaa lukemiseen! -projektin tavoitteista on tukea varhaiskasvatuksen ja alkuopetuksen henkil\u00f6st\u00f6\u00e4 lukukulttuurin kehitt\u00e4misess\u00e4 sek\u00e4 vahvistaa henkil\u00f6st\u00f6n osaamista.<\/p>\n<p>Suuntaa lukemiseen! -projekti j\u00e4rjesti yhteisty\u00f6ss\u00e4 Sanojen sinfonia Lounais-Suomessa -hankkeen kanssa kaksi lukemisen edist\u00e4misen koulutusp\u00e4iv\u00e4\u00e4 kev\u00e4\u00e4ll\u00e4 2021. Luennoilla kuultiin puheenvuoroja lukemisen, kirjallisuuden ja kasvatustieteen asiantuntijoilta.<\/p>\n<hr \/>\n<h2>Lauantai 27.3.2021 klo 10\u201313: Lastenkirjat iskev\u00e4t lukukipin\u00e4\u00e4!<\/h2>\n<p><strong>10.00\u201311.00<\/strong>\u00a0<span data-contrast=\"auto\">Aktuell barnlitteratur och forskning inom barnlitteraturen<\/span><span data-contrast=\"auto\"> \/ Mia \u00d6sterlund (FT,\u00a0<\/span> <span data-contrast=\"auto\">dos.)<\/span><\/p>\n<p><strong>11.00\u201312.00<\/strong> <span data-contrast=\"auto\">Lasten ja perheiden lukuinnon her\u00e4tt\u00e4minen<\/span><span data-contrast=\"auto\"> \/ Juli-Anna\u00a0<\/span><span data-contrast=\"auto\">Aerila (<\/span><span data-contrast=\"auto\">KT, <\/span><span data-contrast=\"auto\">dos.<\/span><span data-contrast=\"auto\">) <\/span><span data-ccp-props=\"{&quot;201341983&quot;:0,&quot;335559739&quot;:160,&quot;335559740&quot;:259}\">\u00a0<\/span><\/p>\n<p><strong>12.00\u201313.00<\/strong> <span data-contrast=\"auto\">K\u00e4yt\u00e4nn\u00f6n ty\u00f6v\u00e4lineit\u00e4 lukuinnon her\u00e4tt\u00e4miseen<\/span><span data-contrast=\"auto\"> \/ Juli-Anna\u00a0<\/span><span data-contrast=\"auto\">Aerila (<\/span><span data-contrast=\"auto\">KT, <\/span><span data-contrast=\"auto\">dos.)<\/span><\/p>\n<p><a href=\"https:\/\/blog.edu.turku.fi\/lukutaito\/files\/2022\/01\/KUTSU-27.03.2021.png\"><img loading=\"lazy\" decoding=\"async\" class=\"aligncenter size-medium wp-image-2279\" src=\"https:\/\/blog.edu.turku.fi\/lukutaito\/files\/2022\/01\/KUTSU-27.03.2021-212x300.png\" alt=\"\" width=\"212\" height=\"300\" srcset=\"https:\/\/blog.edu.turku.fi\/lukutaito\/files\/2022\/01\/KUTSU-27.03.2021-212x300.png 212w, https:\/\/blog.edu.turku.fi\/lukutaito\/files\/2022\/01\/KUTSU-27.03.2021-724x1024.png 724w, https:\/\/blog.edu.turku.fi\/lukutaito\/files\/2022\/01\/KUTSU-27.03.2021.png 1587w\" sizes=\"auto, (max-width: 212px) 85vw, 212px\" \/><\/a><\/p>\n<p><strong>Mia \u00d6sterlund <\/strong>(FT, dos.) ty\u00f6skentelee yliopistonopettajana \u00c5bo Akademissa sek\u00e4 luennoitsijana, kriitikkona ja asiantuntijana lasten- ja nuortenkirjallisuuden alalla. H\u00e4n toimii projektijohtajana Svenska litteraturs\u00e4llskepetin projektissa Konkurrerande tidsordningar (KOTI): Krononormativitet i 2000-talets finlandssvenska litteratur och kultur f\u00f6r barn och ungdomar (2019-22). \u00d6sterlund on tutkinut lasten- ja nuortenkirjallisuutta mm. sukupuolentutkimuksen, queer-tutkimuksen sek\u00e4 ekokritiikin n\u00e4k\u00f6kulmista.<\/p>\n<p><strong>Juli-Anna Aerila <\/strong>(KT, dos.) on \u00e4idinkielen ja kirjallisuuden yliopistonlehtori Turun yliopiston Rauman kampuksella. H\u00e4n on lukemiseen innostamisen erityisasiantuntija ja on mukana lukuisissa lukemiseen liittyviss\u00e4 t\u00e4ydennyskoulutus- ja kehitt\u00e4mishankkeissa. Aerila on perehtynyt erityisesti varhaiskasvatuksen sek\u00e4 esi- ja alkuopetuksen lukemiseen ja siihen liittyv\u00e4\u00e4n kirjallisuuskasvatukseen. H\u00e4n on kiinnostunut lapsil\u00e4ht\u00f6isen lukemisen edist\u00e4misest\u00e4 ja lukuinnostuksen her\u00e4tt\u00e4misest\u00e4, ja on mm. kirjoittanut Merja Kauppisen kanssa aiheesta kaksi teosta: Sytyt\u00e4 lukukipin\u00e4\u00a0 &#8211; pedagogisia keinoja lukuinnon her\u00e4ttelyyn (PS-kustannus, 2019) ja Kirjasta kaveri &#8211; sytykkeit\u00e4 lukijaksi kasvamiseen (PS-kustannus, 2021).<\/p>\n<hr \/>\n<h2>Lauantai 10.4.2021 klo 10\u201313: Kompasseja hyv\u00e4\u00e4n lukutaitoon \u2013 aivot, kielitietoisuus ja sanataide<\/h2>\n<p><strong>10.00\u201311.00<\/strong> <span data-contrast=\"auto\">N\u00e4in aivot oppivat lukemaan<\/span><span data-contrast=\"auto\"> \/ aivotutkija, kasvatustieteen professori Minna Huotilainen (HY)<\/span><span data-contrast=\"auto\"><br \/>\n<\/span><\/p>\n<p><strong>11.00\u201312.00<\/strong> <span data-contrast=\"auto\">Kieli- ja kulttuuritietoinen opetus <\/span><span data-contrast=\"auto\">\/ tutkija, kasvatustieteiden tohtori Jenni Alisaari<\/span><span data-contrast=\"auto\"> (TY<\/span><span data-contrast=\"auto\">) <\/span><span data-ccp-props=\"{&quot;201341983&quot;:0,&quot;335559739&quot;:160,&quot;335559740&quot;:259}\">\u00a0<\/span><\/p>\n<p><strong>12.00\u201313.00 <\/strong>Kaksikielinen luento sanataiteesta \/ sanataideohjaajat Jenni Turunlahti, Paola Fraboni &amp; Maja Ottelin (Kirjan talo &#8211; Bokens hus ry)<\/p>\n<p>Kaksikielisen webinaarip\u00e4iv\u00e4n puhujaesittelyt l\u00f6yd\u00e4t <a href=\"https:\/\/blog.edu.turku.fi\/lukutaito\/category\/puhujaesittely\/\">Lukuiloa-blogista<\/a>.<\/p>\n<p><a href=\"https:\/\/blog.edu.turku.fi\/lukutaito\/files\/2022\/01\/Kompasseja-hyvaan-lukutaitoon-10042021.png\"><img loading=\"lazy\" decoding=\"async\" class=\"aligncenter size-medium wp-image-2281\" src=\"https:\/\/blog.edu.turku.fi\/lukutaito\/files\/2022\/01\/Kompasseja-hyvaan-lukutaitoon-10042021-300x212.png\" alt=\"\" width=\"300\" height=\"212\" srcset=\"https:\/\/blog.edu.turku.fi\/lukutaito\/files\/2022\/01\/Kompasseja-hyvaan-lukutaitoon-10042021-300x212.png 300w, https:\/\/blog.edu.turku.fi\/lukutaito\/files\/2022\/01\/Kompasseja-hyvaan-lukutaitoon-10042021.png 1024w\" sizes=\"auto, (max-width: 300px) 85vw, 300px\" \/><\/a><\/p>\n<hr \/>\n<p>Pid\u00e4t\u00e4mme oikeudet aikataulullisiin ja sis\u00e4ll\u00f6llisiin muutoksiin.<\/p>\n","protected":false},"excerpt":{"rendered":"<p>Lukemisen edist\u00e4misen koulutusp\u00e4iv\u00e4t kev\u00e4\u00e4ll\u00e4 2021 Yksi Suuntaa lukemiseen! -projektin tavoitteista on tukea varhaiskasvatuksen ja alkuopetuksen henkil\u00f6st\u00f6\u00e4 lukukulttuurin kehitt\u00e4misess\u00e4 sek\u00e4 vahvistaa henkil\u00f6st\u00f6n osaamista. Suuntaa lukemiseen! -projekti j\u00e4rjesti yhteisty\u00f6ss\u00e4 Sanojen sinfonia Lounais-Suomessa -hankkeen kanssa kaksi lukemisen edist\u00e4misen koulutusp\u00e4iv\u00e4\u00e4 kev\u00e4\u00e4ll\u00e4 2021. Luennoilla kuultiin puheenvuoroja lukemisen, kirjallisuuden ja kasvatustieteen asiantuntijoilta. Lauantai 27.3.2021 klo 10\u201313: Lastenkirjat iskev\u00e4t lukukipin\u00e4\u00e4! 10.00\u201311.00\u00a0Aktuell barnlitteratur &hellip; <a href=\"https:\/\/blog.edu.turku.fi\/lukutaito\/materiaalia\/kasvatus-ja-opetushenkilokunnalle\/kaksikieliset-webinaaripaivat\/\" class=\"more-link\">Jatka lukemista<span class=\"screen-reader-text\"> &#8221;Kaksikieliset webinaarip\u00e4iv\u00e4t 2021&#8221;<\/span><\/a><\/p>\n","protected":false},"author":2465,"featured_media":0,"parent":23,"menu_order":0,"comment_status":"closed","ping_status":"closed","template":"","meta":{"footnotes":""},"class_list":["post-1282","page","type-page","status-publish","hentry"],"_links":{"self":[{"href":"https:\/\/blog.edu.turku.fi\/lukutaito\/wp-json\/wp\/v2\/pages\/1282","targetHints":{"allow":["GET"]}}],"collection":[{"href":"https:\/\/blog.edu.turku.fi\/lukutaito\/wp-json\/wp\/v2\/pages"}],"about":[{"href":"https:\/\/blog.edu.turku.fi\/lukutaito\/wp-json\/wp\/v2\/types\/page"}],"author":[{"embeddable":true,"href":"https:\/\/blog.edu.turku.fi\/lukutaito\/wp-json\/wp\/v2\/users\/2465"}],"replies":[{"embeddable":true,"href":"https:\/\/blog.edu.turku.fi\/lukutaito\/wp-json\/wp\/v2\/comments?post=1282"}],"version-history":[{"count":42,"href":"https:\/\/blog.edu.turku.fi\/lukutaito\/wp-json\/wp\/v2\/pages\/1282\/revisions"}],"predecessor-version":[{"id":2558,"href":"https:\/\/blog.edu.turku.fi\/lukutaito\/wp-json\/wp\/v2\/pages\/1282\/revisions\/2558"}],"up":[{"embeddable":true,"href":"https:\/\/blog.edu.turku.fi\/lukutaito\/wp-json\/wp\/v2\/pages\/23"}],"wp:attachment":[{"href":"https:\/\/blog.edu.turku.fi\/lukutaito\/wp-json\/wp\/v2\/media?parent=1282"}],"curies":[{"name":"wp","href":"https:\/\/api.w.org\/{rel}","templated":true}]}}