{"id":44,"date":"2016-02-12T13:01:06","date_gmt":"2016-02-12T11:01:06","guid":{"rendered":"https:\/\/blog.edu.turku.fi\/lukupolku\/?page_id=44"},"modified":"2022-05-18T13:14:19","modified_gmt":"2022-05-18T10:14:19","slug":"ylakoulun-tehtavat","status":"publish","type":"page","link":"https:\/\/blog.edu.turku.fi\/lukupolku\/ylakoulun-tehtavat\/","title":{"rendered":"YL\u00c4KOULUN TEHT\u00c4V\u00c4T"},"content":{"rendered":"<p>Valitse seuraavilta sivuilta itsellesi sopivia teht\u00e4vi\u00e4:<\/p>\n<ul>\n<li><a href=\"https:\/\/kunnarilukudiplomi.fi\/sinuhe\/\" target=\"_blank\" rel=\"noopener noreferrer\">Sinuhe lukudiplomin teht\u00e4v\u00e4t 7.lk 8.lk ja 9.lk<\/a><\/li>\n<\/ul>\n","protected":false},"excerpt":{"rendered":"<p>Valitse seuraavilta sivuilta itsellesi sopivia teht\u00e4vi\u00e4: Sinuhe lukudiplomin teht\u00e4v\u00e4t 7.lk 8.lk ja 9.lk<\/p>\n","protected":false},"author":177,"featured_media":0,"parent":0,"menu_order":0,"comment_status":"closed","ping_status":"closed","template":"","meta":{"footnotes":""},"class_list":["post-44","page","type-page","status-publish","hentry"],"_links":{"self":[{"href":"https:\/\/blog.edu.turku.fi\/lukupolku\/wp-json\/wp\/v2\/pages\/44","targetHints":{"allow":["GET"]}}],"collection":[{"href":"https:\/\/blog.edu.turku.fi\/lukupolku\/wp-json\/wp\/v2\/pages"}],"about":[{"href":"https:\/\/blog.edu.turku.fi\/lukupolku\/wp-json\/wp\/v2\/types\/page"}],"author":[{"embeddable":true,"href":"https:\/\/blog.edu.turku.fi\/lukupolku\/wp-json\/wp\/v2\/users\/177"}],"replies":[{"embeddable":true,"href":"https:\/\/blog.edu.turku.fi\/lukupolku\/wp-json\/wp\/v2\/comments?post=44"}],"version-history":[{"count":15,"href":"https:\/\/blog.edu.turku.fi\/lukupolku\/wp-json\/wp\/v2\/pages\/44\/revisions"}],"predecessor-version":[{"id":340,"href":"https:\/\/blog.edu.turku.fi\/lukupolku\/wp-json\/wp\/v2\/pages\/44\/revisions\/340"}],"wp:attachment":[{"href":"https:\/\/blog.edu.turku.fi\/lukupolku\/wp-json\/wp\/v2\/media?parent=44"}],"curies":[{"name":"wp","href":"https:\/\/api.w.org\/{rel}","templated":true}]}}