{"id":42,"date":"2016-02-12T13:00:52","date_gmt":"2016-02-12T11:00:52","guid":{"rendered":"https:\/\/blog.edu.turku.fi\/lukupolku\/?page_id=42"},"modified":"2021-04-09T13:57:55","modified_gmt":"2021-04-09T10:57:55","slug":"alakoulun-tehtavat","status":"publish","type":"page","link":"https:\/\/blog.edu.turku.fi\/lukupolku\/alakoulun-tehtavat\/","title":{"rendered":"ALAKOULUN TEHT\u00c4V\u00c4T"},"content":{"rendered":"<p>KYN\u00c4TEHT\u00c4VI\u00c4:<\/p>\n<ol>\n<li>Piirr\u00e4 kuva kirjan p\u00e4\u00e4henkil\u00f6st\u00e4. Kirjoita henkil\u00f6n ymp\u00e4rille h\u00e4nt\u00e4 kuvaavia sanoja.<\/li>\n<li>Vertaile itse\u00e4si ja kirjan p\u00e4\u00e4henkil\u00f6\u00e4. Mit\u00e4 teiss\u00e4 on samaa, mit\u00e4 erilaista?<\/li>\n<li>Kirjoita kirje valitsemallesi kirjan henkil\u00f6lle.<\/li>\n<li>Piirr\u00e4 kirjaan uusi henkil\u00f6. Kirjoita henkil\u00f6n ymp\u00e4rille h\u00e4nt\u00e4 kuvaavia sanoja. Kerro, miten henkil\u00f6 liittyy kirjan tarinaan.<\/li>\n<li>Tee kartta kirjan tapahtumapaikoista. Kirjoita t\u00e4rkeimpien paikkojen nimet karttaan.<\/li>\n<li>Kuvaile sanoin kirjan t\u00e4rkein tapahtumapaikka. Milt\u00e4 siell\u00e4 n\u00e4ytt\u00e4\u00e4? Mit\u00e4 \u00e4\u00e4ni\u00e4 siell\u00e4 kuuluu? Milt\u00e4 siell\u00e4 tuoksuu?<\/li>\n<li>Piirr\u00e4 kirjalle uusi kansi ja keksi uusi takakansiteksti.<\/li>\n<li>Tee kirjasta aakkoset. Etsi kirjasta jokaisella aakkosten kirjaimella alkava sana. esim. Aasi, Bremen, Curry&#8230;<\/li>\n<li>Etsi kirjasta kuusi hauskaa sanaa. Kirjoita sanoista ideoimalla runo, pieni tarina tai uutinen.<\/li>\n<li>Kirjoita kirjasta kirja-arvostelu.<\/li>\n<li>Keksi ja kirjoita kirjalle uusi loppu tai jatko-osa.<\/li>\n<li>Keksi oma kyn\u00e4teht\u00e4v\u00e4.<\/li>\n<\/ol>\n<p>LUOKALLE ESITETT\u00c4VI\u00c4 TEHT\u00c4VI\u00c4:<\/p>\n<ol>\n<li>Kerro kirjasta luokallesi. \u00c4l\u00e4 paljasta loppuratkaisua!<\/li>\n<li>Lue kirjasta muille oppilaille sellainen kohta, joka her\u00e4tt\u00e4\u00e4 heid\u00e4n mielenkiintonsa. \u00c4l\u00e4 paljasta liikaa!<\/li>\n<li>Tuo kouluun nelj\u00e4 kirjaan liittyv\u00e4\u00e4 esinett\u00e4 ja esittele ne muille.<\/li>\n<li>Esit\u00e4 luokalle parin kanssa keskustelu, jossa kumpikin el\u00e4ytyy lukemansa kirjan p\u00e4\u00e4henkil\u00f6n rooliin.<\/li>\n<li>Tee kirjasta kirjakassi. Kokoa paperikassiin kirjaan liittyvi\u00e4 tavaroita. Esineet voivat olla itse piirrettyj\u00e4, lehden kuvia tai oikeita esineit\u00e4. Koristele paperikassi vaikkapa piirt\u00e4m\u00e4ll\u00e4 siihen kirjan kansi. Esittele kirja muille kirjakassin avulla.<\/li>\n<li>Etsi tietoa kirjan kirjoittajasta. Kerro kirjasta ja kirjailijasta muille.<\/li>\n<li>Etsi kirjasta kohtia, joissa kirjailija on saanut aikaan j\u00e4nnitt\u00e4v\u00e4n tunnelman. Lue kohdat muille.<\/li>\n<li>Etsi musiikkia, joka sopii mielest\u00e4si kirjaan. Soita musiikkin\u00e4yte muille. Perustele valintasi luokalle.<\/li>\n<li>Etsi kirjasta vaikeita sanoja ja selvit\u00e4, mit\u00e4 ne tarkoittavat. Tee sanoista tietokilpailu luokalle.<\/li>\n<li>Lue parin kanssa sama kirja ja tee n\u00e4ytelm\u00e4 sopivasta juonen kohdasta. Esitt\u00e4k\u00e4\u00e4 se muille.<\/li>\n<li>Esittele luokallesi jotain, mit\u00e4 olet kirjasta oppinut (askartelu, taikatemppu tai vaikkapa kokkaus).<\/li>\n<li>Keksi oma esitett\u00e4v\u00e4 teht\u00e4v\u00e4.<\/li>\n<\/ol>\n<figure id=\"attachment_337\" aria-describedby=\"caption-attachment-337\" style=\"width: 130px\" class=\"wp-caption alignright\"><a href=\"https:\/\/www.turku.fi\/STEAM\/\"><img loading=\"lazy\" decoding=\"async\" class=\"wp-image-337 size-full\" src=\"https:\/\/blog.edu.turku.fi\/lukupolku\/files\/2021\/04\/SteamTurku_logo_72dpi_wp-130x47-1.jpg\" alt=\"Steam-Turku logo\" width=\"130\" height=\"47\" \/><\/a><figcaption id=\"caption-attachment-337\" class=\"wp-caption-text\">Steam-Turku logo<\/figcaption><\/figure>\n<p>iPADILLA\/ MUILLA LAITTEILLA TOTEUTETTAVIA TEHT\u00c4VI\u00c4:<\/p>\n<ol>\n<li><strong>Tee kirjasta juonikaavio<\/strong>. Tee juonikaavio <em>Popplet<\/em>&#8211; tai <em>Popplet Lite<\/em>&#8211; sovelluksella.<\/li>\n<li><strong>Esittele kirja luokalle<\/strong>. Neuvottele opettajasi kanssa, mit\u00e4 ohjelmaa\/sovellusta aiot k\u00e4ytt\u00e4\u00e4. Sopivia sovelluksia ovat esim<em>. Book Creator, Keynote, Pages, Popplet<\/em> tai <em>PowerPoint<\/em>.<\/li>\n<li>Valitse kirjasta jokin kohtaus, josta pidit. <strong>Tee kohtauksesta animaatio<\/strong> <em>iMotion<\/em>&#8211; tai <em>StopMotion<\/em>&#8211; sovelluksella. Voit my\u00f6s tehd\u00e4 esim. A3-paperille animaatiollesi taustan. Vaihtoehtoisesti voit k\u00e4ytt\u00e4\u00e4 <em>PuppetPals<\/em>&#8211; sovellusta.<\/li>\n<li><strong>Tee kirjasta videomainos<\/strong>. K\u00e4yt\u00e4 <em>Clips<\/em>-sovellusta. Voit k\u00e4ytt\u00e4\u00e4 Clipsin valmiita julistepohjia el\u00e4v\u00f6itt\u00e4m\u00e4\u00e4n videomainostasi!<\/li>\n<li><strong>Tee kirjasta \u00e4\u00e4nimainos<\/strong>. \u00c4\u00e4nit\u00e4 mainoksesi <em>GarageBandilla<\/em>. Voit kokeilla, milt\u00e4 \u00e4\u00e4nesi kuulostaa erilaisilla mikrofoniasetuksilla (\u00c4\u00e4nitys &#8211;&gt; \u00c4\u00e4ni &#8211;&gt;\u00a0 paina mikrofonin kuvaa &#8211;&gt; kokeile eri asetuksia Vocals- tai Fun- valintapalkeissa). Lis\u00e4\u00e4 \u00e4\u00e4nesi taustalle erilaisia \u00e4\u00e4nitehosteita tai musiikkeja. VINKKI: GarageBandin p\u00e4\u00e4valikossa valitse \u201d<em>Live Loopsit<\/em>\u201d ja sielt\u00e4 \u201d<em>\u00c4\u00e4nikirjasto<\/em>\u201d. Lataa padillesi <em>Lelulaatikko<\/em>&#8211; ja <em>Siirtymistehosteet<\/em>&#8211; \u00e4\u00e4nikirjastot. N\u00e4ist\u00e4 l\u00f6yd\u00e4t paljon mainokseen sopivia \u00e4\u00e4nitehosteita ja musiikkia.<\/li>\n<li>Tee kirjasta <strong>lukun\u00e4yte<\/strong> iPadist\u00e4 valmiiksi l\u00f6ytyv\u00e4ll\u00e4 <em>Sanelin<\/em>-apilla. Sill\u00e4 voit nauhoittaa ja tehd\u00e4 pieni\u00e4 editointeja.<\/li>\n<li>Valitse lukemastasi kirjasta pelottavin, j\u00e4nnitt\u00e4vin tai vaihtoehtoisesti hauskin kohta. <strong>Tee siit\u00e4 kuunnelma<\/strong> <em>GarageBandia<\/em> k\u00e4ytt\u00e4en. Voit kokeilla, milt\u00e4 \u00e4\u00e4nesi kuulostaa erilaisilla mikrofoniasetuksilla (\u00c4\u00e4nitys &#8211;&gt; \u00c4\u00e4ni &#8211;&gt; paina mikrofonin kuvaa &#8211;&gt; kokeile eri asetuksia Vocals- tai Fun- valintapalkeissa). Lis\u00e4\u00e4 \u00e4\u00e4nesi taustalle erilaisia \u00e4\u00e4nitehosteita tai musiikkeja. VINKKI: GarageBandin p\u00e4\u00e4valikossa valitse \u201d<em>Live Loopsit<\/em>\u201d ja sielt\u00e4 \u201d<em>\u00c4\u00e4nikirjasto<\/em>\u201d. Lataa padillesi <em>Lelulaatikko<\/em>&#8211; ja <em>Siirtymistehosteet<\/em>&#8211; \u00e4\u00e4nikirjastot. N\u00e4ist\u00e4 l\u00f6yd\u00e4t paljon mainokseen sopivia \u00e4\u00e4nitehosteita ja musiikkia. Voit toki tehd\u00e4 tarvittavat musiikit my\u00f6s itse k\u00e4ytt\u00e4m\u00e4ll\u00e4 joko GarageBandin virtuaalisoittimia tai Apple Loopseja.<\/li>\n<li><strong>Tee lukemastasi kirjasta tietovisa<\/strong>. Kirjoita v\u00e4hint\u00e4\u00e4n kymmenen kysymyst\u00e4 kirjaasi liittyen ja jokaiseen kysymykseen nelj\u00e4 vastausvaihtoehtoa. Nelj\u00e4st\u00e4 vaihtoehdosta v\u00e4hint\u00e4\u00e4n yhden on oltava oikea vastaus. Muiden oppilaiden teht\u00e4v\u00e4n\u00e4 on valita\/arvata oikea vastaus. Sovi opettajasi kanssa, miten tietovisa toteutetaan; jos tabletilla\/tietokoneella, tietovisan laatimiseen voi k\u00e4ytt\u00e4\u00e4 joko <em>Kahoot<\/em>&#8211; tai <em>Forms<\/em>-ohjelmaa (<strong>OPETTAJA<\/strong>: voit luoda tilin Kahootiin k\u00e4ytt\u00e4m\u00e4ll\u00e4 GOOGLE-tunnustasi <a href=\"mailto:tunnus@edu.turku.fi\">tunnus@edu.turku.fi<\/a> Pyyd\u00e4 oppilaalta tietovisakysymykset ja vastausvaihtoehdot s\u00e4hk\u00f6isen\u00e4, jolloin voit suoraan kopioida tekstit Kahootiin ja luoda tietovisan luokan teht\u00e4v\u00e4ksi).<\/li>\n<li><strong>Muokkaa lukemasi kirjan kansikuvaa<\/strong> iPadin <em>Kuvat-<\/em> sovelluksella. Ota kirjan kannesta kuva\/hae kirjan kansikuva netist\u00e4 ja tallenna se. Muokkaa kuvaa Kuvat-sovelluksen \u201dMuokkaa\u201d- painikkeella. Tee kuvasta vaikkapa lukemasi kirjan kuvitellun jatko-osan kansi. Jos haluat, voit tehd\u00e4 kuvanmuokkauksen jossain toisessa sovelluksessa- esimerkiksi <em>Clips <\/em>kaikkine ty\u00f6kaluineen sopisi t\u00e4h\u00e4n my\u00f6s erinomaisesti!<\/li>\n<\/ol>\n","protected":false},"excerpt":{"rendered":"<p>KYN\u00c4TEHT\u00c4VI\u00c4: Piirr\u00e4 kuva kirjan p\u00e4\u00e4henkil\u00f6st\u00e4. Kirjoita henkil\u00f6n ymp\u00e4rille h\u00e4nt\u00e4 kuvaavia sanoja. Vertaile itse\u00e4si ja kirjan p\u00e4\u00e4henkil\u00f6\u00e4. Mit\u00e4 teiss\u00e4 on samaa, mit\u00e4 erilaista? Kirjoita kirje valitsemallesi kirjan henkil\u00f6lle. Piirr\u00e4 kirjaan uusi henkil\u00f6. Kirjoita henkil\u00f6n ymp\u00e4rille h\u00e4nt\u00e4 kuvaavia sanoja. Kerro, miten henkil\u00f6 liittyy kirjan tarinaan. Tee kartta kirjan tapahtumapaikoista. Kirjoita t\u00e4rkeimpien paikkojen nimet karttaan. Kuvaile sanoin kirjan &hellip; <a href=\"https:\/\/blog.edu.turku.fi\/lukupolku\/alakoulun-tehtavat\/\" class=\"more-link\">Jatka artikkeliin <span class=\"screen-reader-text\">ALAKOULUN TEHT\u00c4V\u00c4T<\/span><\/a><\/p>\n","protected":false},"author":177,"featured_media":0,"parent":0,"menu_order":0,"comment_status":"closed","ping_status":"closed","template":"","meta":{"footnotes":""},"class_list":["post-42","page","type-page","status-publish","hentry"],"_links":{"self":[{"href":"https:\/\/blog.edu.turku.fi\/lukupolku\/wp-json\/wp\/v2\/pages\/42","targetHints":{"allow":["GET"]}}],"collection":[{"href":"https:\/\/blog.edu.turku.fi\/lukupolku\/wp-json\/wp\/v2\/pages"}],"about":[{"href":"https:\/\/blog.edu.turku.fi\/lukupolku\/wp-json\/wp\/v2\/types\/page"}],"author":[{"embeddable":true,"href":"https:\/\/blog.edu.turku.fi\/lukupolku\/wp-json\/wp\/v2\/users\/177"}],"replies":[{"embeddable":true,"href":"https:\/\/blog.edu.turku.fi\/lukupolku\/wp-json\/wp\/v2\/comments?post=42"}],"version-history":[{"count":23,"href":"https:\/\/blog.edu.turku.fi\/lukupolku\/wp-json\/wp\/v2\/pages\/42\/revisions"}],"predecessor-version":[{"id":338,"href":"https:\/\/blog.edu.turku.fi\/lukupolku\/wp-json\/wp\/v2\/pages\/42\/revisions\/338"}],"wp:attachment":[{"href":"https:\/\/blog.edu.turku.fi\/lukupolku\/wp-json\/wp\/v2\/media?parent=42"}],"curies":[{"name":"wp","href":"https:\/\/api.w.org\/{rel}","templated":true}]}}