{"id":36,"date":"2016-02-12T12:56:04","date_gmt":"2016-02-12T10:56:04","guid":{"rendered":"https:\/\/blog.edu.turku.fi\/lukupolku\/?page_id=36"},"modified":"2016-08-15T10:16:03","modified_gmt":"2016-08-15T07:16:03","slug":"kulje-lukupolkua","status":"publish","type":"page","link":"https:\/\/blog.edu.turku.fi\/lukupolku\/kulje-lukupolkua\/","title":{"rendered":"KULJE LUKUPOLKUA"},"content":{"rendered":"<p>Tulosta itsellesi alakoulun lukupolkuja.<\/p>\n<p><a href=\"https:\/\/blog.edu.turku.fi\/lukupolku\/files\/2016\/08\/Sivu1_valmis_2.pdf\" target=\"_blank\"><span style=\"color: #4daba6;\"><strong>Ensimm\u00e4inen polku<\/strong><\/span><\/a>\u00a0johdattaa sinut Superlukijaksi.<br \/>\n<span style=\"color: #c48b9f;\"><strong><a style=\"color: #c48b9f;\" href=\"https:\/\/blog.edu.turku.fi\/lukupolku\/files\/2016\/08\/Sivu2_valmis_2.pdf\" target=\"_blank\">Toisen polun<\/a><\/strong><\/span> kuljettuasi olet Valloittajalukija.<br \/>\nJos kuljet <span style=\"color: #bccc8b;\"><strong><a style=\"color: #bccc8b;\" href=\"https:\/\/blog.edu.turku.fi\/lukupolku\/files\/2016\/08\/Sivu3_valmis_2.pdf\" target=\"_blank\">kolmannen polun<\/a><\/strong><\/span>\u00a0loppuun, sinut nimet\u00e4\u00e4n Voittamattomaksi ahmijalukijaksi.<\/p>\n<p>Polun askelmiin kirjoitat kirjan nimen ja pyyd\u00e4t opettajan puumerkin, kun olet lukenut kirjan ja tehnyt teht\u00e4v\u00e4n.<\/p>\n","protected":false},"excerpt":{"rendered":"<p>Tulosta itsellesi alakoulun lukupolkuja. Ensimm\u00e4inen polku\u00a0johdattaa sinut Superlukijaksi. Toisen polun kuljettuasi olet Valloittajalukija. Jos kuljet kolmannen polun\u00a0loppuun, sinut nimet\u00e4\u00e4n Voittamattomaksi ahmijalukijaksi. Polun askelmiin kirjoitat kirjan nimen ja pyyd\u00e4t opettajan puumerkin, kun olet lukenut kirjan ja tehnyt teht\u00e4v\u00e4n.<\/p>\n","protected":false},"author":177,"featured_media":0,"parent":0,"menu_order":0,"comment_status":"closed","ping_status":"closed","template":"","meta":{"footnotes":""},"class_list":["post-36","page","type-page","status-publish","hentry"],"_links":{"self":[{"href":"https:\/\/blog.edu.turku.fi\/lukupolku\/wp-json\/wp\/v2\/pages\/36","targetHints":{"allow":["GET"]}}],"collection":[{"href":"https:\/\/blog.edu.turku.fi\/lukupolku\/wp-json\/wp\/v2\/pages"}],"about":[{"href":"https:\/\/blog.edu.turku.fi\/lukupolku\/wp-json\/wp\/v2\/types\/page"}],"author":[{"embeddable":true,"href":"https:\/\/blog.edu.turku.fi\/lukupolku\/wp-json\/wp\/v2\/users\/177"}],"replies":[{"embeddable":true,"href":"https:\/\/blog.edu.turku.fi\/lukupolku\/wp-json\/wp\/v2\/comments?post=36"}],"version-history":[{"count":41,"href":"https:\/\/blog.edu.turku.fi\/lukupolku\/wp-json\/wp\/v2\/pages\/36\/revisions"}],"predecessor-version":[{"id":281,"href":"https:\/\/blog.edu.turku.fi\/lukupolku\/wp-json\/wp\/v2\/pages\/36\/revisions\/281"}],"wp:attachment":[{"href":"https:\/\/blog.edu.turku.fi\/lukupolku\/wp-json\/wp\/v2\/media?parent=36"}],"curies":[{"name":"wp","href":"https:\/\/api.w.org\/{rel}","templated":true}]}}