{"id":32,"date":"2016-02-12T12:45:34","date_gmt":"2016-02-12T10:45:34","guid":{"rendered":"https:\/\/blog.edu.turku.fi\/lukupolku\/?page_id=32"},"modified":"2022-05-18T13:15:13","modified_gmt":"2022-05-18T10:15:13","slug":"ylakoulu","status":"publish","type":"page","link":"https:\/\/blog.edu.turku.fi\/lukupolku\/opettaja\/ylakoulu\/","title":{"rendered":"YL\u00c4KOULU"},"content":{"rendered":"<p>&nbsp;<\/p>\n<p>OHJEET OPETTAJALLE<\/p>\n<p>Jos oppilaistasi l\u00f6ytyy ahkeria lukijoita, jotka lukevat vapaa-ajallaankin, he voivat halutessaan suorittaa lukudiplomin, jonka ohjeet ovat t\u00e4ss\u00e4! Voit toki soveltaa ohjeita oman koulusi k\u00e4yt\u00e4nt\u00f6\u00f6n sopiviksi.<\/p>\n<p>Suositus:<br \/>\n\u2022 Pikkudiplomi vastaa ylim\u00e4\u00e4r\u00e4ist\u00e4 koetta, josta on saatu arvosana 9.<br \/>\n\u2022 Iso diplomi vastaa ylim\u00e4\u00e4r\u00e4ist\u00e4 koetta, josta on saatu arvosana 10.<br \/>\n\u2022 Luettavien kirjojen lukum\u00e4\u00e4r\u00e4\u00e4 voi soveltaa kullekin luokalle sopivaksi.<br \/>\n\u2022 Jokaisesta kirjasta tehd\u00e4\u00e4n lukudiplomiteht\u00e4v\u00e4.<br \/>\n\u2022 Itse\u00e4 kiinnostavan kirjan etsiminen tietyst\u00e4 kirjallisuudenlajista on t\u00e4rke\u00e4 osa hyv\u00e4ksi lukijaksi kasvamista ja lukudiplomin suorittamista. Luettavan kirjan etsimisess\u00e4 voi k\u00e4ytt\u00e4\u00e4 apuna luokkatasojen kohdalla lueteltuja verkkosivustoja.<\/p>\n<p>Katso luokkakohtaiset ohjeet luettavista kirjoista oppilaan ohjeista. Varaudu auttamaan oppilaita luettavan kirjan etsimisess\u00e4 ja vastaamaan oppilaiden kysymyksiin siit\u00e4, mihin kirjallisuudenlajiin tai aikakauteen tietty kirja kuuluu.<\/p>\n<p>Lukudiplomiteht\u00e4v\u00e4t voivat olla:<br \/>\n\u2022 analysointi- ja arviointiteht\u00e4vi\u00e4<br \/>\n\u2022 vertailuteht\u00e4vi\u00e4<br \/>\n\u2022 tiedonhakuteht\u00e4vi\u00e4<br \/>\n\u2022 tabletilla tai muilla laitteilla laadittavia teht\u00e4vi\u00e4<br \/>\n\u2022 luovan kirjoittamisen teht\u00e4vi\u00e4<br \/>\n\u2022 ryhm\u00e4ty\u00f6teht\u00e4vi\u00e4<br \/>\n\u2022 tai jotain muuta<\/p>\n<p>L\u00e4hteit\u00e4 lukudiplomiteht\u00e4viin:<\/p>\n<p>Teht\u00e4v\u00e4linkkien takaa l\u00f6ytyv\u00e4t ohjeet koskevat kyseist\u00e4 koulua tai kuntaa. Sovella ohjeita oman koulusi k\u00e4yt\u00e4nt\u00f6ihin sopivaksi!<\/p>\n<ul>\n<li><a href=\"https:\/\/kunnarilukudiplomi.fi\/sinuhe\/\" target=\"_blank\" rel=\"noopener noreferrer\">Kunnari lukudiplomin Sinuhe-teht\u00e4v\u00e4t<\/a><\/li>\n<\/ul>\n<p>T\u00e4st\u00e4 voit tulostaa <a href=\"https:\/\/blog.edu.turku.fi\/lukupolku\/files\/2016\/02\/lukudiplomi2-1.pdf\" target=\"_blank\" rel=\"noopener noreferrer\">lukudiplomipohjan<\/a>.<\/p>\n<p>Lukupolun ovat laatineet opettajat Anne Hakanen, Aino Holm\u00e9n, Annina Stenvall ja Inka Rautiainen sek\u00e4 verkkotoimittaja Nanna Madetoja. Yl\u00e4koulun sis\u00e4lt\u00f6\u00e4 ovat olleet tuottamassa Panu Saarnivaara ja Eija Tammisto. Turun kaupunginkirjastosta mukana ovat olleet Terhi Hannula, Sari J\u00e4rvinen, Miitu Makkonen, Pauliina Salmi, Minna S\u00f6derman ja Leena Turunen.<\/p>\n<p>Lukupolkublogia on rahoittanut Turun kaupungin perusopetuksen toimintakulttuurin kehitt\u00e4mishanke.<\/p>\n","protected":false},"excerpt":{"rendered":"<p>&nbsp; OHJEET OPETTAJALLE Jos oppilaistasi l\u00f6ytyy ahkeria lukijoita, jotka lukevat vapaa-ajallaankin, he voivat halutessaan suorittaa lukudiplomin, jonka ohjeet ovat t\u00e4ss\u00e4! Voit toki soveltaa ohjeita oman koulusi k\u00e4yt\u00e4nt\u00f6\u00f6n sopiviksi. Suositus: \u2022 Pikkudiplomi vastaa ylim\u00e4\u00e4r\u00e4ist\u00e4 koetta, josta on saatu arvosana 9. \u2022 Iso diplomi vastaa ylim\u00e4\u00e4r\u00e4ist\u00e4 koetta, josta on saatu arvosana 10. \u2022 Luettavien kirjojen lukum\u00e4\u00e4r\u00e4\u00e4 voi &hellip; <a href=\"https:\/\/blog.edu.turku.fi\/lukupolku\/opettaja\/ylakoulu\/\" class=\"more-link\">Jatka artikkeliin <span class=\"screen-reader-text\">YL\u00c4KOULU<\/span><\/a><\/p>\n","protected":false},"author":177,"featured_media":0,"parent":27,"menu_order":0,"comment_status":"closed","ping_status":"closed","template":"","meta":{"footnotes":""},"class_list":["post-32","page","type-page","status-publish","hentry"],"_links":{"self":[{"href":"https:\/\/blog.edu.turku.fi\/lukupolku\/wp-json\/wp\/v2\/pages\/32","targetHints":{"allow":["GET"]}}],"collection":[{"href":"https:\/\/blog.edu.turku.fi\/lukupolku\/wp-json\/wp\/v2\/pages"}],"about":[{"href":"https:\/\/blog.edu.turku.fi\/lukupolku\/wp-json\/wp\/v2\/types\/page"}],"author":[{"embeddable":true,"href":"https:\/\/blog.edu.turku.fi\/lukupolku\/wp-json\/wp\/v2\/users\/177"}],"replies":[{"embeddable":true,"href":"https:\/\/blog.edu.turku.fi\/lukupolku\/wp-json\/wp\/v2\/comments?post=32"}],"version-history":[{"count":41,"href":"https:\/\/blog.edu.turku.fi\/lukupolku\/wp-json\/wp\/v2\/pages\/32\/revisions"}],"predecessor-version":[{"id":341,"href":"https:\/\/blog.edu.turku.fi\/lukupolku\/wp-json\/wp\/v2\/pages\/32\/revisions\/341"}],"up":[{"embeddable":true,"href":"https:\/\/blog.edu.turku.fi\/lukupolku\/wp-json\/wp\/v2\/pages\/27"}],"wp:attachment":[{"href":"https:\/\/blog.edu.turku.fi\/lukupolku\/wp-json\/wp\/v2\/media?parent=32"}],"curies":[{"name":"wp","href":"https:\/\/api.w.org\/{rel}","templated":true}]}}