{"id":30,"date":"2016-02-12T12:45:21","date_gmt":"2016-02-12T10:45:21","guid":{"rendered":"https:\/\/blog.edu.turku.fi\/lukupolku\/?page_id=30"},"modified":"2024-08-18T15:22:08","modified_gmt":"2024-08-18T12:22:08","slug":"alakoulu","status":"publish","type":"page","link":"https:\/\/blog.edu.turku.fi\/lukupolku\/opettaja\/alakoulu\/","title":{"rendered":"ALAKOULU"},"content":{"rendered":"<ul>\n<li>Lukupolun ideana on lukea lukuvuoden aikana v\u00e4hint\u00e4\u00e4n kuusi kirjaa. Oppilaita on tarkoitus innostaa lukemaan mahdollisimman paljon, ja lukupolulla on mahdollista edet\u00e4 aina vain korkeammille tasoille. Oppilas voi lukea vaikkapa 60 kirjaa vuodessa. Silloin oppilas on saavuttanut tittelin &#8221;Voittamaton ahmijalukija&#8221;.<\/li>\n<li>Luettavat kirjat on jaettu kolmeen luokkaan: totta, tarua ja toisenlaista. Totta -kirjat ovat todentuntuisia romaaneja, tietokirjoja, el\u00e4m\u00e4kertoja ja harrastekirjoja. Tarua -luokitus sis\u00e4lt\u00e4\u00e4 mielikuvitusmaailmoissa liikkuvia lasten ja nuorten romaaneja ja satuja. Toisenlaista -ryhm\u00e4ss\u00e4 on runoja, n\u00e4ytelmi\u00e4, sarjakuvia, vitsej\u00e4 ja lehti\u00e4.<\/li>\n<li>Oppilaan pit\u00e4\u00e4 lukea kirja jokaisesta luokasta. Loput kirjat h\u00e4n saa valita mist\u00e4 tahansa ryhm\u00e4st\u00e4.<\/li>\n<li>Kirjalistoja yll\u00e4pit\u00e4\u00e4 Turun kaupunginkirjasto. Listojen kirjat linkittyv\u00e4t Vaski -verkkokirjastoon, josta on helppo n\u00e4hd\u00e4 niiden saatavuus. <strong><span style=\"color: #008080\">Vuoden 2024 UUTUUS on helpotetut kirjavinkit<\/span><\/strong> niille oppilaille, joille lukeminen on hitaampaa tai haasteellista.<\/li>\n<li>Lukupolkua varten oppilas voi lukea my\u00f6s mink\u00e4 tahansa muun kirjan, jonka opettaja ajattelee sopivan h\u00e4nen ik\u00e4tasolleen.<\/li>\n<li>Lainattu kirja merkit\u00e4\u00e4n tulostettuun<strong> <a href=\"https:\/\/blog.edu.turku.fi\/lukupolku\/kulje-lukupolkua\/\">lukupolkuun<\/a><\/strong>. Kirjan nimi riitt\u00e4\u00e4. Oppilas lukee kirjan ja tekee teht\u00e4v\u00e4n. Opettaja kuittaa suorituksen lukupolkuun.<\/li>\n<li>Opettajan kannattaa esitell\u00e4 luokalle erilaisia teht\u00e4v\u00e4tyyppej\u00e4. Sen j\u00e4lkeen oppilaan on helppo valita niist\u00e4 itselleen sopiva.<\/li>\n<li><strong><a href=\"https:\/\/blog.edu.turku.fi\/lukupolku\/alakoulun-tehtavat\/\">Teht\u00e4vi\u00e4<\/a><\/strong> on kolmenlaisia: itsen\u00e4isi\u00e4 kirjallisia teht\u00e4vi\u00e4,<br \/>\ndraamallisia esitysteht\u00e4vi\u00e4 ja tietotekniikan k\u00e4ytt\u00f6\u00f6n ohjaavia teht\u00e4vi\u00e4.<\/li>\n<li>Koko luokalle esitetyt draamateht\u00e4v\u00e4t toimivat mukavasti kirjavinkkauksina muulle luokalle.<\/li>\n<li>TVT:n keinoin toteutettuja teht\u00e4vi\u00e4, kuten videoita ja blogeja, kannattaa julkaista esimerkiksi koulun omilla sivuilla.<\/li>\n<li>Lukupolun kuljettuaan oppilas on ansainnut kirjam\u00e4\u00e4r\u00e4\u00e4 vastaavan tittelin.<br \/>\n6 kirjaa -&gt; Ahkera lukija (minimim\u00e4\u00e4r\u00e4 kaikille)<br \/>\n9 kirjaa -&gt; Mestarilukija<br \/>\n12 kirjaa -&gt; Superlukija<br \/>\n20 kirjaa -&gt; Huippulukija<br \/>\n40 kirjaa -&gt; Valloittajalukija<br \/>\n60 kirjaa -&gt; Voittamaton ahmijalukija<br \/>\nT\u00e4st\u00e4 voit tulostaa <a href=\"https:\/\/blog.edu.turku.fi\/lukupolku\/files\/2016\/02\/lukudiplomi2-1.pdf\">lukudiplomipohjan<\/a>!<\/li>\n<\/ul>\n<p>Lukupolun ovat laatineet opettajat Anne Hakanen, Aino Holm\u00e9n ja Annina Stenvall sek\u00e4 verkkotoimittaja Nanna Madetoja. Yl\u00e4koulun sis\u00e4lt\u00f6\u00e4 ovat olleet tuottamassa Inka Rautiainen, Panu Saarnivaara ja Eija Tammisto. Turun kaupunginkirjastosta mukana ovat Sari J\u00e4rvinen, Minna S\u00f6derman ja Leena Turunen.<\/p>\n<p>Lukupolkublogia on rahoittanut Turun kaupungin perusopetuksen toimintakulttuurin kehitt\u00e4mishanke.<\/p>\n","protected":false},"excerpt":{"rendered":"<p>Lukupolun ideana on lukea lukuvuoden aikana v\u00e4hint\u00e4\u00e4n kuusi kirjaa. Oppilaita on tarkoitus innostaa lukemaan mahdollisimman paljon, ja lukupolulla on mahdollista edet\u00e4 aina vain korkeammille tasoille. Oppilas voi lukea vaikkapa 60 kirjaa vuodessa. Silloin oppilas on saavuttanut tittelin &#8221;Voittamaton ahmijalukija&#8221;. Luettavat kirjat on jaettu kolmeen luokkaan: totta, tarua ja toisenlaista. Totta -kirjat ovat todentuntuisia romaaneja, tietokirjoja, &hellip; <a href=\"https:\/\/blog.edu.turku.fi\/lukupolku\/opettaja\/alakoulu\/\" class=\"more-link\">Jatka artikkeliin <span class=\"screen-reader-text\">ALAKOULU<\/span><\/a><\/p>\n","protected":false},"author":177,"featured_media":0,"parent":27,"menu_order":0,"comment_status":"closed","ping_status":"closed","template":"","meta":{"footnotes":""},"class_list":["post-30","page","type-page","status-publish","hentry"],"_links":{"self":[{"href":"https:\/\/blog.edu.turku.fi\/lukupolku\/wp-json\/wp\/v2\/pages\/30","targetHints":{"allow":["GET"]}}],"collection":[{"href":"https:\/\/blog.edu.turku.fi\/lukupolku\/wp-json\/wp\/v2\/pages"}],"about":[{"href":"https:\/\/blog.edu.turku.fi\/lukupolku\/wp-json\/wp\/v2\/types\/page"}],"author":[{"embeddable":true,"href":"https:\/\/blog.edu.turku.fi\/lukupolku\/wp-json\/wp\/v2\/users\/177"}],"replies":[{"embeddable":true,"href":"https:\/\/blog.edu.turku.fi\/lukupolku\/wp-json\/wp\/v2\/comments?post=30"}],"version-history":[{"count":27,"href":"https:\/\/blog.edu.turku.fi\/lukupolku\/wp-json\/wp\/v2\/pages\/30\/revisions"}],"predecessor-version":[{"id":348,"href":"https:\/\/blog.edu.turku.fi\/lukupolku\/wp-json\/wp\/v2\/pages\/30\/revisions\/348"}],"up":[{"embeddable":true,"href":"https:\/\/blog.edu.turku.fi\/lukupolku\/wp-json\/wp\/v2\/pages\/27"}],"wp:attachment":[{"href":"https:\/\/blog.edu.turku.fi\/lukupolku\/wp-json\/wp\/v2\/media?parent=30"}],"curies":[{"name":"wp","href":"https:\/\/api.w.org\/{rel}","templated":true}]}}