{"id":18,"date":"2016-02-12T12:40:54","date_gmt":"2016-02-12T10:40:54","guid":{"rendered":"https:\/\/blog.edu.turku.fi\/lukupolku\/?page_id=18"},"modified":"2024-08-18T15:15:06","modified_gmt":"2024-08-18T12:15:06","slug":"5-6-lk","status":"publish","type":"page","link":"https:\/\/blog.edu.turku.fi\/lukupolku\/oppilas\/5-6-lk\/","title":{"rendered":"5. &#8211; 6. LK"},"content":{"rendered":"<p>OHJEET OPPILAALLE<\/p>\n<ul>\n<li>Valitse kirja Vaski-kirjastosta:<br \/>\n<a href=\"https:\/\/vaski.finna.fi\/List\/404103\">TOTTA<\/a><br \/>\n<a href=\"https:\/\/vaski.finna.fi\/List\/403916\">TARUA<\/a><br \/>\n<a href=\"https:\/\/vaski.finna.fi\/List\/404132\">TOISENLAISTA<\/a><br \/>\ntai<\/li>\n<li>Valitse helppo kirja Vaski-kirjastosta<br \/>\n<a href=\"https:\/\/vaski.finna.fi\/List\/1492178\">TOTTA<\/a><br \/>\n<a href=\"https:\/\/vaski.finna.fi\/List\/1491995\">TARUA<\/a><br \/>\n<a href=\"https:\/\/vaski.finna.fi\/List\/1492181\">TOISENLAISTA<\/a><\/li>\n<li>Lainaa ja lue kirja.<\/li>\n<li>Valitse ja tee <a href=\"https:\/\/blog.edu.turku.fi\/lukupolku\/alakoulun-tehtavat\/\">teht\u00e4v\u00e4<\/a>.<\/li>\n<li>N\u00e4yt\u00e4 teht\u00e4v\u00e4 opettajalle. H\u00e4n hyv\u00e4ksyy suorituksen.<\/li>\n<\/ul>\n","protected":false},"excerpt":{"rendered":"<p>OHJEET OPPILAALLE Valitse kirja Vaski-kirjastosta: TOTTA TARUA TOISENLAISTA tai Valitse helppo kirja Vaski-kirjastosta TOTTA TARUA TOISENLAISTA Lainaa ja lue kirja. Valitse ja tee teht\u00e4v\u00e4. N\u00e4yt\u00e4 teht\u00e4v\u00e4 opettajalle. H\u00e4n hyv\u00e4ksyy suorituksen.<\/p>\n","protected":false},"author":177,"featured_media":0,"parent":2,"menu_order":0,"comment_status":"closed","ping_status":"closed","template":"","meta":{"footnotes":""},"class_list":["post-18","page","type-page","status-publish","hentry"],"_links":{"self":[{"href":"https:\/\/blog.edu.turku.fi\/lukupolku\/wp-json\/wp\/v2\/pages\/18","targetHints":{"allow":["GET"]}}],"collection":[{"href":"https:\/\/blog.edu.turku.fi\/lukupolku\/wp-json\/wp\/v2\/pages"}],"about":[{"href":"https:\/\/blog.edu.turku.fi\/lukupolku\/wp-json\/wp\/v2\/types\/page"}],"author":[{"embeddable":true,"href":"https:\/\/blog.edu.turku.fi\/lukupolku\/wp-json\/wp\/v2\/users\/177"}],"replies":[{"embeddable":true,"href":"https:\/\/blog.edu.turku.fi\/lukupolku\/wp-json\/wp\/v2\/comments?post=18"}],"version-history":[{"count":8,"href":"https:\/\/blog.edu.turku.fi\/lukupolku\/wp-json\/wp\/v2\/pages\/18\/revisions"}],"predecessor-version":[{"id":345,"href":"https:\/\/blog.edu.turku.fi\/lukupolku\/wp-json\/wp\/v2\/pages\/18\/revisions\/345"}],"up":[{"embeddable":true,"href":"https:\/\/blog.edu.turku.fi\/lukupolku\/wp-json\/wp\/v2\/pages\/2"}],"wp:attachment":[{"href":"https:\/\/blog.edu.turku.fi\/lukupolku\/wp-json\/wp\/v2\/media?parent=18"}],"curies":[{"name":"wp","href":"https:\/\/api.w.org\/{rel}","templated":true}]}}