{"id":16,"date":"2016-02-12T12:40:40","date_gmt":"2016-02-12T10:40:40","guid":{"rendered":"https:\/\/blog.edu.turku.fi\/lukupolku\/?page_id=16"},"modified":"2024-08-18T15:12:29","modified_gmt":"2024-08-18T12:12:29","slug":"3-4-lk","status":"publish","type":"page","link":"https:\/\/blog.edu.turku.fi\/lukupolku\/oppilas\/3-4-lk\/","title":{"rendered":"3. &#8211; 4. LK"},"content":{"rendered":"<p>OHJEET OPPILAALLE<\/p>\n<ul>\n<li>Valitse kirja Vaski-kirjastosta:<br \/>\n<a href=\"https:\/\/vaski.finna.fi\/List\/404334\">TOTTA<\/a><br \/>\n<a href=\"https:\/\/vaski.finna.fi\/List\/404331\">TARUA<\/a><br \/>\n<a href=\"https:\/\/vaski.finna.fi\/List\/404337\">TOISENLAISTA<\/a><br \/>\ntai<\/li>\n<li>Valitse helppo kirja Vaski-kirjastosta<br \/>\n<a href=\"https:\/\/vaski.finna.fi\/List\/1496951\">TOTTA<\/a><br \/>\n<a href=\"https:\/\/vaski.finna.fi\/List\/1492001\">TARUA<\/a><br \/>\n<a href=\"https:\/\/vaski.finna.fi\/List\/1496921\">TOISENLAISTA<\/a><\/li>\n<li>Lainaa ja lue kirja.<\/li>\n<li>Valitse ja tee <a href=\"https:\/\/blog.edu.turku.fi\/lukupolku\/alakoulun-tehtavat\/\">teht\u00e4v\u00e4<\/a>.<\/li>\n<li>N\u00e4yt\u00e4 teht\u00e4v\u00e4 opettajalle. H\u00e4n hyv\u00e4ksyy suorituksen.<\/li>\n<\/ul>\n<p>&nbsp;<\/p>\n","protected":false},"excerpt":{"rendered":"<p>OHJEET OPPILAALLE Valitse kirja Vaski-kirjastosta: TOTTA TARUA TOISENLAISTA tai Valitse helppo kirja Vaski-kirjastosta TOTTA TARUA TOISENLAISTA Lainaa ja lue kirja. Valitse ja tee teht\u00e4v\u00e4. N\u00e4yt\u00e4 teht\u00e4v\u00e4 opettajalle. H\u00e4n hyv\u00e4ksyy suorituksen. &nbsp;<\/p>\n","protected":false},"author":177,"featured_media":0,"parent":2,"menu_order":0,"comment_status":"closed","ping_status":"closed","template":"","meta":{"footnotes":""},"class_list":["post-16","page","type-page","status-publish","hentry"],"_links":{"self":[{"href":"https:\/\/blog.edu.turku.fi\/lukupolku\/wp-json\/wp\/v2\/pages\/16","targetHints":{"allow":["GET"]}}],"collection":[{"href":"https:\/\/blog.edu.turku.fi\/lukupolku\/wp-json\/wp\/v2\/pages"}],"about":[{"href":"https:\/\/blog.edu.turku.fi\/lukupolku\/wp-json\/wp\/v2\/types\/page"}],"author":[{"embeddable":true,"href":"https:\/\/blog.edu.turku.fi\/lukupolku\/wp-json\/wp\/v2\/users\/177"}],"replies":[{"embeddable":true,"href":"https:\/\/blog.edu.turku.fi\/lukupolku\/wp-json\/wp\/v2\/comments?post=16"}],"version-history":[{"count":7,"href":"https:\/\/blog.edu.turku.fi\/lukupolku\/wp-json\/wp\/v2\/pages\/16\/revisions"}],"predecessor-version":[{"id":344,"href":"https:\/\/blog.edu.turku.fi\/lukupolku\/wp-json\/wp\/v2\/pages\/16\/revisions\/344"}],"up":[{"embeddable":true,"href":"https:\/\/blog.edu.turku.fi\/lukupolku\/wp-json\/wp\/v2\/pages\/2"}],"wp:attachment":[{"href":"https:\/\/blog.edu.turku.fi\/lukupolku\/wp-json\/wp\/v2\/media?parent=16"}],"curies":[{"name":"wp","href":"https:\/\/api.w.org\/{rel}","templated":true}]}}