{"id":14,"date":"2016-02-12T12:40:23","date_gmt":"2016-02-12T10:40:23","guid":{"rendered":"https:\/\/blog.edu.turku.fi\/lukupolku\/?page_id=14"},"modified":"2024-08-18T15:09:12","modified_gmt":"2024-08-18T12:09:12","slug":"1-2-lk","status":"publish","type":"page","link":"https:\/\/blog.edu.turku.fi\/lukupolku\/oppilas\/1-2-lk\/","title":{"rendered":"1. &#8211; 2. LK"},"content":{"rendered":"<p>OHJEET OPPILAALLE<\/p>\n<ul>\n<li>Valitse kirja Vaski-kirjastosta:<br \/>\n<a href=\"https:\/\/vaski.finna.fi\/List\/403607\">TOTTA<\/a><br \/>\n<a href=\"https:\/\/vaski.finna.fi\/List\/403603\">TARUA<\/a><br \/>\n<a href=\"https:\/\/vaski.finna.fi\/List\/403605\">TOISENLAISTA\u00a0<\/a><br \/>\ntai<\/li>\n<li>Valitse helppo kirja Vaski-kirjastosta<br \/>\n<a href=\"https:\/\/vaski.finna.fi\/List\/1496951\">TOTTA<\/a><br \/>\n<a href=\"https:\/\/vaski.finna.fi\/List\/1492001\">TARUA<\/a><br \/>\n<a href=\"https:\/\/vaski.finna.fi\/List\/1496921\">TOISENLAISTA<\/a><\/li>\n<li>Lainaa ja lue kirja.<\/li>\n<li>Valitse ja tee <a href=\"https:\/\/blog.edu.turku.fi\/lukupolku\/alakoulun-tehtavat\/\">teht\u00e4v\u00e4<\/a>.<\/li>\n<li>N\u00e4yt\u00e4 teht\u00e4v\u00e4 opettajalle. H\u00e4n hyv\u00e4ksyy suorituksen.<\/li>\n<\/ul>\n","protected":false},"excerpt":{"rendered":"<p>OHJEET OPPILAALLE Valitse kirja Vaski-kirjastosta: TOTTA TARUA TOISENLAISTA\u00a0 tai Valitse helppo kirja Vaski-kirjastosta TOTTA TARUA TOISENLAISTA Lainaa ja lue kirja. Valitse ja tee teht\u00e4v\u00e4. N\u00e4yt\u00e4 teht\u00e4v\u00e4 opettajalle. H\u00e4n hyv\u00e4ksyy suorituksen.<\/p>\n","protected":false},"author":177,"featured_media":0,"parent":2,"menu_order":0,"comment_status":"closed","ping_status":"closed","template":"","meta":{"footnotes":""},"class_list":["post-14","page","type-page","status-publish","hentry"],"_links":{"self":[{"href":"https:\/\/blog.edu.turku.fi\/lukupolku\/wp-json\/wp\/v2\/pages\/14","targetHints":{"allow":["GET"]}}],"collection":[{"href":"https:\/\/blog.edu.turku.fi\/lukupolku\/wp-json\/wp\/v2\/pages"}],"about":[{"href":"https:\/\/blog.edu.turku.fi\/lukupolku\/wp-json\/wp\/v2\/types\/page"}],"author":[{"embeddable":true,"href":"https:\/\/blog.edu.turku.fi\/lukupolku\/wp-json\/wp\/v2\/users\/177"}],"replies":[{"embeddable":true,"href":"https:\/\/blog.edu.turku.fi\/lukupolku\/wp-json\/wp\/v2\/comments?post=14"}],"version-history":[{"count":7,"href":"https:\/\/blog.edu.turku.fi\/lukupolku\/wp-json\/wp\/v2\/pages\/14\/revisions"}],"predecessor-version":[{"id":343,"href":"https:\/\/blog.edu.turku.fi\/lukupolku\/wp-json\/wp\/v2\/pages\/14\/revisions\/343"}],"up":[{"embeddable":true,"href":"https:\/\/blog.edu.turku.fi\/lukupolku\/wp-json\/wp\/v2\/pages\/2"}],"wp:attachment":[{"href":"https:\/\/blog.edu.turku.fi\/lukupolku\/wp-json\/wp\/v2\/media?parent=14"}],"curies":[{"name":"wp","href":"https:\/\/api.w.org\/{rel}","templated":true}]}}