{"id":111,"date":"2016-03-04T12:13:58","date_gmt":"2016-03-04T10:13:58","guid":{"rendered":"https:\/\/blog.edu.turku.fi\/lukupolku\/?page_id=111"},"modified":"2020-07-25T11:06:44","modified_gmt":"2020-07-25T08:06:44","slug":"9-lk","status":"publish","type":"page","link":"https:\/\/blog.edu.turku.fi\/lukupolku\/9-lk\/","title":{"rendered":"9. LK"},"content":{"rendered":"<p>OHJEET OPPILAALLE<\/p>\n<p>Suositus:<br \/>\n\u2022 Pikkudiplomi vastaa ylim\u00e4\u00e4r\u00e4ist\u00e4 koetta, josta on saatu arvosana 9.<br \/>\n\u2022 Iso diplomi vastaa ylim\u00e4\u00e4r\u00e4ist\u00e4 koetta, josta on saatu arvosana 10.<br \/>\n\u2022 Jokaisesta kirjasta tehd\u00e4\u00e4n lukudiplomiteht\u00e4v\u00e4. Sovi teht\u00e4v\u00e4st\u00e4 opettajasi kanssa.<br \/>\n\u2022 Itse\u00e4 kiinnostavan kirjan etsiminen tietyst\u00e4 kirjallisuudenlajista on t\u00e4rke\u00e4 osa hyv\u00e4ksi lukijaksi kasvamista ja lukudiplomin suorittamista. Luettavan kirjan etsimisess\u00e4 voi k\u00e4ytt\u00e4\u00e4 apuna luokkatasojen kohdalla lueteltuja verkkosivustoja.<\/p>\n<p>Pikkudiplomia varten lue 6 kirjaa v\u00e4hint\u00e4\u00e4n kahdelta eri aikakaudelta. Isoa diplomia varten lue 10 kirjaa v\u00e4hint\u00e4\u00e4n nelj\u00e4lt\u00e4 eri aikakaudelta. Voit lukea kotimaista kirjallisuutta tai maailmankirjallisuutta, jolloin alkuper\u00e4inen ilmestymisajankohta m\u00e4\u00e4ritt\u00e4\u00e4 aikakauden. Kaunokirjallisen teoksen asemasta voit lukea el\u00e4m\u00e4kerran, joka kuvaa aikakaudella el\u00e4nytt\u00e4 henkil\u00f6\u00e4.<br \/>\n\u2022 I ennen 1800-lukua<br \/>\n\u2022 II 1800-luku<br \/>\n\u2022 III 1900-luvun alkupuoli<br \/>\n\u2022 IV 1900-luvun loppupuoli<br \/>\n\u2022 V 2000-luku<\/p>\n<p>Itse\u00e4si kiinnostavan kirjan etsiminen tietylt\u00e4 aikakaudelta on t\u00e4rke\u00e4 osa hyv\u00e4ksi lukijaksi kasvamista ja lukudiplomin suorittamista. Luettavan etsimisess\u00e4 voit k\u00e4ytt\u00e4\u00e4 apunasi seuraavia verkkosivustoja:<br \/>\n\u2022 <a href=\"https:\/\/www.vaskikirjastot.fi\/\" target=\"_blank\" rel=\"noopener noreferrer\">Vaski-verkkokirjasto<\/a>\u00a0 K\u00e4yt\u00e4 tarkennettua hakua ja rajaa hakusi julkaisuvuoden mukaan. Tarkista viel\u00e4 esim. verkosta, onko vuosiluku alkuper\u00e4inen julkaisuvuosi.<br \/>\n\u2022 <a href=\"http:\/\/www.kirjasampo.fi\/fi\/node\/4007#.VJQdPQra4\" target=\"_blank\" rel=\"noopener noreferrer\">Kirjasampo.fi-palvelun kirjahyllyt<\/a><br \/>\n\u2022 <a href=\"http:\/\/ekirjasto.kirjastot.fi\/ekirjat-vapaat\" target=\"_blank\" rel=\"noopener noreferrer\">eKirjaston klassikkoteokset<\/a><br \/>\n\u2022 <a href=\"https:\/\/klassikkopaletti.wordpress.com\/\" target=\"_blank\" rel=\"noopener noreferrer\">HS klassikkoautomaatti<\/a><br \/>\n\u2022 <a href=\"http:\/\/www.salosenlukudiplomi.fi\/index.html\" target=\"_blank\" rel=\"noopener noreferrer\">Salon kirjaston kirjallisuusdiplomi yl\u00e4kouluille <\/a><\/p>\n<p>T\u00e4st\u00e4 p\u00e4\u00e4set <a href=\"https:\/\/blog.edu.turku.fi\/lukupolku\/ylakoulun-tehtavat\/\">teht\u00e4viin<\/a>.<\/p>\n<p>&nbsp;<\/p>\n<p>&nbsp;<\/p>\n","protected":false},"excerpt":{"rendered":"<p>OHJEET OPPILAALLE Suositus: \u2022 Pikkudiplomi vastaa ylim\u00e4\u00e4r\u00e4ist\u00e4 koetta, josta on saatu arvosana 9. \u2022 Iso diplomi vastaa ylim\u00e4\u00e4r\u00e4ist\u00e4 koetta, josta on saatu arvosana 10. \u2022 Jokaisesta kirjasta tehd\u00e4\u00e4n lukudiplomiteht\u00e4v\u00e4. Sovi teht\u00e4v\u00e4st\u00e4 opettajasi kanssa. \u2022 Itse\u00e4 kiinnostavan kirjan etsiminen tietyst\u00e4 kirjallisuudenlajista on t\u00e4rke\u00e4 osa hyv\u00e4ksi lukijaksi kasvamista ja lukudiplomin suorittamista. Luettavan kirjan etsimisess\u00e4 voi k\u00e4ytt\u00e4\u00e4 apuna &hellip; <a href=\"https:\/\/blog.edu.turku.fi\/lukupolku\/9-lk\/\" class=\"more-link\">Jatka artikkeliin <span class=\"screen-reader-text\">9. LK<\/span><\/a><\/p>\n","protected":false},"author":178,"featured_media":0,"parent":0,"menu_order":0,"comment_status":"closed","ping_status":"closed","template":"","meta":{"footnotes":""},"class_list":["post-111","page","type-page","status-publish","hentry"],"_links":{"self":[{"href":"https:\/\/blog.edu.turku.fi\/lukupolku\/wp-json\/wp\/v2\/pages\/111","targetHints":{"allow":["GET"]}}],"collection":[{"href":"https:\/\/blog.edu.turku.fi\/lukupolku\/wp-json\/wp\/v2\/pages"}],"about":[{"href":"https:\/\/blog.edu.turku.fi\/lukupolku\/wp-json\/wp\/v2\/types\/page"}],"author":[{"embeddable":true,"href":"https:\/\/blog.edu.turku.fi\/lukupolku\/wp-json\/wp\/v2\/users\/178"}],"replies":[{"embeddable":true,"href":"https:\/\/blog.edu.turku.fi\/lukupolku\/wp-json\/wp\/v2\/comments?post=111"}],"version-history":[{"count":12,"href":"https:\/\/blog.edu.turku.fi\/lukupolku\/wp-json\/wp\/v2\/pages\/111\/revisions"}],"predecessor-version":[{"id":314,"href":"https:\/\/blog.edu.turku.fi\/lukupolku\/wp-json\/wp\/v2\/pages\/111\/revisions\/314"}],"wp:attachment":[{"href":"https:\/\/blog.edu.turku.fi\/lukupolku\/wp-json\/wp\/v2\/media?parent=111"}],"curies":[{"name":"wp","href":"https:\/\/api.w.org\/{rel}","templated":true}]}}