{"id":109,"date":"2016-03-04T12:13:38","date_gmt":"2016-03-04T10:13:38","guid":{"rendered":"https:\/\/blog.edu.turku.fi\/lukupolku\/?page_id=109"},"modified":"2020-07-25T10:59:51","modified_gmt":"2020-07-25T07:59:51","slug":"8-lk","status":"publish","type":"page","link":"https:\/\/blog.edu.turku.fi\/lukupolku\/8-lk\/","title":{"rendered":"8. LK"},"content":{"rendered":"<p>OHJEET OPPILAALLE<\/p>\n<p>Suositus:<br \/>\n\u2022 Pikkudiplomi vastaa ylim\u00e4\u00e4r\u00e4ist\u00e4 koetta, josta on saatu arvosana 9.<br \/>\n\u2022 Iso diplomi vastaa ylim\u00e4\u00e4r\u00e4ist\u00e4 koetta, josta on saatu arvosana 10.<br \/>\n\u2022 Jokaisesta kirjasta tehd\u00e4\u00e4n lukudiplomiteht\u00e4v\u00e4. Sovi teht\u00e4v\u00e4st\u00e4 opettajasi kanssa.<br \/>\n\u2022 Itse\u00e4 kiinnostavan kirjan etsiminen tietyst\u00e4 kirjallisuudenlajista on t\u00e4rke\u00e4 osa hyv\u00e4ksi lukijaksi kasvamista ja lukudiplomin suorittamista. Luettavan kirjan etsimisess\u00e4 voi k\u00e4ytt\u00e4\u00e4 apuna luokkatasojen kohdalla lueteltuja verkkosivustoja.<\/p>\n<p>Pikkudiplomia varten lue 6 kirjaa v\u00e4hint\u00e4\u00e4n kahdesta eri genrest\u00e4. Isoa diplomia varten lue 10 kirjaa v\u00e4hint\u00e4\u00e4n nelj\u00e4st\u00e4 eri genrest\u00e4. Voit kysy\u00e4 kirjastosta tai opettajalta, mist\u00e4 l\u00f6yd\u00e4t ja tunnistat eri genret.<br \/>\nGenret:<br \/>\n\u2022 Kauhukirjallisuus<br \/>\n\u2022 Tieteiskirjallisuus<br \/>\n\u2022 Fantasiakirjallisuus<br \/>\n\u2022 Rakkauskirjallisuus<br \/>\n\u2022 Rikoskirjallisuus<\/p>\n<p>Itse\u00e4si kiinnostavan kirjan etsiminen tietyst\u00e4 kirjallisuudenlajista on t\u00e4rke\u00e4 osa hyv\u00e4ksi lukijaksi kasvamista ja lukudiplomin suorittamista. Luettavan etsimisess\u00e4 voit k\u00e4ytt\u00e4\u00e4 apunasi seuraavia verkkosivustoja:<br \/>\n\u2022 <a href=\"https:\/\/www.vaskikirjastot.fi\/\" target=\"_blank\" rel=\"noopener noreferrer\">Vaski-verkkokirjasto<\/a>\u00a0 Hae esim. hakusanoilla \u201dkauhukirjallisuus\u201d, \u201dtieteiskirjallisuus\u201d, \u201dfantasiakirjallisuus\u201d tai \u201dj\u00e4nnityskirjallisuus\u201d kent\u00e4st\u00e4 \u201dAihe\u201d.<br \/>\n\u2022 <a href=\"http:\/\/www.risingshadow.fi\/\" target=\"_blank\" rel=\"noopener noreferrer\">Risingshadow-fantasiakirjallisuussivusto<\/a><br \/>\n\u2022 <a href=\"https:\/\/kunnarilukudiplomi.fi\/termi\/kirjatarjottimet\/sinuhe\/\" target=\"_blank\" rel=\"noopener noreferrer\">Kunnari, erityisesti Sinuhe-kirjatarjotin<\/a><br \/>\n\u2022 <a href=\"http:\/\/www.salosenlukudiplomi.fi\/index.html\" target=\"_blank\" rel=\"noopener noreferrer\">Salon kirjaston kirjallisuusdiplomi yl\u00e4kouluille<\/a><br \/>\n\u2022 <a href=\"http:\/\/www.kirjasampo.fi\/fi\/genre\/Kauhukirjallisuus\" target=\"_blank\" rel=\"noopener noreferrer\">www.kirjasampo.fi\/fi\/genre\/Kauhukirjallisuus<\/a><br \/>\n\u2022 <a href=\"http:\/\/www.kirjasampo.fi\/fi\/genre\/Tieteiskirjallisuus\" target=\"_blank\" rel=\"noopener noreferrer\">www.kirjasampo.fi\/fi\/genre\/Tieteiskirjallisuus<\/a><br \/>\n\u2022 <a href=\"http:\/\/www.kirjasampo.fi\/fi\/genre\/Fantasiakirjallisuus\" target=\"_blank\" rel=\"noopener noreferrer\">www.kirjasampo.fi\/fi\/genre\/Fantasiakirjallisuus<\/a><br \/>\n\u2022 <a href=\"http:\/\/www.kirjasampo.fi\/fi\/genre\/Rakkausromaanit\" target=\"_blank\" rel=\"noopener noreferrer\">www.kirjasampo.fi\/fi\/genre\/Rakkausromaanit<\/a><br \/>\n\u2022 <a href=\"http:\/\/www.kirjasampo.fi\/fi\/genre\/J\u00e4nnityskirjallisuus\" target=\"_blank\" rel=\"noopener noreferrer\">www.kirjasampo.fi\/fi\/genre\/J\u00e4nnityskirjallisuus<\/a><\/p>\n<p>T\u00e4st\u00e4 p\u00e4\u00e4set <a href=\"https:\/\/blog.edu.turku.fi\/lukupolku\/ylakoulun-tehtavat\/\">teht\u00e4viin<\/a>.<\/p>\n<p>&nbsp;<\/p>\n","protected":false},"excerpt":{"rendered":"<p>OHJEET OPPILAALLE Suositus: \u2022 Pikkudiplomi vastaa ylim\u00e4\u00e4r\u00e4ist\u00e4 koetta, josta on saatu arvosana 9. \u2022 Iso diplomi vastaa ylim\u00e4\u00e4r\u00e4ist\u00e4 koetta, josta on saatu arvosana 10. \u2022 Jokaisesta kirjasta tehd\u00e4\u00e4n lukudiplomiteht\u00e4v\u00e4. Sovi teht\u00e4v\u00e4st\u00e4 opettajasi kanssa. \u2022 Itse\u00e4 kiinnostavan kirjan etsiminen tietyst\u00e4 kirjallisuudenlajista on t\u00e4rke\u00e4 osa hyv\u00e4ksi lukijaksi kasvamista ja lukudiplomin suorittamista. Luettavan kirjan etsimisess\u00e4 voi k\u00e4ytt\u00e4\u00e4 apuna &hellip; <a href=\"https:\/\/blog.edu.turku.fi\/lukupolku\/8-lk\/\" class=\"more-link\">Jatka artikkeliin <span class=\"screen-reader-text\">8. LK<\/span><\/a><\/p>\n","protected":false},"author":178,"featured_media":0,"parent":0,"menu_order":0,"comment_status":"closed","ping_status":"closed","template":"","meta":{"footnotes":""},"class_list":["post-109","page","type-page","status-publish","hentry"],"_links":{"self":[{"href":"https:\/\/blog.edu.turku.fi\/lukupolku\/wp-json\/wp\/v2\/pages\/109","targetHints":{"allow":["GET"]}}],"collection":[{"href":"https:\/\/blog.edu.turku.fi\/lukupolku\/wp-json\/wp\/v2\/pages"}],"about":[{"href":"https:\/\/blog.edu.turku.fi\/lukupolku\/wp-json\/wp\/v2\/types\/page"}],"author":[{"embeddable":true,"href":"https:\/\/blog.edu.turku.fi\/lukupolku\/wp-json\/wp\/v2\/users\/178"}],"replies":[{"embeddable":true,"href":"https:\/\/blog.edu.turku.fi\/lukupolku\/wp-json\/wp\/v2\/comments?post=109"}],"version-history":[{"count":23,"href":"https:\/\/blog.edu.turku.fi\/lukupolku\/wp-json\/wp\/v2\/pages\/109\/revisions"}],"predecessor-version":[{"id":312,"href":"https:\/\/blog.edu.turku.fi\/lukupolku\/wp-json\/wp\/v2\/pages\/109\/revisions\/312"}],"wp:attachment":[{"href":"https:\/\/blog.edu.turku.fi\/lukupolku\/wp-json\/wp\/v2\/media?parent=109"}],"curies":[{"name":"wp","href":"https:\/\/api.w.org\/{rel}","templated":true}]}}