{"id":7,"date":"2020-10-25T19:07:59","date_gmt":"2020-10-25T17:07:59","guid":{"rendered":"https:\/\/blog.edu.turku.fi\/lukiontutoropettajat\/?page_id=7"},"modified":"2021-07-02T15:42:13","modified_gmt":"2021-07-02T12:42:13","slug":"etusivu","status":"publish","type":"page","link":"https:\/\/blog.edu.turku.fi\/lukiontutoropettajat\/","title":{"rendered":"Turun seudun lukioiden tutoropettajat"},"content":{"rendered":"<p dir=\"ltr\"><img loading=\"lazy\" decoding=\"async\" class=\"aligncenter wp-image-273 size-medium\" src=\"https:\/\/blog.edu.turku.fi\/lukiontutoropettajat\/files\/2021\/06\/pxfuel.com_-e1623223847831-300x118.jpg\" alt=\"\" width=\"300\" height=\"118\" srcset=\"https:\/\/blog.edu.turku.fi\/lukiontutoropettajat\/files\/2021\/06\/pxfuel.com_-e1623223847831-300x118.jpg 300w, https:\/\/blog.edu.turku.fi\/lukiontutoropettajat\/files\/2021\/06\/pxfuel.com_-e1623223847831-1024x402.jpg 1024w, https:\/\/blog.edu.turku.fi\/lukiontutoropettajat\/files\/2021\/06\/pxfuel.com_-e1623223847831-768x301.jpg 768w, https:\/\/blog.edu.turku.fi\/lukiontutoropettajat\/files\/2021\/06\/pxfuel.com_-e1623223847831-1536x602.jpg 1536w, https:\/\/blog.edu.turku.fi\/lukiontutoropettajat\/files\/2021\/06\/pxfuel.com_-e1623223847831-1200x471.jpg 1200w, https:\/\/blog.edu.turku.fi\/lukiontutoropettajat\/files\/2021\/06\/pxfuel.com_-e1623223847831.jpg 2022w\" sizes=\"auto, (max-width: 300px) 85vw, 300px\" \/><\/p>\n<p dir=\"ltr\">Turun seudun lukioiden tutoropettajaverkosto <strong>tarjoaa vertaistukea ja ideoita toimivien pedagogisten keinojen kokeiluun.<\/strong> Me tutoropettajat olemme tavallisia lukion opettajia, jotka haluamme jakaa kokemuksiamme ja kokeilujemme tuloksia muiden samoja asioita pohtivien kanssa.<\/p>\n<p dir=\"ltr\"><strong>Tutorointihetken voi toteuttaa monilla eri tavoilla<\/strong>, esimerkiksi et\u00e4palaverina, pedagogisena kahvilana tai tuokiona, ty\u00f6pajana, s\u00e4hk\u00f6postipalaverina, koulutuksena tai metodinyytt\u00e4rein\u00e4.<\/p>\n<p><em><strong><span style=\"color: #339966\"><span style=\"color: #000000\">Pohditko itseksesi tai kollegoittesi kanssa, miten\u00a0 monipuolistaa arviointia tai\u00a0 rakentaa yhteiskursseja? Haluttaisiko kuulla kokemuksia muista pedagogisista kokeiluista? Kerro siit\u00e4 meille, ja tulemme avuksi! <\/span><\/span><\/strong><\/em><em><strong><span style=\"color: #339966\"><span style=\"color: #000000\"><a href=\"https:\/\/blog.edu.turku.fi\/lukiontutoropettajat\/aiheita\/\">Aiheita\/Teman<\/a> -otsikon alta l\u00f6yd\u00e4t tutorit.<\/span><\/span><\/strong><\/em><\/p>\n<p>Samalta sivulta l\u00f6ytyy my\u00f6s koosteet\/diat et\u00e4kahviloista.<\/p>\n<p><em><strong><span style=\"color: #339966\"><span style=\"color: #000000\">L\u00f6yd\u00e4 oman koulusi yhteysopettaja <a href=\"https:\/\/blog.edu.turku.fi\/lukiontutoropettajat\/lukioiden-opelinkit\/\">t\u00e4\u00e4lt\u00e4<\/a>.\u00a0<\/span><\/span><\/strong><\/em><\/p>\n<p>&nbsp;<\/p>\n<p>Turun seudun lukioiden tutoropettajaverkosto on luotu <em>Uuden lukion tutoropettajat Turun seudulla<\/em>-hankkeen* tuella.<\/p>\n<p dir=\"ltr\"><small>*Uuden lukion tutoropettajat Turun seudulla -hankkeen tavoitteena oli alueellisen tutoropettajaverkoston avulla tarjota tukea ja koulutusta uuden lukiolain toteuttamiseen sek\u00e4 uusien 2021 opetussuunnitelmien valmisteluun ja jalkauttamiseen osaksi lukiokoulutuksen toimintakulttuuria Turun seudulla. Hankkeen tavoite oli my\u00f6s tukea Turun seudun lukioiden opettajien ty\u00f6ss\u00e4jaksamista.<\/small><\/p>\n<p><small><em><strong>Hanke on p\u00e4\u00e4ttynyt 30.6.2021<\/strong><\/em>. Hanketta rahoittavat Opetushallitus ja sen 12 toteuttajaorganisaatiota: Turun sivistystoimialan suomenkieliset p\u00e4iv\u00e4lukiot sek\u00e4 Katedralskolan i \u00c5bo, Kaarinan lukio, Kimito\u00f6ns gymnasium, Laitilan lukio, Liedon lukio, Myn\u00e4m\u00e4en lukio, Naantalin lukio, Paimion lukio, Paraisten lukio ja Pargas svenska gymnasium, Raision lukio, Turun normaalikoulun lukio sek\u00e4 Uudenkaupungin lukio.<\/small><\/p>\n<p dir=\"ltr\"><img loading=\"lazy\" decoding=\"async\" class=\"alignnone wp-image-59\" src=\"https:\/\/blog.edu.turku.fi\/lukiontutoropettajat\/files\/2020\/10\/Opetushallitus-rahoittaa-logo-300x290-1-300x290.jpg\" alt=\"\" width=\"166\" height=\"160\" \/><\/p>\n","protected":false},"excerpt":{"rendered":"<p>Turun seudun lukioiden tutoropettajaverkosto tarjoaa vertaistukea ja ideoita toimivien pedagogisten keinojen kokeiluun. Me tutoropettajat olemme tavallisia lukion opettajia, jotka haluamme jakaa kokemuksiamme ja kokeilujemme tuloksia muiden samoja asioita pohtivien kanssa. Tutorointihetken voi toteuttaa monilla eri tavoilla, esimerkiksi et\u00e4palaverina, pedagogisena kahvilana tai tuokiona, ty\u00f6pajana, s\u00e4hk\u00f6postipalaverina, koulutuksena tai metodinyytt\u00e4rein\u00e4. Pohditko itseksesi tai kollegoittesi kanssa, miten\u00a0 monipuolistaa arviointia &hellip; <a href=\"https:\/\/blog.edu.turku.fi\/lukiontutoropettajat\/\" class=\"more-link\">Jatka lukemista<span class=\"screen-reader-text\"> &#8221;Turun seudun lukioiden tutoropettajat&#8221;<\/span><\/a><\/p>\n","protected":false},"author":307,"featured_media":0,"parent":0,"menu_order":0,"comment_status":"closed","ping_status":"closed","template":"","meta":{"footnotes":""},"class_list":["post-7","page","type-page","status-publish","hentry"],"_links":{"self":[{"href":"https:\/\/blog.edu.turku.fi\/lukiontutoropettajat\/wp-json\/wp\/v2\/pages\/7","targetHints":{"allow":["GET"]}}],"collection":[{"href":"https:\/\/blog.edu.turku.fi\/lukiontutoropettajat\/wp-json\/wp\/v2\/pages"}],"about":[{"href":"https:\/\/blog.edu.turku.fi\/lukiontutoropettajat\/wp-json\/wp\/v2\/types\/page"}],"author":[{"embeddable":true,"href":"https:\/\/blog.edu.turku.fi\/lukiontutoropettajat\/wp-json\/wp\/v2\/users\/307"}],"replies":[{"embeddable":true,"href":"https:\/\/blog.edu.turku.fi\/lukiontutoropettajat\/wp-json\/wp\/v2\/comments?post=7"}],"version-history":[{"count":24,"href":"https:\/\/blog.edu.turku.fi\/lukiontutoropettajat\/wp-json\/wp\/v2\/pages\/7\/revisions"}],"predecessor-version":[{"id":284,"href":"https:\/\/blog.edu.turku.fi\/lukiontutoropettajat\/wp-json\/wp\/v2\/pages\/7\/revisions\/284"}],"wp:attachment":[{"href":"https:\/\/blog.edu.turku.fi\/lukiontutoropettajat\/wp-json\/wp\/v2\/media?parent=7"}],"curies":[{"name":"wp","href":"https:\/\/api.w.org\/{rel}","templated":true}]}}