{"id":253,"date":"2021-04-28T10:09:19","date_gmt":"2021-04-28T07:09:19","guid":{"rendered":"https:\/\/blog.edu.turku.fi\/lukiontutoropettajat\/?page_id=253"},"modified":"2022-01-11T17:04:42","modified_gmt":"2022-01-11T15:04:42","slug":"oppimisen-tuki","status":"publish","type":"page","link":"https:\/\/blog.edu.turku.fi\/lukiontutoropettajat\/aiheita\/oppimisen-tuki\/","title":{"rendered":"Oppimisen tuki"},"content":{"rendered":"<p><strong>Origo \u2013 opettajan digitaalinen apuv\u00e4line lukion matematiikkaan<br \/>\n<\/strong><strong>Miia Anttila, miia.anttila(at)edu.turku.fi<br \/>\nKuvaus: <\/strong>Origo-taitotasotesti mittaa toisen asteen ykk\u00f6sten osaamista matematiikan eri osa-alueilla ja tuottaa t\u00e4st\u00e4 perusteellista tietoa opettajien k\u00e4ytt\u00f6\u00f6n. Opettajan on mahdollista itse valita ne osa-alueet, joita h\u00e4n haluaa opiskelijoilla testata. Testin tulokset ovat k\u00e4ytett\u00e4viss\u00e4 heti testin suorittamisen j\u00e4lkeen, ja niiden avulla opettaja pystyy tarjoamaan opiskelijoille heid\u00e4n taitotasoaan vastaavaa tukea ja ohjausta. Omalla taitotasolla ty\u00f6skentely motivoi opiskelijoita matematiikan opiskelussa ja opettaja saa ViLLest\u00e4 yksityiskohtaista tietoa opiskelijoiden vahvuuksista ja heikkouksista.<\/p>\n<p>Origo toimii digitaalisessa ViLLe-oppimisymp\u00e4rist\u00f6ss\u00e4. ViLLen k\u00e4ytt\u00f6\u00f6notto edellytt\u00e4\u00e4 opettajalta kahden p\u00e4iv\u00e4n koulutusta. Koulutukset ovat maksullisia, mutta koulutuksen j\u00e4lkeen Villen k\u00e4ytt\u00f6 on maksutonta. Toinen reitti ViLLen k\u00e4ytt\u00e4j\u00e4ksi kulkee asiantuntijaopettajien kautta: kun ViLLe on ollut opettajalla k\u00e4yt\u00f6ss\u00e4 puoli vuotta, voi h\u00e4n toimia perehdytt\u00e4j\u00e4n\u00e4 ja jakaa vuodessa kolmet ilmaiset tunnukset.<\/p>\n<p><a href=\"https:\/\/www.youtube.com\/watch?v=GcuFqcTBFqI\" target=\"_blank\" rel=\"noopener noreferrer\">Matematiikan l\u00e4ht\u00f6tasotesti Origo<\/a><br \/>\n<a href=\"https:\/\/oppimisanalytiikka.fi\/ville\" target=\"_blank\" rel=\"noopener noreferrer\">Oppimisanalytiikka.fi &#8211; Ville<\/a><br \/>\n<a href=\"https:\/\/oppimisanalytiikka.fi\/koulutukset\" target=\"_blank\" rel=\"noopener noreferrer\">Ville-koulutukset<\/a><\/p>\n<h5>Et\u00e4kahvila 15.4.21<br \/>\nRyhm\u00e4nohjaus\/Grupphandledning<\/h5>\n<p>Katja Koski ja Maria Jokela, Luostarinvuoren Lyseon lukio<br \/>\n<a href=\"https:\/\/blog.edu.turku.fi\/lukiontutoropettajat\/files\/2021\/04\/Ryhmanohjauksen-kehittaminen-LUOLYS-2018-2020.pdf\" target=\"_blank\" rel=\"noopener noreferrer\">Ryhm\u00e4nohjauksen kehitt\u00e4minen LUOLYS 2018-2020<\/a><br \/>\n<a href=\"https:\/\/www.youtube.com\/watch?v=8bYGzuuRR-c\" target=\"_blank\" rel=\"noopener noreferrer\">Rytmi\u00e4 ryhm\u00e4nohjaukseen \u2013 ty\u00f6el\u00e4m\u00e4- ja tulevaisuustaitojen ty\u00f6kirja ryhm\u00e4nohjaajille<\/a><br \/>\n<a href=\"https:\/\/docs.google.com\/document\/d\/19sTs732OZA1JNSw6anV1cdjPH0FQHrJft3d34I3pxK4\/edit?usp=sharing\" target=\"_blank\" rel=\"noopener noreferrer\">Rytmi\u00e4 ryhm\u00e4nohjaukseen -ty\u00f6kirja<\/a><\/p>\n<p>Hanna Inkil\u00e4inen, Turun klassillinen lukio<br \/>\n<a href=\"https:\/\/www.koulutustakuu.fi\/tukityokalut-lukioihin\/klassillinen-ro\/#more-218\" target=\"_blank\" rel=\"noopener noreferrer\">Klikkaa t\u00e4\u00e4lt\u00e4\/Klicka h\u00e4r<\/a><\/p>\n<p>Muuta ryhm\u00e4nohjaukseen liittyv\u00e4\u00e4 materiaalia\/\u00d6vrigt material om grupphandledning:<br \/>\n<a href=\"https:\/\/www.koulutustakuu.fi\/tukityokalut-lukioihin\/kerttuli-ro\/#more-264\" target=\"_blank\" rel=\"noopener noreferrer\">Ryhm\u00e4nohjauksen malli, Kerttulin lukio<\/a><br \/>\n<a href=\"https:\/\/dreambroker.com\/channel\/3bq81la9\/151er5cn\" target=\"_blank\" rel=\"noopener noreferrer\">Webinaari, jossa esitell\u00e4\u00e4n konkretiaa sek\u00e4 Kerttulin lukion ett\u00e4 klassillisen lukion malleista<\/a><br \/>\n<a href=\"https:\/\/www.koulutustakuu.fi\/tukityokalut-lukioihin\/category\/ryhmanohjaus\/\" target=\"_blank\" rel=\"noopener noreferrer\">Kaikki <em>Erityisesti lukiossa<\/em> -hankkeessa kehitetyt mallit ryhm\u00e4nohjaukseen<\/a> (sis\u00e4lt\u00e4\u00e4 my\u00f6s jo aiemmin mainitut)<\/p>\n<p>&nbsp;<\/p>\n","protected":false},"excerpt":{"rendered":"<p>Origo \u2013 opettajan digitaalinen apuv\u00e4line lukion matematiikkaan Miia Anttila, miia.anttila(at)edu.turku.fi Kuvaus: Origo-taitotasotesti mittaa toisen asteen ykk\u00f6sten osaamista matematiikan eri osa-alueilla ja tuottaa t\u00e4st\u00e4 perusteellista tietoa opettajien k\u00e4ytt\u00f6\u00f6n. Opettajan on mahdollista itse valita ne osa-alueet, joita h\u00e4n haluaa opiskelijoilla testata. Testin tulokset ovat k\u00e4ytett\u00e4viss\u00e4 heti testin suorittamisen j\u00e4lkeen, ja niiden avulla opettaja pystyy tarjoamaan opiskelijoille heid\u00e4n &hellip; <a href=\"https:\/\/blog.edu.turku.fi\/lukiontutoropettajat\/aiheita\/oppimisen-tuki\/\" class=\"more-link\">Jatka lukemista<span class=\"screen-reader-text\"> &#8221;Oppimisen tuki&#8221;<\/span><\/a><\/p>\n","protected":false},"author":3087,"featured_media":0,"parent":17,"menu_order":4,"comment_status":"closed","ping_status":"closed","template":"","meta":{"footnotes":""},"class_list":["post-253","page","type-page","status-publish","hentry"],"_links":{"self":[{"href":"https:\/\/blog.edu.turku.fi\/lukiontutoropettajat\/wp-json\/wp\/v2\/pages\/253","targetHints":{"allow":["GET"]}}],"collection":[{"href":"https:\/\/blog.edu.turku.fi\/lukiontutoropettajat\/wp-json\/wp\/v2\/pages"}],"about":[{"href":"https:\/\/blog.edu.turku.fi\/lukiontutoropettajat\/wp-json\/wp\/v2\/types\/page"}],"author":[{"embeddable":true,"href":"https:\/\/blog.edu.turku.fi\/lukiontutoropettajat\/wp-json\/wp\/v2\/users\/3087"}],"replies":[{"embeddable":true,"href":"https:\/\/blog.edu.turku.fi\/lukiontutoropettajat\/wp-json\/wp\/v2\/comments?post=253"}],"version-history":[{"count":5,"href":"https:\/\/blog.edu.turku.fi\/lukiontutoropettajat\/wp-json\/wp\/v2\/pages\/253\/revisions"}],"predecessor-version":[{"id":328,"href":"https:\/\/blog.edu.turku.fi\/lukiontutoropettajat\/wp-json\/wp\/v2\/pages\/253\/revisions\/328"}],"up":[{"embeddable":true,"href":"https:\/\/blog.edu.turku.fi\/lukiontutoropettajat\/wp-json\/wp\/v2\/pages\/17"}],"wp:attachment":[{"href":"https:\/\/blog.edu.turku.fi\/lukiontutoropettajat\/wp-json\/wp\/v2\/media?parent=253"}],"curies":[{"name":"wp","href":"https:\/\/api.w.org\/{rel}","templated":true}]}}