{"id":23,"date":"2020-10-25T19:33:26","date_gmt":"2020-10-25T17:33:26","guid":{"rendered":"https:\/\/blog.edu.turku.fi\/lukiontutoropettajat\/?page_id=23"},"modified":"2022-01-11T17:03:25","modified_gmt":"2022-01-11T15:03:25","slug":"yhteisopettajuus","status":"publish","type":"page","link":"https:\/\/blog.edu.turku.fi\/lukiontutoropettajat\/aiheita\/yhteisopettajuus\/","title":{"rendered":"Yhteisopettajuus"},"content":{"rendered":"<h5><\/h5>\n<p><strong>Marika Kaanela, marika.kaanela(at)edu.turku.fi<br \/>\nKuvaus: <\/strong>Y<span style=\"font-weight: 400\">hteisopettajuus matematiikassa kurssialustan osalta, kerron mielell\u00e4ni lis\u00e4\u00e4. <\/span>Opettajilla on omat rinnakkaisryhm\u00e4t samasta kurssista sek\u00e4 yhteinen OneNote tiedosto kurssilla, johon kaikilla kurssin opiskelijoilla on p\u00e4\u00e4sy. Opettajat tuottavat oppitunneittain sis\u00e4lt\u00f6\u00e4 yhteisty\u00f6ss\u00e4 ja sopivat k\u00e4ytett\u00e4vist\u00e4 ohjelmista ja opetettavista laskimen komennoista ym asioista kurssin edetess\u00e4.<\/p>\n<p><strong>Marika Kumlander, marika.kumlander(at)edu.turku.fi<br \/>\nKuvaus:\u00a0 O<\/strong>len kokeillut monipuolisesti yhteisopettajuutta , mm. oppiaineen sis\u00e4ll\u00e4 ja oppiainerajat ylitt\u00e4en. Minulla on kokemusta my\u00f6s tiimioppimisesta.<\/p>\n<p dir=\"ltr\"><strong>Jenna Salminen, jmjsal(at)utu.fi<br \/>\n<\/strong><strong>Kuvaus:<\/strong>\u00a0 Olemme vet\u00e4neet parina vuonna englannin abikurssit yhteisopettajuutena toisen opettajan kanssa mm. niin, ett\u00e4 opiskelijat vaihtoivat parin viikon v\u00e4lein opelta toiselle tasoryhmitt\u00e4in (esim. ENA8). T\u00e4m\u00e4 ty\u00f6tapa toimii varmaankin l\u00e4hinn\u00e4 abien kielten kursseissa.<\/p>\n<p dir=\"ltr\"><strong>Irma Pilto,\u00a0 irma.pilto(at)edu.turku.fi<br \/>\n<\/strong><strong>Kuvaus: <\/strong>Yhteisopettajuus on hyv\u00e4 tapa saada tukea esimerkiksi opettamisen kollegalta eriytt\u00e4miseen saman oppiaineen sis\u00e4ll\u00e4. Olen kokeillut yhteisopettajuutta my\u00f6s yhdist\u00e4m\u00e4ll\u00e4 kollegan kanssa kurssien YH1 ja \u00c4I4 aiheita ja oppitunteja.<\/p>\n<p><span style=\"font-weight: 400\"><strong>Seija Ranta, seija.ranta(at)naantali.fi<\/strong><br \/>\n<strong>Kuvaus: <\/strong><\/span><span style=\"font-weight: 400\">Yhteisopettajuus oppiaineiden v\u00e4lill\u00e4. Olen tehnyt yhteisopettajuutta kurssien\u00a0 \u00c4I3+EN3 kanssa.<\/span><\/p>\n<p dir=\"ltr\">\n","protected":false},"excerpt":{"rendered":"<p>Marika Kaanela, marika.kaanela(at)edu.turku.fi Kuvaus: Yhteisopettajuus matematiikassa kurssialustan osalta, kerron mielell\u00e4ni lis\u00e4\u00e4. Opettajilla on omat rinnakkaisryhm\u00e4t samasta kurssista sek\u00e4 yhteinen OneNote tiedosto kurssilla, johon kaikilla kurssin opiskelijoilla on p\u00e4\u00e4sy. Opettajat tuottavat oppitunneittain sis\u00e4lt\u00f6\u00e4 yhteisty\u00f6ss\u00e4 ja sopivat k\u00e4ytett\u00e4vist\u00e4 ohjelmista ja opetettavista laskimen komennoista ym asioista kurssin edetess\u00e4. Marika Kumlander, marika.kumlander(at)edu.turku.fi Kuvaus:\u00a0 Olen kokeillut monipuolisesti yhteisopettajuutta , mm. &hellip; <a href=\"https:\/\/blog.edu.turku.fi\/lukiontutoropettajat\/aiheita\/yhteisopettajuus\/\" class=\"more-link\">Jatka lukemista<span class=\"screen-reader-text\"> &#8221;Yhteisopettajuus&#8221;<\/span><\/a><\/p>\n","protected":false},"author":307,"featured_media":0,"parent":17,"menu_order":0,"comment_status":"closed","ping_status":"closed","template":"","meta":{"footnotes":""},"class_list":["post-23","page","type-page","status-publish","hentry"],"_links":{"self":[{"href":"https:\/\/blog.edu.turku.fi\/lukiontutoropettajat\/wp-json\/wp\/v2\/pages\/23","targetHints":{"allow":["GET"]}}],"collection":[{"href":"https:\/\/blog.edu.turku.fi\/lukiontutoropettajat\/wp-json\/wp\/v2\/pages"}],"about":[{"href":"https:\/\/blog.edu.turku.fi\/lukiontutoropettajat\/wp-json\/wp\/v2\/types\/page"}],"author":[{"embeddable":true,"href":"https:\/\/blog.edu.turku.fi\/lukiontutoropettajat\/wp-json\/wp\/v2\/users\/307"}],"replies":[{"embeddable":true,"href":"https:\/\/blog.edu.turku.fi\/lukiontutoropettajat\/wp-json\/wp\/v2\/comments?post=23"}],"version-history":[{"count":12,"href":"https:\/\/blog.edu.turku.fi\/lukiontutoropettajat\/wp-json\/wp\/v2\/pages\/23\/revisions"}],"predecessor-version":[{"id":326,"href":"https:\/\/blog.edu.turku.fi\/lukiontutoropettajat\/wp-json\/wp\/v2\/pages\/23\/revisions\/326"}],"up":[{"embeddable":true,"href":"https:\/\/blog.edu.turku.fi\/lukiontutoropettajat\/wp-json\/wp\/v2\/pages\/17"}],"wp:attachment":[{"href":"https:\/\/blog.edu.turku.fi\/lukiontutoropettajat\/wp-json\/wp\/v2\/media?parent=23"}],"curies":[{"name":"wp","href":"https:\/\/api.w.org\/{rel}","templated":true}]}}