{"id":19,"date":"2020-10-25T19:29:43","date_gmt":"2020-10-25T17:29:43","guid":{"rendered":"https:\/\/blog.edu.turku.fi\/lukiontutoropettajat\/?page_id=19"},"modified":"2020-10-26T21:52:59","modified_gmt":"2020-10-26T19:52:59","slug":"yrittajyyskasvatus","status":"publish","type":"page","link":"https:\/\/blog.edu.turku.fi\/lukiontutoropettajat\/aiheita\/yrittajyyskasvatus\/","title":{"rendered":"Yritt\u00e4jyyskasvatus"},"content":{"rendered":"<p dir=\"ltr\"><strong>Yhteystiedot:<\/strong>\u00a0 Kirsi Siivonen, siivonen.kirsi(at)gmail.com<\/p>\n<p><strong>Kuvaus:<\/strong>\u00a0 Esittelen mielell\u00e4ni lukiossamme toteutettua yritt\u00e4jyyskurssia, lukiodiili\u00e4. Opiskelijat saavat kurssilla yritt\u00e4jilt\u00e4 k\u00e4yt\u00e4nn\u00f6n teht\u00e4vi\u00e4, jotka he ratkaisevat ryhmiss\u00e4. Lukiodiili mm. vahvistaa opiskelijoiden vastuullisuutta ja luovuutta sek\u00e4 auttaa heit\u00e4 tunnistamaan omia vahvuuksiaan.<\/p>\n","protected":false},"excerpt":{"rendered":"<p>Yhteystiedot:\u00a0 Kirsi Siivonen, siivonen.kirsi(at)gmail.com Kuvaus:\u00a0 Esittelen mielell\u00e4ni lukiossamme toteutettua yritt\u00e4jyyskurssia, lukiodiili\u00e4. Opiskelijat saavat kurssilla yritt\u00e4jilt\u00e4 k\u00e4yt\u00e4nn\u00f6n teht\u00e4vi\u00e4, jotka he ratkaisevat ryhmiss\u00e4. Lukiodiili mm. vahvistaa opiskelijoiden vastuullisuutta ja luovuutta sek\u00e4 auttaa heit\u00e4 tunnistamaan omia vahvuuksiaan.<\/p>\n","protected":false},"author":307,"featured_media":0,"parent":17,"menu_order":2,"comment_status":"closed","ping_status":"closed","template":"","meta":{"footnotes":""},"class_list":["post-19","page","type-page","status-publish","hentry"],"_links":{"self":[{"href":"https:\/\/blog.edu.turku.fi\/lukiontutoropettajat\/wp-json\/wp\/v2\/pages\/19","targetHints":{"allow":["GET"]}}],"collection":[{"href":"https:\/\/blog.edu.turku.fi\/lukiontutoropettajat\/wp-json\/wp\/v2\/pages"}],"about":[{"href":"https:\/\/blog.edu.turku.fi\/lukiontutoropettajat\/wp-json\/wp\/v2\/types\/page"}],"author":[{"embeddable":true,"href":"https:\/\/blog.edu.turku.fi\/lukiontutoropettajat\/wp-json\/wp\/v2\/users\/307"}],"replies":[{"embeddable":true,"href":"https:\/\/blog.edu.turku.fi\/lukiontutoropettajat\/wp-json\/wp\/v2\/comments?post=19"}],"version-history":[{"count":3,"href":"https:\/\/blog.edu.turku.fi\/lukiontutoropettajat\/wp-json\/wp\/v2\/pages\/19\/revisions"}],"predecessor-version":[{"id":94,"href":"https:\/\/blog.edu.turku.fi\/lukiontutoropettajat\/wp-json\/wp\/v2\/pages\/19\/revisions\/94"}],"up":[{"embeddable":true,"href":"https:\/\/blog.edu.turku.fi\/lukiontutoropettajat\/wp-json\/wp\/v2\/pages\/17"}],"wp:attachment":[{"href":"https:\/\/blog.edu.turku.fi\/lukiontutoropettajat\/wp-json\/wp\/v2\/media?parent=19"}],"curies":[{"name":"wp","href":"https:\/\/api.w.org\/{rel}","templated":true}]}}