{"id":173,"date":"2021-01-10T15:14:54","date_gmt":"2021-01-10T13:14:54","guid":{"rendered":"https:\/\/blog.edu.turku.fi\/lukiontutoropettajat\/?page_id=173"},"modified":"2021-04-05T16:21:39","modified_gmt":"2021-04-05T13:21:39","slug":"pa-svenska","status":"publish","type":"page","link":"https:\/\/blog.edu.turku.fi\/lukiontutoropettajat\/pa-svenska\/","title":{"rendered":"P\u00e5 svenska"},"content":{"rendered":"<h1><strong>Tutorl\u00e4rarn\u00e4tverket i \u00c5boregionens gymnasier<\/strong><\/h1>\n<p dir=\"ltr\">Tutorl\u00e4rarn\u00e4tverket i \u00c5boregionens gymnasier <strong>erbjuder st\u00f6d och id\u00e9er f\u00f6r att prova p\u00e5 fungerande pedagogiska l\u00f6sningar.<\/strong> Tutorl\u00e4rarna \u00e4r vanliga gymnasiel\u00e4rare som vill dela med oss av erfarenheter och resultat med andra som funderar p\u00e5 samma saker.<\/p>\n<p dir=\"ltr\"><strong>Tutoreringen kan f\u00f6rverkligas p\u00e5 m\u00e5nga s\u00e4tt,<\/strong> till exempel som distansm\u00f6te, pedagogiskt caf\u00e9, workshop, kommunikation via e-post, fortbildning eller metodknytkalas.<\/p>\n<p dir=\"ltr\"><em><b>Har du funderat f\u00f6r dig sj\u00e4lv eller tillsammans med dina kollegor hur man g\u00f6r utv\u00e4rderingen m\u00e5ngsidigare eller bygger upp gemensamma kurser? Skulle du vilja h\u00f6ra andras erfarenheter om pedagogiska utvecklingsf\u00f6rs\u00f6k? Ber\u00e4tta f\u00f6r oss, s\u00e5 hj\u00e4lper vi! Tutorerna hittas under rubriken <a href=\"https:\/\/blog.edu.turku.fi\/lukiontutoropettajat\/aiheita\/\">Aiheita\/Teman<\/a>.<\/b><\/em><\/p>\n<p dir=\"ltr\">P\u00e5 samma sida hittar du \u00e4ven sammanfattningar av diskussionerna under distanscaf\u00e9erna.<\/p>\n<p dir=\"ltr\"><em><strong><a href=\"https:\/\/blog.edu.turku.fi\/lukiontutoropettajat\/lukioiden-opelinkit\/\">H\u00e4r<\/a> hittar du ditt eget gymnasium l\u00e4rarl\u00e4nk.<\/strong><\/em><\/p>\n<p>\u00c5boregionen tutorl\u00e4rarn\u00e4tverk \u00e4r skapat med hj\u00e4lp av finansiering av projektet <em>Uuden lukion tutoropettajat Turun seudulla<\/em>*<\/p>\n<p>&nbsp;<\/p>\n<p dir=\"ltr\"><small>*Syftet med projektet Uuden lukion tutoropettajat Turun seudulla \u00e4r att med hj\u00e4lp av ett regionalt tutorl\u00e4rarn\u00e4tverk erbjude st\u00f6d och fortbildning f\u00f6r att f\u00f6rverkliga den nya gymnasielagen samt f\u00f6rbereda och genomf\u00f6ra de nya l\u00e4roplanerna 2021 som en del av gymnasieutbildningens verksamhetskultur i \u00c5boregionen. Projektets m\u00e5l \u00e4r \u00e4ven att st\u00f6da \u00c5boregionens gymnasiel\u00e4rares ork i arbetet.<\/small><\/p>\n<p dir=\"ltr\"><small>Projektet inleddes 18.1.2019 och avslutas 31.12.2020. Projektet finansieras av Utbildningsstyrelsen och av de 12 organisationer som \u00e4r med i projektets f\u00f6rverkligande:\u00a0 Bildningssektorns finskspr\u00e5kiga dagsgymnasier i \u00c5bo samt Katedralskolan i \u00c5bo, Kaarinan lukio, Kimito\u00f6ns gymnasium, Laitilan lukio, Liedon lukio, Myn\u00e4m\u00e4en lukio, Naantalin lukio, Paimion lukio, Paraisten lukio och Pargas svenska gymnasium, Raision lukio, Turun normaalikoulun lukio samt Uudenkaupungin lukio.<\/small><\/p>\n<p dir=\"ltr\"><img loading=\"lazy\" decoding=\"async\" class=\"alignnone wp-image-59\" src=\"https:\/\/blog.edu.turku.fi\/lukiontutoropettajat\/files\/2020\/10\/Opetushallitus-rahoittaa-logo-300x290-1-300x290.jpg\" alt=\"\" width=\"166\" height=\"160\" \/><\/p>\n","protected":false},"excerpt":{"rendered":"<p>Tutorl\u00e4rarn\u00e4tverket i \u00c5boregionens gymnasier Tutorl\u00e4rarn\u00e4tverket i \u00c5boregionens gymnasier erbjuder st\u00f6d och id\u00e9er f\u00f6r att prova p\u00e5 fungerande pedagogiska l\u00f6sningar. Tutorl\u00e4rarna \u00e4r vanliga gymnasiel\u00e4rare som vill dela med oss av erfarenheter och resultat med andra som funderar p\u00e5 samma saker. Tutoreringen kan f\u00f6rverkligas p\u00e5 m\u00e5nga s\u00e4tt, till exempel som distansm\u00f6te, pedagogiskt caf\u00e9, workshop, kommunikation via e-post, &hellip; <a href=\"https:\/\/blog.edu.turku.fi\/lukiontutoropettajat\/pa-svenska\/\" class=\"more-link\">Jatka lukemista<span class=\"screen-reader-text\"> &#8221;P\u00e5 svenska&#8221;<\/span><\/a><\/p>\n","protected":false},"author":3087,"featured_media":0,"parent":0,"menu_order":0,"comment_status":"closed","ping_status":"closed","template":"","meta":{"footnotes":""},"class_list":["post-173","page","type-page","status-publish","hentry"],"_links":{"self":[{"href":"https:\/\/blog.edu.turku.fi\/lukiontutoropettajat\/wp-json\/wp\/v2\/pages\/173","targetHints":{"allow":["GET"]}}],"collection":[{"href":"https:\/\/blog.edu.turku.fi\/lukiontutoropettajat\/wp-json\/wp\/v2\/pages"}],"about":[{"href":"https:\/\/blog.edu.turku.fi\/lukiontutoropettajat\/wp-json\/wp\/v2\/types\/page"}],"author":[{"embeddable":true,"href":"https:\/\/blog.edu.turku.fi\/lukiontutoropettajat\/wp-json\/wp\/v2\/users\/3087"}],"replies":[{"embeddable":true,"href":"https:\/\/blog.edu.turku.fi\/lukiontutoropettajat\/wp-json\/wp\/v2\/comments?post=173"}],"version-history":[{"count":5,"href":"https:\/\/blog.edu.turku.fi\/lukiontutoropettajat\/wp-json\/wp\/v2\/pages\/173\/revisions"}],"predecessor-version":[{"id":234,"href":"https:\/\/blog.edu.turku.fi\/lukiontutoropettajat\/wp-json\/wp\/v2\/pages\/173\/revisions\/234"}],"wp:attachment":[{"href":"https:\/\/blog.edu.turku.fi\/lukiontutoropettajat\/wp-json\/wp\/v2\/media?parent=173"}],"curies":[{"name":"wp","href":"https:\/\/api.w.org\/{rel}","templated":true}]}}