{"id":15,"date":"2020-10-25T19:25:23","date_gmt":"2020-10-25T17:25:23","guid":{"rendered":"https:\/\/blog.edu.turku.fi\/lukiontutoropettajat\/?page_id=15"},"modified":"2022-01-11T17:05:43","modified_gmt":"2022-01-11T15:05:43","slug":"arviointi","status":"publish","type":"page","link":"https:\/\/blog.edu.turku.fi\/lukiontutoropettajat\/arviointi\/","title":{"rendered":"Arviointi"},"content":{"rendered":"<h5>Itse- ja vertaisarvionti osana jatkuvaa arviointia (ruotsi)<\/h5>\n<p dir=\"ltr\"><strong>Petteri Hyv\u00f6nen, petteri.hyvonen(at)naantali.fi<br \/>\n<\/strong><strong>Kuvaus:<\/strong> Voit tulla katsomaan oppitunnilleni miten opiskelijat k\u00e4ytt\u00e4v\u00e4t itse- ja vertaisarviointia osana kurssin jatkuvaa arviointia tai voin esitell\u00e4 aihetta ja keskustella siit\u00e4 esim. google meetin v\u00e4lityksell\u00e4.<\/p>\n<h5><strong>Itse- ja vertaisarviointi \/ Ryhm\u00e4- ja parikokeet \/Haarautuvat kokeet ja teht\u00e4v\u00e4t (forms)<\/strong><\/h5>\n<p><strong>Marika Kumlander, marika.kumlander(at)edu.turku.fi<br \/>\nKuvaus: <\/strong>K\u00e4yt\u00e4n itse- ja vertaisarviointia\u00a0 varsinkin \u00e4idinkielen ja kirjallisuuden kirjoitelmateht\u00e4viss\u00e4. menetelm\u00e4 soveltuu my\u00f6s reaali- ja kieliaineiden kirjoitusteht\u00e4viin.<\/p>\n<p>Kurssin aikana tehtyjen teht\u00e4vien ottaminen huomioon arvioinnissa<\/p>\n<p dir=\"ltr\"><strong>Jussi Hietapakka, jussi.hietapakka(at)raisio.fi<br \/>\n<\/strong><strong>Kuvaus:<\/strong>\u00a0 Voin esitell\u00e4, miten otan huomioon kurssin aikana tehdyt teht\u00e4v\u00e4t kurssiarvosanaa muodostettaessa matematiikassa ja fysiikassa. Voin my\u00f6s jakaa k\u00e4ytt\u00e4m\u00e4ni taulukkolaskenta-asiakirjan, joka laskee kurssiarvosanan tehtyjen teht\u00e4vien ja koearvosanan perusteella.<\/p>\n<h5>Muntlig utv\u00e4rdering<\/h5>\n<p dir=\"ltr\"><strong>Benita Lindstr\u00f6m, benita.lindstrom(at)edu.turku.fi<br \/>\n<\/strong><strong>Kuvaus:\u00a0<\/strong> Jag har erfarenhet av muntlig utv\u00e4rdering (t.ex. muntliga delar i prov). Voin my\u00f6s kertoa kokemuksistani suomeksi.<\/p>\n<h5><strong> Kirjallisuuden k\u00e4sittely ryhm\u00e4keskusteluna p\u00e4tt\u00f6viikolla (\u00c4I ja \u00c4I+EN)\/ Itsearviointi ja vertaispalaute<\/strong><\/h5>\n<p><span style=\"font-weight: 400\"><strong>Seija Ranta, seija.ranta(at)naantali.fi<\/strong><\/span><\/p>\n<h5><span style=\"font-weight: 400\"><strong>Parity\u00f6 osana arviointia matematiikassa<\/strong><\/span><\/h5>\n<p><strong>Marika Kaanela, marika.kaanela(at)edu.turku.fi<br \/>\nKuvaus: <\/strong>Esimerkki parity\u00f6st\u00e4 arvioinnin osana matematiikassa: i<span style=\"font-weight: 400\">ntegrointikurssilla maljakon tilavuuden m\u00e4\u00e4ritt\u00e4minen<\/span><\/p>\n<p><strong>Et\u00e4kahvila 4.2.21<\/strong><br \/>\nKooste arviointikeskusteluista:<br \/>\n<a href=\"https:\/\/blog.edu.turku.fi\/lukiontutoropettajat\/files\/2021\/04\/Arvioinnin-konkreettiset-tyokalut-jakoon-tilaisuuden-satoa.pdf\">Arvioinnin konkreettiset ty\u00f6kalut jakoon -tilaisuuden satoa<\/a><\/p>\n","protected":false},"excerpt":{"rendered":"<p>Itse- ja vertaisarvionti osana jatkuvaa arviointia (ruotsi) Petteri Hyv\u00f6nen, petteri.hyvonen(at)naantali.fi Kuvaus: Voit tulla katsomaan oppitunnilleni miten opiskelijat k\u00e4ytt\u00e4v\u00e4t itse- ja vertaisarviointia osana kurssin jatkuvaa arviointia tai voin esitell\u00e4 aihetta ja keskustella siit\u00e4 esim. google meetin v\u00e4lityksell\u00e4. Itse- ja vertaisarviointi \/ Ryhm\u00e4- ja parikokeet \/Haarautuvat kokeet ja teht\u00e4v\u00e4t (forms) Marika Kumlander, marika.kumlander(at)edu.turku.fi Kuvaus: K\u00e4yt\u00e4n itse- ja &hellip; <a href=\"https:\/\/blog.edu.turku.fi\/lukiontutoropettajat\/arviointi\/\" class=\"more-link\">Jatka lukemista<span class=\"screen-reader-text\"> &#8221;Arviointi&#8221;<\/span><\/a><\/p>\n","protected":false},"author":307,"featured_media":0,"parent":0,"menu_order":0,"comment_status":"closed","ping_status":"closed","template":"","meta":{"footnotes":""},"class_list":["post-15","page","type-page","status-publish","hentry"],"_links":{"self":[{"href":"https:\/\/blog.edu.turku.fi\/lukiontutoropettajat\/wp-json\/wp\/v2\/pages\/15","targetHints":{"allow":["GET"]}}],"collection":[{"href":"https:\/\/blog.edu.turku.fi\/lukiontutoropettajat\/wp-json\/wp\/v2\/pages"}],"about":[{"href":"https:\/\/blog.edu.turku.fi\/lukiontutoropettajat\/wp-json\/wp\/v2\/types\/page"}],"author":[{"embeddable":true,"href":"https:\/\/blog.edu.turku.fi\/lukiontutoropettajat\/wp-json\/wp\/v2\/users\/307"}],"replies":[{"embeddable":true,"href":"https:\/\/blog.edu.turku.fi\/lukiontutoropettajat\/wp-json\/wp\/v2\/comments?post=15"}],"version-history":[{"count":20,"href":"https:\/\/blog.edu.turku.fi\/lukiontutoropettajat\/wp-json\/wp\/v2\/pages\/15\/revisions"}],"predecessor-version":[{"id":330,"href":"https:\/\/blog.edu.turku.fi\/lukiontutoropettajat\/wp-json\/wp\/v2\/pages\/15\/revisions\/330"}],"wp:attachment":[{"href":"https:\/\/blog.edu.turku.fi\/lukiontutoropettajat\/wp-json\/wp\/v2\/media?parent=15"}],"curies":[{"name":"wp","href":"https:\/\/api.w.org\/{rel}","templated":true}]}}