{"id":8,"date":"2023-02-09T13:26:32","date_gmt":"2023-02-09T11:26:32","guid":{"rendered":"https:\/\/blog.edu.turku.fi\/lukion-opoille\/?page_id=8"},"modified":"2023-12-12T09:21:07","modified_gmt":"2023-12-12T07:21:07","slug":"motivaatio-ja-vahvuudet","status":"publish","type":"page","link":"https:\/\/blog.edu.turku.fi\/lukion-opoille\/motivaatio-ja-vahvuudet\/","title":{"rendered":"Tunnista ja oivalla vahvuudet"},"content":{"rendered":"<p>Tunnista ja oivalla vahvuudet ty\u00f6skentelyyn liittyv\u00e4t materiaalit tukevat opinto-ohjaajaa lukiolaisen jatko-opinto- ja uraohjauksessa.\u00a0 Materiaalit l\u00f6ytyv\u00e4t sivuston alasvetovalikosta.<\/p>\n<p>Materiaali sis\u00e4lt\u00e4\u00e4:<\/p>\n<ul>\n<li>Ohjeita ja ideoita opinto-ohjaajalle Tunnista ja oivalla vahvuutesi- testity\u00f6kalun jakamisesta opiskelijoille.<\/li>\n<li>Tunnista ja oivalla vahvuutesi -testi ohjeineen opiskelijalle.<\/li>\n<li>L\u00e4hdemateriaaleja taustateorioihin ja valittuihin ohjausmenetelmiin ja ohjauksen ty\u00f6kaluihin perehtymiseen.<\/li>\n<li>Vinkkej\u00e4 ja ohjeita\u00a0 ohjauskeskusteluun valmistautumiseen ja ohjauskeskustelun kulkuun.<\/li>\n<li>Kuvauksia ja materiaaleja Tunnista ja oivalla vahvuutesi -testity\u00f6kalun k\u00e4yt\u00f6st\u00e4 oppitunneilla, pienryhmiss\u00e4 ja jatko-ohjauksessa.<\/li>\n<li>Testity\u00f6kalun ja Tunnista ja oivalla vahvuutesi ty\u00f6skentelymallin kehitt\u00e4misess\u00e4 k\u00e4ytetyt l\u00e4hteet .<\/li>\n<\/ul>\n<p>Tunnista ja oivalla vahvuutesi &#8211; ty\u00f6skentely, jossa yhdess\u00e4 ohjattavan kanssa tarkastellaan h\u00e4nen vahvuuksiaan, luo keskustelulle rakenteen ja tukee jatko-opintosuunnitelmiin liittyv\u00e4\u00e4 pohdintaa.\u00a0 Ohjattavaa kiinnostavia aloja ja niiden mahdollisia ty\u00f6teht\u00e4vi\u00e4 voi tarkastella vahvuuksia hy\u00f6dynt\u00e4en. Keskustelu mahdollistaa my\u00f6s erilaisten tulevaisuuden vaihtoehtojen esille ottamisen.<\/p>\n<p>Parhaimmillaan\u00a0 keskustelu erilaisten vahvuuksien antamista vaihtoehdoista tukee opiskelijan itsetuntemuksen, osallisuuden ja toimijuuden kehittymist\u00e4, jolloin opiskelija saattaa tehd\u00e4 uusia oivalluksia mahdollisuuksistaan.\u00a0 Ohjauskeskustelu auttaa my\u00f6s omien\u00a0 vahvuuksien sanoittamisessa ja kuvaamisessa.<\/p>\n<p>Lis\u00e4tietoja:<\/p>\n<p>Opinto-ohjaaja Julian Lindberg<\/p>\n<p>Turun Suomalaisen Yhteiskoulun lukio<\/p>\n<p>etunimi.sukunimi@edu.turku.fi<\/p>\n<p>&nbsp;<\/p>\n<p>&nbsp;<\/p>\n<p>&nbsp;<\/p>\n","protected":false},"excerpt":{"rendered":"<p>Tunnista ja oivalla vahvuudet ty\u00f6skentelyyn liittyv\u00e4t materiaalit tukevat opinto-ohjaajaa lukiolaisen jatko-opinto- ja uraohjauksessa.\u00a0 Materiaalit l\u00f6ytyv\u00e4t sivuston alasvetovalikosta. Materiaali sis\u00e4lt\u00e4\u00e4: Ohjeita ja ideoita opinto-ohjaajalle Tunnista ja oivalla vahvuutesi- testity\u00f6kalun jakamisesta opiskelijoille. Tunnista ja oivalla vahvuutesi -testi ohjeineen opiskelijalle. L\u00e4hdemateriaaleja taustateorioihin ja valittuihin ohjausmenetelmiin ja ohjauksen ty\u00f6kaluihin perehtymiseen. Vinkkej\u00e4 ja ohjeita\u00a0 ohjauskeskusteluun valmistautumiseen ja ohjauskeskustelun kulkuun. Kuvauksia &hellip; <a href=\"https:\/\/blog.edu.turku.fi\/lukion-opoille\/motivaatio-ja-vahvuudet\/\" class=\"more-link\">Jatka lukemista<span class=\"screen-reader-text\"> &#8221;Tunnista ja oivalla vahvuudet&#8221;<\/span><\/a><\/p>\n","protected":false},"author":56,"featured_media":0,"parent":0,"menu_order":0,"comment_status":"closed","ping_status":"closed","template":"","meta":{"footnotes":""},"class_list":["post-8","page","type-page","status-publish","hentry"],"_links":{"self":[{"href":"https:\/\/blog.edu.turku.fi\/lukion-opoille\/wp-json\/wp\/v2\/pages\/8","targetHints":{"allow":["GET"]}}],"collection":[{"href":"https:\/\/blog.edu.turku.fi\/lukion-opoille\/wp-json\/wp\/v2\/pages"}],"about":[{"href":"https:\/\/blog.edu.turku.fi\/lukion-opoille\/wp-json\/wp\/v2\/types\/page"}],"author":[{"embeddable":true,"href":"https:\/\/blog.edu.turku.fi\/lukion-opoille\/wp-json\/wp\/v2\/users\/56"}],"replies":[{"embeddable":true,"href":"https:\/\/blog.edu.turku.fi\/lukion-opoille\/wp-json\/wp\/v2\/comments?post=8"}],"version-history":[{"count":29,"href":"https:\/\/blog.edu.turku.fi\/lukion-opoille\/wp-json\/wp\/v2\/pages\/8\/revisions"}],"predecessor-version":[{"id":479,"href":"https:\/\/blog.edu.turku.fi\/lukion-opoille\/wp-json\/wp\/v2\/pages\/8\/revisions\/479"}],"wp:attachment":[{"href":"https:\/\/blog.edu.turku.fi\/lukion-opoille\/wp-json\/wp\/v2\/media?parent=8"}],"curies":[{"name":"wp","href":"https:\/\/api.w.org\/{rel}","templated":true}]}}