{"id":6,"date":"2023-02-09T13:26:14","date_gmt":"2023-02-09T11:26:14","guid":{"rendered":"https:\/\/blog.edu.turku.fi\/lukion-opoille\/?page_id=6"},"modified":"2023-06-07T09:26:17","modified_gmt":"2023-06-07T06:26:17","slug":"perusopetuksesta-lukioon-moniammatillisen-tuen-toimintamalli","status":"publish","type":"page","link":"https:\/\/blog.edu.turku.fi\/lukion-opoille\/perusopetuksesta-lukioon-moniammatillisen-tuen-toimintamalli\/","title":{"rendered":"Lukio-opinnot vauhtiin! -opintojaksosta tukea lukio-opintojen alkuun"},"content":{"rendered":"<p>Olet varmasti huomannut, ett\u00e4 perusopetuksessa kaikille ei ole kehittynyt riitt\u00e4vi\u00e4 opiskelutaitoja ja rutiinia tehd\u00e4 t\u00f6it\u00e4 oppimisen eteen. Miten saada opiskelijat heti kelkkaan ja etenkin pysym\u00e4\u00e4n kelkassa mukana?<\/p>\n<p>Lukio-opinnot vauhtiin on kahden opintopisteen laajuinen opintojakso, joka on tarkoitettu lukion aloittaville, opinnoissaan tukea tarvitseville opiskelijoille. Opintojakson aikana opiskelija p\u00e4\u00e4see tutustumaan koulun moniammatillisiin toimijoihin ja kynnys tuen pyyt\u00e4miseen ja vastaanottamiseen madaltuu.<\/p>\n<p>Opintojakson aikana opiskelijalle kehittyv\u00e4t hyv\u00e4t rutiinit oppimisen tekniikoihin ja ajank\u00e4yt\u00f6n suunnitteluun. Jokaisella tapaamiskerralla on varattu my\u00f6s aikaa sille, ett\u00e4 opiskelijat tekev\u00e4t l\u00e4ksyj\u00e4\u00e4n ja saavat siihen apua. N\u00e4in he p\u00e4\u00e4sev\u00e4t heti testaamaan k\u00e4yt\u00e4nn\u00f6ss\u00e4 oppimisen tekniikoita ja he oppivat toimivat rutiinit l\u00e4ksyjen tekoon. Siten heid\u00e4n on oppitunneilla helpompi keskitty\u00e4 opetukseen. Opiskelijat saavat opintojaksolla tukea my\u00f6s s\u00e4hk\u00f6isten oppimis- ja koealustojen k\u00e4yt\u00f6ss\u00e4, jolloin niiden k\u00e4ytt\u00e4minen my\u00f6hemmin opinnoissa on jo tuttua.<\/p>\n<p>Opintojakson avulla opiskelijan kuva itsest\u00e4 lukio-opiskelijana ja opiskelijaitsetunto s\u00e4ilyv\u00e4t positiivisempina heti alusta alkaen. Opintojakson my\u00f6t\u00e4 opintojen alku helpottuu tukea tarvitsevilla opiskelijoilla ja heid\u00e4n sitoutumisensa opintoihin vahvistuu.<\/p>\n<p>Opintojakso sijoittuu heti ensimm\u00e4isen\u00e4 lukiovuonna ensimm\u00e4iseen jaksoon. Opintojakso kest\u00e4\u00e4 kahden tai kolmen jakson ajan, riippuen siit\u00e4, pidet\u00e4\u00e4nk\u00f6 tapaamisia kerran vai kaksi viikossa.<\/p>\n<p>Opintojaksoa on mahdollista hy\u00f6dynt\u00e4\u00e4 my\u00f6s my\u00f6hemm\u00e4n vaiheen opiskelijoille tarvittaessa.<\/p>\n<h5><strong><em>Lukio-opinnot vauhtiin 2 op (OP03) -kurssikuvaus:<\/em><\/strong><\/h5>\n<p>Erityisopettajan, <strong>opinto-ohjaajan<\/strong>\u00a0ja aineenopettajien yhteisty\u00f6ll\u00e4 opiskelija<\/p>\n<ul>\n<li>tutustuu s\u00e4hk\u00f6iseen oppimisymp\u00e4rist\u00f6\u00f6n ja siell\u00e4 oleviin toimintoihin<\/li>\n<li>harjoittelee abitti-koej\u00e4rjestelm\u00e4n ja perusohjelmien k\u00e4ytt\u00f6\u00e4<\/li>\n<li>tutustuu s\u00e4hk\u00f6iseen kokeeseen<\/li>\n<li>saa keskustella erityisopettajan kanssa mahdollisista tuen tarpeista<\/li>\n<li>harjoittelee oppimistekniikoita eri oppiaineissa<\/li>\n<li>kokeilee konkreettisia apuv\u00e4lineit\u00e4 lukio-opinnoissa menestymiseen.<\/li>\n<\/ul>\n<p><strong>Opintojakson tavoitteet:<\/strong><\/p>\n<ul>\n<li>opiskelija osaa toimia lukion k\u00e4ytt\u00e4m\u00e4ss\u00e4 s\u00e4hk\u00f6isess\u00e4 oppimisymp\u00e4rist\u00f6ss\u00e4<\/li>\n<li>hallitsee s\u00e4hk\u00f6isten kirjoitusten vaatimat perustaidot ja kirjoituksissa k\u00e4ytett\u00e4v\u00e4t perusohjelmistot<\/li>\n<li>tutustuu kyberturvallisuuteen<\/li>\n<li>hallitsee lukiossa tarvittavia erilaisia oppimistekniikoita ja -taitoja<\/li>\n<li>oppii tuntemaan omat vahvuutensa ja kehitt\u00e4mistarpeensa ja valitsemaan itselleen soveltuvimmat ty\u00f6tavat<\/li>\n<li>oppii hallitsemaan ja siet\u00e4m\u00e4\u00e4n opintojen aikana vastaan\u00a0tulevia haastavia tilanteita ja saa v\u00e4lineit\u00e4 niiden kohtaamiseen<\/li>\n<\/ul>\n<p><strong>Arvioinnin perusteet:<\/strong><\/p>\n<ul>\n<li>Opintojaksosta on mahdollista saada suoritusmerkint\u00e4.<\/li>\n<li>Suoritusmerkinn\u00e4n saadakseen opiskelijalla t\u00e4ytyy olla riitt\u00e4v\u00e4 m\u00e4\u00e4r\u00e4 l\u00e4sn\u00e4oloa, suunnitelma omista tavoitteista opintojaksolle ja suunnitelmassa v\u00e4hint\u00e4\u00e4n kaksi ohjausmerkint\u00e4\u00e4 erityisopettajan kanssa k\u00e4ydyst\u00e4 ohjaavasta keskustelusta.<\/li>\n<\/ul>\n<h5><strong><em>Mit\u00e4 kurssin k\u00e4ytt\u00f6\u00f6notto vaatii<\/em><\/strong><\/h5>\n<p>Opintojakso vaatii erityisopettajan ty\u00f6panoksen vastuullisena opettajana. Lis\u00e4ksi opiskelijahuollon toimijat, matemaattisten aineiden opettaja ja kielten opettaja tarvitaan opintojaksolle vierailijoina n. 2 tuntia \/ henkil\u00f6 (1-2*75min). Jakso tulee sis\u00e4llytt\u00e4\u00e4 kurssitarjottimeen ja sit\u00e4 tulee markkinoida perusopetuksen opoille, jotta ne opiskelijat, jotka opintojaksosta hy\u00f6tyv\u00e4t, osaavat valita sen jo ensimm\u00e4isi\u00e4 opintojaksovalintoja tehdess\u00e4\u00e4n.<\/p>\n<p>Lukio-opinnot vauhtiin -opintojaksolle on valmis runko tarjolla!<\/p>\n<p>Opintojaksoa kannattaa mainostaa perusopetuksen opoille ja antaa siten heille mahdollisuus ohjata valikoitu joukko Lukio-opinnot vauhtiin -opintojaksolle.<\/p>\n<p><strong>Lis\u00e4tietoja:<\/strong><\/p>\n<p>Opinto-ohjaaja Pauliina Sepp\u00e4<\/p>\n<p>Salon lukio<\/p>\n<p><a href=\"mailto:etunimi.sukunimi@salo.fi\">etunimi.sukunimi@salo.fi<\/a><\/p>\n","protected":false},"excerpt":{"rendered":"<p>Olet varmasti huomannut, ett\u00e4 perusopetuksessa kaikille ei ole kehittynyt riitt\u00e4vi\u00e4 opiskelutaitoja ja rutiinia tehd\u00e4 t\u00f6it\u00e4 oppimisen eteen. Miten saada opiskelijat heti kelkkaan ja etenkin pysym\u00e4\u00e4n kelkassa mukana? Lukio-opinnot vauhtiin on kahden opintopisteen laajuinen opintojakso, joka on tarkoitettu lukion aloittaville, opinnoissaan tukea tarvitseville opiskelijoille. Opintojakson aikana opiskelija p\u00e4\u00e4see tutustumaan koulun moniammatillisiin toimijoihin ja kynnys tuen pyyt\u00e4miseen &hellip; <a href=\"https:\/\/blog.edu.turku.fi\/lukion-opoille\/perusopetuksesta-lukioon-moniammatillisen-tuen-toimintamalli\/\" class=\"more-link\">Jatka lukemista<span class=\"screen-reader-text\"> &#8221;Lukio-opinnot vauhtiin! -opintojaksosta tukea lukio-opintojen alkuun&#8221;<\/span><\/a><\/p>\n","protected":false},"author":56,"featured_media":0,"parent":0,"menu_order":0,"comment_status":"closed","ping_status":"closed","template":"","meta":{"footnotes":""},"class_list":["post-6","page","type-page","status-publish","hentry"],"_links":{"self":[{"href":"https:\/\/blog.edu.turku.fi\/lukion-opoille\/wp-json\/wp\/v2\/pages\/6","targetHints":{"allow":["GET"]}}],"collection":[{"href":"https:\/\/blog.edu.turku.fi\/lukion-opoille\/wp-json\/wp\/v2\/pages"}],"about":[{"href":"https:\/\/blog.edu.turku.fi\/lukion-opoille\/wp-json\/wp\/v2\/types\/page"}],"author":[{"embeddable":true,"href":"https:\/\/blog.edu.turku.fi\/lukion-opoille\/wp-json\/wp\/v2\/users\/56"}],"replies":[{"embeddable":true,"href":"https:\/\/blog.edu.turku.fi\/lukion-opoille\/wp-json\/wp\/v2\/comments?post=6"}],"version-history":[{"count":21,"href":"https:\/\/blog.edu.turku.fi\/lukion-opoille\/wp-json\/wp\/v2\/pages\/6\/revisions"}],"predecessor-version":[{"id":303,"href":"https:\/\/blog.edu.turku.fi\/lukion-opoille\/wp-json\/wp\/v2\/pages\/6\/revisions\/303"}],"wp:attachment":[{"href":"https:\/\/blog.edu.turku.fi\/lukion-opoille\/wp-json\/wp\/v2\/media?parent=6"}],"curies":[{"name":"wp","href":"https:\/\/api.w.org\/{rel}","templated":true}]}}