{"id":4,"date":"2023-02-09T13:25:17","date_gmt":"2023-02-09T11:25:17","guid":{"rendered":"https:\/\/blog.edu.turku.fi\/lukion-opoille\/?page_id=4"},"modified":"2023-12-12T08:33:56","modified_gmt":"2023-12-12T06:33:56","slug":"etusivu","status":"publish","type":"page","link":"https:\/\/blog.edu.turku.fi\/lukion-opoille\/","title":{"rendered":"Tie tulevaisuuteen &#8211; opinto-ohjauksen laadun kehitt\u00e4minen lukiossa"},"content":{"rendered":"<p>&nbsp;<\/p>\n<p>L\u00f6yd\u00e4t t\u00e4lt\u00e4 sivustolta jatko- ja uraohjauksen toimintamalleja ja ty\u00f6kaluja lukion opinto-ohjaajien ty\u00f6n tueksi. Sivustolla esitellyt mallit ja ty\u00f6kalut on kehitetty Tie tulevaisuuteen -hankkeessa. Se toteutettiin Turun ja Salon kaupunkien lukioiden ja Turun yliopiston normaalikoulun lukion opinto-ohjaajien yhteisty\u00f6n\u00e4 vuosina 2022\u201323. Hanketta rahoittivat Opetushallitus ja toteuttajaorganisaatiot.<\/p>\n<p><img loading=\"lazy\" decoding=\"async\" class=\"alignleft wp-image-161 size-thumbnail\" src=\"https:\/\/blog.edu.turku.fi\/lukion-opoille\/files\/2023\/04\/OPH_rahoittaa_rgb_2-150x150.png\" alt=\"\" width=\"150\" height=\"150\" \/><\/p>\n","protected":false},"excerpt":{"rendered":"<p>&nbsp; L\u00f6yd\u00e4t t\u00e4lt\u00e4 sivustolta jatko- ja uraohjauksen toimintamalleja ja ty\u00f6kaluja lukion opinto-ohjaajien ty\u00f6n tueksi. Sivustolla esitellyt mallit ja ty\u00f6kalut on kehitetty Tie tulevaisuuteen -hankkeessa. Se toteutettiin Turun ja Salon kaupunkien lukioiden ja Turun yliopiston normaalikoulun lukion opinto-ohjaajien yhteisty\u00f6n\u00e4 vuosina 2022\u201323. Hanketta rahoittivat Opetushallitus ja toteuttajaorganisaatiot.<\/p>\n","protected":false},"author":56,"featured_media":0,"parent":0,"menu_order":0,"comment_status":"closed","ping_status":"closed","template":"","meta":{"footnotes":""},"class_list":["post-4","page","type-page","status-publish","hentry"],"_links":{"self":[{"href":"https:\/\/blog.edu.turku.fi\/lukion-opoille\/wp-json\/wp\/v2\/pages\/4","targetHints":{"allow":["GET"]}}],"collection":[{"href":"https:\/\/blog.edu.turku.fi\/lukion-opoille\/wp-json\/wp\/v2\/pages"}],"about":[{"href":"https:\/\/blog.edu.turku.fi\/lukion-opoille\/wp-json\/wp\/v2\/types\/page"}],"author":[{"embeddable":true,"href":"https:\/\/blog.edu.turku.fi\/lukion-opoille\/wp-json\/wp\/v2\/users\/56"}],"replies":[{"embeddable":true,"href":"https:\/\/blog.edu.turku.fi\/lukion-opoille\/wp-json\/wp\/v2\/comments?post=4"}],"version-history":[{"count":12,"href":"https:\/\/blog.edu.turku.fi\/lukion-opoille\/wp-json\/wp\/v2\/pages\/4\/revisions"}],"predecessor-version":[{"id":471,"href":"https:\/\/blog.edu.turku.fi\/lukion-opoille\/wp-json\/wp\/v2\/pages\/4\/revisions\/471"}],"wp:attachment":[{"href":"https:\/\/blog.edu.turku.fi\/lukion-opoille\/wp-json\/wp\/v2\/media?parent=4"}],"curies":[{"name":"wp","href":"https:\/\/api.w.org\/{rel}","templated":true}]}}