{"id":144,"date":"2023-04-28T08:59:35","date_gmt":"2023-04-28T05:59:35","guid":{"rendered":"https:\/\/blog.edu.turku.fi\/lukion-opoille\/?page_id=144"},"modified":"2023-04-28T12:00:53","modified_gmt":"2023-04-28T09:00:53","slug":"mahdollisuuksia-ja-vaihtoehtoja-opintojen-jalkeen","status":"publish","type":"page","link":"https:\/\/blog.edu.turku.fi\/lukion-opoille\/lukio-opintojen-jalkeen\/mahdollisuuksia-ja-vaihtoehtoja-opintojen-jalkeen\/","title":{"rendered":"Ohjausta, apua ja tukea lukiosta valmistumisen j\u00e4lkeen"},"content":{"rendered":"<p>Lukiosta valmistuneen vaihtoehdot ja mahdollisuudet ovat moninaiset ja aina yksil\u00f6n tilanteesta riippuvaisia. Osalla valmistuneista on selv\u00e4t s\u00e4velet jatkoa ajatellen, oli suuntana sitten jatko-opinnot tai vaikkapa harkintavuosi t\u00f6it\u00e4 tehden. Osa taas etsii suuntaansa ja kypsyttelee omia valintojaan ennenkuin on valmis ottamaan seuraavan askeleen.<\/p>\n<p><a href=\"https:\/\/blog.edu.turku.fi\/ohjaus-ja-tuki-lukioissa\/fi\/opintojen-jalkeen\/\">Turun lukiokoulutuksen Ohjaus ja tuki Turun lukioissa <\/a>-sivustolle on koottuna ja kuvattuna mahdollisimman kattavasti niit\u00e4 vaihtoehtoja ja mahdollisuuksia, joihin eri tilanteissa olevat lukiosta valmistuneet ylioppilaat voivat tarttua.<\/p>\n","protected":false},"excerpt":{"rendered":"<p>Lukiosta valmistuneen vaihtoehdot ja mahdollisuudet ovat moninaiset ja aina yksil\u00f6n tilanteesta riippuvaisia. Osalla valmistuneista on selv\u00e4t s\u00e4velet jatkoa ajatellen, oli suuntana sitten jatko-opinnot tai vaikkapa harkintavuosi t\u00f6it\u00e4 tehden. Osa taas etsii suuntaansa ja kypsyttelee omia valintojaan ennenkuin on valmis ottamaan seuraavan askeleen. Turun lukiokoulutuksen Ohjaus ja tuki Turun lukioissa -sivustolle on koottuna ja kuvattuna mahdollisimman &hellip; <a href=\"https:\/\/blog.edu.turku.fi\/lukion-opoille\/lukio-opintojen-jalkeen\/mahdollisuuksia-ja-vaihtoehtoja-opintojen-jalkeen\/\" class=\"more-link\">Jatka lukemista<span class=\"screen-reader-text\"> &#8221;Ohjausta, apua ja tukea lukiosta valmistumisen j\u00e4lkeen&#8221;<\/span><\/a><\/p>\n","protected":false},"author":56,"featured_media":0,"parent":12,"menu_order":0,"comment_status":"closed","ping_status":"closed","template":"","meta":{"footnotes":""},"class_list":["post-144","page","type-page","status-publish","hentry"],"_links":{"self":[{"href":"https:\/\/blog.edu.turku.fi\/lukion-opoille\/wp-json\/wp\/v2\/pages\/144","targetHints":{"allow":["GET"]}}],"collection":[{"href":"https:\/\/blog.edu.turku.fi\/lukion-opoille\/wp-json\/wp\/v2\/pages"}],"about":[{"href":"https:\/\/blog.edu.turku.fi\/lukion-opoille\/wp-json\/wp\/v2\/types\/page"}],"author":[{"embeddable":true,"href":"https:\/\/blog.edu.turku.fi\/lukion-opoille\/wp-json\/wp\/v2\/users\/56"}],"replies":[{"embeddable":true,"href":"https:\/\/blog.edu.turku.fi\/lukion-opoille\/wp-json\/wp\/v2\/comments?post=144"}],"version-history":[{"count":4,"href":"https:\/\/blog.edu.turku.fi\/lukion-opoille\/wp-json\/wp\/v2\/pages\/144\/revisions"}],"predecessor-version":[{"id":194,"href":"https:\/\/blog.edu.turku.fi\/lukion-opoille\/wp-json\/wp\/v2\/pages\/144\/revisions\/194"}],"up":[{"embeddable":true,"href":"https:\/\/blog.edu.turku.fi\/lukion-opoille\/wp-json\/wp\/v2\/pages\/12"}],"wp:attachment":[{"href":"https:\/\/blog.edu.turku.fi\/lukion-opoille\/wp-json\/wp\/v2\/media?parent=144"}],"curies":[{"name":"wp","href":"https:\/\/api.w.org\/{rel}","templated":true}]}}