{"id":14,"date":"2023-02-09T13:28:06","date_gmt":"2023-02-09T11:28:06","guid":{"rendered":"https:\/\/blog.edu.turku.fi\/lukion-opoille\/?page_id=14"},"modified":"2024-01-29T15:10:08","modified_gmt":"2024-01-29T13:10:08","slug":"jatko-opinnot-ulkomailla","status":"publish","type":"page","link":"https:\/\/blog.edu.turku.fi\/lukion-opoille\/jatko-opinnot-ulkomailla\/","title":{"rendered":"Opintoihin ulkomaille"},"content":{"rendered":"<p>Opintoihin ulkomaille -sivusto on suunnattu opinto-ohjaajille ja muille ohjausalan toimijoille, jotka kohtaavat ulkomaisista korkeakouluopinnoista kiinnostuneita hakijoita. Sivusto toimii portaalina, joka j\u00e4sent\u00e4\u00e4 ulkomaisten jatko-opintojen ja niihin hakeutumisen monimuotoista todellisuutta ja ohjaa eteenp\u00e4in keskeisten l\u00e4hteitten \u00e4\u00e4reen.<\/p>\n<p><a href=\"http:\/\/www.opintoihinulkomaille.fi\/\">P\u00e4\u00e4set opintoihin ulkomaille sivustolle t\u00e4st\u00e4!<\/a><\/p>\n<p><img loading=\"lazy\" decoding=\"async\" class=\"alignnone size-full wp-image-83\" src=\"https:\/\/blog.edu.turku.fi\/lukion-opoille\/files\/2023\/04\/Kuva1-1.png\" alt=\"\" width=\"602\" height=\"386\" srcset=\"https:\/\/blog.edu.turku.fi\/lukion-opoille\/files\/2023\/04\/Kuva1-1.png 602w, https:\/\/blog.edu.turku.fi\/lukion-opoille\/files\/2023\/04\/Kuva1-1-300x192.png 300w\" sizes=\"auto, (max-width: 602px) 85vw, 602px\" \/><\/p>\n<p>&nbsp;<\/p>\n<p><strong>Lis\u00e4tietoja:<\/strong><\/p>\n<p>Opinto-ohjaaja Jukka Valtanen<\/p>\n<p>Turun yliopiston Turun normaalikoulun lukio<\/p>\n<p>etunimi.sukunimi@utu.fi<\/p>\n<p>&nbsp;<\/p>\n","protected":false},"excerpt":{"rendered":"<p>Opintoihin ulkomaille -sivusto on suunnattu opinto-ohjaajille ja muille ohjausalan toimijoille, jotka kohtaavat ulkomaisista korkeakouluopinnoista kiinnostuneita hakijoita. Sivusto toimii portaalina, joka j\u00e4sent\u00e4\u00e4 ulkomaisten jatko-opintojen ja niihin hakeutumisen monimuotoista todellisuutta ja ohjaa eteenp\u00e4in keskeisten l\u00e4hteitten \u00e4\u00e4reen. P\u00e4\u00e4set opintoihin ulkomaille sivustolle t\u00e4st\u00e4! &nbsp; Lis\u00e4tietoja: Opinto-ohjaaja Jukka Valtanen Turun yliopiston Turun normaalikoulun lukio etunimi.sukunimi@utu.fi &nbsp;<\/p>\n","protected":false},"author":56,"featured_media":0,"parent":0,"menu_order":0,"comment_status":"closed","ping_status":"closed","template":"","meta":{"footnotes":""},"class_list":["post-14","page","type-page","status-publish","hentry"],"_links":{"self":[{"href":"https:\/\/blog.edu.turku.fi\/lukion-opoille\/wp-json\/wp\/v2\/pages\/14","targetHints":{"allow":["GET"]}}],"collection":[{"href":"https:\/\/blog.edu.turku.fi\/lukion-opoille\/wp-json\/wp\/v2\/pages"}],"about":[{"href":"https:\/\/blog.edu.turku.fi\/lukion-opoille\/wp-json\/wp\/v2\/types\/page"}],"author":[{"embeddable":true,"href":"https:\/\/blog.edu.turku.fi\/lukion-opoille\/wp-json\/wp\/v2\/users\/56"}],"replies":[{"embeddable":true,"href":"https:\/\/blog.edu.turku.fi\/lukion-opoille\/wp-json\/wp\/v2\/comments?post=14"}],"version-history":[{"count":16,"href":"https:\/\/blog.edu.turku.fi\/lukion-opoille\/wp-json\/wp\/v2\/pages\/14\/revisions"}],"predecessor-version":[{"id":492,"href":"https:\/\/blog.edu.turku.fi\/lukion-opoille\/wp-json\/wp\/v2\/pages\/14\/revisions\/492"}],"wp:attachment":[{"href":"https:\/\/blog.edu.turku.fi\/lukion-opoille\/wp-json\/wp\/v2\/media?parent=14"}],"curies":[{"name":"wp","href":"https:\/\/api.w.org\/{rel}","templated":true}]}}