{"id":127,"date":"2023-04-28T08:56:16","date_gmt":"2023-04-28T05:56:16","guid":{"rendered":"https:\/\/blog.edu.turku.fi\/lukion-opoille\/?page_id=127"},"modified":"2023-12-12T08:48:03","modified_gmt":"2023-12-12T06:48:03","slug":"nain-testi-otetaan-kayttoon","status":"publish","type":"page","link":"https:\/\/blog.edu.turku.fi\/lukion-opoille\/motivaatio-ja-vahvuudet\/nain-testi-otetaan-kayttoon\/","title":{"rendered":"Valmistautuminen ja opiskelijoiden ohjeistaminen"},"content":{"rendered":"<h5><\/h5>\n<h5>Valmistautuminen<\/h5>\n<p>Kannattaa perehty\u00e4 kaikkiin Tunnista ja oivalla vahvuudet materiaaleihin ja kokeilla itsekin testity\u00f6kalua.<\/p>\n<p>My\u00f6s <a href=\"https:\/\/blog.edu.turku.fi\/lukion-opoille\/wp-admin\/post.php?post=135&amp;action=edit\">l\u00e4hdeaineistoista<\/a> erityisesti Steven Reissin 16 perustarpeen teoriaan\u00a0 (Reiss, S. 2013)\u00a0 tutustumista suositellaan.<\/p>\n<p>Varaa riitt\u00e4v\u00e4sti aikaa opiskelijoiden tuloksiin perehtymiseen ennen ohjaustapaamisia.<\/p>\n<p>Lue lis\u00e4\u00e4 sivuilta <a href=\"https:\/\/blog.edu.turku.fi\/lukion-opoille\/motivaatio-ja-vahvuudet\/testituloksen-kasittely-ohjauskeskustelussa\/\">Tuloksen tulkinta<\/a> ja <a href=\"https:\/\/blog.edu.turku.fi\/lukion-opoille\/motivaatio-ja-vahvuudet\/testituloksen-tulkinta\/\">Tuloksen k\u00e4sittely ohjauskeskustelussa.<\/a><\/p>\n<p><a href=\"https:\/\/blog.edu.turku.fi\/lukion-opoille\/motivaatio-ja-vahvuudet\/ideoita-testin-kayttoon\/\">K\u00e4yt\u00e4nn\u00f6n ideoita oppitunneille ja ohjaukseen<\/a> -sivulle on koottu muutama kuvaus siit\u00e4, miten ty\u00f6kalua voi hy\u00f6dynt\u00e4\u00e4 my\u00f6s oppitunneilla ja pienryhmiss\u00e4.<\/p>\n<h5>Laadi omat ohjeesi opiskelijoille<\/h5>\n<p>Ratkaise ennen alla olevan linkin jakamista, miten opiskelijasi toimittavat tuloksensa sinulle. Vaihtoehtoja on useita. Yll\u00e4 mainitulla K\u00e4yt\u00e4nn\u00f6n ideoita oppitunneille ja ohjaukseen -sivulla on joitakin malleja my\u00f6s t\u00e4st\u00e4.<\/p>\n<p>Jaa laatimasi omat ohjeet opiskelijoille samalla kun jaat heille\u00a0 alla olevan linkin.<\/p>\n<p>Korosta, ett\u00e4 tuloksen ainoa mahdollinen talletusmuoto on excel. Jos opiskelija k\u00e4ytt\u00e4\u00e4 jotain muuta talletusmuotoa tuloksen avaaminen saattaa ep\u00e4onnistua.<\/p>\n<h5>Linkki ty\u00f6kaluun ja ohjeet opiskelijalle ovat t\u00e4\u00e4ll\u00e4:<\/h5>\n<p><a href=\"https:\/\/blog.edu.turku.fi\/vahvuudet-testi\/\">Tunnista ja oivalla vahvuutesi (turku.fi)<\/a><\/p>\n<p>&nbsp;<\/p>\n","protected":false},"excerpt":{"rendered":"<p>Valmistautuminen Kannattaa perehty\u00e4 kaikkiin Tunnista ja oivalla vahvuudet materiaaleihin ja kokeilla itsekin testity\u00f6kalua. My\u00f6s l\u00e4hdeaineistoista erityisesti Steven Reissin 16 perustarpeen teoriaan\u00a0 (Reiss, S. 2013)\u00a0 tutustumista suositellaan. Varaa riitt\u00e4v\u00e4sti aikaa opiskelijoiden tuloksiin perehtymiseen ennen ohjaustapaamisia. Lue lis\u00e4\u00e4 sivuilta Tuloksen tulkinta ja Tuloksen k\u00e4sittely ohjauskeskustelussa. K\u00e4yt\u00e4nn\u00f6n ideoita oppitunneille ja ohjaukseen -sivulle on koottu muutama kuvaus siit\u00e4, miten &hellip; <a href=\"https:\/\/blog.edu.turku.fi\/lukion-opoille\/motivaatio-ja-vahvuudet\/nain-testi-otetaan-kayttoon\/\" class=\"more-link\">Jatka lukemista<span class=\"screen-reader-text\"> &#8221;Valmistautuminen ja opiskelijoiden ohjeistaminen&#8221;<\/span><\/a><\/p>\n","protected":false},"author":56,"featured_media":0,"parent":8,"menu_order":0,"comment_status":"closed","ping_status":"closed","template":"","meta":{"footnotes":""},"class_list":["post-127","page","type-page","status-publish","hentry"],"_links":{"self":[{"href":"https:\/\/blog.edu.turku.fi\/lukion-opoille\/wp-json\/wp\/v2\/pages\/127","targetHints":{"allow":["GET"]}}],"collection":[{"href":"https:\/\/blog.edu.turku.fi\/lukion-opoille\/wp-json\/wp\/v2\/pages"}],"about":[{"href":"https:\/\/blog.edu.turku.fi\/lukion-opoille\/wp-json\/wp\/v2\/types\/page"}],"author":[{"embeddable":true,"href":"https:\/\/blog.edu.turku.fi\/lukion-opoille\/wp-json\/wp\/v2\/users\/56"}],"replies":[{"embeddable":true,"href":"https:\/\/blog.edu.turku.fi\/lukion-opoille\/wp-json\/wp\/v2\/comments?post=127"}],"version-history":[{"count":34,"href":"https:\/\/blog.edu.turku.fi\/lukion-opoille\/wp-json\/wp\/v2\/pages\/127\/revisions"}],"predecessor-version":[{"id":474,"href":"https:\/\/blog.edu.turku.fi\/lukion-opoille\/wp-json\/wp\/v2\/pages\/127\/revisions\/474"}],"up":[{"embeddable":true,"href":"https:\/\/blog.edu.turku.fi\/lukion-opoille\/wp-json\/wp\/v2\/pages\/8"}],"wp:attachment":[{"href":"https:\/\/blog.edu.turku.fi\/lukion-opoille\/wp-json\/wp\/v2\/media?parent=127"}],"curies":[{"name":"wp","href":"https:\/\/api.w.org\/{rel}","templated":true}]}}