{"id":12,"date":"2023-02-09T13:27:50","date_gmt":"2023-02-09T11:27:50","guid":{"rendered":"https:\/\/blog.edu.turku.fi\/lukion-opoille\/?page_id=12"},"modified":"2023-12-12T08:35:46","modified_gmt":"2023-12-12T06:35:46","slug":"lukio-opintojen-jalkeen","status":"publish","type":"page","link":"https:\/\/blog.edu.turku.fi\/lukion-opoille\/lukio-opintojen-jalkeen\/","title":{"rendered":"Jatko-ohjausprosessi lukio-opintojen j\u00e4lkeen"},"content":{"rendered":"<p><span data-contrast=\"auto\">Uusi lukiolaki 10.8.2018 \/ 714 otettiin k\u00e4ytt\u00f6\u00f6n syksyll\u00e4 2021.:<br \/>\n<\/span><\/p>\n<ul>\n<li data-charcodes=\"8226\" data-buautonum=\"8\" data-aria-posinset=\"2\" data-aria-level=\"1\"><em>&#8221;Lukiokoulutuksen oppim\u00e4\u00e4r\u00e4n suorittaneella\u00a0henkil\u00f6ll\u00e4, joka ei ole saanut jatko-opiskelupaikkaa tutkintoon johtavassa koulutuksessa, on oikeus saada opintoihin hakeutumiseen ja urasuunnitelmiin liittyv\u00e4\u00e4 ohjausta oppim\u00e4\u00e4r\u00e4n suorittamisvuotta seuraavan vuoden aikana. Ohjauksesta vastaa koulutuksen j\u00e4rjest\u00e4j\u00e4, jonka oppilaitoksessa oppim\u00e4\u00e4r\u00e4 on suoritettu&#8221;\u200b<\/em><\/li>\n<\/ul>\n<p>Jatko-ohjaus osahankkeenkkeessa tavoitteena oli kehitt\u00e4\u00e4 &#8221;j\u00e4lkiohjauksen &#8221;yhten\u00e4inen toimintamalli alueen lukioihin. T\u00e4h\u00e4n toimintamalliin sis\u00e4ltyy 3 eri ty\u00f6kalua lukiosta valmistuneen jatko-ohjauksen toteutukseen k\u00e4yt\u00e4nn\u00f6ss\u00e4. N\u00e4m\u00e4 ovat:<\/p>\n<ul>\n<li>Jatko-ohjauksen viestinn\u00e4n vuosikello &#8211; ohjauksen prosessi ja toimenpiteet lukuvuoden aikana<\/li>\n<li>Tuoreen ylioppilaan matkaev\u00e4s &#8211; tiedote<\/li>\n<li>Mahdollisuuksia ja vaihtoehtoja opintojen j\u00e4lkeen <a href=\"https:\/\/blog.edu.turku.fi\/ohjaus-ja-tuki-lukioissa\/fi\/\">Turun lukiokoulutuksen Ohjaus ja tuki-sivustolla<\/a><\/li>\n<\/ul>\n<p>Ty\u00f6kalujen esittely ja lis\u00e4tiedot t\u00e4m\u00e4n sivuston alasvetovalikosta.<\/p>\n<p>&nbsp;<\/p>\n<p><em>Lis\u00e4tiedot:<\/em><\/p>\n<div>\n<p><em>Opinto-ohjaaja Anne Lukka <\/em><\/p>\n<p><em>Kerttulin lukio<\/em><\/p>\n<p><em>etunimi.sukunimi@edu.turku.fi<\/em><\/p>\n<\/div>\n<div id=\"x_x_Signature\">\n<div>\n<div><\/div>\n<\/div>\n<\/div>\n<p>&nbsp;<\/p>\n<p>&nbsp;<\/p>\n","protected":false},"excerpt":{"rendered":"<p>Uusi lukiolaki 10.8.2018 \/ 714 otettiin k\u00e4ytt\u00f6\u00f6n syksyll\u00e4 2021.: &#8221;Lukiokoulutuksen oppim\u00e4\u00e4r\u00e4n suorittaneella\u00a0henkil\u00f6ll\u00e4, joka ei ole saanut jatko-opiskelupaikkaa tutkintoon johtavassa koulutuksessa, on oikeus saada opintoihin hakeutumiseen ja urasuunnitelmiin liittyv\u00e4\u00e4 ohjausta oppim\u00e4\u00e4r\u00e4n suorittamisvuotta seuraavan vuoden aikana. Ohjauksesta vastaa koulutuksen j\u00e4rjest\u00e4j\u00e4, jonka oppilaitoksessa oppim\u00e4\u00e4r\u00e4 on suoritettu&#8221;\u200b Jatko-ohjaus osahankkeenkkeessa tavoitteena oli kehitt\u00e4\u00e4 &#8221;j\u00e4lkiohjauksen &#8221;yhten\u00e4inen toimintamalli alueen lukioihin. T\u00e4h\u00e4n toimintamalliin &hellip; <a href=\"https:\/\/blog.edu.turku.fi\/lukion-opoille\/lukio-opintojen-jalkeen\/\" class=\"more-link\">Jatka lukemista<span class=\"screen-reader-text\"> &#8221;Jatko-ohjausprosessi lukio-opintojen j\u00e4lkeen&#8221;<\/span><\/a><\/p>\n","protected":false},"author":56,"featured_media":0,"parent":0,"menu_order":0,"comment_status":"closed","ping_status":"closed","template":"","meta":{"footnotes":""},"class_list":["post-12","page","type-page","status-publish","hentry"],"_links":{"self":[{"href":"https:\/\/blog.edu.turku.fi\/lukion-opoille\/wp-json\/wp\/v2\/pages\/12","targetHints":{"allow":["GET"]}}],"collection":[{"href":"https:\/\/blog.edu.turku.fi\/lukion-opoille\/wp-json\/wp\/v2\/pages"}],"about":[{"href":"https:\/\/blog.edu.turku.fi\/lukion-opoille\/wp-json\/wp\/v2\/types\/page"}],"author":[{"embeddable":true,"href":"https:\/\/blog.edu.turku.fi\/lukion-opoille\/wp-json\/wp\/v2\/users\/56"}],"replies":[{"embeddable":true,"href":"https:\/\/blog.edu.turku.fi\/lukion-opoille\/wp-json\/wp\/v2\/comments?post=12"}],"version-history":[{"count":14,"href":"https:\/\/blog.edu.turku.fi\/lukion-opoille\/wp-json\/wp\/v2\/pages\/12\/revisions"}],"predecessor-version":[{"id":473,"href":"https:\/\/blog.edu.turku.fi\/lukion-opoille\/wp-json\/wp\/v2\/pages\/12\/revisions\/473"}],"wp:attachment":[{"href":"https:\/\/blog.edu.turku.fi\/lukion-opoille\/wp-json\/wp\/v2\/media?parent=12"}],"curies":[{"name":"wp","href":"https:\/\/api.w.org\/{rel}","templated":true}]}}